{"id":198411,"date":"2025-12-16T15:55:11","date_gmt":"2025-12-16T20:55:11","guid":{"rendered":"https:\/\/training.algonquincollege.com\/?post_type=product&#038;p=198411"},"modified":"2026-01-05T19:34:44","modified_gmt":"2026-01-06T00:34:44","slug":"examen-de-competence-de-lorcl-exigences-en-matiere-de-service-a-la-clientele-et-de-tarion-copy","status":"publish","type":"product","link":"https:\/\/training.algonquincollege.com\/fr\/produit\/examen-de-competence-de-lorcl-exigences-en-matiere-de-service-a-la-clientele-et-de-tarion-copy\/","title":{"rendered":"Examen de comp\u00e9tence de l&rsquo;ORCL : Exigences en mati\u00e8re de service \u00e0 la client\u00e8le et de Tarion"},"content":{"rendered":"<p>Les examens de comp\u00e9tence HCRA sont destin\u00e9s aux personnes qui poss\u00e8dent une exp\u00e9rience significative dans le secteur de la construction ou une expertise dans le domaine. Vous disposez <strong>d&rsquo;une seule tentative<\/strong> pour r\u00e9ussir cet examen. Si vous \u00e9chouez, vous devez vous inscrire au cours. <\/p>\n<p>Cet examen a \u00e9t\u00e9 \u00e9labor\u00e9 afin de refl\u00e9ter le contenu du cours correspondant, qui est conforme aux exigences de comp\u00e9tence de la HCRA pour des domaines sp\u00e9cifiques. Il s&rsquo;agit d&rsquo;un examen surveill\u00e9, \u00e0 livre ferm\u00e9, sous forme de questions \u00e0 choix multiples, vrai\/faux et \u00e0 r\u00e9ponses multiples. Vous disposerez de 60 jours pour passer cet examen \u00e0 compter de la date d&rsquo;inscription.  <\/p>\n<p><em>*Cette \u00e9valuation a \u00e9t\u00e9 mise \u00e0 jour pour refl\u00e9ter les derniers changements en mati\u00e8re de garantie et de licence en Ontario.<\/em><\/p>\n<h4><b>Domaines d&rsquo;\u00e9valuation<\/b><\/h4>\n<h5><b>Introduction<\/b><\/h5>\n<ul>\n<li style=\"font-weight: 400\"><span style=\"font-weight: 400\">Une exp\u00e9rience qui m\u00e9rite d&rsquo;\u00eatre r\u00e9p\u00e9t\u00e9e<\/span><\/li>\n<\/ul>\n<h5><b>Pr\u00e9parer le terrain pour la fid\u00e9lisation des clients<\/b><\/h5>\n<ul>\n<li style=\"font-weight: 400\"><span style=\"font-weight: 400\">Leadership en mati\u00e8re de services<\/span><\/li>\n<li style=\"font-weight: 400\"><span style=\"font-weight: 400\">Attentes des acheteurs de logement<\/span><\/li>\n<\/ul>\n<h5><b>Gestion du processus<\/b><\/h5>\n<ul>\n<li style=\"font-weight: 400\"><span style=\"font-weight: 400\">R\u00e9unions de clients I : avantages, planification et pr\u00e9paration  <\/span><\/li>\n<li style=\"font-weight: 400\"><span style=\"font-weight: 400\">R\u00e9unions de clients II : \u00e9laboration de l&rsquo;ordre du jour<\/span><\/li>\n<li style=\"font-weight: 400\"><span style=\"font-weight: 400\">R\u00e9unions de clients III : Techniques<\/span><\/li>\n<li style=\"font-weight: 400\"><span style=\"font-weight: 400\">Strat\u00e9gies de s\u00e9lection<\/span><\/li>\n<\/ul>\n<h5><b>Cl\u00f4turer avec style<\/b><\/h5>\n<ul>\n<li style=\"font-weight: 400\"><span style=\"font-weight: 400\">Orientation des propri\u00e9taires I : objectifs, planification et pr\u00e9paration  <\/span><\/li>\n<li style=\"font-weight: 400\"><span style=\"font-weight: 400\">Orientation des propri\u00e9taires II : techniques et suivi<\/span><\/li>\n<li style=\"font-weight: 400\"><span style=\"font-weight: 400\">Cl\u00f4turer avec style<\/span><\/li>\n<\/ul>\n<h5><b>Service de garantie des logements neufs<\/b><\/h5>\n<ul>\n<li style=\"font-weight: 400\"><span style=\"font-weight: 400\">D\u00e9cisions en mati\u00e8re de garantie<\/span><\/li>\n<li style=\"font-weight: 400\"><span style=\"font-weight: 400\">R\u00e9parations sous garantie<\/span><\/li>\n<li style=\"font-weight: 400\"><span style=\"font-weight: 400\">Points pr\u00e9cis de la garantie  <\/span><\/li>\n<li style=\"font-weight: 400\"><span style=\"font-weight: 400\">Partenaires en service<\/span><\/li>\n<\/ul>\n<h5><b>Comp\u00e9tences en mati\u00e8re de communication<\/b><\/h5>\n<ul>\n<li style=\"font-weight: 400\"><span style=\"font-weight: 400\">Protocoles de communication Diplomatie de service<\/span><\/li>\n<li style=\"font-weight: 400\"><span style=\"font-weight: 400\">L&rsquo;\u00e9criture en tant que service<\/span><\/li>\n<\/ul>\n<h5><b>Des probl\u00e8mes et des conflits aux solutions et \u00e0 l&rsquo;am\u00e9lioration<\/b><\/h5>\n<ul>\n<li style=\"font-weight: 400\"><span style=\"font-weight: 400\">Zones grises<\/span><\/li>\n<li style=\"font-weight: 400\"><span style=\"font-weight: 400\">Les acheteurs de logement au d\u00e9fi<\/span><\/li>\n<\/ul>\n<h5><b>Du plan d&rsquo;action \u00e0 l&rsquo;excellence du service<\/b><\/h5>\n<ul>\n<li style=\"font-weight: 400\"><span style=\"font-weight: 400\">Le paradis des r\u00e9f\u00e9rences du portefeuille de feedback<\/span><\/li>\n<\/ul>\n<h5><b>R\u00e8gles, proc\u00e9dures, r\u00e8glements et politiques de Tarion<\/b><\/h5>\n<p>Veuillez noter que le co\u00fbt de l&rsquo;examen ORCL comprend uniquement l&rsquo;acc\u00e8s \u00e0 l&rsquo;examen. Pour mieux vous pr\u00e9parer \u00e0 l&rsquo;examen et recevoir les supports de cours n\u00e9cessaires, nous vous recommandons de vous inscrire et de participer aux cours approuv\u00e9s par l\u2019ORCL.<br \/><span style=\"text-decoration: underline\"><a href=\"https:\/\/www.algonquincollege.com\/corporate\/course\/hcra-customer-service-and-tarion-requirements\/\">ORCL : Service \u00e0 la client\u00e8le et exigences de Tarion.<\/a><\/span> <\/p>\n","protected":false},"excerpt":{"rendered":"<p>Passez un examen en ligne pour cette comp\u00e9tence approuv\u00e9e par l\u2019Office de r\u00e9glementation de la construction de logements, au moment et \u00e0 l&rsquo;endroit qui vous conviennent. Cet examen a \u00e9t\u00e9 d\u00e9velopp\u00e9 pour s&rsquo;aligner sur le contenu de nos cours et couvrir tous les r\u00e9sultats d&rsquo;apprentissage requis par l&rsquo;ORCL. <\/p>\n","protected":false},"featured_media":179023,"template":"","meta":{"_acf_changed":false},"product_brand":[],"product_cat":[89,80],"product_tag":[],"class_list":{"0":"post-198411","1":"product","2":"type-product","3":"status-publish","4":"has-post-thumbnail","6":"product_cat-construction-fr","7":"product_cat-non-classifiee","8":"course_group-home-construction-regulatory-authority-courses-exams-fr","9":"course_group-home-construction-regulatory-authority-exams-fr","11":"first","12":"outofstock","13":"shipping-taxable","14":"purchasable","15":"product-type-variable"},"acf":[],"yoast_head":"<!-- This site is optimized with the Yoast SEO plugin v27.5 - https:\/\/yoast.com\/product\/yoast-seo-wordpress\/ -->\n<title>Examen de comp\u00e9tence de l&#039;ORCL : Exigences en mati\u00e8re de service \u00e0 la client\u00e8le et de Tarion - Professional Training - Algonquin College<\/title>\n<meta name=\"robots\" content=\"index, follow, max-snippet:-1, max-image-preview:large, max-video-preview:-1\" \/>\n<link rel=\"canonical\" href=\"https:\/\/training.algonquincollege.com\/fr\/produit\/examen-de-competence-de-lorcl-exigences-en-matiere-de-service-a-la-clientele-et-de-tarion-copy\/\" \/>\n<meta property=\"og:locale\" content=\"fr_FR\" \/>\n<meta property=\"og:type\" content=\"article\" \/>\n<meta property=\"og:title\" content=\"Examen de comp\u00e9tence de l&#039;ORCL : Exigences en mati\u00e8re de service \u00e0 la client\u00e8le et de Tarion - Professional Training - Algonquin College\" \/>\n<meta property=\"og:description\" content=\"Passez un examen en ligne pour cette comp\u00e9tence approuv\u00e9e par l\u2019Office de r\u00e9glementation de la construction de logements, au moment et \u00e0 l&#039;endroit qui vous conviennent. Cet examen a \u00e9t\u00e9 d\u00e9velopp\u00e9 pour s&#039;aligner sur le contenu de nos cours et couvrir tous les r\u00e9sultats d&#039;apprentissage requis par l&#039;ORCL.\" \/>\n<meta property=\"og:url\" content=\"https:\/\/training.algonquincollege.com\/fr\/produit\/examen-de-competence-de-lorcl-exigences-en-matiere-de-service-a-la-clientele-et-de-tarion-copy\/\" \/>\n<meta property=\"og:site_name\" content=\"Professional Training - Algonquin College\" \/>\n<meta property=\"article:modified_time\" content=\"2026-01-06T00:34:44+00:00\" \/>\n<meta property=\"og:image\" content=\"https:\/\/training.algonquincollege.com\/wp-content\/uploads\/2024\/04\/Customer-Service-Tarion-Requirements-1.jpg\" \/>\n\t<meta property=\"og:image:width\" content=\"1400\" \/>\n\t<meta property=\"og:image:height\" content=\"800\" \/>\n\t<meta property=\"og:image:type\" content=\"image\/jpeg\" \/>\n<meta name=\"twitter:card\" content=\"summary_large_image\" \/>\n<meta name=\"twitter:label1\" content=\"Dur\u00e9e de lecture estim\u00e9e\" \/>\n\t<meta name=\"twitter:data1\" content=\"2 minutes\" \/>\n<script type=\"application\/ld+json\" class=\"yoast-schema-graph\">{\"@context\":\"https:\\\/\\\/schema.org\",\"@graph\":[{\"@type\":\"WebPage\",\"@id\":\"https:\\\/\\\/training.algonquincollege.com\\\/fr\\\/produit\\\/examen-de-competence-de-lorcl-exigences-en-matiere-de-service-a-la-clientele-et-de-tarion-copy\\\/\",\"url\":\"https:\\\/\\\/training.algonquincollege.com\\\/fr\\\/produit\\\/examen-de-competence-de-lorcl-exigences-en-matiere-de-service-a-la-clientele-et-de-tarion-copy\\\/\",\"name\":\"Examen de comp\u00e9tence de l'ORCL : Exigences en mati\u00e8re de service \u00e0 la client\u00e8le et de Tarion - Professional Training - Algonquin College\",\"isPartOf\":{\"@id\":\"https:\\\/\\\/training.algonquincollege.com\\\/#website\"},\"primaryImageOfPage\":{\"@id\":\"https:\\\/\\\/training.algonquincollege.com\\\/fr\\\/produit\\\/examen-de-competence-de-lorcl-exigences-en-matiere-de-service-a-la-clientele-et-de-tarion-copy\\\/#primaryimage\"},\"image\":{\"@id\":\"https:\\\/\\\/training.algonquincollege.com\\\/fr\\\/produit\\\/examen-de-competence-de-lorcl-exigences-en-matiere-de-service-a-la-clientele-et-de-tarion-copy\\\/#primaryimage\"},\"thumbnailUrl\":\"https:\\\/\\\/training.algonquincollege.com\\\/wp-content\\\/uploads\\\/2024\\\/04\\\/Customer-Service-Tarion-Requirements-1.jpg\",\"datePublished\":\"2025-12-16T20:55:11+00:00\",\"dateModified\":\"2026-01-06T00:34:44+00:00\",\"breadcrumb\":{\"@id\":\"https:\\\/\\\/training.algonquincollege.com\\\/fr\\\/produit\\\/examen-de-competence-de-lorcl-exigences-en-matiere-de-service-a-la-clientele-et-de-tarion-copy\\\/#breadcrumb\"},\"inLanguage\":\"fr-FR\",\"potentialAction\":[{\"@type\":\"ReadAction\",\"target\":[\"https:\\\/\\\/training.algonquincollege.com\\\/fr\\\/produit\\\/examen-de-competence-de-lorcl-exigences-en-matiere-de-service-a-la-clientele-et-de-tarion-copy\\\/\"]}]},{\"@type\":\"ImageObject\",\"inLanguage\":\"fr-FR\",\"@id\":\"https:\\\/\\\/training.algonquincollege.com\\\/fr\\\/produit\\\/examen-de-competence-de-lorcl-exigences-en-matiere-de-service-a-la-clientele-et-de-tarion-copy\\\/#primaryimage\",\"url\":\"https:\\\/\\\/training.algonquincollege.com\\\/wp-content\\\/uploads\\\/2024\\\/04\\\/Customer-Service-Tarion-Requirements-1.jpg\",\"contentUrl\":\"https:\\\/\\\/training.algonquincollege.com\\\/wp-content\\\/uploads\\\/2024\\\/04\\\/Customer-Service-Tarion-Requirements-1.jpg\",\"width\":1400,\"height\":800,\"caption\":\"Construction worker with clipboard, wearing hard hat and safety vest.\"},{\"@type\":\"BreadcrumbList\",\"@id\":\"https:\\\/\\\/training.algonquincollege.com\\\/fr\\\/produit\\\/examen-de-competence-de-lorcl-exigences-en-matiere-de-service-a-la-clientele-et-de-tarion-copy\\\/#breadcrumb\",\"itemListElement\":[{\"@type\":\"ListItem\",\"position\":1,\"name\":\"Home\",\"item\":\"https:\\\/\\\/training.algonquincollege.com\\\/fr\\\/accueil\\\/\"},{\"@type\":\"ListItem\",\"position\":2,\"name\":\"Boutique\",\"item\":\"https:\\\/\\\/training.algonquincollege.com\\\/fr\\\/boutique\\\/\"},{\"@type\":\"ListItem\",\"position\":3,\"name\":\"Examen de comp\u00e9tence de l&rsquo;ORCL : Exigences en mati\u00e8re de service \u00e0 la client\u00e8le et de Tarion\"}]},{\"@type\":\"WebSite\",\"@id\":\"https:\\\/\\\/training.algonquincollege.com\\\/#website\",\"url\":\"https:\\\/\\\/training.algonquincollege.com\\\/\",\"name\":\"Professional Training - Algonquin College\",\"description\":\"\",\"publisher\":{\"@id\":\"https:\\\/\\\/training.algonquincollege.com\\\/#organization\"},\"potentialAction\":[{\"@type\":\"SearchAction\",\"target\":{\"@type\":\"EntryPoint\",\"urlTemplate\":\"https:\\\/\\\/training.algonquincollege.com\\\/?s={search_term_string}\"},\"query-input\":{\"@type\":\"PropertyValueSpecification\",\"valueRequired\":true,\"valueName\":\"search_term_string\"}}],\"inLanguage\":\"fr-FR\"},{\"@type\":\"Organization\",\"@id\":\"https:\\\/\\\/training.algonquincollege.com\\\/#organization\",\"name\":\"Professional Training - Algonquin College\",\"url\":\"https:\\\/\\\/training.algonquincollege.com\\\/\",\"logo\":{\"@type\":\"ImageObject\",\"inLanguage\":\"fr-FR\",\"@id\":\"https:\\\/\\\/training.algonquincollege.com\\\/#\\\/schema\\\/logo\\\/image\\\/\",\"url\":\"https:\\\/\\\/training.algonquincollege.com\\\/wp-content\\\/uploads\\\/2023\\\/10\\\/cropped-acct_logo.png\",\"contentUrl\":\"https:\\\/\\\/training.algonquincollege.com\\\/wp-content\\\/uploads\\\/2023\\\/10\\\/cropped-acct_logo.png\",\"width\":300,\"height\":44,\"caption\":\"Professional Training - Algonquin College\"},\"image\":{\"@id\":\"https:\\\/\\\/training.algonquincollege.com\\\/#\\\/schema\\\/logo\\\/image\\\/\"}}]}<\/script>\n<!-- \/ Yoast SEO plugin. -->","yoast_head_json":{"title":"Examen de comp\u00e9tence de l'ORCL : Exigences en mati\u00e8re de service \u00e0 la client\u00e8le et de Tarion - Professional Training - Algonquin College","robots":{"index":"index","follow":"follow","max-snippet":"max-snippet:-1","max-image-preview":"max-image-preview:large","max-video-preview":"max-video-preview:-1"},"canonical":"https:\/\/training.algonquincollege.com\/fr\/produit\/examen-de-competence-de-lorcl-exigences-en-matiere-de-service-a-la-clientele-et-de-tarion-copy\/","og_locale":"fr_FR","og_type":"article","og_title":"Examen de comp\u00e9tence de l'ORCL : Exigences en mati\u00e8re de service \u00e0 la client\u00e8le et de Tarion - Professional Training - Algonquin College","og_description":"Passez un examen en ligne pour cette comp\u00e9tence approuv\u00e9e par l\u2019Office de r\u00e9glementation de la construction de logements, au moment et \u00e0 l'endroit qui vous conviennent. Cet examen a \u00e9t\u00e9 d\u00e9velopp\u00e9 pour s'aligner sur le contenu de nos cours et couvrir tous les r\u00e9sultats d'apprentissage requis par l'ORCL.","og_url":"https:\/\/training.algonquincollege.com\/fr\/produit\/examen-de-competence-de-lorcl-exigences-en-matiere-de-service-a-la-clientele-et-de-tarion-copy\/","og_site_name":"Professional Training - Algonquin College","article_modified_time":"2026-01-06T00:34:44+00:00","og_image":[{"width":1400,"height":800,"url":"https:\/\/training.algonquincollege.com\/wp-content\/uploads\/2024\/04\/Customer-Service-Tarion-Requirements-1.jpg","type":"image\/jpeg"}],"twitter_card":"summary_large_image","twitter_misc":{"Dur\u00e9e de lecture estim\u00e9e":"2 minutes"},"schema":{"@context":"https:\/\/schema.org","@graph":[{"@type":"WebPage","@id":"https:\/\/training.algonquincollege.com\/fr\/produit\/examen-de-competence-de-lorcl-exigences-en-matiere-de-service-a-la-clientele-et-de-tarion-copy\/","url":"https:\/\/training.algonquincollege.com\/fr\/produit\/examen-de-competence-de-lorcl-exigences-en-matiere-de-service-a-la-clientele-et-de-tarion-copy\/","name":"Examen de comp\u00e9tence de l'ORCL : Exigences en mati\u00e8re de service \u00e0 la client\u00e8le et de Tarion - Professional Training - Algonquin College","isPartOf":{"@id":"https:\/\/training.algonquincollege.com\/#website"},"primaryImageOfPage":{"@id":"https:\/\/training.algonquincollege.com\/fr\/produit\/examen-de-competence-de-lorcl-exigences-en-matiere-de-service-a-la-clientele-et-de-tarion-copy\/#primaryimage"},"image":{"@id":"https:\/\/training.algonquincollege.com\/fr\/produit\/examen-de-competence-de-lorcl-exigences-en-matiere-de-service-a-la-clientele-et-de-tarion-copy\/#primaryimage"},"thumbnailUrl":"https:\/\/training.algonquincollege.com\/wp-content\/uploads\/2024\/04\/Customer-Service-Tarion-Requirements-1.jpg","datePublished":"2025-12-16T20:55:11+00:00","dateModified":"2026-01-06T00:34:44+00:00","breadcrumb":{"@id":"https:\/\/training.algonquincollege.com\/fr\/produit\/examen-de-competence-de-lorcl-exigences-en-matiere-de-service-a-la-clientele-et-de-tarion-copy\/#breadcrumb"},"inLanguage":"fr-FR","potentialAction":[{"@type":"ReadAction","target":["https:\/\/training.algonquincollege.com\/fr\/produit\/examen-de-competence-de-lorcl-exigences-en-matiere-de-service-a-la-clientele-et-de-tarion-copy\/"]}]},{"@type":"ImageObject","inLanguage":"fr-FR","@id":"https:\/\/training.algonquincollege.com\/fr\/produit\/examen-de-competence-de-lorcl-exigences-en-matiere-de-service-a-la-clientele-et-de-tarion-copy\/#primaryimage","url":"https:\/\/training.algonquincollege.com\/wp-content\/uploads\/2024\/04\/Customer-Service-Tarion-Requirements-1.jpg","contentUrl":"https:\/\/training.algonquincollege.com\/wp-content\/uploads\/2024\/04\/Customer-Service-Tarion-Requirements-1.jpg","width":1400,"height":800,"caption":"Construction worker with clipboard, wearing hard hat and safety vest."},{"@type":"BreadcrumbList","@id":"https:\/\/training.algonquincollege.com\/fr\/produit\/examen-de-competence-de-lorcl-exigences-en-matiere-de-service-a-la-clientele-et-de-tarion-copy\/#breadcrumb","itemListElement":[{"@type":"ListItem","position":1,"name":"Home","item":"https:\/\/training.algonquincollege.com\/fr\/accueil\/"},{"@type":"ListItem","position":2,"name":"Boutique","item":"https:\/\/training.algonquincollege.com\/fr\/boutique\/"},{"@type":"ListItem","position":3,"name":"Examen de comp\u00e9tence de l&rsquo;ORCL : Exigences en mati\u00e8re de service \u00e0 la client\u00e8le et de Tarion"}]},{"@type":"WebSite","@id":"https:\/\/training.algonquincollege.com\/#website","url":"https:\/\/training.algonquincollege.com\/","name":"Professional Training - Algonquin College","description":"","publisher":{"@id":"https:\/\/training.algonquincollege.com\/#organization"},"potentialAction":[{"@type":"SearchAction","target":{"@type":"EntryPoint","urlTemplate":"https:\/\/training.algonquincollege.com\/?s={search_term_string}"},"query-input":{"@type":"PropertyValueSpecification","valueRequired":true,"valueName":"search_term_string"}}],"inLanguage":"fr-FR"},{"@type":"Organization","@id":"https:\/\/training.algonquincollege.com\/#organization","name":"Professional Training - Algonquin College","url":"https:\/\/training.algonquincollege.com\/","logo":{"@type":"ImageObject","inLanguage":"fr-FR","@id":"https:\/\/training.algonquincollege.com\/#\/schema\/logo\/image\/","url":"https:\/\/training.algonquincollege.com\/wp-content\/uploads\/2023\/10\/cropped-acct_logo.png","contentUrl":"https:\/\/training.algonquincollege.com\/wp-content\/uploads\/2023\/10\/cropped-acct_logo.png","width":300,"height":44,"caption":"Professional Training - Algonquin College"},"image":{"@id":"https:\/\/training.algonquincollege.com\/#\/schema\/logo\/image\/"}}]}},"_links":{"self":[{"href":"https:\/\/training.algonquincollege.com\/fr\/wp-json\/wp\/v2\/product\/198411","targetHints":{"allow":["GET"]}}],"collection":[{"href":"https:\/\/training.algonquincollege.com\/fr\/wp-json\/wp\/v2\/product"}],"about":[{"href":"https:\/\/training.algonquincollege.com\/fr\/wp-json\/wp\/v2\/types\/product"}],"wp:featuredmedia":[{"embeddable":true,"href":"https:\/\/training.algonquincollege.com\/fr\/wp-json\/wp\/v2\/media\/179023"}],"wp:attachment":[{"href":"https:\/\/training.algonquincollege.com\/fr\/wp-json\/wp\/v2\/media?parent=198411"}],"wp:term":[{"taxonomy":"product_brand","embeddable":true,"href":"https:\/\/training.algonquincollege.com\/fr\/wp-json\/wp\/v2\/product_brand?post=198411"},{"taxonomy":"product_cat","embeddable":true,"href":"https:\/\/training.algonquincollege.com\/fr\/wp-json\/wp\/v2\/product_cat?post=198411"},{"taxonomy":"product_tag","embeddable":true,"href":"https:\/\/training.algonquincollege.com\/fr\/wp-json\/wp\/v2\/product_tag?post=198411"}],"curies":[{"name":"wp","href":"https:\/\/api.w.org\/{rel}","templated":true}]}}