{"id":193115,"date":"2025-04-10T15:43:29","date_gmt":"2025-04-10T19:43:29","guid":{"rendered":"https:\/\/corporate.algonquincollege.com\/product\/preparation-a-lexamen-oral-de-francais-niveau-c\/"},"modified":"2026-04-13T15:48:01","modified_gmt":"2026-04-13T19:48:01","slug":"preparation-a-lexamen-oral-de-francais-niveau-c","status":"publish","type":"product","link":"https:\/\/training.algonquincollege.com\/fr\/produit\/preparation-a-lexamen-oral-de-francais-niveau-c\/","title":{"rendered":"Pr\u00e9paration \u00e0 l&rsquo;examen oral de fran\u00e7ais &#8211; Niveau C"},"content":{"rendered":"<p>Il faut de la pratique pour r\u00e9ussir l&rsquo;\u00e9valuation orale de langue seconde du gouvernement du Canada. Dans ce cours, vous apprendrez du vocabulaire, pratiquerez votre grammaire et appliquerez des strat\u00e9gies sp\u00e9cifiques pour atteindre le niveau C. Les activit\u00e9s de lecture et d&rsquo;\u00e9coute de ce cours abordent des questions li\u00e9es au monde du travail pour vous aider \u00e0 \u00e9largir l&rsquo;\u00e9tendue de votre vocabulaire. Les le\u00e7ons et exercices de grammaire aborderont les erreurs grammaticales \u00e0 \u00e9viter lors de l&rsquo;\u00e9preuve orale. Une pratique intensive de l&rsquo;oral se concentrera sur les th\u00e8mes, les questions et les strat\u00e9gies sp\u00e9cifiques \u00e0 l&rsquo;\u00e9preuve orale.   <\/p>\n","protected":false},"excerpt":{"rendered":"<p>Am\u00e9liorez votre capacit\u00e9 \u00e0 vous exprimer dans le pr\u00e9sent, le pass\u00e9 et le futur pour votre examen d&rsquo;\u00e9valuation de langue seconde de niveau C.<\/p>\n","protected":false},"featured_media":183904,"template":"","meta":{"_acf_changed":false},"product_brand":[],"product_cat":[91,80],"product_tag":[],"class_list":{"0":"post-193115","1":"product","2":"type-product","3":"status-publish","4":"has-post-thumbnail","6":"product_cat-french-as-a-second-language-fr","7":"product_cat-non-classifiee","8":"course_group-language-training-fr","9":"course_group-french-as-a-second-language-fr","11":"first","12":"outofstock","13":"shipping-taxable","14":"purchasable","15":"product-type-variable"},"acf":[],"yoast_head":"<!-- This site is optimized with the Yoast SEO plugin v27.5 - https:\/\/yoast.com\/product\/yoast-seo-wordpress\/ -->\n<title>Pr\u00e9paration \u00e0 l&#039;examen oral de fran\u00e7ais - Niveau C - Professional Training - Algonquin College<\/title>\n<meta name=\"robots\" content=\"index, follow, max-snippet:-1, max-image-preview:large, max-video-preview:-1\" \/>\n<link rel=\"canonical\" href=\"https:\/\/training.algonquincollege.com\/fr\/produit\/preparation-a-lexamen-oral-de-francais-niveau-c\/\" \/>\n<meta property=\"og:locale\" content=\"fr_FR\" \/>\n<meta property=\"og:type\" content=\"article\" \/>\n<meta property=\"og:title\" content=\"Pr\u00e9paration \u00e0 l&#039;examen oral de fran\u00e7ais - Niveau C - Professional Training - Algonquin College\" \/>\n<meta property=\"og:description\" content=\"Am\u00e9liorez votre capacit\u00e9 \u00e0 vous exprimer dans le pr\u00e9sent, le pass\u00e9 et le futur pour votre examen d&#039;\u00e9valuation de langue seconde de niveau C.\" \/>\n<meta property=\"og:url\" content=\"https:\/\/training.algonquincollege.com\/fr\/produit\/preparation-a-lexamen-oral-de-francais-niveau-c\/\" \/>\n<meta property=\"og:site_name\" content=\"Professional Training - Algonquin College\" \/>\n<meta property=\"article:modified_time\" content=\"2026-04-13T19:48:01+00:00\" \/>\n<meta property=\"og:image\" content=\"https:\/\/training.algonquincollege.com\/wp-content\/uploads\/2025\/04\/FrenchOralExamPrep_C.jpg\" \/>\n\t<meta property=\"og:image:width\" content=\"2121\" \/>\n\t<meta property=\"og:image:height\" content=\"1414\" \/>\n\t<meta property=\"og:image:type\" content=\"image\/jpeg\" \/>\n<meta name=\"twitter:card\" content=\"summary_large_image\" \/>\n<meta name=\"twitter:label1\" content=\"Dur\u00e9e de lecture estim\u00e9e\" \/>\n\t<meta name=\"twitter:data1\" content=\"1 minute\" \/>\n<script type=\"application\/ld+json\" class=\"yoast-schema-graph\">{\"@context\":\"https:\\\/\\\/schema.org\",\"@graph\":[{\"@type\":\"WebPage\",\"@id\":\"https:\\\/\\\/training.algonquincollege.com\\\/fr\\\/produit\\\/preparation-a-lexamen-oral-de-francais-niveau-c\\\/\",\"url\":\"https:\\\/\\\/training.algonquincollege.com\\\/fr\\\/produit\\\/preparation-a-lexamen-oral-de-francais-niveau-c\\\/\",\"name\":\"Pr\u00e9paration \u00e0 l'examen oral de fran\u00e7ais - Niveau C - Professional Training - Algonquin College\",\"isPartOf\":{\"@id\":\"https:\\\/\\\/training.algonquincollege.com\\\/#website\"},\"primaryImageOfPage\":{\"@id\":\"https:\\\/\\\/training.algonquincollege.com\\\/fr\\\/produit\\\/preparation-a-lexamen-oral-de-francais-niveau-c\\\/#primaryimage\"},\"image\":{\"@id\":\"https:\\\/\\\/training.algonquincollege.com\\\/fr\\\/produit\\\/preparation-a-lexamen-oral-de-francais-niveau-c\\\/#primaryimage\"},\"thumbnailUrl\":\"https:\\\/\\\/training.algonquincollege.com\\\/wp-content\\\/uploads\\\/2025\\\/04\\\/FrenchOralExamPrep_C.jpg\",\"datePublished\":\"2025-04-10T19:43:29+00:00\",\"dateModified\":\"2026-04-13T19:48:01+00:00\",\"breadcrumb\":{\"@id\":\"https:\\\/\\\/training.algonquincollege.com\\\/fr\\\/produit\\\/preparation-a-lexamen-oral-de-francais-niveau-c\\\/#breadcrumb\"},\"inLanguage\":\"fr-FR\",\"potentialAction\":[{\"@type\":\"ReadAction\",\"target\":[\"https:\\\/\\\/training.algonquincollege.com\\\/fr\\\/produit\\\/preparation-a-lexamen-oral-de-francais-niveau-c\\\/\"]}]},{\"@type\":\"ImageObject\",\"inLanguage\":\"fr-FR\",\"@id\":\"https:\\\/\\\/training.algonquincollege.com\\\/fr\\\/produit\\\/preparation-a-lexamen-oral-de-francais-niveau-c\\\/#primaryimage\",\"url\":\"https:\\\/\\\/training.algonquincollege.com\\\/wp-content\\\/uploads\\\/2025\\\/04\\\/FrenchOralExamPrep_C.jpg\",\"contentUrl\":\"https:\\\/\\\/training.algonquincollege.com\\\/wp-content\\\/uploads\\\/2025\\\/04\\\/FrenchOralExamPrep_C.jpg\",\"width\":2121,\"height\":1414,\"caption\":\"Jeune femme d'affaires latino-am\u00e9ricaine heureuse, responsable des ressources humaines, participant \u00e0 une r\u00e9union hybride ou \u00e0 un entretien d'embauche par vid\u00e9oconf\u00e9rence \u00e0 distance, discutant avec son \u00e9quipe ou son partenaire, regardant son ordinateur portable lors d'un appel vid\u00e9o num\u00e9rique virtuel au bureau.\"},{\"@type\":\"BreadcrumbList\",\"@id\":\"https:\\\/\\\/training.algonquincollege.com\\\/fr\\\/produit\\\/preparation-a-lexamen-oral-de-francais-niveau-c\\\/#breadcrumb\",\"itemListElement\":[{\"@type\":\"ListItem\",\"position\":1,\"name\":\"Home\",\"item\":\"https:\\\/\\\/training.algonquincollege.com\\\/fr\\\/accueil\\\/\"},{\"@type\":\"ListItem\",\"position\":2,\"name\":\"Boutique\",\"item\":\"https:\\\/\\\/training.algonquincollege.com\\\/fr\\\/boutique\\\/\"},{\"@type\":\"ListItem\",\"position\":3,\"name\":\"Pr\u00e9paration \u00e0 l&#8217;examen oral de fran\u00e7ais &#8211; Niveau C\"}]},{\"@type\":\"WebSite\",\"@id\":\"https:\\\/\\\/training.algonquincollege.com\\\/#website\",\"url\":\"https:\\\/\\\/training.algonquincollege.com\\\/\",\"name\":\"Professional Training - Algonquin College\",\"description\":\"\",\"publisher\":{\"@id\":\"https:\\\/\\\/training.algonquincollege.com\\\/#organization\"},\"potentialAction\":[{\"@type\":\"SearchAction\",\"target\":{\"@type\":\"EntryPoint\",\"urlTemplate\":\"https:\\\/\\\/training.algonquincollege.com\\\/?s={search_term_string}\"},\"query-input\":{\"@type\":\"PropertyValueSpecification\",\"valueRequired\":true,\"valueName\":\"search_term_string\"}}],\"inLanguage\":\"fr-FR\"},{\"@type\":\"Organization\",\"@id\":\"https:\\\/\\\/training.algonquincollege.com\\\/#organization\",\"name\":\"Professional Training - Algonquin College\",\"url\":\"https:\\\/\\\/training.algonquincollege.com\\\/\",\"logo\":{\"@type\":\"ImageObject\",\"inLanguage\":\"fr-FR\",\"@id\":\"https:\\\/\\\/training.algonquincollege.com\\\/#\\\/schema\\\/logo\\\/image\\\/\",\"url\":\"https:\\\/\\\/training.algonquincollege.com\\\/wp-content\\\/uploads\\\/2023\\\/10\\\/cropped-acct_logo.png\",\"contentUrl\":\"https:\\\/\\\/training.algonquincollege.com\\\/wp-content\\\/uploads\\\/2023\\\/10\\\/cropped-acct_logo.png\",\"width\":300,\"height\":44,\"caption\":\"Professional Training - Algonquin College\"},\"image\":{\"@id\":\"https:\\\/\\\/training.algonquincollege.com\\\/#\\\/schema\\\/logo\\\/image\\\/\"}}]}<\/script>\n<!-- \/ Yoast SEO plugin. -->","yoast_head_json":{"title":"Pr\u00e9paration \u00e0 l'examen oral de fran\u00e7ais - Niveau C - Professional Training - Algonquin College","robots":{"index":"index","follow":"follow","max-snippet":"max-snippet:-1","max-image-preview":"max-image-preview:large","max-video-preview":"max-video-preview:-1"},"canonical":"https:\/\/training.algonquincollege.com\/fr\/produit\/preparation-a-lexamen-oral-de-francais-niveau-c\/","og_locale":"fr_FR","og_type":"article","og_title":"Pr\u00e9paration \u00e0 l'examen oral de fran\u00e7ais - Niveau C - Professional Training - Algonquin College","og_description":"Am\u00e9liorez votre capacit\u00e9 \u00e0 vous exprimer dans le pr\u00e9sent, le pass\u00e9 et le futur pour votre examen d'\u00e9valuation de langue seconde de niveau C.","og_url":"https:\/\/training.algonquincollege.com\/fr\/produit\/preparation-a-lexamen-oral-de-francais-niveau-c\/","og_site_name":"Professional Training - Algonquin College","article_modified_time":"2026-04-13T19:48:01+00:00","og_image":[{"width":2121,"height":1414,"url":"https:\/\/training.algonquincollege.com\/wp-content\/uploads\/2025\/04\/FrenchOralExamPrep_C.jpg","type":"image\/jpeg"}],"twitter_card":"summary_large_image","twitter_misc":{"Dur\u00e9e de lecture estim\u00e9e":"1 minute"},"schema":{"@context":"https:\/\/schema.org","@graph":[{"@type":"WebPage","@id":"https:\/\/training.algonquincollege.com\/fr\/produit\/preparation-a-lexamen-oral-de-francais-niveau-c\/","url":"https:\/\/training.algonquincollege.com\/fr\/produit\/preparation-a-lexamen-oral-de-francais-niveau-c\/","name":"Pr\u00e9paration \u00e0 l'examen oral de fran\u00e7ais - Niveau C - Professional Training - Algonquin College","isPartOf":{"@id":"https:\/\/training.algonquincollege.com\/#website"},"primaryImageOfPage":{"@id":"https:\/\/training.algonquincollege.com\/fr\/produit\/preparation-a-lexamen-oral-de-francais-niveau-c\/#primaryimage"},"image":{"@id":"https:\/\/training.algonquincollege.com\/fr\/produit\/preparation-a-lexamen-oral-de-francais-niveau-c\/#primaryimage"},"thumbnailUrl":"https:\/\/training.algonquincollege.com\/wp-content\/uploads\/2025\/04\/FrenchOralExamPrep_C.jpg","datePublished":"2025-04-10T19:43:29+00:00","dateModified":"2026-04-13T19:48:01+00:00","breadcrumb":{"@id":"https:\/\/training.algonquincollege.com\/fr\/produit\/preparation-a-lexamen-oral-de-francais-niveau-c\/#breadcrumb"},"inLanguage":"fr-FR","potentialAction":[{"@type":"ReadAction","target":["https:\/\/training.algonquincollege.com\/fr\/produit\/preparation-a-lexamen-oral-de-francais-niveau-c\/"]}]},{"@type":"ImageObject","inLanguage":"fr-FR","@id":"https:\/\/training.algonquincollege.com\/fr\/produit\/preparation-a-lexamen-oral-de-francais-niveau-c\/#primaryimage","url":"https:\/\/training.algonquincollege.com\/wp-content\/uploads\/2025\/04\/FrenchOralExamPrep_C.jpg","contentUrl":"https:\/\/training.algonquincollege.com\/wp-content\/uploads\/2025\/04\/FrenchOralExamPrep_C.jpg","width":2121,"height":1414,"caption":"Jeune femme d'affaires latino-am\u00e9ricaine heureuse, responsable des ressources humaines, participant \u00e0 une r\u00e9union hybride ou \u00e0 un entretien d'embauche par vid\u00e9oconf\u00e9rence \u00e0 distance, discutant avec son \u00e9quipe ou son partenaire, regardant son ordinateur portable lors d'un appel vid\u00e9o num\u00e9rique virtuel au bureau."},{"@type":"BreadcrumbList","@id":"https:\/\/training.algonquincollege.com\/fr\/produit\/preparation-a-lexamen-oral-de-francais-niveau-c\/#breadcrumb","itemListElement":[{"@type":"ListItem","position":1,"name":"Home","item":"https:\/\/training.algonquincollege.com\/fr\/accueil\/"},{"@type":"ListItem","position":2,"name":"Boutique","item":"https:\/\/training.algonquincollege.com\/fr\/boutique\/"},{"@type":"ListItem","position":3,"name":"Pr\u00e9paration \u00e0 l&#8217;examen oral de fran\u00e7ais &#8211; Niveau C"}]},{"@type":"WebSite","@id":"https:\/\/training.algonquincollege.com\/#website","url":"https:\/\/training.algonquincollege.com\/","name":"Professional Training - Algonquin College","description":"","publisher":{"@id":"https:\/\/training.algonquincollege.com\/#organization"},"potentialAction":[{"@type":"SearchAction","target":{"@type":"EntryPoint","urlTemplate":"https:\/\/training.algonquincollege.com\/?s={search_term_string}"},"query-input":{"@type":"PropertyValueSpecification","valueRequired":true,"valueName":"search_term_string"}}],"inLanguage":"fr-FR"},{"@type":"Organization","@id":"https:\/\/training.algonquincollege.com\/#organization","name":"Professional Training - Algonquin College","url":"https:\/\/training.algonquincollege.com\/","logo":{"@type":"ImageObject","inLanguage":"fr-FR","@id":"https:\/\/training.algonquincollege.com\/#\/schema\/logo\/image\/","url":"https:\/\/training.algonquincollege.com\/wp-content\/uploads\/2023\/10\/cropped-acct_logo.png","contentUrl":"https:\/\/training.algonquincollege.com\/wp-content\/uploads\/2023\/10\/cropped-acct_logo.png","width":300,"height":44,"caption":"Professional Training - Algonquin College"},"image":{"@id":"https:\/\/training.algonquincollege.com\/#\/schema\/logo\/image\/"}}]}},"_links":{"self":[{"href":"https:\/\/training.algonquincollege.com\/fr\/wp-json\/wp\/v2\/product\/193115","targetHints":{"allow":["GET"]}}],"collection":[{"href":"https:\/\/training.algonquincollege.com\/fr\/wp-json\/wp\/v2\/product"}],"about":[{"href":"https:\/\/training.algonquincollege.com\/fr\/wp-json\/wp\/v2\/types\/product"}],"wp:featuredmedia":[{"embeddable":true,"href":"https:\/\/training.algonquincollege.com\/fr\/wp-json\/wp\/v2\/media\/183904"}],"wp:attachment":[{"href":"https:\/\/training.algonquincollege.com\/fr\/wp-json\/wp\/v2\/media?parent=193115"}],"wp:term":[{"taxonomy":"product_brand","embeddable":true,"href":"https:\/\/training.algonquincollege.com\/fr\/wp-json\/wp\/v2\/product_brand?post=193115"},{"taxonomy":"product_cat","embeddable":true,"href":"https:\/\/training.algonquincollege.com\/fr\/wp-json\/wp\/v2\/product_cat?post=193115"},{"taxonomy":"product_tag","embeddable":true,"href":"https:\/\/training.algonquincollege.com\/fr\/wp-json\/wp\/v2\/product_tag?post=193115"}],"curies":[{"name":"wp","href":"https:\/\/api.w.org\/{rel}","templated":true}]}}