{"id":183441,"date":"2024-03-14T13:17:07","date_gmt":"2024-03-14T17:17:07","guid":{"rendered":"https:\/\/corporate.algonquincollege.com\/product\/planification-des-successions-et-transfert-des-connaissances\/"},"modified":"2026-04-13T15:53:19","modified_gmt":"2026-04-13T19:53:19","slug":"planification-des-successions-et-transfert-des-connaissances","status":"publish","type":"product","link":"https:\/\/training.algonquincollege.com\/fr\/produit\/planification-des-successions-et-transfert-des-connaissances\/","title":{"rendered":"Planification des successions et transfert des connaissances"},"content":{"rendered":"<p>Le succ\u00e8s de tout mod\u00e8le d&rsquo;entreprise durable repose en partie sur la qualit\u00e9 des personnes qui effectuent le travail. Il d\u00e9pend \u00e9galement de la mani\u00e8re dont vous transf\u00e9rez les connaissances qu&rsquo;ils poss\u00e8dent \u00e0 d&rsquo;autres personnes. Ainsi, si quelqu&rsquo;un gagne \u00e0 la loterie ou part en vacances prolong\u00e9es, d&rsquo;autres peuvent facilement prendre la rel\u00e8ve sans probl\u00e8me. C&rsquo;est ce que nous appelons souvent la planification de la rel\u00e8ve. Au cours de cet atelier, vous saurez clairement ce qui doit \u00eatre mis en place pour que vous puissiez avoir l&rsquo;esprit tranquille et que l&rsquo;organisation puisse assurer la continuit\u00e9 de ses activit\u00e9s. Une fois que vous aurez termin\u00e9 cet atelier avec succ\u00e8s et que vous aurez fait tout le travail n\u00e9cessaire, parlez \u00e0 votre patron de ces vacances tant attendues !     <\/p>\n","protected":false},"excerpt":{"rendered":"<p>Renforcez votre confiance dans la continuit\u00e9 des affaires en apprenant les outils et les techniques n\u00e9cessaires \u00e0 la cr\u00e9ation d&rsquo;un plan de rel\u00e8ve solide.<\/p>\n","protected":false},"featured_media":178990,"template":"","meta":{"_acf_changed":false},"product_brand":[],"product_cat":[87,118,80],"product_tag":[],"class_list":{"0":"post-183441","1":"product","2":"type-product","3":"status-publish","4":"has-post-thumbnail","6":"product_cat-business-skills-fr","7":"product_cat-leadership-fr","8":"product_cat-non-classifiee","9":"course_group-leadership-fr","11":"first","12":"instock","13":"shipping-taxable","14":"purchasable","15":"product-type-variable"},"acf":[],"yoast_head":"<!-- This site is optimized with the Yoast SEO plugin v27.5 - https:\/\/yoast.com\/product\/yoast-seo-wordpress\/ -->\n<title>Planification des successions et transfert des connaissances - Professional Training - Algonquin College<\/title>\n<meta name=\"robots\" content=\"index, follow, max-snippet:-1, max-image-preview:large, max-video-preview:-1\" \/>\n<link rel=\"canonical\" href=\"https:\/\/training.algonquincollege.com\/fr\/produit\/planification-des-successions-et-transfert-des-connaissances\/\" \/>\n<meta property=\"og:locale\" content=\"fr_FR\" \/>\n<meta property=\"og:type\" content=\"article\" \/>\n<meta property=\"og:title\" content=\"Planification des successions et transfert des connaissances - Professional Training - Algonquin College\" \/>\n<meta property=\"og:description\" content=\"Renforcez votre confiance dans la continuit\u00e9 des affaires en apprenant les outils et les techniques n\u00e9cessaires \u00e0 la cr\u00e9ation d&#039;un plan de rel\u00e8ve solide.\" \/>\n<meta property=\"og:url\" content=\"https:\/\/training.algonquincollege.com\/fr\/produit\/planification-des-successions-et-transfert-des-connaissances\/\" \/>\n<meta property=\"og:site_name\" content=\"Professional Training - Algonquin College\" \/>\n<meta property=\"article:modified_time\" content=\"2026-04-13T19:53:19+00:00\" \/>\n<meta property=\"og:image\" content=\"https:\/\/training.algonquincollege.com\/wp-content\/uploads\/2024\/04\/Succession-Planning-Knowledge-Transfer-1.jpg\" \/>\n\t<meta property=\"og:image:width\" content=\"1400\" \/>\n\t<meta property=\"og:image:height\" content=\"800\" \/>\n\t<meta property=\"og:image:type\" content=\"image\/jpeg\" \/>\n<meta name=\"twitter:card\" content=\"summary_large_image\" \/>\n<meta name=\"twitter:label1\" content=\"Dur\u00e9e de lecture estim\u00e9e\" \/>\n\t<meta name=\"twitter:data1\" content=\"1 minute\" \/>\n<script type=\"application\/ld+json\" class=\"yoast-schema-graph\">{\"@context\":\"https:\\\/\\\/schema.org\",\"@graph\":[{\"@type\":\"WebPage\",\"@id\":\"https:\\\/\\\/training.algonquincollege.com\\\/fr\\\/produit\\\/planification-des-successions-et-transfert-des-connaissances\\\/\",\"url\":\"https:\\\/\\\/training.algonquincollege.com\\\/fr\\\/produit\\\/planification-des-successions-et-transfert-des-connaissances\\\/\",\"name\":\"Planification des successions et transfert des connaissances - Professional Training - Algonquin College\",\"isPartOf\":{\"@id\":\"https:\\\/\\\/training.algonquincollege.com\\\/#website\"},\"primaryImageOfPage\":{\"@id\":\"https:\\\/\\\/training.algonquincollege.com\\\/fr\\\/produit\\\/planification-des-successions-et-transfert-des-connaissances\\\/#primaryimage\"},\"image\":{\"@id\":\"https:\\\/\\\/training.algonquincollege.com\\\/fr\\\/produit\\\/planification-des-successions-et-transfert-des-connaissances\\\/#primaryimage\"},\"thumbnailUrl\":\"https:\\\/\\\/training.algonquincollege.com\\\/wp-content\\\/uploads\\\/2024\\\/04\\\/Succession-Planning-Knowledge-Transfer-1.jpg\",\"datePublished\":\"2024-03-14T17:17:07+00:00\",\"dateModified\":\"2026-04-13T19:53:19+00:00\",\"breadcrumb\":{\"@id\":\"https:\\\/\\\/training.algonquincollege.com\\\/fr\\\/produit\\\/planification-des-successions-et-transfert-des-connaissances\\\/#breadcrumb\"},\"inLanguage\":\"fr-FR\",\"potentialAction\":[{\"@type\":\"ReadAction\",\"target\":[\"https:\\\/\\\/training.algonquincollege.com\\\/fr\\\/produit\\\/planification-des-successions-et-transfert-des-connaissances\\\/\"]}]},{\"@type\":\"ImageObject\",\"inLanguage\":\"fr-FR\",\"@id\":\"https:\\\/\\\/training.algonquincollege.com\\\/fr\\\/produit\\\/planification-des-successions-et-transfert-des-connaissances\\\/#primaryimage\",\"url\":\"https:\\\/\\\/training.algonquincollege.com\\\/wp-content\\\/uploads\\\/2024\\\/04\\\/Succession-Planning-Knowledge-Transfer-1.jpg\",\"contentUrl\":\"https:\\\/\\\/training.algonquincollege.com\\\/wp-content\\\/uploads\\\/2024\\\/04\\\/Succession-Planning-Knowledge-Transfer-1.jpg\",\"width\":1400,\"height\":800,\"caption\":\"Une femme d'affaires menant une visioconf\u00e9rence avec d'autres personnes.\"},{\"@type\":\"BreadcrumbList\",\"@id\":\"https:\\\/\\\/training.algonquincollege.com\\\/fr\\\/produit\\\/planification-des-successions-et-transfert-des-connaissances\\\/#breadcrumb\",\"itemListElement\":[{\"@type\":\"ListItem\",\"position\":1,\"name\":\"Home\",\"item\":\"https:\\\/\\\/training.algonquincollege.com\\\/fr\\\/accueil\\\/\"},{\"@type\":\"ListItem\",\"position\":2,\"name\":\"Boutique\",\"item\":\"https:\\\/\\\/training.algonquincollege.com\\\/fr\\\/boutique\\\/\"},{\"@type\":\"ListItem\",\"position\":3,\"name\":\"Planification des successions et transfert des connaissances\"}]},{\"@type\":\"WebSite\",\"@id\":\"https:\\\/\\\/training.algonquincollege.com\\\/#website\",\"url\":\"https:\\\/\\\/training.algonquincollege.com\\\/\",\"name\":\"Professional Training - Algonquin College\",\"description\":\"\",\"publisher\":{\"@id\":\"https:\\\/\\\/training.algonquincollege.com\\\/#organization\"},\"potentialAction\":[{\"@type\":\"SearchAction\",\"target\":{\"@type\":\"EntryPoint\",\"urlTemplate\":\"https:\\\/\\\/training.algonquincollege.com\\\/?s={search_term_string}\"},\"query-input\":{\"@type\":\"PropertyValueSpecification\",\"valueRequired\":true,\"valueName\":\"search_term_string\"}}],\"inLanguage\":\"fr-FR\"},{\"@type\":\"Organization\",\"@id\":\"https:\\\/\\\/training.algonquincollege.com\\\/#organization\",\"name\":\"Professional Training - Algonquin College\",\"url\":\"https:\\\/\\\/training.algonquincollege.com\\\/\",\"logo\":{\"@type\":\"ImageObject\",\"inLanguage\":\"fr-FR\",\"@id\":\"https:\\\/\\\/training.algonquincollege.com\\\/#\\\/schema\\\/logo\\\/image\\\/\",\"url\":\"https:\\\/\\\/training.algonquincollege.com\\\/wp-content\\\/uploads\\\/2023\\\/10\\\/cropped-acct_logo.png\",\"contentUrl\":\"https:\\\/\\\/training.algonquincollege.com\\\/wp-content\\\/uploads\\\/2023\\\/10\\\/cropped-acct_logo.png\",\"width\":300,\"height\":44,\"caption\":\"Professional Training - Algonquin College\"},\"image\":{\"@id\":\"https:\\\/\\\/training.algonquincollege.com\\\/#\\\/schema\\\/logo\\\/image\\\/\"}}]}<\/script>\n<!-- \/ Yoast SEO plugin. -->","yoast_head_json":{"title":"Planification des successions et transfert des connaissances - Professional Training - Algonquin College","robots":{"index":"index","follow":"follow","max-snippet":"max-snippet:-1","max-image-preview":"max-image-preview:large","max-video-preview":"max-video-preview:-1"},"canonical":"https:\/\/training.algonquincollege.com\/fr\/produit\/planification-des-successions-et-transfert-des-connaissances\/","og_locale":"fr_FR","og_type":"article","og_title":"Planification des successions et transfert des connaissances - Professional Training - Algonquin College","og_description":"Renforcez votre confiance dans la continuit\u00e9 des affaires en apprenant les outils et les techniques n\u00e9cessaires \u00e0 la cr\u00e9ation d'un plan de rel\u00e8ve solide.","og_url":"https:\/\/training.algonquincollege.com\/fr\/produit\/planification-des-successions-et-transfert-des-connaissances\/","og_site_name":"Professional Training - Algonquin College","article_modified_time":"2026-04-13T19:53:19+00:00","og_image":[{"width":1400,"height":800,"url":"https:\/\/training.algonquincollege.com\/wp-content\/uploads\/2024\/04\/Succession-Planning-Knowledge-Transfer-1.jpg","type":"image\/jpeg"}],"twitter_card":"summary_large_image","twitter_misc":{"Dur\u00e9e de lecture estim\u00e9e":"1 minute"},"schema":{"@context":"https:\/\/schema.org","@graph":[{"@type":"WebPage","@id":"https:\/\/training.algonquincollege.com\/fr\/produit\/planification-des-successions-et-transfert-des-connaissances\/","url":"https:\/\/training.algonquincollege.com\/fr\/produit\/planification-des-successions-et-transfert-des-connaissances\/","name":"Planification des successions et transfert des connaissances - Professional Training - Algonquin College","isPartOf":{"@id":"https:\/\/training.algonquincollege.com\/#website"},"primaryImageOfPage":{"@id":"https:\/\/training.algonquincollege.com\/fr\/produit\/planification-des-successions-et-transfert-des-connaissances\/#primaryimage"},"image":{"@id":"https:\/\/training.algonquincollege.com\/fr\/produit\/planification-des-successions-et-transfert-des-connaissances\/#primaryimage"},"thumbnailUrl":"https:\/\/training.algonquincollege.com\/wp-content\/uploads\/2024\/04\/Succession-Planning-Knowledge-Transfer-1.jpg","datePublished":"2024-03-14T17:17:07+00:00","dateModified":"2026-04-13T19:53:19+00:00","breadcrumb":{"@id":"https:\/\/training.algonquincollege.com\/fr\/produit\/planification-des-successions-et-transfert-des-connaissances\/#breadcrumb"},"inLanguage":"fr-FR","potentialAction":[{"@type":"ReadAction","target":["https:\/\/training.algonquincollege.com\/fr\/produit\/planification-des-successions-et-transfert-des-connaissances\/"]}]},{"@type":"ImageObject","inLanguage":"fr-FR","@id":"https:\/\/training.algonquincollege.com\/fr\/produit\/planification-des-successions-et-transfert-des-connaissances\/#primaryimage","url":"https:\/\/training.algonquincollege.com\/wp-content\/uploads\/2024\/04\/Succession-Planning-Knowledge-Transfer-1.jpg","contentUrl":"https:\/\/training.algonquincollege.com\/wp-content\/uploads\/2024\/04\/Succession-Planning-Knowledge-Transfer-1.jpg","width":1400,"height":800,"caption":"Une femme d'affaires menant une visioconf\u00e9rence avec d'autres personnes."},{"@type":"BreadcrumbList","@id":"https:\/\/training.algonquincollege.com\/fr\/produit\/planification-des-successions-et-transfert-des-connaissances\/#breadcrumb","itemListElement":[{"@type":"ListItem","position":1,"name":"Home","item":"https:\/\/training.algonquincollege.com\/fr\/accueil\/"},{"@type":"ListItem","position":2,"name":"Boutique","item":"https:\/\/training.algonquincollege.com\/fr\/boutique\/"},{"@type":"ListItem","position":3,"name":"Planification des successions et transfert des connaissances"}]},{"@type":"WebSite","@id":"https:\/\/training.algonquincollege.com\/#website","url":"https:\/\/training.algonquincollege.com\/","name":"Professional Training - Algonquin College","description":"","publisher":{"@id":"https:\/\/training.algonquincollege.com\/#organization"},"potentialAction":[{"@type":"SearchAction","target":{"@type":"EntryPoint","urlTemplate":"https:\/\/training.algonquincollege.com\/?s={search_term_string}"},"query-input":{"@type":"PropertyValueSpecification","valueRequired":true,"valueName":"search_term_string"}}],"inLanguage":"fr-FR"},{"@type":"Organization","@id":"https:\/\/training.algonquincollege.com\/#organization","name":"Professional Training - Algonquin College","url":"https:\/\/training.algonquincollege.com\/","logo":{"@type":"ImageObject","inLanguage":"fr-FR","@id":"https:\/\/training.algonquincollege.com\/#\/schema\/logo\/image\/","url":"https:\/\/training.algonquincollege.com\/wp-content\/uploads\/2023\/10\/cropped-acct_logo.png","contentUrl":"https:\/\/training.algonquincollege.com\/wp-content\/uploads\/2023\/10\/cropped-acct_logo.png","width":300,"height":44,"caption":"Professional Training - Algonquin College"},"image":{"@id":"https:\/\/training.algonquincollege.com\/#\/schema\/logo\/image\/"}}]}},"_links":{"self":[{"href":"https:\/\/training.algonquincollege.com\/fr\/wp-json\/wp\/v2\/product\/183441","targetHints":{"allow":["GET"]}}],"collection":[{"href":"https:\/\/training.algonquincollege.com\/fr\/wp-json\/wp\/v2\/product"}],"about":[{"href":"https:\/\/training.algonquincollege.com\/fr\/wp-json\/wp\/v2\/types\/product"}],"wp:featuredmedia":[{"embeddable":true,"href":"https:\/\/training.algonquincollege.com\/fr\/wp-json\/wp\/v2\/media\/178990"}],"wp:attachment":[{"href":"https:\/\/training.algonquincollege.com\/fr\/wp-json\/wp\/v2\/media?parent=183441"}],"wp:term":[{"taxonomy":"product_brand","embeddable":true,"href":"https:\/\/training.algonquincollege.com\/fr\/wp-json\/wp\/v2\/product_brand?post=183441"},{"taxonomy":"product_cat","embeddable":true,"href":"https:\/\/training.algonquincollege.com\/fr\/wp-json\/wp\/v2\/product_cat?post=183441"},{"taxonomy":"product_tag","embeddable":true,"href":"https:\/\/training.algonquincollege.com\/fr\/wp-json\/wp\/v2\/product_tag?post=183441"}],"curies":[{"name":"wp","href":"https:\/\/api.w.org\/{rel}","templated":true}]}}