{"id":183326,"date":"2024-05-09T13:33:03","date_gmt":"2024-05-09T17:33:03","guid":{"rendered":"https:\/\/corporate.algonquincollege.com\/product\/presentations-efficaces-competences-en-matiere-de-communication-verbale-et-visuelle\/"},"modified":"2026-04-13T15:52:07","modified_gmt":"2026-04-13T19:52:07","slug":"presentations-efficaces-competences-en-matiere-de-communication-verbale-et-visuelle","status":"publish","type":"product","link":"https:\/\/training.algonquincollege.com\/fr\/produit\/presentations-efficaces-competences-en-matiere-de-communication-verbale-et-visuelle\/","title":{"rendered":"Pr\u00e9sentations efficaces : Comp\u00e9tences en mati\u00e8re de communication verbale et visuelle"},"content":{"rendered":"<p>Dans cet atelier sur les techniques de pr\u00e9sentation, vous d\u00e9couvrirez que la pr\u00e9sentation ne se limite pas \u00e0 l&rsquo;art oratoire. Vous apprendrez qu&rsquo;il existe de nombreux autres outils qui rendent les pr\u00e9sentations efficaces et qui n&rsquo;exigent pas que vous soyez au centre de la sc\u00e8ne. Nous vous invitons \u00e0 d\u00e9velopper des comp\u00e9tences pour conna\u00eetre votre public, cr\u00e9er des messages convaincants, concevoir des diapositives marquantes et utiliser des outils interactifs pour impliquer le public. Vous aurez l&rsquo;occasion d&rsquo;apprendre et de pratiquer sans crainte d&rsquo;\u00eatre jug\u00e9. M\u00eame les pr\u00e9sentateurs chevronn\u00e9s \u00e9prouvent de l&rsquo;anxi\u00e9t\u00e9 face \u00e0 la performance et cet atelier offre des outils et des approches pour se pr\u00e9parer et prendre confiance en soi en tant que pr\u00e9sentateur. Rejoignez-nous pour faire l&rsquo;exp\u00e9rience d&rsquo;un atelier o\u00f9 les erreurs sont des occasions d&rsquo;apprendre, et o\u00f9 la croissance se produit dans un environnement s\u00fbr et encourageant. Am\u00e9liorez vos comp\u00e9tences de pr\u00e9sentation, \u00e0 la fois verbales et visuelles, avec nous !      <\/p>\n","protected":false},"excerpt":{"rendered":"<p>Am\u00e9liorez vos comp\u00e9tences en mati\u00e8re de pr\u00e9sentation en d\u00e9veloppant des aptitudes \u00e0 conna\u00eetre votre public, \u00e0 cr\u00e9er des messages convaincants, \u00e0 concevoir des diapositives marquantes et \u00e0 utiliser des outils interactifs.<\/p>\n","protected":false},"featured_media":179151,"template":"","meta":{"_acf_changed":false},"product_brand":[],"product_cat":[87,80],"product_tag":[],"class_list":{"0":"post-183326","1":"product","2":"type-product","3":"status-publish","4":"has-post-thumbnail","6":"product_cat-business-skills-fr","7":"product_cat-non-classifiee","9":"first","10":"outofstock","11":"shipping-taxable","12":"purchasable","13":"product-type-variable"},"acf":[],"yoast_head":"<!-- This site is optimized with the Yoast SEO plugin v27.5 - https:\/\/yoast.com\/product\/yoast-seo-wordpress\/ -->\n<title>Pr\u00e9sentations efficaces : Comp\u00e9tences en mati\u00e8re de communication verbale et visuelle - Professional Training - Algonquin College<\/title>\n<meta name=\"robots\" content=\"index, follow, max-snippet:-1, max-image-preview:large, max-video-preview:-1\" \/>\n<link rel=\"canonical\" href=\"https:\/\/training.algonquincollege.com\/fr\/produit\/presentations-efficaces-competences-en-matiere-de-communication-verbale-et-visuelle\/\" \/>\n<meta property=\"og:locale\" content=\"fr_FR\" \/>\n<meta property=\"og:type\" content=\"article\" \/>\n<meta property=\"og:title\" content=\"Pr\u00e9sentations efficaces : Comp\u00e9tences en mati\u00e8re de communication verbale et visuelle - Professional Training - Algonquin College\" \/>\n<meta property=\"og:description\" content=\"Am\u00e9liorez vos comp\u00e9tences en mati\u00e8re de pr\u00e9sentation en d\u00e9veloppant des aptitudes \u00e0 conna\u00eetre votre public, \u00e0 cr\u00e9er des messages convaincants, \u00e0 concevoir des diapositives marquantes et \u00e0 utiliser des outils interactifs.\" \/>\n<meta property=\"og:url\" content=\"https:\/\/training.algonquincollege.com\/fr\/produit\/presentations-efficaces-competences-en-matiere-de-communication-verbale-et-visuelle\/\" \/>\n<meta property=\"og:site_name\" content=\"Professional Training - Algonquin College\" \/>\n<meta property=\"article:modified_time\" content=\"2026-04-13T19:52:07+00:00\" \/>\n<meta property=\"og:image\" content=\"https:\/\/training.algonquincollege.com\/wp-content\/uploads\/2024\/05\/Effective-Presentations-Verbal-and-Visual-Communication-Skills.jpg\" \/>\n\t<meta property=\"og:image:width\" content=\"1400\" \/>\n\t<meta property=\"og:image:height\" content=\"800\" \/>\n\t<meta property=\"og:image:type\" content=\"image\/jpeg\" \/>\n<meta name=\"twitter:card\" content=\"summary_large_image\" \/>\n<meta name=\"twitter:label1\" content=\"Dur\u00e9e de lecture estim\u00e9e\" \/>\n\t<meta name=\"twitter:data1\" content=\"1 minute\" \/>\n<script type=\"application\/ld+json\" class=\"yoast-schema-graph\">{\"@context\":\"https:\\\/\\\/schema.org\",\"@graph\":[{\"@type\":\"WebPage\",\"@id\":\"https:\\\/\\\/training.algonquincollege.com\\\/fr\\\/produit\\\/presentations-efficaces-competences-en-matiere-de-communication-verbale-et-visuelle\\\/\",\"url\":\"https:\\\/\\\/training.algonquincollege.com\\\/fr\\\/produit\\\/presentations-efficaces-competences-en-matiere-de-communication-verbale-et-visuelle\\\/\",\"name\":\"Pr\u00e9sentations efficaces : Comp\u00e9tences en mati\u00e8re de communication verbale et visuelle - Professional Training - Algonquin College\",\"isPartOf\":{\"@id\":\"https:\\\/\\\/training.algonquincollege.com\\\/#website\"},\"primaryImageOfPage\":{\"@id\":\"https:\\\/\\\/training.algonquincollege.com\\\/fr\\\/produit\\\/presentations-efficaces-competences-en-matiere-de-communication-verbale-et-visuelle\\\/#primaryimage\"},\"image\":{\"@id\":\"https:\\\/\\\/training.algonquincollege.com\\\/fr\\\/produit\\\/presentations-efficaces-competences-en-matiere-de-communication-verbale-et-visuelle\\\/#primaryimage\"},\"thumbnailUrl\":\"https:\\\/\\\/training.algonquincollege.com\\\/wp-content\\\/uploads\\\/2024\\\/05\\\/Effective-Presentations-Verbal-and-Visual-Communication-Skills.jpg\",\"datePublished\":\"2024-05-09T17:33:03+00:00\",\"dateModified\":\"2026-04-13T19:52:07+00:00\",\"breadcrumb\":{\"@id\":\"https:\\\/\\\/training.algonquincollege.com\\\/fr\\\/produit\\\/presentations-efficaces-competences-en-matiere-de-communication-verbale-et-visuelle\\\/#breadcrumb\"},\"inLanguage\":\"fr-FR\",\"potentialAction\":[{\"@type\":\"ReadAction\",\"target\":[\"https:\\\/\\\/training.algonquincollege.com\\\/fr\\\/produit\\\/presentations-efficaces-competences-en-matiere-de-communication-verbale-et-visuelle\\\/\"]}]},{\"@type\":\"ImageObject\",\"inLanguage\":\"fr-FR\",\"@id\":\"https:\\\/\\\/training.algonquincollege.com\\\/fr\\\/produit\\\/presentations-efficaces-competences-en-matiere-de-communication-verbale-et-visuelle\\\/#primaryimage\",\"url\":\"https:\\\/\\\/training.algonquincollege.com\\\/wp-content\\\/uploads\\\/2024\\\/05\\\/Effective-Presentations-Verbal-and-Visual-Communication-Skills.jpg\",\"contentUrl\":\"https:\\\/\\\/training.algonquincollege.com\\\/wp-content\\\/uploads\\\/2024\\\/05\\\/Effective-Presentations-Verbal-and-Visual-Communication-Skills.jpg\",\"width\":1400,\"height\":800,\"caption\":\"Un homme fait une pr\u00e9sentation \u00e0 un groupe dans une salle de r\u00e9union.\"},{\"@type\":\"BreadcrumbList\",\"@id\":\"https:\\\/\\\/training.algonquincollege.com\\\/fr\\\/produit\\\/presentations-efficaces-competences-en-matiere-de-communication-verbale-et-visuelle\\\/#breadcrumb\",\"itemListElement\":[{\"@type\":\"ListItem\",\"position\":1,\"name\":\"Home\",\"item\":\"https:\\\/\\\/training.algonquincollege.com\\\/fr\\\/accueil\\\/\"},{\"@type\":\"ListItem\",\"position\":2,\"name\":\"Boutique\",\"item\":\"https:\\\/\\\/training.algonquincollege.com\\\/fr\\\/boutique\\\/\"},{\"@type\":\"ListItem\",\"position\":3,\"name\":\"Pr\u00e9sentations efficaces : Comp\u00e9tences en mati\u00e8re de communication verbale et visuelle\"}]},{\"@type\":\"WebSite\",\"@id\":\"https:\\\/\\\/training.algonquincollege.com\\\/#website\",\"url\":\"https:\\\/\\\/training.algonquincollege.com\\\/\",\"name\":\"Professional Training - Algonquin College\",\"description\":\"\",\"publisher\":{\"@id\":\"https:\\\/\\\/training.algonquincollege.com\\\/#organization\"},\"potentialAction\":[{\"@type\":\"SearchAction\",\"target\":{\"@type\":\"EntryPoint\",\"urlTemplate\":\"https:\\\/\\\/training.algonquincollege.com\\\/?s={search_term_string}\"},\"query-input\":{\"@type\":\"PropertyValueSpecification\",\"valueRequired\":true,\"valueName\":\"search_term_string\"}}],\"inLanguage\":\"fr-FR\"},{\"@type\":\"Organization\",\"@id\":\"https:\\\/\\\/training.algonquincollege.com\\\/#organization\",\"name\":\"Professional Training - Algonquin College\",\"url\":\"https:\\\/\\\/training.algonquincollege.com\\\/\",\"logo\":{\"@type\":\"ImageObject\",\"inLanguage\":\"fr-FR\",\"@id\":\"https:\\\/\\\/training.algonquincollege.com\\\/#\\\/schema\\\/logo\\\/image\\\/\",\"url\":\"https:\\\/\\\/training.algonquincollege.com\\\/wp-content\\\/uploads\\\/2023\\\/10\\\/cropped-acct_logo.png\",\"contentUrl\":\"https:\\\/\\\/training.algonquincollege.com\\\/wp-content\\\/uploads\\\/2023\\\/10\\\/cropped-acct_logo.png\",\"width\":300,\"height\":44,\"caption\":\"Professional Training - Algonquin College\"},\"image\":{\"@id\":\"https:\\\/\\\/training.algonquincollege.com\\\/#\\\/schema\\\/logo\\\/image\\\/\"}}]}<\/script>\n<!-- \/ Yoast SEO plugin. -->","yoast_head_json":{"title":"Pr\u00e9sentations efficaces : Comp\u00e9tences en mati\u00e8re de communication verbale et visuelle - Professional Training - Algonquin College","robots":{"index":"index","follow":"follow","max-snippet":"max-snippet:-1","max-image-preview":"max-image-preview:large","max-video-preview":"max-video-preview:-1"},"canonical":"https:\/\/training.algonquincollege.com\/fr\/produit\/presentations-efficaces-competences-en-matiere-de-communication-verbale-et-visuelle\/","og_locale":"fr_FR","og_type":"article","og_title":"Pr\u00e9sentations efficaces : Comp\u00e9tences en mati\u00e8re de communication verbale et visuelle - Professional Training - Algonquin College","og_description":"Am\u00e9liorez vos comp\u00e9tences en mati\u00e8re de pr\u00e9sentation en d\u00e9veloppant des aptitudes \u00e0 conna\u00eetre votre public, \u00e0 cr\u00e9er des messages convaincants, \u00e0 concevoir des diapositives marquantes et \u00e0 utiliser des outils interactifs.","og_url":"https:\/\/training.algonquincollege.com\/fr\/produit\/presentations-efficaces-competences-en-matiere-de-communication-verbale-et-visuelle\/","og_site_name":"Professional Training - Algonquin College","article_modified_time":"2026-04-13T19:52:07+00:00","og_image":[{"width":1400,"height":800,"url":"https:\/\/training.algonquincollege.com\/wp-content\/uploads\/2024\/05\/Effective-Presentations-Verbal-and-Visual-Communication-Skills.jpg","type":"image\/jpeg"}],"twitter_card":"summary_large_image","twitter_misc":{"Dur\u00e9e de lecture estim\u00e9e":"1 minute"},"schema":{"@context":"https:\/\/schema.org","@graph":[{"@type":"WebPage","@id":"https:\/\/training.algonquincollege.com\/fr\/produit\/presentations-efficaces-competences-en-matiere-de-communication-verbale-et-visuelle\/","url":"https:\/\/training.algonquincollege.com\/fr\/produit\/presentations-efficaces-competences-en-matiere-de-communication-verbale-et-visuelle\/","name":"Pr\u00e9sentations efficaces : Comp\u00e9tences en mati\u00e8re de communication verbale et visuelle - Professional Training - Algonquin College","isPartOf":{"@id":"https:\/\/training.algonquincollege.com\/#website"},"primaryImageOfPage":{"@id":"https:\/\/training.algonquincollege.com\/fr\/produit\/presentations-efficaces-competences-en-matiere-de-communication-verbale-et-visuelle\/#primaryimage"},"image":{"@id":"https:\/\/training.algonquincollege.com\/fr\/produit\/presentations-efficaces-competences-en-matiere-de-communication-verbale-et-visuelle\/#primaryimage"},"thumbnailUrl":"https:\/\/training.algonquincollege.com\/wp-content\/uploads\/2024\/05\/Effective-Presentations-Verbal-and-Visual-Communication-Skills.jpg","datePublished":"2024-05-09T17:33:03+00:00","dateModified":"2026-04-13T19:52:07+00:00","breadcrumb":{"@id":"https:\/\/training.algonquincollege.com\/fr\/produit\/presentations-efficaces-competences-en-matiere-de-communication-verbale-et-visuelle\/#breadcrumb"},"inLanguage":"fr-FR","potentialAction":[{"@type":"ReadAction","target":["https:\/\/training.algonquincollege.com\/fr\/produit\/presentations-efficaces-competences-en-matiere-de-communication-verbale-et-visuelle\/"]}]},{"@type":"ImageObject","inLanguage":"fr-FR","@id":"https:\/\/training.algonquincollege.com\/fr\/produit\/presentations-efficaces-competences-en-matiere-de-communication-verbale-et-visuelle\/#primaryimage","url":"https:\/\/training.algonquincollege.com\/wp-content\/uploads\/2024\/05\/Effective-Presentations-Verbal-and-Visual-Communication-Skills.jpg","contentUrl":"https:\/\/training.algonquincollege.com\/wp-content\/uploads\/2024\/05\/Effective-Presentations-Verbal-and-Visual-Communication-Skills.jpg","width":1400,"height":800,"caption":"Un homme fait une pr\u00e9sentation \u00e0 un groupe dans une salle de r\u00e9union."},{"@type":"BreadcrumbList","@id":"https:\/\/training.algonquincollege.com\/fr\/produit\/presentations-efficaces-competences-en-matiere-de-communication-verbale-et-visuelle\/#breadcrumb","itemListElement":[{"@type":"ListItem","position":1,"name":"Home","item":"https:\/\/training.algonquincollege.com\/fr\/accueil\/"},{"@type":"ListItem","position":2,"name":"Boutique","item":"https:\/\/training.algonquincollege.com\/fr\/boutique\/"},{"@type":"ListItem","position":3,"name":"Pr\u00e9sentations efficaces : Comp\u00e9tences en mati\u00e8re de communication verbale et visuelle"}]},{"@type":"WebSite","@id":"https:\/\/training.algonquincollege.com\/#website","url":"https:\/\/training.algonquincollege.com\/","name":"Professional Training - Algonquin College","description":"","publisher":{"@id":"https:\/\/training.algonquincollege.com\/#organization"},"potentialAction":[{"@type":"SearchAction","target":{"@type":"EntryPoint","urlTemplate":"https:\/\/training.algonquincollege.com\/?s={search_term_string}"},"query-input":{"@type":"PropertyValueSpecification","valueRequired":true,"valueName":"search_term_string"}}],"inLanguage":"fr-FR"},{"@type":"Organization","@id":"https:\/\/training.algonquincollege.com\/#organization","name":"Professional Training - Algonquin College","url":"https:\/\/training.algonquincollege.com\/","logo":{"@type":"ImageObject","inLanguage":"fr-FR","@id":"https:\/\/training.algonquincollege.com\/#\/schema\/logo\/image\/","url":"https:\/\/training.algonquincollege.com\/wp-content\/uploads\/2023\/10\/cropped-acct_logo.png","contentUrl":"https:\/\/training.algonquincollege.com\/wp-content\/uploads\/2023\/10\/cropped-acct_logo.png","width":300,"height":44,"caption":"Professional Training - Algonquin College"},"image":{"@id":"https:\/\/training.algonquincollege.com\/#\/schema\/logo\/image\/"}}]}},"_links":{"self":[{"href":"https:\/\/training.algonquincollege.com\/fr\/wp-json\/wp\/v2\/product\/183326","targetHints":{"allow":["GET"]}}],"collection":[{"href":"https:\/\/training.algonquincollege.com\/fr\/wp-json\/wp\/v2\/product"}],"about":[{"href":"https:\/\/training.algonquincollege.com\/fr\/wp-json\/wp\/v2\/types\/product"}],"wp:featuredmedia":[{"embeddable":true,"href":"https:\/\/training.algonquincollege.com\/fr\/wp-json\/wp\/v2\/media\/179151"}],"wp:attachment":[{"href":"https:\/\/training.algonquincollege.com\/fr\/wp-json\/wp\/v2\/media?parent=183326"}],"wp:term":[{"taxonomy":"product_brand","embeddable":true,"href":"https:\/\/training.algonquincollege.com\/fr\/wp-json\/wp\/v2\/product_brand?post=183326"},{"taxonomy":"product_cat","embeddable":true,"href":"https:\/\/training.algonquincollege.com\/fr\/wp-json\/wp\/v2\/product_cat?post=183326"},{"taxonomy":"product_tag","embeddable":true,"href":"https:\/\/training.algonquincollege.com\/fr\/wp-json\/wp\/v2\/product_tag?post=183326"}],"curies":[{"name":"wp","href":"https:\/\/api.w.org\/{rel}","templated":true}]}}