{"id":183320,"date":"2024-05-09T13:33:06","date_gmt":"2024-05-09T17:33:06","guid":{"rendered":"https:\/\/corporate.algonquincollege.com\/product\/lintelligence-emotionnelle-developper-la-conscience-de-soi-et-les-relations-positives\/"},"modified":"2026-04-13T15:52:39","modified_gmt":"2026-04-13T19:52:39","slug":"lintelligence-emotionnelle-developper-la-conscience-de-soi-et-les-relations-positives","status":"publish","type":"product","link":"https:\/\/training.algonquincollege.com\/fr\/produit\/lintelligence-emotionnelle-developper-la-conscience-de-soi-et-les-relations-positives\/","title":{"rendered":"L&rsquo;intelligence \u00e9motionnelle : D\u00e9velopper la conscience de soi et les relations positives"},"content":{"rendered":"<p>Les \u00e9motions, intrins\u00e8ques \u00e0 notre humanit\u00e9, sont le moteur de l&rsquo;action, alimentent la cr\u00e9ativit\u00e9 et fa\u00e7onnent nos relations avec les autres. Malgr\u00e9 une sous-\u00e9valuation historique par rapport au raisonnement intellectuel, les \u00e9motions influencent consid\u00e9rablement les jugements, les relations et les trajectoires professionnelles. Cet atelier est con\u00e7u pour \u00e9lever l&rsquo;intelligence \u00e9motionnelle (QE), la capacit\u00e9 de discerner, d&rsquo;\u00e9valuer et de s&rsquo;engager efficacement dans les \u00e9motions personnelles et celles des autres.  <\/p>\n<p>Les participants se concentreront sur les \u00e9l\u00e9ments essentiels au d\u00e9veloppement de l&rsquo;intelligence \u00e9motionnelle, en affinant les comp\u00e9tences en mati\u00e8re de conscience de soi, de gestion des \u00e9motions, de r\u00e9actions physiologiques et comportementales, de compr\u00e9hension du lien entre les \u00e9motions et les valeurs, de d\u00e9passement des barri\u00e8res de communication, d&rsquo;\u00e9tablissement de la confiance et d&rsquo;exercice de l&#8217;empathie. Tout au long de l&rsquo;atelier, l&rsquo;accent sera mis sur les applications pratiques de ces comp\u00e9tences dans des contextes personnels et professionnels. <\/p>\n<p>En approfondissant les comp\u00e9tences et les comportements pratiques avanc\u00e9s, cet atelier s&rsquo;appuie sur le travail de base effectu\u00e9 lors des sessions pr\u00e9c\u00e9dentes. Il permet aux participants d&rsquo;acqu\u00e9rir des strat\u00e9gies pour comprendre, exprimer et r\u00e9guler les \u00e9motions, tout en leur fournissant des outils pour g\u00e9rer les interactions \u00e9motionnelles avec les autres. <\/p>\n<p>Gr\u00e2ce \u00e0 un m\u00e9lange d&rsquo;exercices d&rsquo;autor\u00e9flexion, d&rsquo;activit\u00e9s de groupe et de discussions, les participants cr\u00e9ent un environnement propice \u00e0 l&rsquo;exploration et \u00e0 l&rsquo;am\u00e9lioration de leur intelligence \u00e9motionnelle. L&rsquo;atelier, qui allie th\u00e9orie et application pratique, permet aux participants de naviguer dans le paysage complexe des \u00e9motions, de favoriser le d\u00e9veloppement personnel et d&rsquo;enrichir les relations interpersonnelles. <\/p>\n","protected":false},"excerpt":{"rendered":"<p>Apprendre des strat\u00e9gies pour comprendre, exprimer et r\u00e9guler les \u00e9motions et d\u00e9couvrir des outils pour g\u00e9rer les interactions \u00e9motionnelles avec les autres.<\/p>\n","protected":false},"featured_media":179169,"template":"","meta":{"_acf_changed":false},"product_brand":[],"product_cat":[87,118,80],"product_tag":[],"class_list":{"0":"post-183320","1":"product","2":"type-product","3":"status-publish","4":"has-post-thumbnail","6":"product_cat-business-skills-fr","7":"product_cat-leadership-fr","8":"product_cat-non-classifiee","9":"course_group-business-skills-fr","10":"course_group-leadership-fr","12":"first","13":"outofstock","14":"shipping-taxable","15":"purchasable","16":"product-type-variable"},"acf":[],"yoast_head":"<!-- This site is optimized with the Yoast SEO plugin v27.5 - https:\/\/yoast.com\/product\/yoast-seo-wordpress\/ -->\n<title>L&#039;intelligence \u00e9motionnelle : D\u00e9velopper la conscience de soi et les relations positives - Professional Training - Algonquin College<\/title>\n<meta name=\"robots\" content=\"index, follow, max-snippet:-1, max-image-preview:large, max-video-preview:-1\" \/>\n<link rel=\"canonical\" href=\"https:\/\/training.algonquincollege.com\/fr\/produit\/lintelligence-emotionnelle-developper-la-conscience-de-soi-et-les-relations-positives\/\" \/>\n<meta property=\"og:locale\" content=\"fr_FR\" \/>\n<meta property=\"og:type\" content=\"article\" \/>\n<meta property=\"og:title\" content=\"L&#039;intelligence \u00e9motionnelle : D\u00e9velopper la conscience de soi et les relations positives - Professional Training - Algonquin College\" \/>\n<meta property=\"og:description\" content=\"Apprendre des strat\u00e9gies pour comprendre, exprimer et r\u00e9guler les \u00e9motions et d\u00e9couvrir des outils pour g\u00e9rer les interactions \u00e9motionnelles avec les autres.\" \/>\n<meta property=\"og:url\" content=\"https:\/\/training.algonquincollege.com\/fr\/produit\/lintelligence-emotionnelle-developper-la-conscience-de-soi-et-les-relations-positives\/\" \/>\n<meta property=\"og:site_name\" content=\"Professional Training - Algonquin College\" \/>\n<meta property=\"article:modified_time\" content=\"2026-04-13T19:52:39+00:00\" \/>\n<meta property=\"og:image\" content=\"https:\/\/training.algonquincollege.com\/wp-content\/uploads\/2024\/05\/Emotional-Intelligence.jpg\" \/>\n\t<meta property=\"og:image:width\" content=\"1400\" \/>\n\t<meta property=\"og:image:height\" content=\"800\" \/>\n\t<meta property=\"og:image:type\" content=\"image\/jpeg\" \/>\n<meta name=\"twitter:card\" content=\"summary_large_image\" \/>\n<meta name=\"twitter:label1\" content=\"Dur\u00e9e de lecture estim\u00e9e\" \/>\n\t<meta name=\"twitter:data1\" content=\"1 minute\" \/>\n<script type=\"application\/ld+json\" class=\"yoast-schema-graph\">{\"@context\":\"https:\\\/\\\/schema.org\",\"@graph\":[{\"@type\":\"WebPage\",\"@id\":\"https:\\\/\\\/training.algonquincollege.com\\\/fr\\\/produit\\\/lintelligence-emotionnelle-developper-la-conscience-de-soi-et-les-relations-positives\\\/\",\"url\":\"https:\\\/\\\/training.algonquincollege.com\\\/fr\\\/produit\\\/lintelligence-emotionnelle-developper-la-conscience-de-soi-et-les-relations-positives\\\/\",\"name\":\"L'intelligence \u00e9motionnelle : D\u00e9velopper la conscience de soi et les relations positives - Professional Training - Algonquin College\",\"isPartOf\":{\"@id\":\"https:\\\/\\\/training.algonquincollege.com\\\/#website\"},\"primaryImageOfPage\":{\"@id\":\"https:\\\/\\\/training.algonquincollege.com\\\/fr\\\/produit\\\/lintelligence-emotionnelle-developper-la-conscience-de-soi-et-les-relations-positives\\\/#primaryimage\"},\"image\":{\"@id\":\"https:\\\/\\\/training.algonquincollege.com\\\/fr\\\/produit\\\/lintelligence-emotionnelle-developper-la-conscience-de-soi-et-les-relations-positives\\\/#primaryimage\"},\"thumbnailUrl\":\"https:\\\/\\\/training.algonquincollege.com\\\/wp-content\\\/uploads\\\/2024\\\/05\\\/Emotional-Intelligence.jpg\",\"datePublished\":\"2024-05-09T17:33:06+00:00\",\"dateModified\":\"2026-04-13T19:52:39+00:00\",\"breadcrumb\":{\"@id\":\"https:\\\/\\\/training.algonquincollege.com\\\/fr\\\/produit\\\/lintelligence-emotionnelle-developper-la-conscience-de-soi-et-les-relations-positives\\\/#breadcrumb\"},\"inLanguage\":\"fr-FR\",\"potentialAction\":[{\"@type\":\"ReadAction\",\"target\":[\"https:\\\/\\\/training.algonquincollege.com\\\/fr\\\/produit\\\/lintelligence-emotionnelle-developper-la-conscience-de-soi-et-les-relations-positives\\\/\"]}]},{\"@type\":\"ImageObject\",\"inLanguage\":\"fr-FR\",\"@id\":\"https:\\\/\\\/training.algonquincollege.com\\\/fr\\\/produit\\\/lintelligence-emotionnelle-developper-la-conscience-de-soi-et-les-relations-positives\\\/#primaryimage\",\"url\":\"https:\\\/\\\/training.algonquincollege.com\\\/wp-content\\\/uploads\\\/2024\\\/05\\\/Emotional-Intelligence.jpg\",\"contentUrl\":\"https:\\\/\\\/training.algonquincollege.com\\\/wp-content\\\/uploads\\\/2024\\\/05\\\/Emotional-Intelligence.jpg\",\"width\":1400,\"height\":800,\"caption\":\"Personnes discutant autour d'une table de conf\u00e9rence\"},{\"@type\":\"BreadcrumbList\",\"@id\":\"https:\\\/\\\/training.algonquincollege.com\\\/fr\\\/produit\\\/lintelligence-emotionnelle-developper-la-conscience-de-soi-et-les-relations-positives\\\/#breadcrumb\",\"itemListElement\":[{\"@type\":\"ListItem\",\"position\":1,\"name\":\"Home\",\"item\":\"https:\\\/\\\/training.algonquincollege.com\\\/fr\\\/accueil\\\/\"},{\"@type\":\"ListItem\",\"position\":2,\"name\":\"Boutique\",\"item\":\"https:\\\/\\\/training.algonquincollege.com\\\/fr\\\/boutique\\\/\"},{\"@type\":\"ListItem\",\"position\":3,\"name\":\"L&#8217;intelligence \u00e9motionnelle : D\u00e9velopper la conscience de soi et les relations positives\"}]},{\"@type\":\"WebSite\",\"@id\":\"https:\\\/\\\/training.algonquincollege.com\\\/#website\",\"url\":\"https:\\\/\\\/training.algonquincollege.com\\\/\",\"name\":\"Professional Training - Algonquin College\",\"description\":\"\",\"publisher\":{\"@id\":\"https:\\\/\\\/training.algonquincollege.com\\\/#organization\"},\"potentialAction\":[{\"@type\":\"SearchAction\",\"target\":{\"@type\":\"EntryPoint\",\"urlTemplate\":\"https:\\\/\\\/training.algonquincollege.com\\\/?s={search_term_string}\"},\"query-input\":{\"@type\":\"PropertyValueSpecification\",\"valueRequired\":true,\"valueName\":\"search_term_string\"}}],\"inLanguage\":\"fr-FR\"},{\"@type\":\"Organization\",\"@id\":\"https:\\\/\\\/training.algonquincollege.com\\\/#organization\",\"name\":\"Professional Training - Algonquin College\",\"url\":\"https:\\\/\\\/training.algonquincollege.com\\\/\",\"logo\":{\"@type\":\"ImageObject\",\"inLanguage\":\"fr-FR\",\"@id\":\"https:\\\/\\\/training.algonquincollege.com\\\/#\\\/schema\\\/logo\\\/image\\\/\",\"url\":\"https:\\\/\\\/training.algonquincollege.com\\\/wp-content\\\/uploads\\\/2023\\\/10\\\/cropped-acct_logo.png\",\"contentUrl\":\"https:\\\/\\\/training.algonquincollege.com\\\/wp-content\\\/uploads\\\/2023\\\/10\\\/cropped-acct_logo.png\",\"width\":300,\"height\":44,\"caption\":\"Professional Training - Algonquin College\"},\"image\":{\"@id\":\"https:\\\/\\\/training.algonquincollege.com\\\/#\\\/schema\\\/logo\\\/image\\\/\"}}]}<\/script>\n<!-- \/ Yoast SEO plugin. -->","yoast_head_json":{"title":"L'intelligence \u00e9motionnelle : D\u00e9velopper la conscience de soi et les relations positives - Professional Training - Algonquin College","robots":{"index":"index","follow":"follow","max-snippet":"max-snippet:-1","max-image-preview":"max-image-preview:large","max-video-preview":"max-video-preview:-1"},"canonical":"https:\/\/training.algonquincollege.com\/fr\/produit\/lintelligence-emotionnelle-developper-la-conscience-de-soi-et-les-relations-positives\/","og_locale":"fr_FR","og_type":"article","og_title":"L'intelligence \u00e9motionnelle : D\u00e9velopper la conscience de soi et les relations positives - Professional Training - Algonquin College","og_description":"Apprendre des strat\u00e9gies pour comprendre, exprimer et r\u00e9guler les \u00e9motions et d\u00e9couvrir des outils pour g\u00e9rer les interactions \u00e9motionnelles avec les autres.","og_url":"https:\/\/training.algonquincollege.com\/fr\/produit\/lintelligence-emotionnelle-developper-la-conscience-de-soi-et-les-relations-positives\/","og_site_name":"Professional Training - Algonquin College","article_modified_time":"2026-04-13T19:52:39+00:00","og_image":[{"width":1400,"height":800,"url":"https:\/\/training.algonquincollege.com\/wp-content\/uploads\/2024\/05\/Emotional-Intelligence.jpg","type":"image\/jpeg"}],"twitter_card":"summary_large_image","twitter_misc":{"Dur\u00e9e de lecture estim\u00e9e":"1 minute"},"schema":{"@context":"https:\/\/schema.org","@graph":[{"@type":"WebPage","@id":"https:\/\/training.algonquincollege.com\/fr\/produit\/lintelligence-emotionnelle-developper-la-conscience-de-soi-et-les-relations-positives\/","url":"https:\/\/training.algonquincollege.com\/fr\/produit\/lintelligence-emotionnelle-developper-la-conscience-de-soi-et-les-relations-positives\/","name":"L'intelligence \u00e9motionnelle : D\u00e9velopper la conscience de soi et les relations positives - Professional Training - Algonquin College","isPartOf":{"@id":"https:\/\/training.algonquincollege.com\/#website"},"primaryImageOfPage":{"@id":"https:\/\/training.algonquincollege.com\/fr\/produit\/lintelligence-emotionnelle-developper-la-conscience-de-soi-et-les-relations-positives\/#primaryimage"},"image":{"@id":"https:\/\/training.algonquincollege.com\/fr\/produit\/lintelligence-emotionnelle-developper-la-conscience-de-soi-et-les-relations-positives\/#primaryimage"},"thumbnailUrl":"https:\/\/training.algonquincollege.com\/wp-content\/uploads\/2024\/05\/Emotional-Intelligence.jpg","datePublished":"2024-05-09T17:33:06+00:00","dateModified":"2026-04-13T19:52:39+00:00","breadcrumb":{"@id":"https:\/\/training.algonquincollege.com\/fr\/produit\/lintelligence-emotionnelle-developper-la-conscience-de-soi-et-les-relations-positives\/#breadcrumb"},"inLanguage":"fr-FR","potentialAction":[{"@type":"ReadAction","target":["https:\/\/training.algonquincollege.com\/fr\/produit\/lintelligence-emotionnelle-developper-la-conscience-de-soi-et-les-relations-positives\/"]}]},{"@type":"ImageObject","inLanguage":"fr-FR","@id":"https:\/\/training.algonquincollege.com\/fr\/produit\/lintelligence-emotionnelle-developper-la-conscience-de-soi-et-les-relations-positives\/#primaryimage","url":"https:\/\/training.algonquincollege.com\/wp-content\/uploads\/2024\/05\/Emotional-Intelligence.jpg","contentUrl":"https:\/\/training.algonquincollege.com\/wp-content\/uploads\/2024\/05\/Emotional-Intelligence.jpg","width":1400,"height":800,"caption":"Personnes discutant autour d'une table de conf\u00e9rence"},{"@type":"BreadcrumbList","@id":"https:\/\/training.algonquincollege.com\/fr\/produit\/lintelligence-emotionnelle-developper-la-conscience-de-soi-et-les-relations-positives\/#breadcrumb","itemListElement":[{"@type":"ListItem","position":1,"name":"Home","item":"https:\/\/training.algonquincollege.com\/fr\/accueil\/"},{"@type":"ListItem","position":2,"name":"Boutique","item":"https:\/\/training.algonquincollege.com\/fr\/boutique\/"},{"@type":"ListItem","position":3,"name":"L&#8217;intelligence \u00e9motionnelle : D\u00e9velopper la conscience de soi et les relations positives"}]},{"@type":"WebSite","@id":"https:\/\/training.algonquincollege.com\/#website","url":"https:\/\/training.algonquincollege.com\/","name":"Professional Training - Algonquin College","description":"","publisher":{"@id":"https:\/\/training.algonquincollege.com\/#organization"},"potentialAction":[{"@type":"SearchAction","target":{"@type":"EntryPoint","urlTemplate":"https:\/\/training.algonquincollege.com\/?s={search_term_string}"},"query-input":{"@type":"PropertyValueSpecification","valueRequired":true,"valueName":"search_term_string"}}],"inLanguage":"fr-FR"},{"@type":"Organization","@id":"https:\/\/training.algonquincollege.com\/#organization","name":"Professional Training - Algonquin College","url":"https:\/\/training.algonquincollege.com\/","logo":{"@type":"ImageObject","inLanguage":"fr-FR","@id":"https:\/\/training.algonquincollege.com\/#\/schema\/logo\/image\/","url":"https:\/\/training.algonquincollege.com\/wp-content\/uploads\/2023\/10\/cropped-acct_logo.png","contentUrl":"https:\/\/training.algonquincollege.com\/wp-content\/uploads\/2023\/10\/cropped-acct_logo.png","width":300,"height":44,"caption":"Professional Training - Algonquin College"},"image":{"@id":"https:\/\/training.algonquincollege.com\/#\/schema\/logo\/image\/"}}]}},"_links":{"self":[{"href":"https:\/\/training.algonquincollege.com\/fr\/wp-json\/wp\/v2\/product\/183320","targetHints":{"allow":["GET"]}}],"collection":[{"href":"https:\/\/training.algonquincollege.com\/fr\/wp-json\/wp\/v2\/product"}],"about":[{"href":"https:\/\/training.algonquincollege.com\/fr\/wp-json\/wp\/v2\/types\/product"}],"wp:featuredmedia":[{"embeddable":true,"href":"https:\/\/training.algonquincollege.com\/fr\/wp-json\/wp\/v2\/media\/179169"}],"wp:attachment":[{"href":"https:\/\/training.algonquincollege.com\/fr\/wp-json\/wp\/v2\/media?parent=183320"}],"wp:term":[{"taxonomy":"product_brand","embeddable":true,"href":"https:\/\/training.algonquincollege.com\/fr\/wp-json\/wp\/v2\/product_brand?post=183320"},{"taxonomy":"product_cat","embeddable":true,"href":"https:\/\/training.algonquincollege.com\/fr\/wp-json\/wp\/v2\/product_cat?post=183320"},{"taxonomy":"product_tag","embeddable":true,"href":"https:\/\/training.algonquincollege.com\/fr\/wp-json\/wp\/v2\/product_tag?post=183320"}],"curies":[{"name":"wp","href":"https:\/\/api.w.org\/{rel}","templated":true}]}}