{"id":183300,"date":"2025-03-11T12:40:03","date_gmt":"2025-03-11T16:40:03","guid":{"rendered":"https:\/\/corporate.algonquincollege.com\/product\/preparation-a-lexamen-de-recertification-de-praticien-en-gestion-du-changement-dapmg-v3\/"},"modified":"2025-09-09T11:48:30","modified_gmt":"2025-09-09T15:48:30","slug":"preparation-a-lexamen-de-recertification-de-praticien-en-gestion-du-changement-dapmg-v3","status":"publish","type":"product","link":"https:\/\/training.algonquincollege.com\/fr\/produit\/preparation-a-lexamen-de-recertification-de-praticien-en-gestion-du-changement-dapmg-v3\/","title":{"rendered":"Pr\u00e9paration \u00e0 l&rsquo;examen de recertification de Praticien en gestion du changement d\u2019APMG (V3)"},"content":{"rendered":"<p>APMG a mis \u00e0 jour son syllabus sur la gestion du changement au printemps 2024, ce qui a un impact sur le contenu des examens de recertification. Si vous avez \u00e9t\u00e9 initialement certifi\u00e9 sous le syllabus 2015 et que vous cherchez maintenant une recertification, ce cours vous aidera \u00e0 combler le foss\u00e9. Vous obtiendrez une compr\u00e9hension claire des derniers concepts, renforc\u00e9e par une \u00e9tude de cas pratique et un test de pratique complet con\u00e7u pour am\u00e9liorer la r\u00e9tention et la r\u00e9ussite de l&rsquo;examen.  <\/p>\n","protected":false},"excerpt":{"rendered":"<p>Ce cours de 2 jours vous apportera les connaissances et la pratique dont vous avez besoin pour r\u00e9ussir votre examen de recertification de Praticien en gestion du changement.<\/p>\n","protected":false},"featured_media":182716,"template":"","meta":{"_acf_changed":false},"product_brand":[],"product_cat":[88,80],"product_tag":[],"class_list":{"0":"post-183300","1":"product","2":"type-product","3":"status-publish","4":"has-post-thumbnail","6":"product_cat-change-management-fr","7":"product_cat-non-classifiee","8":"course_group-change-management-certification-fr","9":"course_group-certifications-accreditations-fr","10":"course_group-change-management-fr","12":"first","13":"outofstock","14":"shipping-taxable","15":"purchasable","16":"product-type-variable"},"acf":[],"yoast_head":"<!-- This site is optimized with the Yoast SEO plugin v27.5 - https:\/\/yoast.com\/product\/yoast-seo-wordpress\/ -->\n<title>Pr\u00e9paration \u00e0 l&#039;examen de recertification de Praticien en gestion du changement d\u2019APMG (V3) - Professional Training - Algonquin College<\/title>\n<meta name=\"robots\" content=\"index, follow, max-snippet:-1, max-image-preview:large, max-video-preview:-1\" \/>\n<link rel=\"canonical\" href=\"https:\/\/training.algonquincollege.com\/fr\/produit\/preparation-a-lexamen-de-recertification-de-praticien-en-gestion-du-changement-dapmg-v3\/\" \/>\n<meta property=\"og:locale\" content=\"fr_FR\" \/>\n<meta property=\"og:type\" content=\"article\" \/>\n<meta property=\"og:title\" content=\"Pr\u00e9paration \u00e0 l&#039;examen de recertification de Praticien en gestion du changement d\u2019APMG (V3) - Professional Training - Algonquin College\" \/>\n<meta property=\"og:description\" content=\"Ce cours de 2 jours vous apportera les connaissances et la pratique dont vous avez besoin pour r\u00e9ussir votre examen de recertification de Praticien en gestion du changement.\" \/>\n<meta property=\"og:url\" content=\"https:\/\/training.algonquincollege.com\/fr\/produit\/preparation-a-lexamen-de-recertification-de-praticien-en-gestion-du-changement-dapmg-v3\/\" \/>\n<meta property=\"og:site_name\" content=\"Professional Training - Algonquin College\" \/>\n<meta property=\"article:modified_time\" content=\"2025-09-09T15:48:30+00:00\" \/>\n<meta property=\"og:image\" content=\"https:\/\/training.algonquincollege.com\/wp-content\/uploads\/2025\/03\/APMG-Change-Management-Practitioner.jpg\" \/>\n\t<meta property=\"og:image:width\" content=\"1400\" \/>\n\t<meta property=\"og:image:height\" content=\"800\" \/>\n\t<meta property=\"og:image:type\" content=\"image\/jpeg\" \/>\n<meta name=\"twitter:card\" content=\"summary_large_image\" \/>\n<script type=\"application\/ld+json\" class=\"yoast-schema-graph\">{\"@context\":\"https:\\\/\\\/schema.org\",\"@graph\":[{\"@type\":\"WebPage\",\"@id\":\"https:\\\/\\\/training.algonquincollege.com\\\/fr\\\/produit\\\/preparation-a-lexamen-de-recertification-de-praticien-en-gestion-du-changement-dapmg-v3\\\/\",\"url\":\"https:\\\/\\\/training.algonquincollege.com\\\/fr\\\/produit\\\/preparation-a-lexamen-de-recertification-de-praticien-en-gestion-du-changement-dapmg-v3\\\/\",\"name\":\"Pr\u00e9paration \u00e0 l'examen de recertification de Praticien en gestion du changement d\u2019APMG (V3) - Professional Training - Algonquin College\",\"isPartOf\":{\"@id\":\"https:\\\/\\\/training.algonquincollege.com\\\/#website\"},\"primaryImageOfPage\":{\"@id\":\"https:\\\/\\\/training.algonquincollege.com\\\/fr\\\/produit\\\/preparation-a-lexamen-de-recertification-de-praticien-en-gestion-du-changement-dapmg-v3\\\/#primaryimage\"},\"image\":{\"@id\":\"https:\\\/\\\/training.algonquincollege.com\\\/fr\\\/produit\\\/preparation-a-lexamen-de-recertification-de-praticien-en-gestion-du-changement-dapmg-v3\\\/#primaryimage\"},\"thumbnailUrl\":\"https:\\\/\\\/training.algonquincollege.com\\\/wp-content\\\/uploads\\\/2025\\\/03\\\/APMG-Change-Management-Practitioner.jpg\",\"datePublished\":\"2025-03-11T16:40:03+00:00\",\"dateModified\":\"2025-09-09T15:48:30+00:00\",\"breadcrumb\":{\"@id\":\"https:\\\/\\\/training.algonquincollege.com\\\/fr\\\/produit\\\/preparation-a-lexamen-de-recertification-de-praticien-en-gestion-du-changement-dapmg-v3\\\/#breadcrumb\"},\"inLanguage\":\"fr-FR\",\"potentialAction\":[{\"@type\":\"ReadAction\",\"target\":[\"https:\\\/\\\/training.algonquincollege.com\\\/fr\\\/produit\\\/preparation-a-lexamen-de-recertification-de-praticien-en-gestion-du-changement-dapmg-v3\\\/\"]}]},{\"@type\":\"ImageObject\",\"inLanguage\":\"fr-FR\",\"@id\":\"https:\\\/\\\/training.algonquincollege.com\\\/fr\\\/produit\\\/preparation-a-lexamen-de-recertification-de-praticien-en-gestion-du-changement-dapmg-v3\\\/#primaryimage\",\"url\":\"https:\\\/\\\/training.algonquincollege.com\\\/wp-content\\\/uploads\\\/2025\\\/03\\\/APMG-Change-Management-Practitioner.jpg\",\"contentUrl\":\"https:\\\/\\\/training.algonquincollege.com\\\/wp-content\\\/uploads\\\/2025\\\/03\\\/APMG-Change-Management-Practitioner.jpg\",\"width\":1400,\"height\":800},{\"@type\":\"BreadcrumbList\",\"@id\":\"https:\\\/\\\/training.algonquincollege.com\\\/fr\\\/produit\\\/preparation-a-lexamen-de-recertification-de-praticien-en-gestion-du-changement-dapmg-v3\\\/#breadcrumb\",\"itemListElement\":[{\"@type\":\"ListItem\",\"position\":1,\"name\":\"Home\",\"item\":\"https:\\\/\\\/training.algonquincollege.com\\\/fr\\\/accueil\\\/\"},{\"@type\":\"ListItem\",\"position\":2,\"name\":\"Boutique\",\"item\":\"https:\\\/\\\/training.algonquincollege.com\\\/fr\\\/boutique\\\/\"},{\"@type\":\"ListItem\",\"position\":3,\"name\":\"Pr\u00e9paration \u00e0 l&rsquo;examen de recertification de Praticien en gestion du changement d\u2019APMG (V3)\"}]},{\"@type\":\"WebSite\",\"@id\":\"https:\\\/\\\/training.algonquincollege.com\\\/#website\",\"url\":\"https:\\\/\\\/training.algonquincollege.com\\\/\",\"name\":\"Professional Training - Algonquin College\",\"description\":\"\",\"publisher\":{\"@id\":\"https:\\\/\\\/training.algonquincollege.com\\\/#organization\"},\"potentialAction\":[{\"@type\":\"SearchAction\",\"target\":{\"@type\":\"EntryPoint\",\"urlTemplate\":\"https:\\\/\\\/training.algonquincollege.com\\\/?s={search_term_string}\"},\"query-input\":{\"@type\":\"PropertyValueSpecification\",\"valueRequired\":true,\"valueName\":\"search_term_string\"}}],\"inLanguage\":\"fr-FR\"},{\"@type\":\"Organization\",\"@id\":\"https:\\\/\\\/training.algonquincollege.com\\\/#organization\",\"name\":\"Professional Training - Algonquin College\",\"url\":\"https:\\\/\\\/training.algonquincollege.com\\\/\",\"logo\":{\"@type\":\"ImageObject\",\"inLanguage\":\"fr-FR\",\"@id\":\"https:\\\/\\\/training.algonquincollege.com\\\/#\\\/schema\\\/logo\\\/image\\\/\",\"url\":\"https:\\\/\\\/training.algonquincollege.com\\\/wp-content\\\/uploads\\\/2023\\\/10\\\/cropped-acct_logo.png\",\"contentUrl\":\"https:\\\/\\\/training.algonquincollege.com\\\/wp-content\\\/uploads\\\/2023\\\/10\\\/cropped-acct_logo.png\",\"width\":300,\"height\":44,\"caption\":\"Professional Training - Algonquin College\"},\"image\":{\"@id\":\"https:\\\/\\\/training.algonquincollege.com\\\/#\\\/schema\\\/logo\\\/image\\\/\"}}]}<\/script>\n<!-- \/ Yoast SEO plugin. -->","yoast_head_json":{"title":"Pr\u00e9paration \u00e0 l'examen de recertification de Praticien en gestion du changement d\u2019APMG (V3) - Professional Training - Algonquin College","robots":{"index":"index","follow":"follow","max-snippet":"max-snippet:-1","max-image-preview":"max-image-preview:large","max-video-preview":"max-video-preview:-1"},"canonical":"https:\/\/training.algonquincollege.com\/fr\/produit\/preparation-a-lexamen-de-recertification-de-praticien-en-gestion-du-changement-dapmg-v3\/","og_locale":"fr_FR","og_type":"article","og_title":"Pr\u00e9paration \u00e0 l'examen de recertification de Praticien en gestion du changement d\u2019APMG (V3) - Professional Training - Algonquin College","og_description":"Ce cours de 2 jours vous apportera les connaissances et la pratique dont vous avez besoin pour r\u00e9ussir votre examen de recertification de Praticien en gestion du changement.","og_url":"https:\/\/training.algonquincollege.com\/fr\/produit\/preparation-a-lexamen-de-recertification-de-praticien-en-gestion-du-changement-dapmg-v3\/","og_site_name":"Professional Training - Algonquin College","article_modified_time":"2025-09-09T15:48:30+00:00","og_image":[{"width":1400,"height":800,"url":"https:\/\/training.algonquincollege.com\/wp-content\/uploads\/2025\/03\/APMG-Change-Management-Practitioner.jpg","type":"image\/jpeg"}],"twitter_card":"summary_large_image","schema":{"@context":"https:\/\/schema.org","@graph":[{"@type":"WebPage","@id":"https:\/\/training.algonquincollege.com\/fr\/produit\/preparation-a-lexamen-de-recertification-de-praticien-en-gestion-du-changement-dapmg-v3\/","url":"https:\/\/training.algonquincollege.com\/fr\/produit\/preparation-a-lexamen-de-recertification-de-praticien-en-gestion-du-changement-dapmg-v3\/","name":"Pr\u00e9paration \u00e0 l'examen de recertification de Praticien en gestion du changement d\u2019APMG (V3) - Professional Training - Algonquin College","isPartOf":{"@id":"https:\/\/training.algonquincollege.com\/#website"},"primaryImageOfPage":{"@id":"https:\/\/training.algonquincollege.com\/fr\/produit\/preparation-a-lexamen-de-recertification-de-praticien-en-gestion-du-changement-dapmg-v3\/#primaryimage"},"image":{"@id":"https:\/\/training.algonquincollege.com\/fr\/produit\/preparation-a-lexamen-de-recertification-de-praticien-en-gestion-du-changement-dapmg-v3\/#primaryimage"},"thumbnailUrl":"https:\/\/training.algonquincollege.com\/wp-content\/uploads\/2025\/03\/APMG-Change-Management-Practitioner.jpg","datePublished":"2025-03-11T16:40:03+00:00","dateModified":"2025-09-09T15:48:30+00:00","breadcrumb":{"@id":"https:\/\/training.algonquincollege.com\/fr\/produit\/preparation-a-lexamen-de-recertification-de-praticien-en-gestion-du-changement-dapmg-v3\/#breadcrumb"},"inLanguage":"fr-FR","potentialAction":[{"@type":"ReadAction","target":["https:\/\/training.algonquincollege.com\/fr\/produit\/preparation-a-lexamen-de-recertification-de-praticien-en-gestion-du-changement-dapmg-v3\/"]}]},{"@type":"ImageObject","inLanguage":"fr-FR","@id":"https:\/\/training.algonquincollege.com\/fr\/produit\/preparation-a-lexamen-de-recertification-de-praticien-en-gestion-du-changement-dapmg-v3\/#primaryimage","url":"https:\/\/training.algonquincollege.com\/wp-content\/uploads\/2025\/03\/APMG-Change-Management-Practitioner.jpg","contentUrl":"https:\/\/training.algonquincollege.com\/wp-content\/uploads\/2025\/03\/APMG-Change-Management-Practitioner.jpg","width":1400,"height":800},{"@type":"BreadcrumbList","@id":"https:\/\/training.algonquincollege.com\/fr\/produit\/preparation-a-lexamen-de-recertification-de-praticien-en-gestion-du-changement-dapmg-v3\/#breadcrumb","itemListElement":[{"@type":"ListItem","position":1,"name":"Home","item":"https:\/\/training.algonquincollege.com\/fr\/accueil\/"},{"@type":"ListItem","position":2,"name":"Boutique","item":"https:\/\/training.algonquincollege.com\/fr\/boutique\/"},{"@type":"ListItem","position":3,"name":"Pr\u00e9paration \u00e0 l&rsquo;examen de recertification de Praticien en gestion du changement d\u2019APMG (V3)"}]},{"@type":"WebSite","@id":"https:\/\/training.algonquincollege.com\/#website","url":"https:\/\/training.algonquincollege.com\/","name":"Professional Training - Algonquin College","description":"","publisher":{"@id":"https:\/\/training.algonquincollege.com\/#organization"},"potentialAction":[{"@type":"SearchAction","target":{"@type":"EntryPoint","urlTemplate":"https:\/\/training.algonquincollege.com\/?s={search_term_string}"},"query-input":{"@type":"PropertyValueSpecification","valueRequired":true,"valueName":"search_term_string"}}],"inLanguage":"fr-FR"},{"@type":"Organization","@id":"https:\/\/training.algonquincollege.com\/#organization","name":"Professional Training - Algonquin College","url":"https:\/\/training.algonquincollege.com\/","logo":{"@type":"ImageObject","inLanguage":"fr-FR","@id":"https:\/\/training.algonquincollege.com\/#\/schema\/logo\/image\/","url":"https:\/\/training.algonquincollege.com\/wp-content\/uploads\/2023\/10\/cropped-acct_logo.png","contentUrl":"https:\/\/training.algonquincollege.com\/wp-content\/uploads\/2023\/10\/cropped-acct_logo.png","width":300,"height":44,"caption":"Professional Training - Algonquin College"},"image":{"@id":"https:\/\/training.algonquincollege.com\/#\/schema\/logo\/image\/"}}]}},"_links":{"self":[{"href":"https:\/\/training.algonquincollege.com\/fr\/wp-json\/wp\/v2\/product\/183300","targetHints":{"allow":["GET"]}}],"collection":[{"href":"https:\/\/training.algonquincollege.com\/fr\/wp-json\/wp\/v2\/product"}],"about":[{"href":"https:\/\/training.algonquincollege.com\/fr\/wp-json\/wp\/v2\/types\/product"}],"wp:featuredmedia":[{"embeddable":true,"href":"https:\/\/training.algonquincollege.com\/fr\/wp-json\/wp\/v2\/media\/182716"}],"wp:attachment":[{"href":"https:\/\/training.algonquincollege.com\/fr\/wp-json\/wp\/v2\/media?parent=183300"}],"wp:term":[{"taxonomy":"product_brand","embeddable":true,"href":"https:\/\/training.algonquincollege.com\/fr\/wp-json\/wp\/v2\/product_brand?post=183300"},{"taxonomy":"product_cat","embeddable":true,"href":"https:\/\/training.algonquincollege.com\/fr\/wp-json\/wp\/v2\/product_cat?post=183300"},{"taxonomy":"product_tag","embeddable":true,"href":"https:\/\/training.algonquincollege.com\/fr\/wp-json\/wp\/v2\/product_tag?post=183300"}],"curies":[{"name":"wp","href":"https:\/\/api.w.org\/{rel}","templated":true}]}}