{"id":183294,"date":"2024-11-04T11:14:39","date_gmt":"2024-11-04T16:14:39","guid":{"rendered":"https:\/\/corporate.algonquincollege.com\/product\/presentation-de-microsoft-365-copilot\/"},"modified":"2026-04-13T16:05:28","modified_gmt":"2026-04-13T20:05:28","slug":"presentation-de-microsoft-365-copilot","status":"publish","type":"product","link":"https:\/\/training.algonquincollege.com\/fr\/produit\/presentation-de-microsoft-365-copilot\/","title":{"rendered":"Pr\u00e9sentation de Microsoft 365 Copilot"},"content":{"rendered":"<p>D\u00e9couvrez des fa\u00e7ons d&rsquo;utiliser Microsoft Copilot pour Microsoft 365 qui cr\u00e9ent, simplifient, transforment et compilent du contenu dans les applications Microsoft 365. Apprenez l&rsquo;importance de fournir un objectif, un contexte, une source et une attente clairs dans votre invite pour obtenir les meilleurs r\u00e9sultats. Ce cours couvre des sc\u00e9narios et des exemples r\u00e9els utilisant Copilot dans les applications Microsoft 365 telles que Word, Excel, PowerPoint, Teams, Outlook, OneNote et Chat.  <\/p>\n<p>Vous devez \u00eatre familier avec les applications Microsoft 365 telles que Word, Excel et PowerPoint. Ce cours s&rsquo;adresse \u00e0 tous les types d&rsquo;utilisateurs souhaitant explorer les fonctionnalit\u00e9s de Microsoft 365 Copilot, qu&rsquo;ils disposent ou non d&rsquo;une licence Copilot. <\/p>\n","protected":false},"excerpt":{"rendered":"<p>Pour les apprenants qui souhaitent comprendre les fonctionnalit\u00e9s de Microsoft 365 Copilot, ce cours de quatre heures est con\u00e7u pour vous guider \u00e0 travers ses fonctionnalit\u00e9s via des d\u00e9monstrations dirig\u00e9es par un instructeur afin que vous puissiez prendre des d\u00e9cisions sur la fa\u00e7on dont vous et\/ou les membres de votre \u00e9quipe peuvent utiliser cet outil \u00e0 la maison ou sur le lieu de travail.<\/p>\n","protected":false},"featured_media":179421,"template":"","meta":{"_acf_changed":false},"product_brand":[],"product_cat":[119,80],"product_tag":[],"class_list":{"0":"post-183294","1":"product","2":"type-product","3":"status-publish","4":"has-post-thumbnail","6":"product_cat-microsoft-training-fr","7":"product_cat-non-classifiee","9":"first","10":"outofstock","11":"shipping-taxable","12":"purchasable","13":"product-type-variable"},"acf":[],"yoast_head":"<!-- This site is optimized with the Yoast SEO plugin v27.5 - https:\/\/yoast.com\/product\/yoast-seo-wordpress\/ -->\n<title>Pr\u00e9sentation de Microsoft 365 Copilot - Professional Training - Algonquin College<\/title>\n<meta name=\"robots\" content=\"index, follow, max-snippet:-1, max-image-preview:large, max-video-preview:-1\" \/>\n<link rel=\"canonical\" href=\"https:\/\/training.algonquincollege.com\/fr\/produit\/presentation-de-microsoft-365-copilot\/\" \/>\n<meta property=\"og:locale\" content=\"fr_FR\" \/>\n<meta property=\"og:type\" content=\"article\" \/>\n<meta property=\"og:title\" content=\"Pr\u00e9sentation de Microsoft 365 Copilot - Professional Training - Algonquin College\" \/>\n<meta property=\"og:description\" content=\"Pour les apprenants qui souhaitent comprendre les fonctionnalit\u00e9s de Microsoft 365 Copilot, ce cours de quatre heures est con\u00e7u pour vous guider \u00e0 travers ses fonctionnalit\u00e9s via des d\u00e9monstrations dirig\u00e9es par un instructeur afin que vous puissiez prendre des d\u00e9cisions sur la fa\u00e7on dont vous et\/ou les membres de votre \u00e9quipe peuvent utiliser cet outil \u00e0 la maison ou sur le lieu de travail.\" \/>\n<meta property=\"og:url\" content=\"https:\/\/training.algonquincollege.com\/fr\/produit\/presentation-de-microsoft-365-copilot\/\" \/>\n<meta property=\"og:site_name\" content=\"Professional Training - Algonquin College\" \/>\n<meta property=\"article:modified_time\" content=\"2026-04-13T20:05:28+00:00\" \/>\n<meta property=\"og:image\" content=\"https:\/\/training.algonquincollege.com\/wp-content\/uploads\/2024\/11\/Microsoft-365-Copilot-Overview.jpg\" \/>\n\t<meta property=\"og:image:width\" content=\"1400\" \/>\n\t<meta property=\"og:image:height\" content=\"800\" \/>\n\t<meta property=\"og:image:type\" content=\"image\/jpeg\" \/>\n<meta name=\"twitter:card\" content=\"summary_large_image\" \/>\n<meta name=\"twitter:label1\" content=\"Dur\u00e9e de lecture estim\u00e9e\" \/>\n\t<meta name=\"twitter:data1\" content=\"1 minute\" \/>\n<script type=\"application\/ld+json\" class=\"yoast-schema-graph\">{\"@context\":\"https:\\\/\\\/schema.org\",\"@graph\":[{\"@type\":\"WebPage\",\"@id\":\"https:\\\/\\\/training.algonquincollege.com\\\/fr\\\/produit\\\/presentation-de-microsoft-365-copilot\\\/\",\"url\":\"https:\\\/\\\/training.algonquincollege.com\\\/fr\\\/produit\\\/presentation-de-microsoft-365-copilot\\\/\",\"name\":\"Pr\u00e9sentation de Microsoft 365 Copilot - Professional Training - Algonquin College\",\"isPartOf\":{\"@id\":\"https:\\\/\\\/training.algonquincollege.com\\\/#website\"},\"primaryImageOfPage\":{\"@id\":\"https:\\\/\\\/training.algonquincollege.com\\\/fr\\\/produit\\\/presentation-de-microsoft-365-copilot\\\/#primaryimage\"},\"image\":{\"@id\":\"https:\\\/\\\/training.algonquincollege.com\\\/fr\\\/produit\\\/presentation-de-microsoft-365-copilot\\\/#primaryimage\"},\"thumbnailUrl\":\"https:\\\/\\\/training.algonquincollege.com\\\/wp-content\\\/uploads\\\/2024\\\/11\\\/Microsoft-365-Copilot-Overview.jpg\",\"datePublished\":\"2024-11-04T16:14:39+00:00\",\"dateModified\":\"2026-04-13T20:05:28+00:00\",\"breadcrumb\":{\"@id\":\"https:\\\/\\\/training.algonquincollege.com\\\/fr\\\/produit\\\/presentation-de-microsoft-365-copilot\\\/#breadcrumb\"},\"inLanguage\":\"fr-FR\",\"potentialAction\":[{\"@type\":\"ReadAction\",\"target\":[\"https:\\\/\\\/training.algonquincollege.com\\\/fr\\\/produit\\\/presentation-de-microsoft-365-copilot\\\/\"]}]},{\"@type\":\"ImageObject\",\"inLanguage\":\"fr-FR\",\"@id\":\"https:\\\/\\\/training.algonquincollege.com\\\/fr\\\/produit\\\/presentation-de-microsoft-365-copilot\\\/#primaryimage\",\"url\":\"https:\\\/\\\/training.algonquincollege.com\\\/wp-content\\\/uploads\\\/2024\\\/11\\\/Microsoft-365-Copilot-Overview.jpg\",\"contentUrl\":\"https:\\\/\\\/training.algonquincollege.com\\\/wp-content\\\/uploads\\\/2024\\\/11\\\/Microsoft-365-Copilot-Overview.jpg\",\"width\":1400,\"height\":800},{\"@type\":\"BreadcrumbList\",\"@id\":\"https:\\\/\\\/training.algonquincollege.com\\\/fr\\\/produit\\\/presentation-de-microsoft-365-copilot\\\/#breadcrumb\",\"itemListElement\":[{\"@type\":\"ListItem\",\"position\":1,\"name\":\"Home\",\"item\":\"https:\\\/\\\/training.algonquincollege.com\\\/fr\\\/accueil\\\/\"},{\"@type\":\"ListItem\",\"position\":2,\"name\":\"Boutique\",\"item\":\"https:\\\/\\\/training.algonquincollege.com\\\/fr\\\/boutique\\\/\"},{\"@type\":\"ListItem\",\"position\":3,\"name\":\"Pr\u00e9sentation de Microsoft 365 Copilot\"}]},{\"@type\":\"WebSite\",\"@id\":\"https:\\\/\\\/training.algonquincollege.com\\\/#website\",\"url\":\"https:\\\/\\\/training.algonquincollege.com\\\/\",\"name\":\"Professional Training - Algonquin College\",\"description\":\"\",\"publisher\":{\"@id\":\"https:\\\/\\\/training.algonquincollege.com\\\/#organization\"},\"potentialAction\":[{\"@type\":\"SearchAction\",\"target\":{\"@type\":\"EntryPoint\",\"urlTemplate\":\"https:\\\/\\\/training.algonquincollege.com\\\/?s={search_term_string}\"},\"query-input\":{\"@type\":\"PropertyValueSpecification\",\"valueRequired\":true,\"valueName\":\"search_term_string\"}}],\"inLanguage\":\"fr-FR\"},{\"@type\":\"Organization\",\"@id\":\"https:\\\/\\\/training.algonquincollege.com\\\/#organization\",\"name\":\"Professional Training - Algonquin College\",\"url\":\"https:\\\/\\\/training.algonquincollege.com\\\/\",\"logo\":{\"@type\":\"ImageObject\",\"inLanguage\":\"fr-FR\",\"@id\":\"https:\\\/\\\/training.algonquincollege.com\\\/#\\\/schema\\\/logo\\\/image\\\/\",\"url\":\"https:\\\/\\\/training.algonquincollege.com\\\/wp-content\\\/uploads\\\/2023\\\/10\\\/cropped-acct_logo.png\",\"contentUrl\":\"https:\\\/\\\/training.algonquincollege.com\\\/wp-content\\\/uploads\\\/2023\\\/10\\\/cropped-acct_logo.png\",\"width\":300,\"height\":44,\"caption\":\"Professional Training - Algonquin College\"},\"image\":{\"@id\":\"https:\\\/\\\/training.algonquincollege.com\\\/#\\\/schema\\\/logo\\\/image\\\/\"}}]}<\/script>\n<!-- \/ Yoast SEO plugin. -->","yoast_head_json":{"title":"Pr\u00e9sentation de Microsoft 365 Copilot - Professional Training - Algonquin College","robots":{"index":"index","follow":"follow","max-snippet":"max-snippet:-1","max-image-preview":"max-image-preview:large","max-video-preview":"max-video-preview:-1"},"canonical":"https:\/\/training.algonquincollege.com\/fr\/produit\/presentation-de-microsoft-365-copilot\/","og_locale":"fr_FR","og_type":"article","og_title":"Pr\u00e9sentation de Microsoft 365 Copilot - Professional Training - Algonquin College","og_description":"Pour les apprenants qui souhaitent comprendre les fonctionnalit\u00e9s de Microsoft 365 Copilot, ce cours de quatre heures est con\u00e7u pour vous guider \u00e0 travers ses fonctionnalit\u00e9s via des d\u00e9monstrations dirig\u00e9es par un instructeur afin que vous puissiez prendre des d\u00e9cisions sur la fa\u00e7on dont vous et\/ou les membres de votre \u00e9quipe peuvent utiliser cet outil \u00e0 la maison ou sur le lieu de travail.","og_url":"https:\/\/training.algonquincollege.com\/fr\/produit\/presentation-de-microsoft-365-copilot\/","og_site_name":"Professional Training - Algonquin College","article_modified_time":"2026-04-13T20:05:28+00:00","og_image":[{"width":1400,"height":800,"url":"https:\/\/training.algonquincollege.com\/wp-content\/uploads\/2024\/11\/Microsoft-365-Copilot-Overview.jpg","type":"image\/jpeg"}],"twitter_card":"summary_large_image","twitter_misc":{"Dur\u00e9e de lecture estim\u00e9e":"1 minute"},"schema":{"@context":"https:\/\/schema.org","@graph":[{"@type":"WebPage","@id":"https:\/\/training.algonquincollege.com\/fr\/produit\/presentation-de-microsoft-365-copilot\/","url":"https:\/\/training.algonquincollege.com\/fr\/produit\/presentation-de-microsoft-365-copilot\/","name":"Pr\u00e9sentation de Microsoft 365 Copilot - Professional Training - Algonquin College","isPartOf":{"@id":"https:\/\/training.algonquincollege.com\/#website"},"primaryImageOfPage":{"@id":"https:\/\/training.algonquincollege.com\/fr\/produit\/presentation-de-microsoft-365-copilot\/#primaryimage"},"image":{"@id":"https:\/\/training.algonquincollege.com\/fr\/produit\/presentation-de-microsoft-365-copilot\/#primaryimage"},"thumbnailUrl":"https:\/\/training.algonquincollege.com\/wp-content\/uploads\/2024\/11\/Microsoft-365-Copilot-Overview.jpg","datePublished":"2024-11-04T16:14:39+00:00","dateModified":"2026-04-13T20:05:28+00:00","breadcrumb":{"@id":"https:\/\/training.algonquincollege.com\/fr\/produit\/presentation-de-microsoft-365-copilot\/#breadcrumb"},"inLanguage":"fr-FR","potentialAction":[{"@type":"ReadAction","target":["https:\/\/training.algonquincollege.com\/fr\/produit\/presentation-de-microsoft-365-copilot\/"]}]},{"@type":"ImageObject","inLanguage":"fr-FR","@id":"https:\/\/training.algonquincollege.com\/fr\/produit\/presentation-de-microsoft-365-copilot\/#primaryimage","url":"https:\/\/training.algonquincollege.com\/wp-content\/uploads\/2024\/11\/Microsoft-365-Copilot-Overview.jpg","contentUrl":"https:\/\/training.algonquincollege.com\/wp-content\/uploads\/2024\/11\/Microsoft-365-Copilot-Overview.jpg","width":1400,"height":800},{"@type":"BreadcrumbList","@id":"https:\/\/training.algonquincollege.com\/fr\/produit\/presentation-de-microsoft-365-copilot\/#breadcrumb","itemListElement":[{"@type":"ListItem","position":1,"name":"Home","item":"https:\/\/training.algonquincollege.com\/fr\/accueil\/"},{"@type":"ListItem","position":2,"name":"Boutique","item":"https:\/\/training.algonquincollege.com\/fr\/boutique\/"},{"@type":"ListItem","position":3,"name":"Pr\u00e9sentation de Microsoft 365 Copilot"}]},{"@type":"WebSite","@id":"https:\/\/training.algonquincollege.com\/#website","url":"https:\/\/training.algonquincollege.com\/","name":"Professional Training - Algonquin College","description":"","publisher":{"@id":"https:\/\/training.algonquincollege.com\/#organization"},"potentialAction":[{"@type":"SearchAction","target":{"@type":"EntryPoint","urlTemplate":"https:\/\/training.algonquincollege.com\/?s={search_term_string}"},"query-input":{"@type":"PropertyValueSpecification","valueRequired":true,"valueName":"search_term_string"}}],"inLanguage":"fr-FR"},{"@type":"Organization","@id":"https:\/\/training.algonquincollege.com\/#organization","name":"Professional Training - Algonquin College","url":"https:\/\/training.algonquincollege.com\/","logo":{"@type":"ImageObject","inLanguage":"fr-FR","@id":"https:\/\/training.algonquincollege.com\/#\/schema\/logo\/image\/","url":"https:\/\/training.algonquincollege.com\/wp-content\/uploads\/2023\/10\/cropped-acct_logo.png","contentUrl":"https:\/\/training.algonquincollege.com\/wp-content\/uploads\/2023\/10\/cropped-acct_logo.png","width":300,"height":44,"caption":"Professional Training - Algonquin College"},"image":{"@id":"https:\/\/training.algonquincollege.com\/#\/schema\/logo\/image\/"}}]}},"_links":{"self":[{"href":"https:\/\/training.algonquincollege.com\/fr\/wp-json\/wp\/v2\/product\/183294","targetHints":{"allow":["GET"]}}],"collection":[{"href":"https:\/\/training.algonquincollege.com\/fr\/wp-json\/wp\/v2\/product"}],"about":[{"href":"https:\/\/training.algonquincollege.com\/fr\/wp-json\/wp\/v2\/types\/product"}],"wp:featuredmedia":[{"embeddable":true,"href":"https:\/\/training.algonquincollege.com\/fr\/wp-json\/wp\/v2\/media\/179421"}],"wp:attachment":[{"href":"https:\/\/training.algonquincollege.com\/fr\/wp-json\/wp\/v2\/media?parent=183294"}],"wp:term":[{"taxonomy":"product_brand","embeddable":true,"href":"https:\/\/training.algonquincollege.com\/fr\/wp-json\/wp\/v2\/product_brand?post=183294"},{"taxonomy":"product_cat","embeddable":true,"href":"https:\/\/training.algonquincollege.com\/fr\/wp-json\/wp\/v2\/product_cat?post=183294"},{"taxonomy":"product_tag","embeddable":true,"href":"https:\/\/training.algonquincollege.com\/fr\/wp-json\/wp\/v2\/product_tag?post=183294"}],"curies":[{"name":"wp","href":"https:\/\/api.w.org\/{rel}","templated":true}]}}