{"id":182474,"date":"2024-10-29T15:03:54","date_gmt":"2024-10-29T19:03:54","guid":{"rendered":"https:\/\/corporate.algonquincollege.com\/product\/niveau-2-de-maitrise-du-francais-c\/"},"modified":"2026-04-13T15:45:24","modified_gmt":"2026-04-13T19:45:24","slug":"niveau-2-de-maitrise-du-francais-c","status":"publish","type":"product","link":"https:\/\/training.algonquincollege.com\/fr\/produit\/niveau-2-de-maitrise-du-francais-c\/","title":{"rendered":"Niveau 2 de ma\u00eetrise du fran\u00e7ais (C)"},"content":{"rendered":"<p>La pratique des quatre comp\u00e9tences communicatives est essentielle pour am\u00e9liorer la compr\u00e9hension et l&rsquo;interaction en fran\u00e7ais. Dans ce cours avanc\u00e9, les \u00e9tudiants s&rsquo;exercent \u00e0 l&rsquo;\u00e9coute, \u00e0 l&rsquo;expression orale, \u00e0 la lecture et \u00e0 la grammaire \u00e0 travers l&rsquo;\u00e9tude de textes authentiques, d&rsquo;enregistrements audio et de vid\u00e9os abordant des questions cruciales li\u00e9es au monde du travail et \u00e0 la soci\u00e9t\u00e9 actuelle : bien-\u00eatre et stress au travail, comp\u00e9tences relationnelles, \u00e9thique, \u00e9conomie, vraies et fausses informations, innovation scientifique, etc. Gr\u00e2ce \u00e0 des r\u00e9visions m\u00e9thodiques et \u00e0 l&rsquo;\u00e9tude de nouveaux contenus, les \u00e9tudiants consolident, approfondissent et \u00e9largissent leur vocabulaire et leur ma\u00eetrise grammaticale. Les discussions et les d\u00e9bats leur offrent l&rsquo;occasion de s&rsquo;exprimer de mani\u00e8re autonome, en appliquant des concepts complexes de la langue fran\u00e7aise pour donner leur opinion de mani\u00e8re d\u00e9taill\u00e9e, la justifier et la nuancer, et construire une argumentation efficace.   <\/p>\n","protected":false},"excerpt":{"rendered":"<p>Ce cours avanc\u00e9 explore les questions li\u00e9es au milieu de travail et \u00e0 la soci\u00e9t\u00e9 \u00e0 travers des d\u00e9bats et des discussions, encourageant l&rsquo;expression authentique d&rsquo;id\u00e9es complexes \u00e0 l&rsquo;aide de comp\u00e9tences linguistiques avanc\u00e9es.<\/p>\n","protected":false},"featured_media":179420,"template":"","meta":{"_acf_changed":false},"product_brand":[],"product_cat":[91,80],"product_tag":[],"class_list":{"0":"post-182474","1":"product","2":"type-product","3":"status-publish","4":"has-post-thumbnail","6":"product_cat-french-as-a-second-language-fr","7":"product_cat-non-classifiee","8":"course_group-language-training-fr","9":"course_group-french-as-a-second-language-fr","11":"first","12":"outofstock","13":"shipping-taxable","14":"purchasable","15":"product-type-variable"},"acf":[],"yoast_head":"<!-- This site is optimized with the Yoast SEO plugin v27.5 - https:\/\/yoast.com\/product\/yoast-seo-wordpress\/ -->\n<title>Niveau 2 de ma\u00eetrise du fran\u00e7ais (C) - Professional Training - Algonquin College<\/title>\n<meta name=\"robots\" content=\"index, follow, max-snippet:-1, max-image-preview:large, max-video-preview:-1\" \/>\n<link rel=\"canonical\" href=\"https:\/\/training.algonquincollege.com\/fr\/produit\/niveau-2-de-maitrise-du-francais-c\/\" \/>\n<meta property=\"og:locale\" content=\"fr_FR\" \/>\n<meta property=\"og:type\" content=\"article\" \/>\n<meta property=\"og:title\" content=\"Niveau 2 de ma\u00eetrise du fran\u00e7ais (C) - Professional Training - Algonquin College\" \/>\n<meta property=\"og:description\" content=\"Ce cours avanc\u00e9 explore les questions li\u00e9es au milieu de travail et \u00e0 la soci\u00e9t\u00e9 \u00e0 travers des d\u00e9bats et des discussions, encourageant l&#039;expression authentique d&#039;id\u00e9es complexes \u00e0 l&#039;aide de comp\u00e9tences linguistiques avanc\u00e9es.\" \/>\n<meta property=\"og:url\" content=\"https:\/\/training.algonquincollege.com\/fr\/produit\/niveau-2-de-maitrise-du-francais-c\/\" \/>\n<meta property=\"og:site_name\" content=\"Professional Training - Algonquin College\" \/>\n<meta property=\"article:modified_time\" content=\"2026-04-13T19:45:24+00:00\" \/>\n<meta property=\"og:image\" content=\"https:\/\/training.algonquincollege.com\/wp-content\/uploads\/2024\/10\/French-Proficient-Level-2-C.png\" \/>\n\t<meta property=\"og:image:width\" content=\"1400\" \/>\n\t<meta property=\"og:image:height\" content=\"800\" \/>\n\t<meta property=\"og:image:type\" content=\"image\/png\" \/>\n<meta name=\"twitter:card\" content=\"summary_large_image\" \/>\n<meta name=\"twitter:label1\" content=\"Dur\u00e9e de lecture estim\u00e9e\" \/>\n\t<meta name=\"twitter:data1\" content=\"1 minute\" \/>\n<script type=\"application\/ld+json\" class=\"yoast-schema-graph\">{\"@context\":\"https:\\\/\\\/schema.org\",\"@graph\":[{\"@type\":\"WebPage\",\"@id\":\"https:\\\/\\\/training.algonquincollege.com\\\/fr\\\/produit\\\/niveau-2-de-maitrise-du-francais-c\\\/\",\"url\":\"https:\\\/\\\/training.algonquincollege.com\\\/fr\\\/produit\\\/niveau-2-de-maitrise-du-francais-c\\\/\",\"name\":\"Niveau 2 de ma\u00eetrise du fran\u00e7ais (C) - Professional Training - Algonquin College\",\"isPartOf\":{\"@id\":\"https:\\\/\\\/training.algonquincollege.com\\\/#website\"},\"primaryImageOfPage\":{\"@id\":\"https:\\\/\\\/training.algonquincollege.com\\\/fr\\\/produit\\\/niveau-2-de-maitrise-du-francais-c\\\/#primaryimage\"},\"image\":{\"@id\":\"https:\\\/\\\/training.algonquincollege.com\\\/fr\\\/produit\\\/niveau-2-de-maitrise-du-francais-c\\\/#primaryimage\"},\"thumbnailUrl\":\"https:\\\/\\\/training.algonquincollege.com\\\/wp-content\\\/uploads\\\/2024\\\/10\\\/French-Proficient-Level-2-C.png\",\"datePublished\":\"2024-10-29T19:03:54+00:00\",\"dateModified\":\"2026-04-13T19:45:24+00:00\",\"breadcrumb\":{\"@id\":\"https:\\\/\\\/training.algonquincollege.com\\\/fr\\\/produit\\\/niveau-2-de-maitrise-du-francais-c\\\/#breadcrumb\"},\"inLanguage\":\"fr-FR\",\"potentialAction\":[{\"@type\":\"ReadAction\",\"target\":[\"https:\\\/\\\/training.algonquincollege.com\\\/fr\\\/produit\\\/niveau-2-de-maitrise-du-francais-c\\\/\"]}]},{\"@type\":\"ImageObject\",\"inLanguage\":\"fr-FR\",\"@id\":\"https:\\\/\\\/training.algonquincollege.com\\\/fr\\\/produit\\\/niveau-2-de-maitrise-du-francais-c\\\/#primaryimage\",\"url\":\"https:\\\/\\\/training.algonquincollege.com\\\/wp-content\\\/uploads\\\/2024\\\/10\\\/French-Proficient-Level-2-C.png\",\"contentUrl\":\"https:\\\/\\\/training.algonquincollege.com\\\/wp-content\\\/uploads\\\/2024\\\/10\\\/French-Proficient-Level-2-C.png\",\"width\":1400,\"height\":800},{\"@type\":\"BreadcrumbList\",\"@id\":\"https:\\\/\\\/training.algonquincollege.com\\\/fr\\\/produit\\\/niveau-2-de-maitrise-du-francais-c\\\/#breadcrumb\",\"itemListElement\":[{\"@type\":\"ListItem\",\"position\":1,\"name\":\"Home\",\"item\":\"https:\\\/\\\/training.algonquincollege.com\\\/fr\\\/accueil\\\/\"},{\"@type\":\"ListItem\",\"position\":2,\"name\":\"Boutique\",\"item\":\"https:\\\/\\\/training.algonquincollege.com\\\/fr\\\/boutique\\\/\"},{\"@type\":\"ListItem\",\"position\":3,\"name\":\"Niveau 2 de ma\u00eetrise du fran\u00e7ais (C)\"}]},{\"@type\":\"WebSite\",\"@id\":\"https:\\\/\\\/training.algonquincollege.com\\\/#website\",\"url\":\"https:\\\/\\\/training.algonquincollege.com\\\/\",\"name\":\"Professional Training - Algonquin College\",\"description\":\"\",\"publisher\":{\"@id\":\"https:\\\/\\\/training.algonquincollege.com\\\/#organization\"},\"potentialAction\":[{\"@type\":\"SearchAction\",\"target\":{\"@type\":\"EntryPoint\",\"urlTemplate\":\"https:\\\/\\\/training.algonquincollege.com\\\/?s={search_term_string}\"},\"query-input\":{\"@type\":\"PropertyValueSpecification\",\"valueRequired\":true,\"valueName\":\"search_term_string\"}}],\"inLanguage\":\"fr-FR\"},{\"@type\":\"Organization\",\"@id\":\"https:\\\/\\\/training.algonquincollege.com\\\/#organization\",\"name\":\"Professional Training - Algonquin College\",\"url\":\"https:\\\/\\\/training.algonquincollege.com\\\/\",\"logo\":{\"@type\":\"ImageObject\",\"inLanguage\":\"fr-FR\",\"@id\":\"https:\\\/\\\/training.algonquincollege.com\\\/#\\\/schema\\\/logo\\\/image\\\/\",\"url\":\"https:\\\/\\\/training.algonquincollege.com\\\/wp-content\\\/uploads\\\/2023\\\/10\\\/cropped-acct_logo.png\",\"contentUrl\":\"https:\\\/\\\/training.algonquincollege.com\\\/wp-content\\\/uploads\\\/2023\\\/10\\\/cropped-acct_logo.png\",\"width\":300,\"height\":44,\"caption\":\"Professional Training - Algonquin College\"},\"image\":{\"@id\":\"https:\\\/\\\/training.algonquincollege.com\\\/#\\\/schema\\\/logo\\\/image\\\/\"}}]}<\/script>\n<!-- \/ Yoast SEO plugin. -->","yoast_head_json":{"title":"Niveau 2 de ma\u00eetrise du fran\u00e7ais (C) - Professional Training - Algonquin College","robots":{"index":"index","follow":"follow","max-snippet":"max-snippet:-1","max-image-preview":"max-image-preview:large","max-video-preview":"max-video-preview:-1"},"canonical":"https:\/\/training.algonquincollege.com\/fr\/produit\/niveau-2-de-maitrise-du-francais-c\/","og_locale":"fr_FR","og_type":"article","og_title":"Niveau 2 de ma\u00eetrise du fran\u00e7ais (C) - Professional Training - Algonquin College","og_description":"Ce cours avanc\u00e9 explore les questions li\u00e9es au milieu de travail et \u00e0 la soci\u00e9t\u00e9 \u00e0 travers des d\u00e9bats et des discussions, encourageant l'expression authentique d'id\u00e9es complexes \u00e0 l'aide de comp\u00e9tences linguistiques avanc\u00e9es.","og_url":"https:\/\/training.algonquincollege.com\/fr\/produit\/niveau-2-de-maitrise-du-francais-c\/","og_site_name":"Professional Training - Algonquin College","article_modified_time":"2026-04-13T19:45:24+00:00","og_image":[{"width":1400,"height":800,"url":"https:\/\/training.algonquincollege.com\/wp-content\/uploads\/2024\/10\/French-Proficient-Level-2-C.png","type":"image\/png"}],"twitter_card":"summary_large_image","twitter_misc":{"Dur\u00e9e de lecture estim\u00e9e":"1 minute"},"schema":{"@context":"https:\/\/schema.org","@graph":[{"@type":"WebPage","@id":"https:\/\/training.algonquincollege.com\/fr\/produit\/niveau-2-de-maitrise-du-francais-c\/","url":"https:\/\/training.algonquincollege.com\/fr\/produit\/niveau-2-de-maitrise-du-francais-c\/","name":"Niveau 2 de ma\u00eetrise du fran\u00e7ais (C) - Professional Training - Algonquin College","isPartOf":{"@id":"https:\/\/training.algonquincollege.com\/#website"},"primaryImageOfPage":{"@id":"https:\/\/training.algonquincollege.com\/fr\/produit\/niveau-2-de-maitrise-du-francais-c\/#primaryimage"},"image":{"@id":"https:\/\/training.algonquincollege.com\/fr\/produit\/niveau-2-de-maitrise-du-francais-c\/#primaryimage"},"thumbnailUrl":"https:\/\/training.algonquincollege.com\/wp-content\/uploads\/2024\/10\/French-Proficient-Level-2-C.png","datePublished":"2024-10-29T19:03:54+00:00","dateModified":"2026-04-13T19:45:24+00:00","breadcrumb":{"@id":"https:\/\/training.algonquincollege.com\/fr\/produit\/niveau-2-de-maitrise-du-francais-c\/#breadcrumb"},"inLanguage":"fr-FR","potentialAction":[{"@type":"ReadAction","target":["https:\/\/training.algonquincollege.com\/fr\/produit\/niveau-2-de-maitrise-du-francais-c\/"]}]},{"@type":"ImageObject","inLanguage":"fr-FR","@id":"https:\/\/training.algonquincollege.com\/fr\/produit\/niveau-2-de-maitrise-du-francais-c\/#primaryimage","url":"https:\/\/training.algonquincollege.com\/wp-content\/uploads\/2024\/10\/French-Proficient-Level-2-C.png","contentUrl":"https:\/\/training.algonquincollege.com\/wp-content\/uploads\/2024\/10\/French-Proficient-Level-2-C.png","width":1400,"height":800},{"@type":"BreadcrumbList","@id":"https:\/\/training.algonquincollege.com\/fr\/produit\/niveau-2-de-maitrise-du-francais-c\/#breadcrumb","itemListElement":[{"@type":"ListItem","position":1,"name":"Home","item":"https:\/\/training.algonquincollege.com\/fr\/accueil\/"},{"@type":"ListItem","position":2,"name":"Boutique","item":"https:\/\/training.algonquincollege.com\/fr\/boutique\/"},{"@type":"ListItem","position":3,"name":"Niveau 2 de ma\u00eetrise du fran\u00e7ais (C)"}]},{"@type":"WebSite","@id":"https:\/\/training.algonquincollege.com\/#website","url":"https:\/\/training.algonquincollege.com\/","name":"Professional Training - Algonquin College","description":"","publisher":{"@id":"https:\/\/training.algonquincollege.com\/#organization"},"potentialAction":[{"@type":"SearchAction","target":{"@type":"EntryPoint","urlTemplate":"https:\/\/training.algonquincollege.com\/?s={search_term_string}"},"query-input":{"@type":"PropertyValueSpecification","valueRequired":true,"valueName":"search_term_string"}}],"inLanguage":"fr-FR"},{"@type":"Organization","@id":"https:\/\/training.algonquincollege.com\/#organization","name":"Professional Training - Algonquin College","url":"https:\/\/training.algonquincollege.com\/","logo":{"@type":"ImageObject","inLanguage":"fr-FR","@id":"https:\/\/training.algonquincollege.com\/#\/schema\/logo\/image\/","url":"https:\/\/training.algonquincollege.com\/wp-content\/uploads\/2023\/10\/cropped-acct_logo.png","contentUrl":"https:\/\/training.algonquincollege.com\/wp-content\/uploads\/2023\/10\/cropped-acct_logo.png","width":300,"height":44,"caption":"Professional Training - Algonquin College"},"image":{"@id":"https:\/\/training.algonquincollege.com\/#\/schema\/logo\/image\/"}}]}},"_links":{"self":[{"href":"https:\/\/training.algonquincollege.com\/fr\/wp-json\/wp\/v2\/product\/182474","targetHints":{"allow":["GET"]}}],"collection":[{"href":"https:\/\/training.algonquincollege.com\/fr\/wp-json\/wp\/v2\/product"}],"about":[{"href":"https:\/\/training.algonquincollege.com\/fr\/wp-json\/wp\/v2\/types\/product"}],"wp:featuredmedia":[{"embeddable":true,"href":"https:\/\/training.algonquincollege.com\/fr\/wp-json\/wp\/v2\/media\/179420"}],"wp:attachment":[{"href":"https:\/\/training.algonquincollege.com\/fr\/wp-json\/wp\/v2\/media?parent=182474"}],"wp:term":[{"taxonomy":"product_brand","embeddable":true,"href":"https:\/\/training.algonquincollege.com\/fr\/wp-json\/wp\/v2\/product_brand?post=182474"},{"taxonomy":"product_cat","embeddable":true,"href":"https:\/\/training.algonquincollege.com\/fr\/wp-json\/wp\/v2\/product_cat?post=182474"},{"taxonomy":"product_tag","embeddable":true,"href":"https:\/\/training.algonquincollege.com\/fr\/wp-json\/wp\/v2\/product_tag?post=182474"}],"curies":[{"name":"wp","href":"https:\/\/api.w.org\/{rel}","templated":true}]}}