{"id":182466,"date":"2024-07-08T14:57:52","date_gmt":"2024-07-08T18:57:52","guid":{"rendered":"https:\/\/corporate.algonquincollege.com\/product\/niveau-1-de-maitrise-du-francais-c\/"},"modified":"2026-04-13T15:47:07","modified_gmt":"2026-04-13T19:47:07","slug":"niveau-1-de-maitrise-du-francais-c","status":"publish","type":"product","link":"https:\/\/training.algonquincollege.com\/fr\/produit\/niveau-1-de-maitrise-du-francais-c\/","title":{"rendered":"Niveau 1 de ma\u00eetrise du fran\u00e7ais (C)"},"content":{"rendered":"<p>\u00catre capable de communiquer efficacement en fran\u00e7ais est un atout inestimable dans le monde du travail bilingue. Dans ce cours de niveau avanc\u00e9, les \u00e9tudiants pratiquent les quatre comp\u00e9tences de communication afin d&rsquo;am\u00e9liorer leur capacit\u00e9 \u00e0 s&rsquo;exprimer au pass\u00e9, au pr\u00e9sent et au futur dans des phrases simples et complexes sur des sujets vari\u00e9s issus du monde du travail et de l&rsquo;actualit\u00e9. Ils augmentent le niveau de complexit\u00e9 de leurs productions \u00e9crites et orales en pratiquant des structures de phrases complexes et en exprimant et confrontant leurs opinions sur des sujets peu familiers et complexes tir\u00e9s de leur vie professionnelle et de leurs exp\u00e9riences personnelles. Ils construisent une argumentation coh\u00e9rente pour justifier m\u00e9thodiquement leurs opinions, y compris des hypoth\u00e8ses, des probabilit\u00e9s ou des certitudes.   <\/p>\n","protected":false},"excerpt":{"rendered":"<p>Ce cours de niveau avanc\u00e9 se concentre sur la discussion de questions li\u00e9es au lieu de travail et \u00e0 la soci\u00e9t\u00e9 afin d&rsquo;\u00e9tudier des phrases complexes dans leur contexte.<\/p>\n","protected":false},"featured_media":179375,"template":"","meta":{"_acf_changed":false},"product_brand":[],"product_cat":[91,80],"product_tag":[],"class_list":{"0":"post-182466","1":"product","2":"type-product","3":"status-publish","4":"has-post-thumbnail","6":"product_cat-french-as-a-second-language-fr","7":"product_cat-non-classifiee","8":"course_group-language-training-fr","9":"course_group-french-as-a-second-language-fr","11":"first","12":"outofstock","13":"shipping-taxable","14":"purchasable","15":"product-type-variable"},"acf":[],"yoast_head":"<!-- This site is optimized with the Yoast SEO plugin v27.5 - https:\/\/yoast.com\/product\/yoast-seo-wordpress\/ -->\n<title>Niveau 1 de ma\u00eetrise du fran\u00e7ais (C) - Professional Training - Algonquin College<\/title>\n<meta name=\"robots\" content=\"index, follow, max-snippet:-1, max-image-preview:large, max-video-preview:-1\" \/>\n<link rel=\"canonical\" href=\"https:\/\/training.algonquincollege.com\/fr\/produit\/niveau-1-de-maitrise-du-francais-c\/\" \/>\n<meta property=\"og:locale\" content=\"fr_FR\" \/>\n<meta property=\"og:type\" content=\"article\" \/>\n<meta property=\"og:title\" content=\"Niveau 1 de ma\u00eetrise du fran\u00e7ais (C) - Professional Training - Algonquin College\" \/>\n<meta property=\"og:description\" content=\"Ce cours de niveau avanc\u00e9 se concentre sur la discussion de questions li\u00e9es au lieu de travail et \u00e0 la soci\u00e9t\u00e9 afin d&#039;\u00e9tudier des phrases complexes dans leur contexte.\" \/>\n<meta property=\"og:url\" content=\"https:\/\/training.algonquincollege.com\/fr\/produit\/niveau-1-de-maitrise-du-francais-c\/\" \/>\n<meta property=\"og:site_name\" content=\"Professional Training - Algonquin College\" \/>\n<meta property=\"article:modified_time\" content=\"2026-04-13T19:47:07+00:00\" \/>\n<meta property=\"og:image\" content=\"https:\/\/training.algonquincollege.com\/wp-content\/uploads\/2024\/07\/FSL7.jpg\" \/>\n\t<meta property=\"og:image:width\" content=\"1400\" \/>\n\t<meta property=\"og:image:height\" content=\"800\" \/>\n\t<meta property=\"og:image:type\" content=\"image\/jpeg\" \/>\n<meta name=\"twitter:card\" content=\"summary_large_image\" \/>\n<meta name=\"twitter:label1\" content=\"Dur\u00e9e de lecture estim\u00e9e\" \/>\n\t<meta name=\"twitter:data1\" content=\"1 minute\" \/>\n<script type=\"application\/ld+json\" class=\"yoast-schema-graph\">{\"@context\":\"https:\\\/\\\/schema.org\",\"@graph\":[{\"@type\":\"WebPage\",\"@id\":\"https:\\\/\\\/training.algonquincollege.com\\\/fr\\\/produit\\\/niveau-1-de-maitrise-du-francais-c\\\/\",\"url\":\"https:\\\/\\\/training.algonquincollege.com\\\/fr\\\/produit\\\/niveau-1-de-maitrise-du-francais-c\\\/\",\"name\":\"Niveau 1 de ma\u00eetrise du fran\u00e7ais (C) - Professional Training - Algonquin College\",\"isPartOf\":{\"@id\":\"https:\\\/\\\/training.algonquincollege.com\\\/#website\"},\"primaryImageOfPage\":{\"@id\":\"https:\\\/\\\/training.algonquincollege.com\\\/fr\\\/produit\\\/niveau-1-de-maitrise-du-francais-c\\\/#primaryimage\"},\"image\":{\"@id\":\"https:\\\/\\\/training.algonquincollege.com\\\/fr\\\/produit\\\/niveau-1-de-maitrise-du-francais-c\\\/#primaryimage\"},\"thumbnailUrl\":\"https:\\\/\\\/training.algonquincollege.com\\\/wp-content\\\/uploads\\\/2024\\\/07\\\/FSL7.jpg\",\"datePublished\":\"2024-07-08T18:57:52+00:00\",\"dateModified\":\"2026-04-13T19:47:07+00:00\",\"breadcrumb\":{\"@id\":\"https:\\\/\\\/training.algonquincollege.com\\\/fr\\\/produit\\\/niveau-1-de-maitrise-du-francais-c\\\/#breadcrumb\"},\"inLanguage\":\"fr-FR\",\"potentialAction\":[{\"@type\":\"ReadAction\",\"target\":[\"https:\\\/\\\/training.algonquincollege.com\\\/fr\\\/produit\\\/niveau-1-de-maitrise-du-francais-c\\\/\"]}]},{\"@type\":\"ImageObject\",\"inLanguage\":\"fr-FR\",\"@id\":\"https:\\\/\\\/training.algonquincollege.com\\\/fr\\\/produit\\\/niveau-1-de-maitrise-du-francais-c\\\/#primaryimage\",\"url\":\"https:\\\/\\\/training.algonquincollege.com\\\/wp-content\\\/uploads\\\/2024\\\/07\\\/FSL7.jpg\",\"contentUrl\":\"https:\\\/\\\/training.algonquincollege.com\\\/wp-content\\\/uploads\\\/2024\\\/07\\\/FSL7.jpg\",\"width\":1400,\"height\":800,\"caption\":\"Une femme assise \u00e0 un bureau devant un ordinateur, participant \u00e0 un cours en ligne.\"},{\"@type\":\"BreadcrumbList\",\"@id\":\"https:\\\/\\\/training.algonquincollege.com\\\/fr\\\/produit\\\/niveau-1-de-maitrise-du-francais-c\\\/#breadcrumb\",\"itemListElement\":[{\"@type\":\"ListItem\",\"position\":1,\"name\":\"Home\",\"item\":\"https:\\\/\\\/training.algonquincollege.com\\\/fr\\\/accueil\\\/\"},{\"@type\":\"ListItem\",\"position\":2,\"name\":\"Boutique\",\"item\":\"https:\\\/\\\/training.algonquincollege.com\\\/fr\\\/boutique\\\/\"},{\"@type\":\"ListItem\",\"position\":3,\"name\":\"Niveau 1 de ma\u00eetrise du fran\u00e7ais (C)\"}]},{\"@type\":\"WebSite\",\"@id\":\"https:\\\/\\\/training.algonquincollege.com\\\/#website\",\"url\":\"https:\\\/\\\/training.algonquincollege.com\\\/\",\"name\":\"Professional Training - Algonquin College\",\"description\":\"\",\"publisher\":{\"@id\":\"https:\\\/\\\/training.algonquincollege.com\\\/#organization\"},\"potentialAction\":[{\"@type\":\"SearchAction\",\"target\":{\"@type\":\"EntryPoint\",\"urlTemplate\":\"https:\\\/\\\/training.algonquincollege.com\\\/?s={search_term_string}\"},\"query-input\":{\"@type\":\"PropertyValueSpecification\",\"valueRequired\":true,\"valueName\":\"search_term_string\"}}],\"inLanguage\":\"fr-FR\"},{\"@type\":\"Organization\",\"@id\":\"https:\\\/\\\/training.algonquincollege.com\\\/#organization\",\"name\":\"Professional Training - Algonquin College\",\"url\":\"https:\\\/\\\/training.algonquincollege.com\\\/\",\"logo\":{\"@type\":\"ImageObject\",\"inLanguage\":\"fr-FR\",\"@id\":\"https:\\\/\\\/training.algonquincollege.com\\\/#\\\/schema\\\/logo\\\/image\\\/\",\"url\":\"https:\\\/\\\/training.algonquincollege.com\\\/wp-content\\\/uploads\\\/2023\\\/10\\\/cropped-acct_logo.png\",\"contentUrl\":\"https:\\\/\\\/training.algonquincollege.com\\\/wp-content\\\/uploads\\\/2023\\\/10\\\/cropped-acct_logo.png\",\"width\":300,\"height\":44,\"caption\":\"Professional Training - Algonquin College\"},\"image\":{\"@id\":\"https:\\\/\\\/training.algonquincollege.com\\\/#\\\/schema\\\/logo\\\/image\\\/\"}}]}<\/script>\n<!-- \/ Yoast SEO plugin. -->","yoast_head_json":{"title":"Niveau 1 de ma\u00eetrise du fran\u00e7ais (C) - Professional Training - Algonquin College","robots":{"index":"index","follow":"follow","max-snippet":"max-snippet:-1","max-image-preview":"max-image-preview:large","max-video-preview":"max-video-preview:-1"},"canonical":"https:\/\/training.algonquincollege.com\/fr\/produit\/niveau-1-de-maitrise-du-francais-c\/","og_locale":"fr_FR","og_type":"article","og_title":"Niveau 1 de ma\u00eetrise du fran\u00e7ais (C) - Professional Training - Algonquin College","og_description":"Ce cours de niveau avanc\u00e9 se concentre sur la discussion de questions li\u00e9es au lieu de travail et \u00e0 la soci\u00e9t\u00e9 afin d'\u00e9tudier des phrases complexes dans leur contexte.","og_url":"https:\/\/training.algonquincollege.com\/fr\/produit\/niveau-1-de-maitrise-du-francais-c\/","og_site_name":"Professional Training - Algonquin College","article_modified_time":"2026-04-13T19:47:07+00:00","og_image":[{"width":1400,"height":800,"url":"https:\/\/training.algonquincollege.com\/wp-content\/uploads\/2024\/07\/FSL7.jpg","type":"image\/jpeg"}],"twitter_card":"summary_large_image","twitter_misc":{"Dur\u00e9e de lecture estim\u00e9e":"1 minute"},"schema":{"@context":"https:\/\/schema.org","@graph":[{"@type":"WebPage","@id":"https:\/\/training.algonquincollege.com\/fr\/produit\/niveau-1-de-maitrise-du-francais-c\/","url":"https:\/\/training.algonquincollege.com\/fr\/produit\/niveau-1-de-maitrise-du-francais-c\/","name":"Niveau 1 de ma\u00eetrise du fran\u00e7ais (C) - Professional Training - Algonquin College","isPartOf":{"@id":"https:\/\/training.algonquincollege.com\/#website"},"primaryImageOfPage":{"@id":"https:\/\/training.algonquincollege.com\/fr\/produit\/niveau-1-de-maitrise-du-francais-c\/#primaryimage"},"image":{"@id":"https:\/\/training.algonquincollege.com\/fr\/produit\/niveau-1-de-maitrise-du-francais-c\/#primaryimage"},"thumbnailUrl":"https:\/\/training.algonquincollege.com\/wp-content\/uploads\/2024\/07\/FSL7.jpg","datePublished":"2024-07-08T18:57:52+00:00","dateModified":"2026-04-13T19:47:07+00:00","breadcrumb":{"@id":"https:\/\/training.algonquincollege.com\/fr\/produit\/niveau-1-de-maitrise-du-francais-c\/#breadcrumb"},"inLanguage":"fr-FR","potentialAction":[{"@type":"ReadAction","target":["https:\/\/training.algonquincollege.com\/fr\/produit\/niveau-1-de-maitrise-du-francais-c\/"]}]},{"@type":"ImageObject","inLanguage":"fr-FR","@id":"https:\/\/training.algonquincollege.com\/fr\/produit\/niveau-1-de-maitrise-du-francais-c\/#primaryimage","url":"https:\/\/training.algonquincollege.com\/wp-content\/uploads\/2024\/07\/FSL7.jpg","contentUrl":"https:\/\/training.algonquincollege.com\/wp-content\/uploads\/2024\/07\/FSL7.jpg","width":1400,"height":800,"caption":"Une femme assise \u00e0 un bureau devant un ordinateur, participant \u00e0 un cours en ligne."},{"@type":"BreadcrumbList","@id":"https:\/\/training.algonquincollege.com\/fr\/produit\/niveau-1-de-maitrise-du-francais-c\/#breadcrumb","itemListElement":[{"@type":"ListItem","position":1,"name":"Home","item":"https:\/\/training.algonquincollege.com\/fr\/accueil\/"},{"@type":"ListItem","position":2,"name":"Boutique","item":"https:\/\/training.algonquincollege.com\/fr\/boutique\/"},{"@type":"ListItem","position":3,"name":"Niveau 1 de ma\u00eetrise du fran\u00e7ais (C)"}]},{"@type":"WebSite","@id":"https:\/\/training.algonquincollege.com\/#website","url":"https:\/\/training.algonquincollege.com\/","name":"Professional Training - Algonquin College","description":"","publisher":{"@id":"https:\/\/training.algonquincollege.com\/#organization"},"potentialAction":[{"@type":"SearchAction","target":{"@type":"EntryPoint","urlTemplate":"https:\/\/training.algonquincollege.com\/?s={search_term_string}"},"query-input":{"@type":"PropertyValueSpecification","valueRequired":true,"valueName":"search_term_string"}}],"inLanguage":"fr-FR"},{"@type":"Organization","@id":"https:\/\/training.algonquincollege.com\/#organization","name":"Professional Training - Algonquin College","url":"https:\/\/training.algonquincollege.com\/","logo":{"@type":"ImageObject","inLanguage":"fr-FR","@id":"https:\/\/training.algonquincollege.com\/#\/schema\/logo\/image\/","url":"https:\/\/training.algonquincollege.com\/wp-content\/uploads\/2023\/10\/cropped-acct_logo.png","contentUrl":"https:\/\/training.algonquincollege.com\/wp-content\/uploads\/2023\/10\/cropped-acct_logo.png","width":300,"height":44,"caption":"Professional Training - Algonquin College"},"image":{"@id":"https:\/\/training.algonquincollege.com\/#\/schema\/logo\/image\/"}}]}},"_links":{"self":[{"href":"https:\/\/training.algonquincollege.com\/fr\/wp-json\/wp\/v2\/product\/182466","targetHints":{"allow":["GET"]}}],"collection":[{"href":"https:\/\/training.algonquincollege.com\/fr\/wp-json\/wp\/v2\/product"}],"about":[{"href":"https:\/\/training.algonquincollege.com\/fr\/wp-json\/wp\/v2\/types\/product"}],"wp:featuredmedia":[{"embeddable":true,"href":"https:\/\/training.algonquincollege.com\/fr\/wp-json\/wp\/v2\/media\/179375"}],"wp:attachment":[{"href":"https:\/\/training.algonquincollege.com\/fr\/wp-json\/wp\/v2\/media?parent=182466"}],"wp:term":[{"taxonomy":"product_brand","embeddable":true,"href":"https:\/\/training.algonquincollege.com\/fr\/wp-json\/wp\/v2\/product_brand?post=182466"},{"taxonomy":"product_cat","embeddable":true,"href":"https:\/\/training.algonquincollege.com\/fr\/wp-json\/wp\/v2\/product_cat?post=182466"},{"taxonomy":"product_tag","embeddable":true,"href":"https:\/\/training.algonquincollege.com\/fr\/wp-json\/wp\/v2\/product_tag?post=182466"}],"curies":[{"name":"wp","href":"https:\/\/api.w.org\/{rel}","templated":true}]}}