{"id":182458,"date":"2024-07-08T12:51:47","date_gmt":"2024-07-08T16:51:47","guid":{"rendered":"https:\/\/corporate.algonquincollege.com\/product\/francais-avance-niveau-2-b\/"},"modified":"2026-04-13T15:43:45","modified_gmt":"2026-04-13T19:43:45","slug":"francais-avance-niveau-2-b","status":"publish","type":"product","link":"https:\/\/training.algonquincollege.com\/fr\/produit\/francais-avance-niveau-2-b\/","title":{"rendered":"Fran\u00e7ais Avanc\u00e9 Niveau 2 (B)"},"content":{"rendered":"<p>Les environnements bilingues requi\u00e8rent la capacit\u00e9 d&rsquo;interagir confortablement tout en exprimant des opinions sur diff\u00e9rents sujets avec des locuteurs fran\u00e7ais dans un large \u00e9ventail de contextes de communication. En abordant le fran\u00e7ais professionnel et acad\u00e9mique, les \u00e9tudiants gagnent progressivement en confiance et am\u00e9liorent leurs comp\u00e9tences \u00e9crites, orales et grammaticales. Les \u00e9tudiants utilisent leur exp\u00e9rience personnelle et professionnelle pour exprimer des opinions, des sentiments et des impressions et pour parler d&rsquo;obligations et de restrictions. Les nombreuses activit\u00e9s et les outils d&rsquo;apprentissage bas\u00e9s sur des t\u00e2ches sont con\u00e7us pour maintenir l&rsquo;engagement des \u00e9tudiants et acc\u00e9l\u00e9rer l&rsquo;apprentissage. Les exercices de prononciation permettent aux \u00e9tudiants d&rsquo;acqu\u00e9rir plus d&rsquo;aisance et de confiance dans leur capacit\u00e9 \u00e0 s&rsquo;exprimer \u00e0 l&rsquo;oral.    <\/p>\n","protected":false},"excerpt":{"rendered":"<p>Pratiquer toutes les comp\u00e9tences de communication (lecture, \u00e9criture, \u00e9coute et expression orale) pour acqu\u00e9rir un meilleur contr\u00f4le grammatical dans les phrases complexes utilis\u00e9es pour compl\u00e9ter et raisonner sur des sujets complexes ou peu familiers.<\/p>\n","protected":false},"featured_media":178977,"template":"","meta":{"_acf_changed":false},"product_brand":[],"product_cat":[91,80],"product_tag":[],"class_list":{"0":"post-182458","1":"product","2":"type-product","3":"status-publish","4":"has-post-thumbnail","6":"product_cat-french-as-a-second-language-fr","7":"product_cat-non-classifiee","8":"course_group-language-training-fr","9":"course_group-french-as-a-second-language-fr","11":"first","12":"outofstock","13":"shipping-taxable","14":"purchasable","15":"product-type-variable"},"acf":[],"yoast_head":"<!-- This site is optimized with the Yoast SEO plugin v27.5 - https:\/\/yoast.com\/product\/yoast-seo-wordpress\/ -->\n<title>Fran\u00e7ais Avanc\u00e9 Niveau 2 (B) - Professional Training - Algonquin College<\/title>\n<meta name=\"robots\" content=\"index, follow, max-snippet:-1, max-image-preview:large, max-video-preview:-1\" \/>\n<link rel=\"canonical\" href=\"https:\/\/training.algonquincollege.com\/fr\/produit\/francais-avance-niveau-2-b\/\" \/>\n<meta property=\"og:locale\" content=\"fr_FR\" \/>\n<meta property=\"og:type\" content=\"article\" \/>\n<meta property=\"og:title\" content=\"Fran\u00e7ais Avanc\u00e9 Niveau 2 (B) - Professional Training - Algonquin College\" \/>\n<meta property=\"og:description\" content=\"Pratiquer toutes les comp\u00e9tences de communication (lecture, \u00e9criture, \u00e9coute et expression orale) pour acqu\u00e9rir un meilleur contr\u00f4le grammatical dans les phrases complexes utilis\u00e9es pour compl\u00e9ter et raisonner sur des sujets complexes ou peu familiers.\" \/>\n<meta property=\"og:url\" content=\"https:\/\/training.algonquincollege.com\/fr\/produit\/francais-avance-niveau-2-b\/\" \/>\n<meta property=\"og:site_name\" content=\"Professional Training - Algonquin College\" \/>\n<meta property=\"article:modified_time\" content=\"2026-04-13T19:43:45+00:00\" \/>\n<meta property=\"og:image\" content=\"https:\/\/training.algonquincollege.com\/wp-content\/uploads\/2024\/04\/FSL6.jpg\" \/>\n\t<meta property=\"og:image:width\" content=\"1400\" \/>\n\t<meta property=\"og:image:height\" content=\"800\" \/>\n\t<meta property=\"og:image:type\" content=\"image\/jpeg\" \/>\n<meta name=\"twitter:card\" content=\"summary_large_image\" \/>\n<meta name=\"twitter:label1\" content=\"Dur\u00e9e de lecture estim\u00e9e\" \/>\n\t<meta name=\"twitter:data1\" content=\"1 minute\" \/>\n<script type=\"application\/ld+json\" class=\"yoast-schema-graph\">{\"@context\":\"https:\\\/\\\/schema.org\",\"@graph\":[{\"@type\":\"WebPage\",\"@id\":\"https:\\\/\\\/training.algonquincollege.com\\\/fr\\\/produit\\\/francais-avance-niveau-2-b\\\/\",\"url\":\"https:\\\/\\\/training.algonquincollege.com\\\/fr\\\/produit\\\/francais-avance-niveau-2-b\\\/\",\"name\":\"Fran\u00e7ais Avanc\u00e9 Niveau 2 (B) - Professional Training - Algonquin College\",\"isPartOf\":{\"@id\":\"https:\\\/\\\/training.algonquincollege.com\\\/#website\"},\"primaryImageOfPage\":{\"@id\":\"https:\\\/\\\/training.algonquincollege.com\\\/fr\\\/produit\\\/francais-avance-niveau-2-b\\\/#primaryimage\"},\"image\":{\"@id\":\"https:\\\/\\\/training.algonquincollege.com\\\/fr\\\/produit\\\/francais-avance-niveau-2-b\\\/#primaryimage\"},\"thumbnailUrl\":\"https:\\\/\\\/training.algonquincollege.com\\\/wp-content\\\/uploads\\\/2024\\\/04\\\/FSL6.jpg\",\"datePublished\":\"2024-07-08T16:51:47+00:00\",\"dateModified\":\"2026-04-13T19:43:45+00:00\",\"breadcrumb\":{\"@id\":\"https:\\\/\\\/training.algonquincollege.com\\\/fr\\\/produit\\\/francais-avance-niveau-2-b\\\/#breadcrumb\"},\"inLanguage\":\"fr-FR\",\"potentialAction\":[{\"@type\":\"ReadAction\",\"target\":[\"https:\\\/\\\/training.algonquincollege.com\\\/fr\\\/produit\\\/francais-avance-niveau-2-b\\\/\"]}]},{\"@type\":\"ImageObject\",\"inLanguage\":\"fr-FR\",\"@id\":\"https:\\\/\\\/training.algonquincollege.com\\\/fr\\\/produit\\\/francais-avance-niveau-2-b\\\/#primaryimage\",\"url\":\"https:\\\/\\\/training.algonquincollege.com\\\/wp-content\\\/uploads\\\/2024\\\/04\\\/FSL6.jpg\",\"contentUrl\":\"https:\\\/\\\/training.algonquincollege.com\\\/wp-content\\\/uploads\\\/2024\\\/04\\\/FSL6.jpg\",\"width\":1400,\"height\":800,\"caption\":\"Un homme souriant portant des lunettes est assis \u00e0 un bureau avec un ordinateur portable, occup\u00e9 \u00e0 suivre un cours en ligne.\"},{\"@type\":\"BreadcrumbList\",\"@id\":\"https:\\\/\\\/training.algonquincollege.com\\\/fr\\\/produit\\\/francais-avance-niveau-2-b\\\/#breadcrumb\",\"itemListElement\":[{\"@type\":\"ListItem\",\"position\":1,\"name\":\"Home\",\"item\":\"https:\\\/\\\/training.algonquincollege.com\\\/fr\\\/accueil\\\/\"},{\"@type\":\"ListItem\",\"position\":2,\"name\":\"Boutique\",\"item\":\"https:\\\/\\\/training.algonquincollege.com\\\/fr\\\/boutique\\\/\"},{\"@type\":\"ListItem\",\"position\":3,\"name\":\"Fran\u00e7ais Avanc\u00e9 Niveau 2 (B)\"}]},{\"@type\":\"WebSite\",\"@id\":\"https:\\\/\\\/training.algonquincollege.com\\\/#website\",\"url\":\"https:\\\/\\\/training.algonquincollege.com\\\/\",\"name\":\"Professional Training - Algonquin College\",\"description\":\"\",\"publisher\":{\"@id\":\"https:\\\/\\\/training.algonquincollege.com\\\/#organization\"},\"potentialAction\":[{\"@type\":\"SearchAction\",\"target\":{\"@type\":\"EntryPoint\",\"urlTemplate\":\"https:\\\/\\\/training.algonquincollege.com\\\/?s={search_term_string}\"},\"query-input\":{\"@type\":\"PropertyValueSpecification\",\"valueRequired\":true,\"valueName\":\"search_term_string\"}}],\"inLanguage\":\"fr-FR\"},{\"@type\":\"Organization\",\"@id\":\"https:\\\/\\\/training.algonquincollege.com\\\/#organization\",\"name\":\"Professional Training - Algonquin College\",\"url\":\"https:\\\/\\\/training.algonquincollege.com\\\/\",\"logo\":{\"@type\":\"ImageObject\",\"inLanguage\":\"fr-FR\",\"@id\":\"https:\\\/\\\/training.algonquincollege.com\\\/#\\\/schema\\\/logo\\\/image\\\/\",\"url\":\"https:\\\/\\\/training.algonquincollege.com\\\/wp-content\\\/uploads\\\/2023\\\/10\\\/cropped-acct_logo.png\",\"contentUrl\":\"https:\\\/\\\/training.algonquincollege.com\\\/wp-content\\\/uploads\\\/2023\\\/10\\\/cropped-acct_logo.png\",\"width\":300,\"height\":44,\"caption\":\"Professional Training - Algonquin College\"},\"image\":{\"@id\":\"https:\\\/\\\/training.algonquincollege.com\\\/#\\\/schema\\\/logo\\\/image\\\/\"}}]}<\/script>\n<!-- \/ Yoast SEO plugin. -->","yoast_head_json":{"title":"Fran\u00e7ais Avanc\u00e9 Niveau 2 (B) - Professional Training - Algonquin College","robots":{"index":"index","follow":"follow","max-snippet":"max-snippet:-1","max-image-preview":"max-image-preview:large","max-video-preview":"max-video-preview:-1"},"canonical":"https:\/\/training.algonquincollege.com\/fr\/produit\/francais-avance-niveau-2-b\/","og_locale":"fr_FR","og_type":"article","og_title":"Fran\u00e7ais Avanc\u00e9 Niveau 2 (B) - Professional Training - Algonquin College","og_description":"Pratiquer toutes les comp\u00e9tences de communication (lecture, \u00e9criture, \u00e9coute et expression orale) pour acqu\u00e9rir un meilleur contr\u00f4le grammatical dans les phrases complexes utilis\u00e9es pour compl\u00e9ter et raisonner sur des sujets complexes ou peu familiers.","og_url":"https:\/\/training.algonquincollege.com\/fr\/produit\/francais-avance-niveau-2-b\/","og_site_name":"Professional Training - Algonquin College","article_modified_time":"2026-04-13T19:43:45+00:00","og_image":[{"width":1400,"height":800,"url":"https:\/\/training.algonquincollege.com\/wp-content\/uploads\/2024\/04\/FSL6.jpg","type":"image\/jpeg"}],"twitter_card":"summary_large_image","twitter_misc":{"Dur\u00e9e de lecture estim\u00e9e":"1 minute"},"schema":{"@context":"https:\/\/schema.org","@graph":[{"@type":"WebPage","@id":"https:\/\/training.algonquincollege.com\/fr\/produit\/francais-avance-niveau-2-b\/","url":"https:\/\/training.algonquincollege.com\/fr\/produit\/francais-avance-niveau-2-b\/","name":"Fran\u00e7ais Avanc\u00e9 Niveau 2 (B) - Professional Training - Algonquin College","isPartOf":{"@id":"https:\/\/training.algonquincollege.com\/#website"},"primaryImageOfPage":{"@id":"https:\/\/training.algonquincollege.com\/fr\/produit\/francais-avance-niveau-2-b\/#primaryimage"},"image":{"@id":"https:\/\/training.algonquincollege.com\/fr\/produit\/francais-avance-niveau-2-b\/#primaryimage"},"thumbnailUrl":"https:\/\/training.algonquincollege.com\/wp-content\/uploads\/2024\/04\/FSL6.jpg","datePublished":"2024-07-08T16:51:47+00:00","dateModified":"2026-04-13T19:43:45+00:00","breadcrumb":{"@id":"https:\/\/training.algonquincollege.com\/fr\/produit\/francais-avance-niveau-2-b\/#breadcrumb"},"inLanguage":"fr-FR","potentialAction":[{"@type":"ReadAction","target":["https:\/\/training.algonquincollege.com\/fr\/produit\/francais-avance-niveau-2-b\/"]}]},{"@type":"ImageObject","inLanguage":"fr-FR","@id":"https:\/\/training.algonquincollege.com\/fr\/produit\/francais-avance-niveau-2-b\/#primaryimage","url":"https:\/\/training.algonquincollege.com\/wp-content\/uploads\/2024\/04\/FSL6.jpg","contentUrl":"https:\/\/training.algonquincollege.com\/wp-content\/uploads\/2024\/04\/FSL6.jpg","width":1400,"height":800,"caption":"Un homme souriant portant des lunettes est assis \u00e0 un bureau avec un ordinateur portable, occup\u00e9 \u00e0 suivre un cours en ligne."},{"@type":"BreadcrumbList","@id":"https:\/\/training.algonquincollege.com\/fr\/produit\/francais-avance-niveau-2-b\/#breadcrumb","itemListElement":[{"@type":"ListItem","position":1,"name":"Home","item":"https:\/\/training.algonquincollege.com\/fr\/accueil\/"},{"@type":"ListItem","position":2,"name":"Boutique","item":"https:\/\/training.algonquincollege.com\/fr\/boutique\/"},{"@type":"ListItem","position":3,"name":"Fran\u00e7ais Avanc\u00e9 Niveau 2 (B)"}]},{"@type":"WebSite","@id":"https:\/\/training.algonquincollege.com\/#website","url":"https:\/\/training.algonquincollege.com\/","name":"Professional Training - Algonquin College","description":"","publisher":{"@id":"https:\/\/training.algonquincollege.com\/#organization"},"potentialAction":[{"@type":"SearchAction","target":{"@type":"EntryPoint","urlTemplate":"https:\/\/training.algonquincollege.com\/?s={search_term_string}"},"query-input":{"@type":"PropertyValueSpecification","valueRequired":true,"valueName":"search_term_string"}}],"inLanguage":"fr-FR"},{"@type":"Organization","@id":"https:\/\/training.algonquincollege.com\/#organization","name":"Professional Training - Algonquin College","url":"https:\/\/training.algonquincollege.com\/","logo":{"@type":"ImageObject","inLanguage":"fr-FR","@id":"https:\/\/training.algonquincollege.com\/#\/schema\/logo\/image\/","url":"https:\/\/training.algonquincollege.com\/wp-content\/uploads\/2023\/10\/cropped-acct_logo.png","contentUrl":"https:\/\/training.algonquincollege.com\/wp-content\/uploads\/2023\/10\/cropped-acct_logo.png","width":300,"height":44,"caption":"Professional Training - Algonquin College"},"image":{"@id":"https:\/\/training.algonquincollege.com\/#\/schema\/logo\/image\/"}}]}},"_links":{"self":[{"href":"https:\/\/training.algonquincollege.com\/fr\/wp-json\/wp\/v2\/product\/182458","targetHints":{"allow":["GET"]}}],"collection":[{"href":"https:\/\/training.algonquincollege.com\/fr\/wp-json\/wp\/v2\/product"}],"about":[{"href":"https:\/\/training.algonquincollege.com\/fr\/wp-json\/wp\/v2\/types\/product"}],"wp:featuredmedia":[{"embeddable":true,"href":"https:\/\/training.algonquincollege.com\/fr\/wp-json\/wp\/v2\/media\/178977"}],"wp:attachment":[{"href":"https:\/\/training.algonquincollege.com\/fr\/wp-json\/wp\/v2\/media?parent=182458"}],"wp:term":[{"taxonomy":"product_brand","embeddable":true,"href":"https:\/\/training.algonquincollege.com\/fr\/wp-json\/wp\/v2\/product_brand?post=182458"},{"taxonomy":"product_cat","embeddable":true,"href":"https:\/\/training.algonquincollege.com\/fr\/wp-json\/wp\/v2\/product_cat?post=182458"},{"taxonomy":"product_tag","embeddable":true,"href":"https:\/\/training.algonquincollege.com\/fr\/wp-json\/wp\/v2\/product_tag?post=182458"}],"curies":[{"name":"wp","href":"https:\/\/api.w.org\/{rel}","templated":true}]}}