{"id":182450,"date":"2024-07-08T12:57:49","date_gmt":"2024-07-08T16:57:49","guid":{"rendered":"https:\/\/corporate.algonquincollege.com\/product\/french-advanced-level-1-b\/"},"modified":"2026-04-13T15:42:53","modified_gmt":"2026-04-13T19:42:53","slug":"french-advanced-level-1-b","status":"publish","type":"product","link":"https:\/\/training.algonquincollege.com\/fr\/produit\/french-advanced-level-1-b\/","title":{"rendered":"French Advanced Level 1 (B)"},"content":{"rendered":"<p>Des comp\u00e9tences linguistiques efficaces en fran\u00e7ais peuvent conduire \u00e0 la r\u00e9ussite professionnelle dans un pays bilingue. En contribuant de mani\u00e8re dynamique \u00e0 de nombreuses activit\u00e9s d&rsquo;apprentissage, les \u00e9l\u00e8ves d\u00e9veloppent leurs capacit\u00e9s de communication et leur ma\u00eetrise de la grammaire. Les \u00e9l\u00e8ves acqui\u00e8rent de l&rsquo;assurance dans l&rsquo;expression \u00e9crite et orale de leurs opinions sur divers sujets li\u00e9s \u00e0 leur vie professionnelle et \u00e0 leurs exp\u00e9riences personnelles et d\u00e9crivent des actions pass\u00e9es en relation avec d&rsquo;autres \u00e9v\u00e9nements pass\u00e9s. En appliquant les r\u00e8gles de grammaire appropri\u00e9es, les \u00e9l\u00e8ves utilisent leur exp\u00e9rience personnelle et professionnelle pour exprimer des souhaits, des espoirs et des ambitions. Ils commenceront \u00e9galement \u00e0 d\u00e9crire des situations hypoth\u00e9tiques. Les exercices de prononciation suppl\u00e9mentaires aident les \u00e9tudiants \u00e0 devenir plus fluides et \u00e0 prendre confiance en leurs capacit\u00e9s d&rsquo;expression orale.     <\/p>\n","protected":false},"excerpt":{"rendered":"<p>D\u00e9veloppez votre communication en fran\u00e7ais dans des situations professionnelles, en discutant et en comparant des exp\u00e9riences pr\u00e9sentes et pass\u00e9es, en exprimant vos opinions ainsi que des conditions et des hypoth\u00e8ses.<\/p>\n","protected":false},"featured_media":179118,"template":"","meta":{"_acf_changed":false},"product_brand":[],"product_cat":[91,80],"product_tag":[],"class_list":{"0":"post-182450","1":"product","2":"type-product","3":"status-publish","4":"has-post-thumbnail","6":"product_cat-french-as-a-second-language-fr","7":"product_cat-non-classifiee","8":"course_group-language-training-fr","9":"course_group-french-as-a-second-language-fr","11":"first","12":"outofstock","13":"shipping-taxable","14":"purchasable","15":"product-type-variable"},"acf":[],"yoast_head":"<!-- This site is optimized with the Yoast SEO plugin v27.5 - https:\/\/yoast.com\/product\/yoast-seo-wordpress\/ -->\n<title>French Advanced Level 1 (B) - Professional Training - Algonquin College<\/title>\n<meta name=\"robots\" content=\"index, follow, max-snippet:-1, max-image-preview:large, max-video-preview:-1\" \/>\n<link rel=\"canonical\" href=\"https:\/\/training.algonquincollege.com\/fr\/produit\/french-advanced-level-1-b\/\" \/>\n<meta property=\"og:locale\" content=\"fr_FR\" \/>\n<meta property=\"og:type\" content=\"article\" \/>\n<meta property=\"og:title\" content=\"French Advanced Level 1 (B) - Professional Training - Algonquin College\" \/>\n<meta property=\"og:description\" content=\"D\u00e9veloppez votre communication en fran\u00e7ais dans des situations professionnelles, en discutant et en comparant des exp\u00e9riences pr\u00e9sentes et pass\u00e9es, en exprimant vos opinions ainsi que des conditions et des hypoth\u00e8ses.\" \/>\n<meta property=\"og:url\" content=\"https:\/\/training.algonquincollege.com\/fr\/produit\/french-advanced-level-1-b\/\" \/>\n<meta property=\"og:site_name\" content=\"Professional Training - Algonquin College\" \/>\n<meta property=\"article:modified_time\" content=\"2026-04-13T19:42:53+00:00\" \/>\n<meta property=\"og:image\" content=\"https:\/\/training.algonquincollege.com\/wp-content\/uploads\/2024\/03\/FSL55.jpg\" \/>\n\t<meta property=\"og:image:width\" content=\"1400\" \/>\n\t<meta property=\"og:image:height\" content=\"800\" \/>\n\t<meta property=\"og:image:type\" content=\"image\/jpeg\" \/>\n<meta name=\"twitter:card\" content=\"summary_large_image\" \/>\n<meta name=\"twitter:label1\" content=\"Dur\u00e9e de lecture estim\u00e9e\" \/>\n\t<meta name=\"twitter:data1\" content=\"1 minute\" \/>\n<script type=\"application\/ld+json\" class=\"yoast-schema-graph\">{\"@context\":\"https:\\\/\\\/schema.org\",\"@graph\":[{\"@type\":\"WebPage\",\"@id\":\"https:\\\/\\\/training.algonquincollege.com\\\/fr\\\/produit\\\/french-advanced-level-1-b\\\/\",\"url\":\"https:\\\/\\\/training.algonquincollege.com\\\/fr\\\/produit\\\/french-advanced-level-1-b\\\/\",\"name\":\"French Advanced Level 1 (B) - Professional Training - Algonquin College\",\"isPartOf\":{\"@id\":\"https:\\\/\\\/training.algonquincollege.com\\\/#website\"},\"primaryImageOfPage\":{\"@id\":\"https:\\\/\\\/training.algonquincollege.com\\\/fr\\\/produit\\\/french-advanced-level-1-b\\\/#primaryimage\"},\"image\":{\"@id\":\"https:\\\/\\\/training.algonquincollege.com\\\/fr\\\/produit\\\/french-advanced-level-1-b\\\/#primaryimage\"},\"thumbnailUrl\":\"https:\\\/\\\/training.algonquincollege.com\\\/wp-content\\\/uploads\\\/2024\\\/03\\\/FSL55.jpg\",\"datePublished\":\"2024-07-08T16:57:49+00:00\",\"dateModified\":\"2026-04-13T19:42:53+00:00\",\"breadcrumb\":{\"@id\":\"https:\\\/\\\/training.algonquincollege.com\\\/fr\\\/produit\\\/french-advanced-level-1-b\\\/#breadcrumb\"},\"inLanguage\":\"fr-FR\",\"potentialAction\":[{\"@type\":\"ReadAction\",\"target\":[\"https:\\\/\\\/training.algonquincollege.com\\\/fr\\\/produit\\\/french-advanced-level-1-b\\\/\"]}]},{\"@type\":\"ImageObject\",\"inLanguage\":\"fr-FR\",\"@id\":\"https:\\\/\\\/training.algonquincollege.com\\\/fr\\\/produit\\\/french-advanced-level-1-b\\\/#primaryimage\",\"url\":\"https:\\\/\\\/training.algonquincollege.com\\\/wp-content\\\/uploads\\\/2024\\\/03\\\/FSL55.jpg\",\"contentUrl\":\"https:\\\/\\\/training.algonquincollege.com\\\/wp-content\\\/uploads\\\/2024\\\/03\\\/FSL55.jpg\",\"width\":1400,\"height\":800,\"caption\":\"Une enseignante portant des lunettes \u00e9crit du fran\u00e7ais sur un tableau blanc pendant un cours.\"},{\"@type\":\"BreadcrumbList\",\"@id\":\"https:\\\/\\\/training.algonquincollege.com\\\/fr\\\/produit\\\/french-advanced-level-1-b\\\/#breadcrumb\",\"itemListElement\":[{\"@type\":\"ListItem\",\"position\":1,\"name\":\"Home\",\"item\":\"https:\\\/\\\/training.algonquincollege.com\\\/fr\\\/accueil\\\/\"},{\"@type\":\"ListItem\",\"position\":2,\"name\":\"Boutique\",\"item\":\"https:\\\/\\\/training.algonquincollege.com\\\/fr\\\/boutique\\\/\"},{\"@type\":\"ListItem\",\"position\":3,\"name\":\"French Advanced Level 1 (B)\"}]},{\"@type\":\"WebSite\",\"@id\":\"https:\\\/\\\/training.algonquincollege.com\\\/#website\",\"url\":\"https:\\\/\\\/training.algonquincollege.com\\\/\",\"name\":\"Professional Training - Algonquin College\",\"description\":\"\",\"publisher\":{\"@id\":\"https:\\\/\\\/training.algonquincollege.com\\\/#organization\"},\"potentialAction\":[{\"@type\":\"SearchAction\",\"target\":{\"@type\":\"EntryPoint\",\"urlTemplate\":\"https:\\\/\\\/training.algonquincollege.com\\\/?s={search_term_string}\"},\"query-input\":{\"@type\":\"PropertyValueSpecification\",\"valueRequired\":true,\"valueName\":\"search_term_string\"}}],\"inLanguage\":\"fr-FR\"},{\"@type\":\"Organization\",\"@id\":\"https:\\\/\\\/training.algonquincollege.com\\\/#organization\",\"name\":\"Professional Training - Algonquin College\",\"url\":\"https:\\\/\\\/training.algonquincollege.com\\\/\",\"logo\":{\"@type\":\"ImageObject\",\"inLanguage\":\"fr-FR\",\"@id\":\"https:\\\/\\\/training.algonquincollege.com\\\/#\\\/schema\\\/logo\\\/image\\\/\",\"url\":\"https:\\\/\\\/training.algonquincollege.com\\\/wp-content\\\/uploads\\\/2023\\\/10\\\/cropped-acct_logo.png\",\"contentUrl\":\"https:\\\/\\\/training.algonquincollege.com\\\/wp-content\\\/uploads\\\/2023\\\/10\\\/cropped-acct_logo.png\",\"width\":300,\"height\":44,\"caption\":\"Professional Training - Algonquin College\"},\"image\":{\"@id\":\"https:\\\/\\\/training.algonquincollege.com\\\/#\\\/schema\\\/logo\\\/image\\\/\"}}]}<\/script>\n<!-- \/ Yoast SEO plugin. -->","yoast_head_json":{"title":"French Advanced Level 1 (B) - Professional Training - Algonquin College","robots":{"index":"index","follow":"follow","max-snippet":"max-snippet:-1","max-image-preview":"max-image-preview:large","max-video-preview":"max-video-preview:-1"},"canonical":"https:\/\/training.algonquincollege.com\/fr\/produit\/french-advanced-level-1-b\/","og_locale":"fr_FR","og_type":"article","og_title":"French Advanced Level 1 (B) - Professional Training - Algonquin College","og_description":"D\u00e9veloppez votre communication en fran\u00e7ais dans des situations professionnelles, en discutant et en comparant des exp\u00e9riences pr\u00e9sentes et pass\u00e9es, en exprimant vos opinions ainsi que des conditions et des hypoth\u00e8ses.","og_url":"https:\/\/training.algonquincollege.com\/fr\/produit\/french-advanced-level-1-b\/","og_site_name":"Professional Training - Algonquin College","article_modified_time":"2026-04-13T19:42:53+00:00","og_image":[{"width":1400,"height":800,"url":"https:\/\/training.algonquincollege.com\/wp-content\/uploads\/2024\/03\/FSL55.jpg","type":"image\/jpeg"}],"twitter_card":"summary_large_image","twitter_misc":{"Dur\u00e9e de lecture estim\u00e9e":"1 minute"},"schema":{"@context":"https:\/\/schema.org","@graph":[{"@type":"WebPage","@id":"https:\/\/training.algonquincollege.com\/fr\/produit\/french-advanced-level-1-b\/","url":"https:\/\/training.algonquincollege.com\/fr\/produit\/french-advanced-level-1-b\/","name":"French Advanced Level 1 (B) - Professional Training - Algonquin College","isPartOf":{"@id":"https:\/\/training.algonquincollege.com\/#website"},"primaryImageOfPage":{"@id":"https:\/\/training.algonquincollege.com\/fr\/produit\/french-advanced-level-1-b\/#primaryimage"},"image":{"@id":"https:\/\/training.algonquincollege.com\/fr\/produit\/french-advanced-level-1-b\/#primaryimage"},"thumbnailUrl":"https:\/\/training.algonquincollege.com\/wp-content\/uploads\/2024\/03\/FSL55.jpg","datePublished":"2024-07-08T16:57:49+00:00","dateModified":"2026-04-13T19:42:53+00:00","breadcrumb":{"@id":"https:\/\/training.algonquincollege.com\/fr\/produit\/french-advanced-level-1-b\/#breadcrumb"},"inLanguage":"fr-FR","potentialAction":[{"@type":"ReadAction","target":["https:\/\/training.algonquincollege.com\/fr\/produit\/french-advanced-level-1-b\/"]}]},{"@type":"ImageObject","inLanguage":"fr-FR","@id":"https:\/\/training.algonquincollege.com\/fr\/produit\/french-advanced-level-1-b\/#primaryimage","url":"https:\/\/training.algonquincollege.com\/wp-content\/uploads\/2024\/03\/FSL55.jpg","contentUrl":"https:\/\/training.algonquincollege.com\/wp-content\/uploads\/2024\/03\/FSL55.jpg","width":1400,"height":800,"caption":"Une enseignante portant des lunettes \u00e9crit du fran\u00e7ais sur un tableau blanc pendant un cours."},{"@type":"BreadcrumbList","@id":"https:\/\/training.algonquincollege.com\/fr\/produit\/french-advanced-level-1-b\/#breadcrumb","itemListElement":[{"@type":"ListItem","position":1,"name":"Home","item":"https:\/\/training.algonquincollege.com\/fr\/accueil\/"},{"@type":"ListItem","position":2,"name":"Boutique","item":"https:\/\/training.algonquincollege.com\/fr\/boutique\/"},{"@type":"ListItem","position":3,"name":"French Advanced Level 1 (B)"}]},{"@type":"WebSite","@id":"https:\/\/training.algonquincollege.com\/#website","url":"https:\/\/training.algonquincollege.com\/","name":"Professional Training - Algonquin College","description":"","publisher":{"@id":"https:\/\/training.algonquincollege.com\/#organization"},"potentialAction":[{"@type":"SearchAction","target":{"@type":"EntryPoint","urlTemplate":"https:\/\/training.algonquincollege.com\/?s={search_term_string}"},"query-input":{"@type":"PropertyValueSpecification","valueRequired":true,"valueName":"search_term_string"}}],"inLanguage":"fr-FR"},{"@type":"Organization","@id":"https:\/\/training.algonquincollege.com\/#organization","name":"Professional Training - Algonquin College","url":"https:\/\/training.algonquincollege.com\/","logo":{"@type":"ImageObject","inLanguage":"fr-FR","@id":"https:\/\/training.algonquincollege.com\/#\/schema\/logo\/image\/","url":"https:\/\/training.algonquincollege.com\/wp-content\/uploads\/2023\/10\/cropped-acct_logo.png","contentUrl":"https:\/\/training.algonquincollege.com\/wp-content\/uploads\/2023\/10\/cropped-acct_logo.png","width":300,"height":44,"caption":"Professional Training - Algonquin College"},"image":{"@id":"https:\/\/training.algonquincollege.com\/#\/schema\/logo\/image\/"}}]}},"_links":{"self":[{"href":"https:\/\/training.algonquincollege.com\/fr\/wp-json\/wp\/v2\/product\/182450","targetHints":{"allow":["GET"]}}],"collection":[{"href":"https:\/\/training.algonquincollege.com\/fr\/wp-json\/wp\/v2\/product"}],"about":[{"href":"https:\/\/training.algonquincollege.com\/fr\/wp-json\/wp\/v2\/types\/product"}],"wp:featuredmedia":[{"embeddable":true,"href":"https:\/\/training.algonquincollege.com\/fr\/wp-json\/wp\/v2\/media\/179118"}],"wp:attachment":[{"href":"https:\/\/training.algonquincollege.com\/fr\/wp-json\/wp\/v2\/media?parent=182450"}],"wp:term":[{"taxonomy":"product_brand","embeddable":true,"href":"https:\/\/training.algonquincollege.com\/fr\/wp-json\/wp\/v2\/product_brand?post=182450"},{"taxonomy":"product_cat","embeddable":true,"href":"https:\/\/training.algonquincollege.com\/fr\/wp-json\/wp\/v2\/product_cat?post=182450"},{"taxonomy":"product_tag","embeddable":true,"href":"https:\/\/training.algonquincollege.com\/fr\/wp-json\/wp\/v2\/product_tag?post=182450"}],"curies":[{"name":"wp","href":"https:\/\/api.w.org\/{rel}","templated":true}]}}