{"id":182441,"date":"2024-07-08T12:54:34","date_gmt":"2024-07-08T16:54:34","guid":{"rendered":"https:\/\/corporate.algonquincollege.com\/product\/francais-niveau-intermediaire-2-a\/"},"modified":"2026-04-13T15:42:12","modified_gmt":"2026-04-13T19:42:12","slug":"francais-niveau-intermediaire-2-a","status":"publish","type":"product","link":"https:\/\/training.algonquincollege.com\/fr\/produit\/francais-niveau-intermediaire-2-a\/","title":{"rendered":"Fran\u00e7ais niveau interm\u00e9diaire 2 (A)"},"content":{"rendered":"<p>Des comp\u00e9tences linguistiques pr\u00e9cises en fran\u00e7ais sont n\u00e9cessaires pour r\u00e9ussir dans un milieu de travail bilingue. Dans ce cours, les \u00e9tudiants am\u00e9liorent leur capacit\u00e9 \u00e0 lire, \u00e9crire, comprendre et parler le fran\u00e7ais en participant \u00e0 un large \u00e9ventail d&rsquo;activit\u00e9s de communication. Les \u00e9l\u00e8ves apprennent \u00e0 d\u00e9crire des personnes et des situations dans leur environnement social et professionnel, des actions pass\u00e9es et des projets, en s&rsquo;appuyant sur les commentaires des formateurs.  <\/p>\n","protected":false},"excerpt":{"rendered":"<p>\u00c9largissez votre capacit\u00e9 \u00e0 communiquer au pass\u00e9, au pr\u00e9sent et au futur. Les activit\u00e9s d&rsquo;apprentissage de ce cours se concentrent sur la comparaison des habitudes et des activit\u00e9s, l&rsquo;expos\u00e9 des motifs et la justification des actions. <\/p>\n","protected":false},"featured_media":179377,"template":"","meta":{"_acf_changed":false},"product_brand":[],"product_cat":[91,80],"product_tag":[],"class_list":{"0":"post-182441","1":"product","2":"type-product","3":"status-publish","4":"has-post-thumbnail","6":"product_cat-french-as-a-second-language-fr","7":"product_cat-non-classifiee","8":"course_group-language-training-fr","9":"course_group-french-as-a-second-language-fr","11":"first","12":"outofstock","13":"shipping-taxable","14":"purchasable","15":"product-type-variable"},"acf":[],"yoast_head":"<!-- This site is optimized with the Yoast SEO plugin v27.5 - https:\/\/yoast.com\/product\/yoast-seo-wordpress\/ -->\n<title>Fran\u00e7ais niveau interm\u00e9diaire 2 (A) - Professional Training - Algonquin College<\/title>\n<meta name=\"robots\" content=\"index, follow, max-snippet:-1, max-image-preview:large, max-video-preview:-1\" \/>\n<link rel=\"canonical\" href=\"https:\/\/training.algonquincollege.com\/fr\/produit\/francais-niveau-intermediaire-2-a\/\" \/>\n<meta property=\"og:locale\" content=\"fr_FR\" \/>\n<meta property=\"og:type\" content=\"article\" \/>\n<meta property=\"og:title\" content=\"Fran\u00e7ais niveau interm\u00e9diaire 2 (A) - Professional Training - Algonquin College\" \/>\n<meta property=\"og:description\" content=\"\u00c9largissez votre capacit\u00e9 \u00e0 communiquer au pass\u00e9, au pr\u00e9sent et au futur. Les activit\u00e9s d&#039;apprentissage de ce cours se concentrent sur la comparaison des habitudes et des activit\u00e9s, l&#039;expos\u00e9 des motifs et la justification des actions.\" \/>\n<meta property=\"og:url\" content=\"https:\/\/training.algonquincollege.com\/fr\/produit\/francais-niveau-intermediaire-2-a\/\" \/>\n<meta property=\"og:site_name\" content=\"Professional Training - Algonquin College\" \/>\n<meta property=\"article:modified_time\" content=\"2026-04-13T19:42:12+00:00\" \/>\n<meta property=\"og:image\" content=\"https:\/\/training.algonquincollege.com\/wp-content\/uploads\/2024\/07\/FSL4-01.jpg\" \/>\n\t<meta property=\"og:image:width\" content=\"1400\" \/>\n\t<meta property=\"og:image:height\" content=\"800\" \/>\n\t<meta property=\"og:image:type\" content=\"image\/jpeg\" \/>\n<meta name=\"twitter:card\" content=\"summary_large_image\" \/>\n<script type=\"application\/ld+json\" class=\"yoast-schema-graph\">{\"@context\":\"https:\\\/\\\/schema.org\",\"@graph\":[{\"@type\":\"WebPage\",\"@id\":\"https:\\\/\\\/training.algonquincollege.com\\\/fr\\\/produit\\\/francais-niveau-intermediaire-2-a\\\/\",\"url\":\"https:\\\/\\\/training.algonquincollege.com\\\/fr\\\/produit\\\/francais-niveau-intermediaire-2-a\\\/\",\"name\":\"Fran\u00e7ais niveau interm\u00e9diaire 2 (A) - Professional Training - Algonquin College\",\"isPartOf\":{\"@id\":\"https:\\\/\\\/training.algonquincollege.com\\\/#website\"},\"primaryImageOfPage\":{\"@id\":\"https:\\\/\\\/training.algonquincollege.com\\\/fr\\\/produit\\\/francais-niveau-intermediaire-2-a\\\/#primaryimage\"},\"image\":{\"@id\":\"https:\\\/\\\/training.algonquincollege.com\\\/fr\\\/produit\\\/francais-niveau-intermediaire-2-a\\\/#primaryimage\"},\"thumbnailUrl\":\"https:\\\/\\\/training.algonquincollege.com\\\/wp-content\\\/uploads\\\/2024\\\/07\\\/FSL4-01.jpg\",\"datePublished\":\"2024-07-08T16:54:34+00:00\",\"dateModified\":\"2026-04-13T19:42:12+00:00\",\"breadcrumb\":{\"@id\":\"https:\\\/\\\/training.algonquincollege.com\\\/fr\\\/produit\\\/francais-niveau-intermediaire-2-a\\\/#breadcrumb\"},\"inLanguage\":\"fr-FR\",\"potentialAction\":[{\"@type\":\"ReadAction\",\"target\":[\"https:\\\/\\\/training.algonquincollege.com\\\/fr\\\/produit\\\/francais-niveau-intermediaire-2-a\\\/\"]}]},{\"@type\":\"ImageObject\",\"inLanguage\":\"fr-FR\",\"@id\":\"https:\\\/\\\/training.algonquincollege.com\\\/fr\\\/produit\\\/francais-niveau-intermediaire-2-a\\\/#primaryimage\",\"url\":\"https:\\\/\\\/training.algonquincollege.com\\\/wp-content\\\/uploads\\\/2024\\\/07\\\/FSL4-01.jpg\",\"contentUrl\":\"https:\\\/\\\/training.algonquincollege.com\\\/wp-content\\\/uploads\\\/2024\\\/07\\\/FSL4-01.jpg\",\"width\":1400,\"height\":800,\"caption\":\"Une femme portant un casque audio et des lunettes, assise \u00e0 un bureau avec un ordinateur portable, travaillant dans un environnement de bureau moderne.\"},{\"@type\":\"BreadcrumbList\",\"@id\":\"https:\\\/\\\/training.algonquincollege.com\\\/fr\\\/produit\\\/francais-niveau-intermediaire-2-a\\\/#breadcrumb\",\"itemListElement\":[{\"@type\":\"ListItem\",\"position\":1,\"name\":\"Home\",\"item\":\"https:\\\/\\\/training.algonquincollege.com\\\/fr\\\/accueil\\\/\"},{\"@type\":\"ListItem\",\"position\":2,\"name\":\"Boutique\",\"item\":\"https:\\\/\\\/training.algonquincollege.com\\\/fr\\\/boutique\\\/\"},{\"@type\":\"ListItem\",\"position\":3,\"name\":\"Fran\u00e7ais niveau interm\u00e9diaire 2 (A)\"}]},{\"@type\":\"WebSite\",\"@id\":\"https:\\\/\\\/training.algonquincollege.com\\\/#website\",\"url\":\"https:\\\/\\\/training.algonquincollege.com\\\/\",\"name\":\"Professional Training - Algonquin College\",\"description\":\"\",\"publisher\":{\"@id\":\"https:\\\/\\\/training.algonquincollege.com\\\/#organization\"},\"potentialAction\":[{\"@type\":\"SearchAction\",\"target\":{\"@type\":\"EntryPoint\",\"urlTemplate\":\"https:\\\/\\\/training.algonquincollege.com\\\/?s={search_term_string}\"},\"query-input\":{\"@type\":\"PropertyValueSpecification\",\"valueRequired\":true,\"valueName\":\"search_term_string\"}}],\"inLanguage\":\"fr-FR\"},{\"@type\":\"Organization\",\"@id\":\"https:\\\/\\\/training.algonquincollege.com\\\/#organization\",\"name\":\"Professional Training - Algonquin College\",\"url\":\"https:\\\/\\\/training.algonquincollege.com\\\/\",\"logo\":{\"@type\":\"ImageObject\",\"inLanguage\":\"fr-FR\",\"@id\":\"https:\\\/\\\/training.algonquincollege.com\\\/#\\\/schema\\\/logo\\\/image\\\/\",\"url\":\"https:\\\/\\\/training.algonquincollege.com\\\/wp-content\\\/uploads\\\/2023\\\/10\\\/cropped-acct_logo.png\",\"contentUrl\":\"https:\\\/\\\/training.algonquincollege.com\\\/wp-content\\\/uploads\\\/2023\\\/10\\\/cropped-acct_logo.png\",\"width\":300,\"height\":44,\"caption\":\"Professional Training - Algonquin College\"},\"image\":{\"@id\":\"https:\\\/\\\/training.algonquincollege.com\\\/#\\\/schema\\\/logo\\\/image\\\/\"}}]}<\/script>\n<!-- \/ Yoast SEO plugin. -->","yoast_head_json":{"title":"Fran\u00e7ais niveau interm\u00e9diaire 2 (A) - Professional Training - Algonquin College","robots":{"index":"index","follow":"follow","max-snippet":"max-snippet:-1","max-image-preview":"max-image-preview:large","max-video-preview":"max-video-preview:-1"},"canonical":"https:\/\/training.algonquincollege.com\/fr\/produit\/francais-niveau-intermediaire-2-a\/","og_locale":"fr_FR","og_type":"article","og_title":"Fran\u00e7ais niveau interm\u00e9diaire 2 (A) - Professional Training - Algonquin College","og_description":"\u00c9largissez votre capacit\u00e9 \u00e0 communiquer au pass\u00e9, au pr\u00e9sent et au futur. Les activit\u00e9s d'apprentissage de ce cours se concentrent sur la comparaison des habitudes et des activit\u00e9s, l'expos\u00e9 des motifs et la justification des actions.","og_url":"https:\/\/training.algonquincollege.com\/fr\/produit\/francais-niveau-intermediaire-2-a\/","og_site_name":"Professional Training - Algonquin College","article_modified_time":"2026-04-13T19:42:12+00:00","og_image":[{"width":1400,"height":800,"url":"https:\/\/training.algonquincollege.com\/wp-content\/uploads\/2024\/07\/FSL4-01.jpg","type":"image\/jpeg"}],"twitter_card":"summary_large_image","schema":{"@context":"https:\/\/schema.org","@graph":[{"@type":"WebPage","@id":"https:\/\/training.algonquincollege.com\/fr\/produit\/francais-niveau-intermediaire-2-a\/","url":"https:\/\/training.algonquincollege.com\/fr\/produit\/francais-niveau-intermediaire-2-a\/","name":"Fran\u00e7ais niveau interm\u00e9diaire 2 (A) - Professional Training - Algonquin College","isPartOf":{"@id":"https:\/\/training.algonquincollege.com\/#website"},"primaryImageOfPage":{"@id":"https:\/\/training.algonquincollege.com\/fr\/produit\/francais-niveau-intermediaire-2-a\/#primaryimage"},"image":{"@id":"https:\/\/training.algonquincollege.com\/fr\/produit\/francais-niveau-intermediaire-2-a\/#primaryimage"},"thumbnailUrl":"https:\/\/training.algonquincollege.com\/wp-content\/uploads\/2024\/07\/FSL4-01.jpg","datePublished":"2024-07-08T16:54:34+00:00","dateModified":"2026-04-13T19:42:12+00:00","breadcrumb":{"@id":"https:\/\/training.algonquincollege.com\/fr\/produit\/francais-niveau-intermediaire-2-a\/#breadcrumb"},"inLanguage":"fr-FR","potentialAction":[{"@type":"ReadAction","target":["https:\/\/training.algonquincollege.com\/fr\/produit\/francais-niveau-intermediaire-2-a\/"]}]},{"@type":"ImageObject","inLanguage":"fr-FR","@id":"https:\/\/training.algonquincollege.com\/fr\/produit\/francais-niveau-intermediaire-2-a\/#primaryimage","url":"https:\/\/training.algonquincollege.com\/wp-content\/uploads\/2024\/07\/FSL4-01.jpg","contentUrl":"https:\/\/training.algonquincollege.com\/wp-content\/uploads\/2024\/07\/FSL4-01.jpg","width":1400,"height":800,"caption":"Une femme portant un casque audio et des lunettes, assise \u00e0 un bureau avec un ordinateur portable, travaillant dans un environnement de bureau moderne."},{"@type":"BreadcrumbList","@id":"https:\/\/training.algonquincollege.com\/fr\/produit\/francais-niveau-intermediaire-2-a\/#breadcrumb","itemListElement":[{"@type":"ListItem","position":1,"name":"Home","item":"https:\/\/training.algonquincollege.com\/fr\/accueil\/"},{"@type":"ListItem","position":2,"name":"Boutique","item":"https:\/\/training.algonquincollege.com\/fr\/boutique\/"},{"@type":"ListItem","position":3,"name":"Fran\u00e7ais niveau interm\u00e9diaire 2 (A)"}]},{"@type":"WebSite","@id":"https:\/\/training.algonquincollege.com\/#website","url":"https:\/\/training.algonquincollege.com\/","name":"Professional Training - Algonquin College","description":"","publisher":{"@id":"https:\/\/training.algonquincollege.com\/#organization"},"potentialAction":[{"@type":"SearchAction","target":{"@type":"EntryPoint","urlTemplate":"https:\/\/training.algonquincollege.com\/?s={search_term_string}"},"query-input":{"@type":"PropertyValueSpecification","valueRequired":true,"valueName":"search_term_string"}}],"inLanguage":"fr-FR"},{"@type":"Organization","@id":"https:\/\/training.algonquincollege.com\/#organization","name":"Professional Training - Algonquin College","url":"https:\/\/training.algonquincollege.com\/","logo":{"@type":"ImageObject","inLanguage":"fr-FR","@id":"https:\/\/training.algonquincollege.com\/#\/schema\/logo\/image\/","url":"https:\/\/training.algonquincollege.com\/wp-content\/uploads\/2023\/10\/cropped-acct_logo.png","contentUrl":"https:\/\/training.algonquincollege.com\/wp-content\/uploads\/2023\/10\/cropped-acct_logo.png","width":300,"height":44,"caption":"Professional Training - Algonquin College"},"image":{"@id":"https:\/\/training.algonquincollege.com\/#\/schema\/logo\/image\/"}}]}},"_links":{"self":[{"href":"https:\/\/training.algonquincollege.com\/fr\/wp-json\/wp\/v2\/product\/182441","targetHints":{"allow":["GET"]}}],"collection":[{"href":"https:\/\/training.algonquincollege.com\/fr\/wp-json\/wp\/v2\/product"}],"about":[{"href":"https:\/\/training.algonquincollege.com\/fr\/wp-json\/wp\/v2\/types\/product"}],"wp:featuredmedia":[{"embeddable":true,"href":"https:\/\/training.algonquincollege.com\/fr\/wp-json\/wp\/v2\/media\/179377"}],"wp:attachment":[{"href":"https:\/\/training.algonquincollege.com\/fr\/wp-json\/wp\/v2\/media?parent=182441"}],"wp:term":[{"taxonomy":"product_brand","embeddable":true,"href":"https:\/\/training.algonquincollege.com\/fr\/wp-json\/wp\/v2\/product_brand?post=182441"},{"taxonomy":"product_cat","embeddable":true,"href":"https:\/\/training.algonquincollege.com\/fr\/wp-json\/wp\/v2\/product_cat?post=182441"},{"taxonomy":"product_tag","embeddable":true,"href":"https:\/\/training.algonquincollege.com\/fr\/wp-json\/wp\/v2\/product_tag?post=182441"}],"curies":[{"name":"wp","href":"https:\/\/api.w.org\/{rel}","templated":true}]}}