{"id":182431,"date":"2024-07-08T12:53:23","date_gmt":"2024-07-08T16:53:23","guid":{"rendered":"https:\/\/corporate.algonquincollege.com\/product\/francais-niveau-intermediaire-1-a\/"},"modified":"2026-04-13T15:40:46","modified_gmt":"2026-04-13T19:40:46","slug":"francais-niveau-intermediaire-1-a","status":"publish","type":"product","link":"https:\/\/training.algonquincollege.com\/fr\/produit\/francais-niveau-intermediaire-1-a\/","title":{"rendered":"Fran\u00e7ais niveau interm\u00e9diaire 1 (A)"},"content":{"rendered":"<p>L&rsquo;am\u00e9lioration des comp\u00e9tences \u00e9crites, orales et de compr\u00e9hension en fran\u00e7ais peut conduire \u00e0 une \u00e9volution de carri\u00e8re. Les \u00e9tudiants renforcent et approfondissent leurs connaissances des temps du pass\u00e9 et du futur et appliquent de nouveaux concepts grammaticaux en les utilisant pour relater des \u00e9v\u00e9nements pass\u00e9s, des exp\u00e9riences pr\u00e9sentes et des projets. Par le biais d&rsquo;activit\u00e9s et d&rsquo;exercices de communication fr\u00e9quents, professionnels et personnels, les \u00e9tudiants choisissent les temps appropri\u00e9s pour d\u00e9crire des sujets, des personnes, des objets et des \u00e9v\u00e9nements pr\u00e9sents, futurs et pass\u00e9s. Les \u00e9l\u00e8ves fournissent des informations sur leurs exp\u00e9riences professionnelles, leurs pr\u00e9f\u00e9rences et leurs loisirs.   <\/p>\n","protected":false},"excerpt":{"rendered":"<p>D\u00e9veloppez vos capacit\u00e9s d&rsquo;\u00e9coute, de lecture, d&rsquo;\u00e9criture et d&rsquo;expression en fran\u00e7ais en participant activement \u00e0 un large \u00e9ventail d&rsquo;activit\u00e9s de communication.<\/p>\n","protected":false},"featured_media":178975,"template":"","meta":{"_acf_changed":false},"product_brand":[],"product_cat":[91,80],"product_tag":[],"class_list":{"0":"post-182431","1":"product","2":"type-product","3":"status-publish","4":"has-post-thumbnail","6":"product_cat-french-as-a-second-language-fr","7":"product_cat-non-classifiee","8":"course_group-language-training-fr","9":"course_group-french-as-a-second-language-fr","11":"first","12":"outofstock","13":"shipping-taxable","14":"purchasable","15":"product-type-variable"},"acf":[],"yoast_head":"<!-- This site is optimized with the Yoast SEO plugin v27.5 - https:\/\/yoast.com\/product\/yoast-seo-wordpress\/ -->\n<title>Fran\u00e7ais niveau interm\u00e9diaire 1 (A) - Professional Training - Algonquin College<\/title>\n<meta name=\"robots\" content=\"index, follow, max-snippet:-1, max-image-preview:large, max-video-preview:-1\" \/>\n<link rel=\"canonical\" href=\"https:\/\/training.algonquincollege.com\/fr\/produit\/francais-niveau-intermediaire-1-a\/\" \/>\n<meta property=\"og:locale\" content=\"fr_FR\" \/>\n<meta property=\"og:type\" content=\"article\" \/>\n<meta property=\"og:title\" content=\"Fran\u00e7ais niveau interm\u00e9diaire 1 (A) - Professional Training - Algonquin College\" \/>\n<meta property=\"og:description\" content=\"D\u00e9veloppez vos capacit\u00e9s d&#039;\u00e9coute, de lecture, d&#039;\u00e9criture et d&#039;expression en fran\u00e7ais en participant activement \u00e0 un large \u00e9ventail d&#039;activit\u00e9s de communication.\" \/>\n<meta property=\"og:url\" content=\"https:\/\/training.algonquincollege.com\/fr\/produit\/francais-niveau-intermediaire-1-a\/\" \/>\n<meta property=\"og:site_name\" content=\"Professional Training - Algonquin College\" \/>\n<meta property=\"article:modified_time\" content=\"2026-04-13T19:40:46+00:00\" \/>\n<meta property=\"og:image\" content=\"https:\/\/training.algonquincollege.com\/wp-content\/uploads\/2024\/04\/FSL3.jpg\" \/>\n\t<meta property=\"og:image:width\" content=\"1400\" \/>\n\t<meta property=\"og:image:height\" content=\"800\" \/>\n\t<meta property=\"og:image:type\" content=\"image\/jpeg\" \/>\n<meta name=\"twitter:card\" content=\"summary_large_image\" \/>\n<meta name=\"twitter:label1\" content=\"Dur\u00e9e de lecture estim\u00e9e\" \/>\n\t<meta name=\"twitter:data1\" content=\"1 minute\" \/>\n<script type=\"application\/ld+json\" class=\"yoast-schema-graph\">{\"@context\":\"https:\\\/\\\/schema.org\",\"@graph\":[{\"@type\":\"WebPage\",\"@id\":\"https:\\\/\\\/training.algonquincollege.com\\\/fr\\\/produit\\\/francais-niveau-intermediaire-1-a\\\/\",\"url\":\"https:\\\/\\\/training.algonquincollege.com\\\/fr\\\/produit\\\/francais-niveau-intermediaire-1-a\\\/\",\"name\":\"Fran\u00e7ais niveau interm\u00e9diaire 1 (A) - Professional Training - Algonquin College\",\"isPartOf\":{\"@id\":\"https:\\\/\\\/training.algonquincollege.com\\\/#website\"},\"primaryImageOfPage\":{\"@id\":\"https:\\\/\\\/training.algonquincollege.com\\\/fr\\\/produit\\\/francais-niveau-intermediaire-1-a\\\/#primaryimage\"},\"image\":{\"@id\":\"https:\\\/\\\/training.algonquincollege.com\\\/fr\\\/produit\\\/francais-niveau-intermediaire-1-a\\\/#primaryimage\"},\"thumbnailUrl\":\"https:\\\/\\\/training.algonquincollege.com\\\/wp-content\\\/uploads\\\/2024\\\/04\\\/FSL3.jpg\",\"datePublished\":\"2024-07-08T16:53:23+00:00\",\"dateModified\":\"2026-04-13T19:40:46+00:00\",\"breadcrumb\":{\"@id\":\"https:\\\/\\\/training.algonquincollege.com\\\/fr\\\/produit\\\/francais-niveau-intermediaire-1-a\\\/#breadcrumb\"},\"inLanguage\":\"fr-FR\",\"potentialAction\":[{\"@type\":\"ReadAction\",\"target\":[\"https:\\\/\\\/training.algonquincollege.com\\\/fr\\\/produit\\\/francais-niveau-intermediaire-1-a\\\/\"]}]},{\"@type\":\"ImageObject\",\"inLanguage\":\"fr-FR\",\"@id\":\"https:\\\/\\\/training.algonquincollege.com\\\/fr\\\/produit\\\/francais-niveau-intermediaire-1-a\\\/#primaryimage\",\"url\":\"https:\\\/\\\/training.algonquincollege.com\\\/wp-content\\\/uploads\\\/2024\\\/04\\\/FSL3.jpg\",\"contentUrl\":\"https:\\\/\\\/training.algonquincollege.com\\\/wp-content\\\/uploads\\\/2024\\\/04\\\/FSL3.jpg\",\"width\":1400,\"height\":800},{\"@type\":\"BreadcrumbList\",\"@id\":\"https:\\\/\\\/training.algonquincollege.com\\\/fr\\\/produit\\\/francais-niveau-intermediaire-1-a\\\/#breadcrumb\",\"itemListElement\":[{\"@type\":\"ListItem\",\"position\":1,\"name\":\"Home\",\"item\":\"https:\\\/\\\/training.algonquincollege.com\\\/fr\\\/accueil\\\/\"},{\"@type\":\"ListItem\",\"position\":2,\"name\":\"Boutique\",\"item\":\"https:\\\/\\\/training.algonquincollege.com\\\/fr\\\/boutique\\\/\"},{\"@type\":\"ListItem\",\"position\":3,\"name\":\"Fran\u00e7ais niveau interm\u00e9diaire 1 (A)\"}]},{\"@type\":\"WebSite\",\"@id\":\"https:\\\/\\\/training.algonquincollege.com\\\/#website\",\"url\":\"https:\\\/\\\/training.algonquincollege.com\\\/\",\"name\":\"Professional Training - Algonquin College\",\"description\":\"\",\"publisher\":{\"@id\":\"https:\\\/\\\/training.algonquincollege.com\\\/#organization\"},\"potentialAction\":[{\"@type\":\"SearchAction\",\"target\":{\"@type\":\"EntryPoint\",\"urlTemplate\":\"https:\\\/\\\/training.algonquincollege.com\\\/?s={search_term_string}\"},\"query-input\":{\"@type\":\"PropertyValueSpecification\",\"valueRequired\":true,\"valueName\":\"search_term_string\"}}],\"inLanguage\":\"fr-FR\"},{\"@type\":\"Organization\",\"@id\":\"https:\\\/\\\/training.algonquincollege.com\\\/#organization\",\"name\":\"Professional Training - Algonquin College\",\"url\":\"https:\\\/\\\/training.algonquincollege.com\\\/\",\"logo\":{\"@type\":\"ImageObject\",\"inLanguage\":\"fr-FR\",\"@id\":\"https:\\\/\\\/training.algonquincollege.com\\\/#\\\/schema\\\/logo\\\/image\\\/\",\"url\":\"https:\\\/\\\/training.algonquincollege.com\\\/wp-content\\\/uploads\\\/2023\\\/10\\\/cropped-acct_logo.png\",\"contentUrl\":\"https:\\\/\\\/training.algonquincollege.com\\\/wp-content\\\/uploads\\\/2023\\\/10\\\/cropped-acct_logo.png\",\"width\":300,\"height\":44,\"caption\":\"Professional Training - Algonquin College\"},\"image\":{\"@id\":\"https:\\\/\\\/training.algonquincollege.com\\\/#\\\/schema\\\/logo\\\/image\\\/\"}}]}<\/script>\n<!-- \/ Yoast SEO plugin. -->","yoast_head_json":{"title":"Fran\u00e7ais niveau interm\u00e9diaire 1 (A) - Professional Training - Algonquin College","robots":{"index":"index","follow":"follow","max-snippet":"max-snippet:-1","max-image-preview":"max-image-preview:large","max-video-preview":"max-video-preview:-1"},"canonical":"https:\/\/training.algonquincollege.com\/fr\/produit\/francais-niveau-intermediaire-1-a\/","og_locale":"fr_FR","og_type":"article","og_title":"Fran\u00e7ais niveau interm\u00e9diaire 1 (A) - Professional Training - Algonquin College","og_description":"D\u00e9veloppez vos capacit\u00e9s d'\u00e9coute, de lecture, d'\u00e9criture et d'expression en fran\u00e7ais en participant activement \u00e0 un large \u00e9ventail d'activit\u00e9s de communication.","og_url":"https:\/\/training.algonquincollege.com\/fr\/produit\/francais-niveau-intermediaire-1-a\/","og_site_name":"Professional Training - Algonquin College","article_modified_time":"2026-04-13T19:40:46+00:00","og_image":[{"width":1400,"height":800,"url":"https:\/\/training.algonquincollege.com\/wp-content\/uploads\/2024\/04\/FSL3.jpg","type":"image\/jpeg"}],"twitter_card":"summary_large_image","twitter_misc":{"Dur\u00e9e de lecture estim\u00e9e":"1 minute"},"schema":{"@context":"https:\/\/schema.org","@graph":[{"@type":"WebPage","@id":"https:\/\/training.algonquincollege.com\/fr\/produit\/francais-niveau-intermediaire-1-a\/","url":"https:\/\/training.algonquincollege.com\/fr\/produit\/francais-niveau-intermediaire-1-a\/","name":"Fran\u00e7ais niveau interm\u00e9diaire 1 (A) - Professional Training - Algonquin College","isPartOf":{"@id":"https:\/\/training.algonquincollege.com\/#website"},"primaryImageOfPage":{"@id":"https:\/\/training.algonquincollege.com\/fr\/produit\/francais-niveau-intermediaire-1-a\/#primaryimage"},"image":{"@id":"https:\/\/training.algonquincollege.com\/fr\/produit\/francais-niveau-intermediaire-1-a\/#primaryimage"},"thumbnailUrl":"https:\/\/training.algonquincollege.com\/wp-content\/uploads\/2024\/04\/FSL3.jpg","datePublished":"2024-07-08T16:53:23+00:00","dateModified":"2026-04-13T19:40:46+00:00","breadcrumb":{"@id":"https:\/\/training.algonquincollege.com\/fr\/produit\/francais-niveau-intermediaire-1-a\/#breadcrumb"},"inLanguage":"fr-FR","potentialAction":[{"@type":"ReadAction","target":["https:\/\/training.algonquincollege.com\/fr\/produit\/francais-niveau-intermediaire-1-a\/"]}]},{"@type":"ImageObject","inLanguage":"fr-FR","@id":"https:\/\/training.algonquincollege.com\/fr\/produit\/francais-niveau-intermediaire-1-a\/#primaryimage","url":"https:\/\/training.algonquincollege.com\/wp-content\/uploads\/2024\/04\/FSL3.jpg","contentUrl":"https:\/\/training.algonquincollege.com\/wp-content\/uploads\/2024\/04\/FSL3.jpg","width":1400,"height":800},{"@type":"BreadcrumbList","@id":"https:\/\/training.algonquincollege.com\/fr\/produit\/francais-niveau-intermediaire-1-a\/#breadcrumb","itemListElement":[{"@type":"ListItem","position":1,"name":"Home","item":"https:\/\/training.algonquincollege.com\/fr\/accueil\/"},{"@type":"ListItem","position":2,"name":"Boutique","item":"https:\/\/training.algonquincollege.com\/fr\/boutique\/"},{"@type":"ListItem","position":3,"name":"Fran\u00e7ais niveau interm\u00e9diaire 1 (A)"}]},{"@type":"WebSite","@id":"https:\/\/training.algonquincollege.com\/#website","url":"https:\/\/training.algonquincollege.com\/","name":"Professional Training - Algonquin College","description":"","publisher":{"@id":"https:\/\/training.algonquincollege.com\/#organization"},"potentialAction":[{"@type":"SearchAction","target":{"@type":"EntryPoint","urlTemplate":"https:\/\/training.algonquincollege.com\/?s={search_term_string}"},"query-input":{"@type":"PropertyValueSpecification","valueRequired":true,"valueName":"search_term_string"}}],"inLanguage":"fr-FR"},{"@type":"Organization","@id":"https:\/\/training.algonquincollege.com\/#organization","name":"Professional Training - Algonquin College","url":"https:\/\/training.algonquincollege.com\/","logo":{"@type":"ImageObject","inLanguage":"fr-FR","@id":"https:\/\/training.algonquincollege.com\/#\/schema\/logo\/image\/","url":"https:\/\/training.algonquincollege.com\/wp-content\/uploads\/2023\/10\/cropped-acct_logo.png","contentUrl":"https:\/\/training.algonquincollege.com\/wp-content\/uploads\/2023\/10\/cropped-acct_logo.png","width":300,"height":44,"caption":"Professional Training - Algonquin College"},"image":{"@id":"https:\/\/training.algonquincollege.com\/#\/schema\/logo\/image\/"}}]}},"_links":{"self":[{"href":"https:\/\/training.algonquincollege.com\/fr\/wp-json\/wp\/v2\/product\/182431","targetHints":{"allow":["GET"]}}],"collection":[{"href":"https:\/\/training.algonquincollege.com\/fr\/wp-json\/wp\/v2\/product"}],"about":[{"href":"https:\/\/training.algonquincollege.com\/fr\/wp-json\/wp\/v2\/types\/product"}],"wp:featuredmedia":[{"embeddable":true,"href":"https:\/\/training.algonquincollege.com\/fr\/wp-json\/wp\/v2\/media\/178975"}],"wp:attachment":[{"href":"https:\/\/training.algonquincollege.com\/fr\/wp-json\/wp\/v2\/media?parent=182431"}],"wp:term":[{"taxonomy":"product_brand","embeddable":true,"href":"https:\/\/training.algonquincollege.com\/fr\/wp-json\/wp\/v2\/product_brand?post=182431"},{"taxonomy":"product_cat","embeddable":true,"href":"https:\/\/training.algonquincollege.com\/fr\/wp-json\/wp\/v2\/product_cat?post=182431"},{"taxonomy":"product_tag","embeddable":true,"href":"https:\/\/training.algonquincollege.com\/fr\/wp-json\/wp\/v2\/product_tag?post=182431"}],"curies":[{"name":"wp","href":"https:\/\/api.w.org\/{rel}","templated":true}]}}