{"id":182418,"date":"2024-07-08T14:56:21","date_gmt":"2024-07-08T18:56:21","guid":{"rendered":"https:\/\/corporate.algonquincollege.com\/product\/francais-debutant-niveau-2-pre-a\/"},"modified":"2026-04-13T15:39:36","modified_gmt":"2026-04-13T19:39:36","slug":"francais-debutant-niveau-2-pre-a","status":"publish","type":"product","link":"https:\/\/training.algonquincollege.com\/fr\/produit\/francais-debutant-niveau-2-pre-a\/","title":{"rendered":"Fran\u00e7ais d\u00e9butant niveau 2 (pr\u00e9-A)"},"content":{"rendered":"<p>Les comp\u00e9tences en langue fran\u00e7aise sont essentielles \u00e0 la r\u00e9ussite professionnelle et sociale dans un pays bilingue comme le Canada. Dans ce cours, les \u00e9l\u00e8ves d\u00e9crivent des activit\u00e9s quotidiennes et r\u00e9agissent \u00e0 diff\u00e9rentes situations de la vie courante en utilisant les quatre comp\u00e9tences : lire, \u00e9crire, \u00e9couter et parler. Gr\u00e2ce \u00e0 diverses \u00e9valuations et activit\u00e9s de communication, les \u00e9l\u00e8ves expriment ce qu&rsquo;ils aiment et n&rsquo;aiment pas dans des contextes sociaux et professionnels et racontent des \u00e9v\u00e9nements pass\u00e9s et des projets en utilisant le pass\u00e9 simple et le futur.  <\/p>\n","protected":false},"excerpt":{"rendered":"<p>Dans ce cours de deuxi\u00e8me niveau, vous apprendrez \u00e0 d\u00e9crire et \u00e0 r\u00e9agir \u00e0 diff\u00e9rentes situations de la vie r\u00e9elle en utilisant les temps du pr\u00e9sent, du pass\u00e9 et du futur.<\/p>\n","protected":false},"featured_media":178974,"template":"","meta":{"_acf_changed":false},"product_brand":[],"product_cat":[91,80],"product_tag":[],"class_list":{"0":"post-182418","1":"product","2":"type-product","3":"status-publish","4":"has-post-thumbnail","6":"product_cat-french-as-a-second-language-fr","7":"product_cat-non-classifiee","8":"course_group-language-training-fr","9":"course_group-french-as-a-second-language-fr","11":"first","12":"outofstock","13":"shipping-taxable","14":"purchasable","15":"product-type-variable"},"acf":[],"yoast_head":"<!-- This site is optimized with the Yoast SEO plugin v27.5 - https:\/\/yoast.com\/product\/yoast-seo-wordpress\/ -->\n<title>Fran\u00e7ais d\u00e9butant niveau 2 (pr\u00e9-A) - Professional Training - Algonquin College<\/title>\n<meta name=\"description\" content=\"Am\u00e9liorez votre fran\u00e7ais avec le cours D\u00e9butant niveau 2 (Pr\u00e9-A) du Coll\u00e8ge Algonquin. Parfait pour renforcer les comp\u00e9tences de base et am\u00e9liorer la ma\u00eetrise du fran\u00e7ais.\" \/>\n<meta name=\"robots\" content=\"index, follow, max-snippet:-1, max-image-preview:large, max-video-preview:-1\" \/>\n<link rel=\"canonical\" href=\"https:\/\/training.algonquincollege.com\/fr\/produit\/francais-debutant-niveau-2-pre-a\/\" \/>\n<meta property=\"og:locale\" content=\"fr_FR\" \/>\n<meta property=\"og:type\" content=\"article\" \/>\n<meta property=\"og:title\" content=\"Fran\u00e7ais d\u00e9butant niveau 2 (pr\u00e9-A) - Professional Training - Algonquin College\" \/>\n<meta property=\"og:description\" content=\"Am\u00e9liorez votre fran\u00e7ais avec le cours D\u00e9butant niveau 2 (Pr\u00e9-A) du Coll\u00e8ge Algonquin. Parfait pour renforcer les comp\u00e9tences de base et am\u00e9liorer la ma\u00eetrise du fran\u00e7ais.\" \/>\n<meta property=\"og:url\" content=\"https:\/\/training.algonquincollege.com\/fr\/produit\/francais-debutant-niveau-2-pre-a\/\" \/>\n<meta property=\"og:site_name\" content=\"Professional Training - Algonquin College\" \/>\n<meta property=\"article:modified_time\" content=\"2026-04-13T19:39:36+00:00\" \/>\n<meta property=\"og:image\" content=\"https:\/\/training.algonquincollege.com\/wp-content\/uploads\/2024\/04\/FSL2.jpg\" \/>\n\t<meta property=\"og:image:width\" content=\"1400\" \/>\n\t<meta property=\"og:image:height\" content=\"800\" \/>\n\t<meta property=\"og:image:type\" content=\"image\/jpeg\" \/>\n<meta name=\"twitter:card\" content=\"summary_large_image\" \/>\n<script type=\"application\/ld+json\" class=\"yoast-schema-graph\">{\"@context\":\"https:\\\/\\\/schema.org\",\"@graph\":[{\"@type\":\"WebPage\",\"@id\":\"https:\\\/\\\/training.algonquincollege.com\\\/fr\\\/produit\\\/francais-debutant-niveau-2-pre-a\\\/\",\"url\":\"https:\\\/\\\/training.algonquincollege.com\\\/fr\\\/produit\\\/francais-debutant-niveau-2-pre-a\\\/\",\"name\":\"Fran\u00e7ais d\u00e9butant niveau 2 (pr\u00e9-A) - Professional Training - Algonquin College\",\"isPartOf\":{\"@id\":\"https:\\\/\\\/training.algonquincollege.com\\\/#website\"},\"primaryImageOfPage\":{\"@id\":\"https:\\\/\\\/training.algonquincollege.com\\\/fr\\\/produit\\\/francais-debutant-niveau-2-pre-a\\\/#primaryimage\"},\"image\":{\"@id\":\"https:\\\/\\\/training.algonquincollege.com\\\/fr\\\/produit\\\/francais-debutant-niveau-2-pre-a\\\/#primaryimage\"},\"thumbnailUrl\":\"https:\\\/\\\/training.algonquincollege.com\\\/wp-content\\\/uploads\\\/2024\\\/04\\\/FSL2.jpg\",\"datePublished\":\"2024-07-08T18:56:21+00:00\",\"dateModified\":\"2026-04-13T19:39:36+00:00\",\"description\":\"Am\u00e9liorez votre fran\u00e7ais avec le cours D\u00e9butant niveau 2 (Pr\u00e9-A) du Coll\u00e8ge Algonquin. Parfait pour renforcer les comp\u00e9tences de base et am\u00e9liorer la ma\u00eetrise du fran\u00e7ais.\",\"breadcrumb\":{\"@id\":\"https:\\\/\\\/training.algonquincollege.com\\\/fr\\\/produit\\\/francais-debutant-niveau-2-pre-a\\\/#breadcrumb\"},\"inLanguage\":\"fr-FR\",\"potentialAction\":[{\"@type\":\"ReadAction\",\"target\":[\"https:\\\/\\\/training.algonquincollege.com\\\/fr\\\/produit\\\/francais-debutant-niveau-2-pre-a\\\/\"]}]},{\"@type\":\"ImageObject\",\"inLanguage\":\"fr-FR\",\"@id\":\"https:\\\/\\\/training.algonquincollege.com\\\/fr\\\/produit\\\/francais-debutant-niveau-2-pre-a\\\/#primaryimage\",\"url\":\"https:\\\/\\\/training.algonquincollege.com\\\/wp-content\\\/uploads\\\/2024\\\/04\\\/FSL2.jpg\",\"contentUrl\":\"https:\\\/\\\/training.algonquincollege.com\\\/wp-content\\\/uploads\\\/2024\\\/04\\\/FSL2.jpg\",\"width\":1400,\"height\":800},{\"@type\":\"BreadcrumbList\",\"@id\":\"https:\\\/\\\/training.algonquincollege.com\\\/fr\\\/produit\\\/francais-debutant-niveau-2-pre-a\\\/#breadcrumb\",\"itemListElement\":[{\"@type\":\"ListItem\",\"position\":1,\"name\":\"Home\",\"item\":\"https:\\\/\\\/training.algonquincollege.com\\\/fr\\\/accueil\\\/\"},{\"@type\":\"ListItem\",\"position\":2,\"name\":\"Boutique\",\"item\":\"https:\\\/\\\/training.algonquincollege.com\\\/fr\\\/boutique\\\/\"},{\"@type\":\"ListItem\",\"position\":3,\"name\":\"Fran\u00e7ais d\u00e9butant niveau 2 (pr\u00e9-A)\"}]},{\"@type\":\"WebSite\",\"@id\":\"https:\\\/\\\/training.algonquincollege.com\\\/#website\",\"url\":\"https:\\\/\\\/training.algonquincollege.com\\\/\",\"name\":\"Professional Training - Algonquin College\",\"description\":\"\",\"publisher\":{\"@id\":\"https:\\\/\\\/training.algonquincollege.com\\\/#organization\"},\"potentialAction\":[{\"@type\":\"SearchAction\",\"target\":{\"@type\":\"EntryPoint\",\"urlTemplate\":\"https:\\\/\\\/training.algonquincollege.com\\\/?s={search_term_string}\"},\"query-input\":{\"@type\":\"PropertyValueSpecification\",\"valueRequired\":true,\"valueName\":\"search_term_string\"}}],\"inLanguage\":\"fr-FR\"},{\"@type\":\"Organization\",\"@id\":\"https:\\\/\\\/training.algonquincollege.com\\\/#organization\",\"name\":\"Professional Training - Algonquin College\",\"url\":\"https:\\\/\\\/training.algonquincollege.com\\\/\",\"logo\":{\"@type\":\"ImageObject\",\"inLanguage\":\"fr-FR\",\"@id\":\"https:\\\/\\\/training.algonquincollege.com\\\/#\\\/schema\\\/logo\\\/image\\\/\",\"url\":\"https:\\\/\\\/training.algonquincollege.com\\\/wp-content\\\/uploads\\\/2023\\\/10\\\/cropped-acct_logo.png\",\"contentUrl\":\"https:\\\/\\\/training.algonquincollege.com\\\/wp-content\\\/uploads\\\/2023\\\/10\\\/cropped-acct_logo.png\",\"width\":300,\"height\":44,\"caption\":\"Professional Training - Algonquin College\"},\"image\":{\"@id\":\"https:\\\/\\\/training.algonquincollege.com\\\/#\\\/schema\\\/logo\\\/image\\\/\"}}]}<\/script>\n<!-- \/ Yoast SEO plugin. -->","yoast_head_json":{"title":"Fran\u00e7ais d\u00e9butant niveau 2 (pr\u00e9-A) - Professional Training - Algonquin College","description":"Am\u00e9liorez votre fran\u00e7ais avec le cours D\u00e9butant niveau 2 (Pr\u00e9-A) du Coll\u00e8ge Algonquin. Parfait pour renforcer les comp\u00e9tences de base et am\u00e9liorer la ma\u00eetrise du fran\u00e7ais.","robots":{"index":"index","follow":"follow","max-snippet":"max-snippet:-1","max-image-preview":"max-image-preview:large","max-video-preview":"max-video-preview:-1"},"canonical":"https:\/\/training.algonquincollege.com\/fr\/produit\/francais-debutant-niveau-2-pre-a\/","og_locale":"fr_FR","og_type":"article","og_title":"Fran\u00e7ais d\u00e9butant niveau 2 (pr\u00e9-A) - Professional Training - Algonquin College","og_description":"Am\u00e9liorez votre fran\u00e7ais avec le cours D\u00e9butant niveau 2 (Pr\u00e9-A) du Coll\u00e8ge Algonquin. Parfait pour renforcer les comp\u00e9tences de base et am\u00e9liorer la ma\u00eetrise du fran\u00e7ais.","og_url":"https:\/\/training.algonquincollege.com\/fr\/produit\/francais-debutant-niveau-2-pre-a\/","og_site_name":"Professional Training - Algonquin College","article_modified_time":"2026-04-13T19:39:36+00:00","og_image":[{"width":1400,"height":800,"url":"https:\/\/training.algonquincollege.com\/wp-content\/uploads\/2024\/04\/FSL2.jpg","type":"image\/jpeg"}],"twitter_card":"summary_large_image","schema":{"@context":"https:\/\/schema.org","@graph":[{"@type":"WebPage","@id":"https:\/\/training.algonquincollege.com\/fr\/produit\/francais-debutant-niveau-2-pre-a\/","url":"https:\/\/training.algonquincollege.com\/fr\/produit\/francais-debutant-niveau-2-pre-a\/","name":"Fran\u00e7ais d\u00e9butant niveau 2 (pr\u00e9-A) - Professional Training - Algonquin College","isPartOf":{"@id":"https:\/\/training.algonquincollege.com\/#website"},"primaryImageOfPage":{"@id":"https:\/\/training.algonquincollege.com\/fr\/produit\/francais-debutant-niveau-2-pre-a\/#primaryimage"},"image":{"@id":"https:\/\/training.algonquincollege.com\/fr\/produit\/francais-debutant-niveau-2-pre-a\/#primaryimage"},"thumbnailUrl":"https:\/\/training.algonquincollege.com\/wp-content\/uploads\/2024\/04\/FSL2.jpg","datePublished":"2024-07-08T18:56:21+00:00","dateModified":"2026-04-13T19:39:36+00:00","description":"Am\u00e9liorez votre fran\u00e7ais avec le cours D\u00e9butant niveau 2 (Pr\u00e9-A) du Coll\u00e8ge Algonquin. Parfait pour renforcer les comp\u00e9tences de base et am\u00e9liorer la ma\u00eetrise du fran\u00e7ais.","breadcrumb":{"@id":"https:\/\/training.algonquincollege.com\/fr\/produit\/francais-debutant-niveau-2-pre-a\/#breadcrumb"},"inLanguage":"fr-FR","potentialAction":[{"@type":"ReadAction","target":["https:\/\/training.algonquincollege.com\/fr\/produit\/francais-debutant-niveau-2-pre-a\/"]}]},{"@type":"ImageObject","inLanguage":"fr-FR","@id":"https:\/\/training.algonquincollege.com\/fr\/produit\/francais-debutant-niveau-2-pre-a\/#primaryimage","url":"https:\/\/training.algonquincollege.com\/wp-content\/uploads\/2024\/04\/FSL2.jpg","contentUrl":"https:\/\/training.algonquincollege.com\/wp-content\/uploads\/2024\/04\/FSL2.jpg","width":1400,"height":800},{"@type":"BreadcrumbList","@id":"https:\/\/training.algonquincollege.com\/fr\/produit\/francais-debutant-niveau-2-pre-a\/#breadcrumb","itemListElement":[{"@type":"ListItem","position":1,"name":"Home","item":"https:\/\/training.algonquincollege.com\/fr\/accueil\/"},{"@type":"ListItem","position":2,"name":"Boutique","item":"https:\/\/training.algonquincollege.com\/fr\/boutique\/"},{"@type":"ListItem","position":3,"name":"Fran\u00e7ais d\u00e9butant niveau 2 (pr\u00e9-A)"}]},{"@type":"WebSite","@id":"https:\/\/training.algonquincollege.com\/#website","url":"https:\/\/training.algonquincollege.com\/","name":"Professional Training - Algonquin College","description":"","publisher":{"@id":"https:\/\/training.algonquincollege.com\/#organization"},"potentialAction":[{"@type":"SearchAction","target":{"@type":"EntryPoint","urlTemplate":"https:\/\/training.algonquincollege.com\/?s={search_term_string}"},"query-input":{"@type":"PropertyValueSpecification","valueRequired":true,"valueName":"search_term_string"}}],"inLanguage":"fr-FR"},{"@type":"Organization","@id":"https:\/\/training.algonquincollege.com\/#organization","name":"Professional Training - Algonquin College","url":"https:\/\/training.algonquincollege.com\/","logo":{"@type":"ImageObject","inLanguage":"fr-FR","@id":"https:\/\/training.algonquincollege.com\/#\/schema\/logo\/image\/","url":"https:\/\/training.algonquincollege.com\/wp-content\/uploads\/2023\/10\/cropped-acct_logo.png","contentUrl":"https:\/\/training.algonquincollege.com\/wp-content\/uploads\/2023\/10\/cropped-acct_logo.png","width":300,"height":44,"caption":"Professional Training - Algonquin College"},"image":{"@id":"https:\/\/training.algonquincollege.com\/#\/schema\/logo\/image\/"}}]}},"_links":{"self":[{"href":"https:\/\/training.algonquincollege.com\/fr\/wp-json\/wp\/v2\/product\/182418","targetHints":{"allow":["GET"]}}],"collection":[{"href":"https:\/\/training.algonquincollege.com\/fr\/wp-json\/wp\/v2\/product"}],"about":[{"href":"https:\/\/training.algonquincollege.com\/fr\/wp-json\/wp\/v2\/types\/product"}],"wp:featuredmedia":[{"embeddable":true,"href":"https:\/\/training.algonquincollege.com\/fr\/wp-json\/wp\/v2\/media\/178974"}],"wp:attachment":[{"href":"https:\/\/training.algonquincollege.com\/fr\/wp-json\/wp\/v2\/media?parent=182418"}],"wp:term":[{"taxonomy":"product_brand","embeddable":true,"href":"https:\/\/training.algonquincollege.com\/fr\/wp-json\/wp\/v2\/product_brand?post=182418"},{"taxonomy":"product_cat","embeddable":true,"href":"https:\/\/training.algonquincollege.com\/fr\/wp-json\/wp\/v2\/product_cat?post=182418"},{"taxonomy":"product_tag","embeddable":true,"href":"https:\/\/training.algonquincollege.com\/fr\/wp-json\/wp\/v2\/product_tag?post=182418"}],"curies":[{"name":"wp","href":"https:\/\/api.w.org\/{rel}","templated":true}]}}