{"id":182389,"date":"2024-06-13T11:33:46","date_gmt":"2024-06-13T15:33:46","guid":{"rendered":"https:\/\/corporate.algonquincollege.com\/product\/gestion-des-services-alimentaires-et-de-la-nutrition-dans-le-secteur-de-la-sante\/"},"modified":"2025-03-03T11:35:35","modified_gmt":"2025-03-03T16:35:35","slug":"gestion-des-services-alimentaires-et-de-la-nutrition-dans-le-secteur-de-la-sante","status":"publish","type":"product","link":"https:\/\/training.algonquincollege.com\/fr\/produit\/gestion-des-services-alimentaires-et-de-la-nutrition-dans-le-secteur-de-la-sante\/","title":{"rendered":"Gestion des services alimentaires et de la nutrition dans le secteur de la sant\u00e9"},"content":{"rendered":"<p>Le programme de gestion des services alimentaires et de la nutrition dans les soins de sant\u00e9 am\u00e9liore les connaissances et les performances des \u00e9tudiants dans des domaines tels que les services alimentaires, les affaires, la gestion des ressources humaines, la gestion de la qualit\u00e9, la nutrition et la th\u00e9rapie di\u00e9t\u00e9tique.<\/p>\n<p>Ce programme est con\u00e7u pour les personnes ayant une exp\u00e9rience dans le domaine des soins de sant\u00e9 ou des services alimentaires \u00e0 des postes de gestion ou de supervision de premi\u00e8re ligne ou de niveau d\u00e9butant.<\/p>\n<p>Refl\u00e9tant l&rsquo;\u00e9volution des secteurs de la sant\u00e9 et de la restauration, les \u00e9tudiants de ce programme proviennent de diff\u00e9rents milieux, notamment :<\/p>\n<ul>\n<li>Maisons de soins de longue dur\u00e9e<\/li>\n<li>H\u00f4pitaux<\/li>\n<li>\u00c9tablissements de soins r\u00e9sidentiels<\/li>\n<li>Programmes de jour pour adultes<\/li>\n<li>\u00c9tablissements p\u00e9nitentiaires<\/li>\n<li>\u00c9tablissements d&rsquo;enseignement<\/li>\n<li>Restauration commerciale et services alimentaires<\/li>\n<li>\u00c9ducation et recherche<\/li>\n<\/ul>\n<p><strong>Pourquoi suivre ce programme ?<\/strong><\/p>\n<ul>\n<li>Enti\u00e8rement accr\u00e9dit\u00e9 par la <a href=\"https:\/\/csnm.ca\/site\/ap?nav=02\">Canadian Society of Nutrition Management (CSNM) <\/a><\/li>\n<li>Le programme le plus flexible et le plus abordable au Canada<\/li>\n<li>Taux de recommandation exceptionnel parmi les anciens \u00e9l\u00e8ves<\/li>\n<li>Postulez \u00e0 tout moment<\/li>\n<li>Possibilit\u00e9 de suivre vos \u00e9tudes en ligne tout en travaillant \u00e0 temps plein ou \u00e0 temps partiel<\/li>\n<li>Professeurs experts dans chaque cours pour soutenir l&rsquo;apprentissage<\/li>\n<li>\u00c9tude \u00e0 son propre rythme &#8211; Progressez aussi vite que vous le souhaitez, avec jusqu&rsquo;\u00e0 six mois pour terminer chaque cours<\/li>\n<li>Les cours peuvent \u00eatre suivis individuellement comme \u00ab\u202fcours de recyclage\u202f\u00bb (ne peuvent pas \u00eatre appliqu\u00e9s \u00e0 l&rsquo;ensemble du programme)<\/li>\n<\/ul>\n<p><img loading=\"lazy\" decoding=\"async\" class=\"size-medium wp-image-24294 alignnone\" src=\"https:\/\/training.algonquincollege.com\/wp-content\/uploads\/2025\/03\/csnm_logo.gif\" alt=\"\" width=\"300\" height=\"41\"><\/p>\n<p><img loading=\"lazy\" decoding=\"async\" class=\"size-medium wp-image-24292 alignnone\" src=\"https:\/\/training.algonquincollege.com\/wp-content\/uploads\/2025\/03\/CHA_Divison_logo.png\" alt=\"\" width=\"300\" height=\"206\"><\/p>\n","protected":false},"excerpt":{"rendered":"<p>D\u00e9couvrez les services alimentaires, le commerce, la gestion des ressources humaines, la gestion de la qualit\u00e9, ainsi que la nutrition et la di\u00e9t\u00e9tique dans le secteur des soins de sant\u00e9.<\/p>\n","protected":false},"featured_media":179032,"template":"","meta":{"_acf_changed":false},"product_brand":[],"product_cat":[80,85],"product_tag":[],"class_list":{"0":"post-182389","1":"product","2":"type-product","3":"status-publish","4":"has-post-thumbnail","6":"product_cat-non-classifiee","7":"product_cat-soins-de-sante","9":"first","10":"outofstock","11":"shipping-taxable","12":"product-type-variable"},"acf":[],"yoast_head":"<!-- This site is optimized with the Yoast SEO plugin v27.5 - https:\/\/yoast.com\/product\/yoast-seo-wordpress\/ -->\n<title>Gestion des services alimentaires et de la nutrition dans le secteur de la sant\u00e9 - Professional Training - Algonquin College<\/title>\n<meta name=\"robots\" content=\"index, follow, max-snippet:-1, max-image-preview:large, max-video-preview:-1\" \/>\n<link rel=\"canonical\" href=\"https:\/\/training.algonquincollege.com\/fr\/produit\/gestion-des-services-alimentaires-et-de-la-nutrition-dans-le-secteur-de-la-sante\/\" \/>\n<meta property=\"og:locale\" content=\"fr_FR\" \/>\n<meta property=\"og:type\" content=\"article\" \/>\n<meta property=\"og:title\" content=\"Gestion des services alimentaires et de la nutrition dans le secteur de la sant\u00e9 - Professional Training - Algonquin College\" \/>\n<meta property=\"og:description\" content=\"D\u00e9couvrez les services alimentaires, le commerce, la gestion des ressources humaines, la gestion de la qualit\u00e9, ainsi que la nutrition et la di\u00e9t\u00e9tique dans le secteur des soins de sant\u00e9.\" \/>\n<meta property=\"og:url\" content=\"https:\/\/training.algonquincollege.com\/fr\/produit\/gestion-des-services-alimentaires-et-de-la-nutrition-dans-le-secteur-de-la-sante\/\" \/>\n<meta property=\"og:site_name\" content=\"Professional Training - Algonquin College\" \/>\n<meta property=\"article:modified_time\" content=\"2025-03-03T16:35:35+00:00\" \/>\n<meta property=\"og:image\" content=\"https:\/\/training.algonquincollege.com\/wp-content\/uploads\/2024\/04\/Food-Service-and-Nutrition-Management-in-Healthcare.jpg\" \/>\n\t<meta property=\"og:image:width\" content=\"1400\" \/>\n\t<meta property=\"og:image:height\" content=\"800\" \/>\n\t<meta property=\"og:image:type\" content=\"image\/jpeg\" \/>\n<meta name=\"twitter:card\" content=\"summary_large_image\" \/>\n<meta name=\"twitter:label1\" content=\"Dur\u00e9e de lecture estim\u00e9e\" \/>\n\t<meta name=\"twitter:data1\" content=\"2 minutes\" \/>\n<script type=\"application\/ld+json\" class=\"yoast-schema-graph\">{\"@context\":\"https:\\\/\\\/schema.org\",\"@graph\":[{\"@type\":\"WebPage\",\"@id\":\"https:\\\/\\\/training.algonquincollege.com\\\/fr\\\/produit\\\/gestion-des-services-alimentaires-et-de-la-nutrition-dans-le-secteur-de-la-sante\\\/\",\"url\":\"https:\\\/\\\/training.algonquincollege.com\\\/fr\\\/produit\\\/gestion-des-services-alimentaires-et-de-la-nutrition-dans-le-secteur-de-la-sante\\\/\",\"name\":\"Gestion des services alimentaires et de la nutrition dans le secteur de la sant\u00e9 - Professional Training - Algonquin College\",\"isPartOf\":{\"@id\":\"https:\\\/\\\/training.algonquincollege.com\\\/#website\"},\"primaryImageOfPage\":{\"@id\":\"https:\\\/\\\/training.algonquincollege.com\\\/fr\\\/produit\\\/gestion-des-services-alimentaires-et-de-la-nutrition-dans-le-secteur-de-la-sante\\\/#primaryimage\"},\"image\":{\"@id\":\"https:\\\/\\\/training.algonquincollege.com\\\/fr\\\/produit\\\/gestion-des-services-alimentaires-et-de-la-nutrition-dans-le-secteur-de-la-sante\\\/#primaryimage\"},\"thumbnailUrl\":\"https:\\\/\\\/training.algonquincollege.com\\\/wp-content\\\/uploads\\\/2024\\\/04\\\/Food-Service-and-Nutrition-Management-in-Healthcare.jpg\",\"datePublished\":\"2024-06-13T15:33:46+00:00\",\"dateModified\":\"2025-03-03T16:35:35+00:00\",\"breadcrumb\":{\"@id\":\"https:\\\/\\\/training.algonquincollege.com\\\/fr\\\/produit\\\/gestion-des-services-alimentaires-et-de-la-nutrition-dans-le-secteur-de-la-sante\\\/#breadcrumb\"},\"inLanguage\":\"fr-FR\",\"potentialAction\":[{\"@type\":\"ReadAction\",\"target\":[\"https:\\\/\\\/training.algonquincollege.com\\\/fr\\\/produit\\\/gestion-des-services-alimentaires-et-de-la-nutrition-dans-le-secteur-de-la-sante\\\/\"]}]},{\"@type\":\"ImageObject\",\"inLanguage\":\"fr-FR\",\"@id\":\"https:\\\/\\\/training.algonquincollege.com\\\/fr\\\/produit\\\/gestion-des-services-alimentaires-et-de-la-nutrition-dans-le-secteur-de-la-sante\\\/#primaryimage\",\"url\":\"https:\\\/\\\/training.algonquincollege.com\\\/wp-content\\\/uploads\\\/2024\\\/04\\\/Food-Service-and-Nutrition-Management-in-Healthcare.jpg\",\"contentUrl\":\"https:\\\/\\\/training.algonquincollege.com\\\/wp-content\\\/uploads\\\/2024\\\/04\\\/Food-Service-and-Nutrition-Management-in-Healthcare.jpg\",\"width\":1400,\"height\":800},{\"@type\":\"BreadcrumbList\",\"@id\":\"https:\\\/\\\/training.algonquincollege.com\\\/fr\\\/produit\\\/gestion-des-services-alimentaires-et-de-la-nutrition-dans-le-secteur-de-la-sante\\\/#breadcrumb\",\"itemListElement\":[{\"@type\":\"ListItem\",\"position\":1,\"name\":\"Home\",\"item\":\"https:\\\/\\\/training.algonquincollege.com\\\/fr\\\/accueil\\\/\"},{\"@type\":\"ListItem\",\"position\":2,\"name\":\"Boutique\",\"item\":\"https:\\\/\\\/training.algonquincollege.com\\\/fr\\\/boutique\\\/\"},{\"@type\":\"ListItem\",\"position\":3,\"name\":\"Gestion des services alimentaires et de la nutrition dans le secteur de la sant\u00e9\"}]},{\"@type\":\"WebSite\",\"@id\":\"https:\\\/\\\/training.algonquincollege.com\\\/#website\",\"url\":\"https:\\\/\\\/training.algonquincollege.com\\\/\",\"name\":\"Professional Training - Algonquin College\",\"description\":\"\",\"publisher\":{\"@id\":\"https:\\\/\\\/training.algonquincollege.com\\\/#organization\"},\"potentialAction\":[{\"@type\":\"SearchAction\",\"target\":{\"@type\":\"EntryPoint\",\"urlTemplate\":\"https:\\\/\\\/training.algonquincollege.com\\\/?s={search_term_string}\"},\"query-input\":{\"@type\":\"PropertyValueSpecification\",\"valueRequired\":true,\"valueName\":\"search_term_string\"}}],\"inLanguage\":\"fr-FR\"},{\"@type\":\"Organization\",\"@id\":\"https:\\\/\\\/training.algonquincollege.com\\\/#organization\",\"name\":\"Professional Training - Algonquin College\",\"url\":\"https:\\\/\\\/training.algonquincollege.com\\\/\",\"logo\":{\"@type\":\"ImageObject\",\"inLanguage\":\"fr-FR\",\"@id\":\"https:\\\/\\\/training.algonquincollege.com\\\/#\\\/schema\\\/logo\\\/image\\\/\",\"url\":\"https:\\\/\\\/training.algonquincollege.com\\\/wp-content\\\/uploads\\\/2023\\\/10\\\/cropped-acct_logo.png\",\"contentUrl\":\"https:\\\/\\\/training.algonquincollege.com\\\/wp-content\\\/uploads\\\/2023\\\/10\\\/cropped-acct_logo.png\",\"width\":300,\"height\":44,\"caption\":\"Professional Training - Algonquin College\"},\"image\":{\"@id\":\"https:\\\/\\\/training.algonquincollege.com\\\/#\\\/schema\\\/logo\\\/image\\\/\"}}]}<\/script>\n<!-- \/ Yoast SEO plugin. -->","yoast_head_json":{"title":"Gestion des services alimentaires et de la nutrition dans le secteur de la sant\u00e9 - Professional Training - Algonquin College","robots":{"index":"index","follow":"follow","max-snippet":"max-snippet:-1","max-image-preview":"max-image-preview:large","max-video-preview":"max-video-preview:-1"},"canonical":"https:\/\/training.algonquincollege.com\/fr\/produit\/gestion-des-services-alimentaires-et-de-la-nutrition-dans-le-secteur-de-la-sante\/","og_locale":"fr_FR","og_type":"article","og_title":"Gestion des services alimentaires et de la nutrition dans le secteur de la sant\u00e9 - Professional Training - Algonquin College","og_description":"D\u00e9couvrez les services alimentaires, le commerce, la gestion des ressources humaines, la gestion de la qualit\u00e9, ainsi que la nutrition et la di\u00e9t\u00e9tique dans le secteur des soins de sant\u00e9.","og_url":"https:\/\/training.algonquincollege.com\/fr\/produit\/gestion-des-services-alimentaires-et-de-la-nutrition-dans-le-secteur-de-la-sante\/","og_site_name":"Professional Training - Algonquin College","article_modified_time":"2025-03-03T16:35:35+00:00","og_image":[{"width":1400,"height":800,"url":"https:\/\/training.algonquincollege.com\/wp-content\/uploads\/2024\/04\/Food-Service-and-Nutrition-Management-in-Healthcare.jpg","type":"image\/jpeg"}],"twitter_card":"summary_large_image","twitter_misc":{"Dur\u00e9e de lecture estim\u00e9e":"2 minutes"},"schema":{"@context":"https:\/\/schema.org","@graph":[{"@type":"WebPage","@id":"https:\/\/training.algonquincollege.com\/fr\/produit\/gestion-des-services-alimentaires-et-de-la-nutrition-dans-le-secteur-de-la-sante\/","url":"https:\/\/training.algonquincollege.com\/fr\/produit\/gestion-des-services-alimentaires-et-de-la-nutrition-dans-le-secteur-de-la-sante\/","name":"Gestion des services alimentaires et de la nutrition dans le secteur de la sant\u00e9 - Professional Training - Algonquin College","isPartOf":{"@id":"https:\/\/training.algonquincollege.com\/#website"},"primaryImageOfPage":{"@id":"https:\/\/training.algonquincollege.com\/fr\/produit\/gestion-des-services-alimentaires-et-de-la-nutrition-dans-le-secteur-de-la-sante\/#primaryimage"},"image":{"@id":"https:\/\/training.algonquincollege.com\/fr\/produit\/gestion-des-services-alimentaires-et-de-la-nutrition-dans-le-secteur-de-la-sante\/#primaryimage"},"thumbnailUrl":"https:\/\/training.algonquincollege.com\/wp-content\/uploads\/2024\/04\/Food-Service-and-Nutrition-Management-in-Healthcare.jpg","datePublished":"2024-06-13T15:33:46+00:00","dateModified":"2025-03-03T16:35:35+00:00","breadcrumb":{"@id":"https:\/\/training.algonquincollege.com\/fr\/produit\/gestion-des-services-alimentaires-et-de-la-nutrition-dans-le-secteur-de-la-sante\/#breadcrumb"},"inLanguage":"fr-FR","potentialAction":[{"@type":"ReadAction","target":["https:\/\/training.algonquincollege.com\/fr\/produit\/gestion-des-services-alimentaires-et-de-la-nutrition-dans-le-secteur-de-la-sante\/"]}]},{"@type":"ImageObject","inLanguage":"fr-FR","@id":"https:\/\/training.algonquincollege.com\/fr\/produit\/gestion-des-services-alimentaires-et-de-la-nutrition-dans-le-secteur-de-la-sante\/#primaryimage","url":"https:\/\/training.algonquincollege.com\/wp-content\/uploads\/2024\/04\/Food-Service-and-Nutrition-Management-in-Healthcare.jpg","contentUrl":"https:\/\/training.algonquincollege.com\/wp-content\/uploads\/2024\/04\/Food-Service-and-Nutrition-Management-in-Healthcare.jpg","width":1400,"height":800},{"@type":"BreadcrumbList","@id":"https:\/\/training.algonquincollege.com\/fr\/produit\/gestion-des-services-alimentaires-et-de-la-nutrition-dans-le-secteur-de-la-sante\/#breadcrumb","itemListElement":[{"@type":"ListItem","position":1,"name":"Home","item":"https:\/\/training.algonquincollege.com\/fr\/accueil\/"},{"@type":"ListItem","position":2,"name":"Boutique","item":"https:\/\/training.algonquincollege.com\/fr\/boutique\/"},{"@type":"ListItem","position":3,"name":"Gestion des services alimentaires et de la nutrition dans le secteur de la sant\u00e9"}]},{"@type":"WebSite","@id":"https:\/\/training.algonquincollege.com\/#website","url":"https:\/\/training.algonquincollege.com\/","name":"Professional Training - Algonquin College","description":"","publisher":{"@id":"https:\/\/training.algonquincollege.com\/#organization"},"potentialAction":[{"@type":"SearchAction","target":{"@type":"EntryPoint","urlTemplate":"https:\/\/training.algonquincollege.com\/?s={search_term_string}"},"query-input":{"@type":"PropertyValueSpecification","valueRequired":true,"valueName":"search_term_string"}}],"inLanguage":"fr-FR"},{"@type":"Organization","@id":"https:\/\/training.algonquincollege.com\/#organization","name":"Professional Training - Algonquin College","url":"https:\/\/training.algonquincollege.com\/","logo":{"@type":"ImageObject","inLanguage":"fr-FR","@id":"https:\/\/training.algonquincollege.com\/#\/schema\/logo\/image\/","url":"https:\/\/training.algonquincollege.com\/wp-content\/uploads\/2023\/10\/cropped-acct_logo.png","contentUrl":"https:\/\/training.algonquincollege.com\/wp-content\/uploads\/2023\/10\/cropped-acct_logo.png","width":300,"height":44,"caption":"Professional Training - Algonquin College"},"image":{"@id":"https:\/\/training.algonquincollege.com\/#\/schema\/logo\/image\/"}}]}},"_links":{"self":[{"href":"https:\/\/training.algonquincollege.com\/fr\/wp-json\/wp\/v2\/product\/182389","targetHints":{"allow":["GET"]}}],"collection":[{"href":"https:\/\/training.algonquincollege.com\/fr\/wp-json\/wp\/v2\/product"}],"about":[{"href":"https:\/\/training.algonquincollege.com\/fr\/wp-json\/wp\/v2\/types\/product"}],"wp:featuredmedia":[{"embeddable":true,"href":"https:\/\/training.algonquincollege.com\/fr\/wp-json\/wp\/v2\/media\/179032"}],"wp:attachment":[{"href":"https:\/\/training.algonquincollege.com\/fr\/wp-json\/wp\/v2\/media?parent=182389"}],"wp:term":[{"taxonomy":"product_brand","embeddable":true,"href":"https:\/\/training.algonquincollege.com\/fr\/wp-json\/wp\/v2\/product_brand?post=182389"},{"taxonomy":"product_cat","embeddable":true,"href":"https:\/\/training.algonquincollege.com\/fr\/wp-json\/wp\/v2\/product_cat?post=182389"},{"taxonomy":"product_tag","embeddable":true,"href":"https:\/\/training.algonquincollege.com\/fr\/wp-json\/wp\/v2\/product_tag?post=182389"}],"curies":[{"name":"wp","href":"https:\/\/api.w.org\/{rel}","templated":true}]}}