{"id":182365,"date":"2024-03-14T13:16:12","date_gmt":"2024-03-14T17:16:12","guid":{"rendered":"https:\/\/corporate.algonquincollege.com\/product\/conception-de-questionnaires-pour-les-sondages-en-ligne\/"},"modified":"2026-04-13T16:23:04","modified_gmt":"2026-04-13T20:23:04","slug":"conception-de-questionnaires-pour-les-sondages-en-ligne","status":"publish","type":"product","link":"https:\/\/training.algonquincollege.com\/fr\/produit\/conception-de-questionnaires-pour-les-sondages-en-ligne\/","title":{"rendered":"Conception de questionnaires pour les sondages en ligne"},"content":{"rendered":"<p>This content is also available <span style=\"text-decoration: underline\"><a href=\"https:\/\/corporate.algonquincollege.com\/product\/questionnaire-design-for-online-surveys\/\">in English<\/a><\/span><\/p>\n<p>&#8212;<\/p>\n<p><strong>De bonnes donn\u00e9es commencent par une bonne conception du questionnaire !<\/strong><\/p>\n<p>Apprenez \u00e0 recueillir des informations plus riches et \u00e0 fournir une meilleure r\u00e9troaction en am\u00e9liorant vos instruments de recherche. Dans ce cours, on enseigne aux participants \u00e0 concevoir, \u00e0 tester et \u00e0 programmer des questionnaires efficaces.<\/p>\n<p><em>Le cours a \u00e9t\u00e9 \u00e9labor\u00e9 en partenariat avec Services publics et Approvisionnement Canada et il est donn\u00e9 par des professionnels de l&rsquo;industrie qui enseignent \u00e9galement au Coll\u00e8ge Algonquin.<\/em><\/p>\n<p>Le cours sera dispens\u00e9 en anglais et des services de traduction simultan\u00e9e seront disponibles en fran\u00e7ais.<\/p>\n<p>Pour r\u00e9ussir le programme, les participants doivent :<\/p>\n<ul>\n<li>suivre 9 heures de formation virtuelle avec instructeur (trois sessions de 3 heures)<\/li>\n<li>effectuer des t\u00e2ches pratiques en classe (\u00e9ventuellement en groupes)<\/li>\n<\/ul>\n<p>Si vous souhaitez \u00eatre inform\u00e9(e) des dates des prochaines sessions, <a href=\"mailto:tpsgcdrop.pwgscpord@tpsgc-pwgsc.gc.ca\">veuillez nous envoyer un courriel<\/a>.<\/p>\n","protected":false},"excerpt":{"rendered":"<p>Dans ce cours, on enseigne aux participants \u00e0 concevoir, \u00e0 tester et \u00e0 programmer des questionnaires efficaces.<\/p>\n","protected":false},"featured_media":179056,"template":"","meta":{"_acf_changed":false},"product_brand":[],"product_cat":[92,80],"product_tag":[],"class_list":{"0":"post-182365","1":"product","2":"type-product","3":"status-publish","4":"has-post-thumbnail","6":"product_cat-government-of-canada-fr","7":"product_cat-non-classifiee","8":"course_group-government-of-canada-fr","9":"course_group-speciality-courses-fr","11":"first","12":"instock","13":"shipping-taxable","14":"purchasable","15":"product-type-variable"},"acf":[],"yoast_head":"<!-- This site is optimized with the Yoast SEO plugin v27.5 - https:\/\/yoast.com\/product\/yoast-seo-wordpress\/ -->\n<title>Conception de questionnaires pour les sondages en ligne - Professional Training - Algonquin College<\/title>\n<meta name=\"robots\" content=\"index, follow, max-snippet:-1, max-image-preview:large, max-video-preview:-1\" \/>\n<link rel=\"canonical\" href=\"https:\/\/training.algonquincollege.com\/fr\/produit\/conception-de-questionnaires-pour-les-sondages-en-ligne\/\" \/>\n<meta property=\"og:locale\" content=\"fr_FR\" \/>\n<meta property=\"og:type\" content=\"article\" \/>\n<meta property=\"og:title\" content=\"Conception de questionnaires pour les sondages en ligne - Professional Training - Algonquin College\" \/>\n<meta property=\"og:description\" content=\"Dans ce cours, on enseigne aux participants \u00e0 concevoir, \u00e0 tester et \u00e0 programmer des questionnaires efficaces.\" \/>\n<meta property=\"og:url\" content=\"https:\/\/training.algonquincollege.com\/fr\/produit\/conception-de-questionnaires-pour-les-sondages-en-ligne\/\" \/>\n<meta property=\"og:site_name\" content=\"Professional Training - Algonquin College\" \/>\n<meta property=\"article:modified_time\" content=\"2026-04-13T20:23:04+00:00\" \/>\n<meta property=\"og:image\" content=\"https:\/\/training.algonquincollege.com\/wp-content\/uploads\/2024\/04\/Questionnaire-Design-for-Online-Surveys.jpg\" \/>\n\t<meta property=\"og:image:width\" content=\"1400\" \/>\n\t<meta property=\"og:image:height\" content=\"800\" \/>\n\t<meta property=\"og:image:type\" content=\"image\/jpeg\" \/>\n<meta name=\"twitter:card\" content=\"summary_large_image\" \/>\n<meta name=\"twitter:label1\" content=\"Dur\u00e9e de lecture estim\u00e9e\" \/>\n\t<meta name=\"twitter:data1\" content=\"1 minute\" \/>\n<script type=\"application\/ld+json\" class=\"yoast-schema-graph\">{\"@context\":\"https:\\\/\\\/schema.org\",\"@graph\":[{\"@type\":\"WebPage\",\"@id\":\"https:\\\/\\\/training.algonquincollege.com\\\/fr\\\/produit\\\/conception-de-questionnaires-pour-les-sondages-en-ligne\\\/\",\"url\":\"https:\\\/\\\/training.algonquincollege.com\\\/fr\\\/produit\\\/conception-de-questionnaires-pour-les-sondages-en-ligne\\\/\",\"name\":\"Conception de questionnaires pour les sondages en ligne - Professional Training - Algonquin College\",\"isPartOf\":{\"@id\":\"https:\\\/\\\/training.algonquincollege.com\\\/#website\"},\"primaryImageOfPage\":{\"@id\":\"https:\\\/\\\/training.algonquincollege.com\\\/fr\\\/produit\\\/conception-de-questionnaires-pour-les-sondages-en-ligne\\\/#primaryimage\"},\"image\":{\"@id\":\"https:\\\/\\\/training.algonquincollege.com\\\/fr\\\/produit\\\/conception-de-questionnaires-pour-les-sondages-en-ligne\\\/#primaryimage\"},\"thumbnailUrl\":\"https:\\\/\\\/training.algonquincollege.com\\\/wp-content\\\/uploads\\\/2024\\\/04\\\/Questionnaire-Design-for-Online-Surveys.jpg\",\"datePublished\":\"2024-03-14T17:16:12+00:00\",\"dateModified\":\"2026-04-13T20:23:04+00:00\",\"breadcrumb\":{\"@id\":\"https:\\\/\\\/training.algonquincollege.com\\\/fr\\\/produit\\\/conception-de-questionnaires-pour-les-sondages-en-ligne\\\/#breadcrumb\"},\"inLanguage\":\"fr-FR\",\"potentialAction\":[{\"@type\":\"ReadAction\",\"target\":[\"https:\\\/\\\/training.algonquincollege.com\\\/fr\\\/produit\\\/conception-de-questionnaires-pour-les-sondages-en-ligne\\\/\"]}]},{\"@type\":\"ImageObject\",\"inLanguage\":\"fr-FR\",\"@id\":\"https:\\\/\\\/training.algonquincollege.com\\\/fr\\\/produit\\\/conception-de-questionnaires-pour-les-sondages-en-ligne\\\/#primaryimage\",\"url\":\"https:\\\/\\\/training.algonquincollege.com\\\/wp-content\\\/uploads\\\/2024\\\/04\\\/Questionnaire-Design-for-Online-Surveys.jpg\",\"contentUrl\":\"https:\\\/\\\/training.algonquincollege.com\\\/wp-content\\\/uploads\\\/2024\\\/04\\\/Questionnaire-Design-for-Online-Surveys.jpg\",\"width\":1400,\"height\":800,\"caption\":\"Une personne utilisant un ordinateur pour r\u00e9pondre \u00e0 un sondage en ligne.\"},{\"@type\":\"BreadcrumbList\",\"@id\":\"https:\\\/\\\/training.algonquincollege.com\\\/fr\\\/produit\\\/conception-de-questionnaires-pour-les-sondages-en-ligne\\\/#breadcrumb\",\"itemListElement\":[{\"@type\":\"ListItem\",\"position\":1,\"name\":\"Home\",\"item\":\"https:\\\/\\\/training.algonquincollege.com\\\/fr\\\/accueil\\\/\"},{\"@type\":\"ListItem\",\"position\":2,\"name\":\"Boutique\",\"item\":\"https:\\\/\\\/training.algonquincollege.com\\\/fr\\\/boutique\\\/\"},{\"@type\":\"ListItem\",\"position\":3,\"name\":\"Conception de questionnaires pour les sondages en ligne\"}]},{\"@type\":\"WebSite\",\"@id\":\"https:\\\/\\\/training.algonquincollege.com\\\/#website\",\"url\":\"https:\\\/\\\/training.algonquincollege.com\\\/\",\"name\":\"Professional Training - Algonquin College\",\"description\":\"\",\"publisher\":{\"@id\":\"https:\\\/\\\/training.algonquincollege.com\\\/#organization\"},\"potentialAction\":[{\"@type\":\"SearchAction\",\"target\":{\"@type\":\"EntryPoint\",\"urlTemplate\":\"https:\\\/\\\/training.algonquincollege.com\\\/?s={search_term_string}\"},\"query-input\":{\"@type\":\"PropertyValueSpecification\",\"valueRequired\":true,\"valueName\":\"search_term_string\"}}],\"inLanguage\":\"fr-FR\"},{\"@type\":\"Organization\",\"@id\":\"https:\\\/\\\/training.algonquincollege.com\\\/#organization\",\"name\":\"Professional Training - Algonquin College\",\"url\":\"https:\\\/\\\/training.algonquincollege.com\\\/\",\"logo\":{\"@type\":\"ImageObject\",\"inLanguage\":\"fr-FR\",\"@id\":\"https:\\\/\\\/training.algonquincollege.com\\\/#\\\/schema\\\/logo\\\/image\\\/\",\"url\":\"https:\\\/\\\/training.algonquincollege.com\\\/wp-content\\\/uploads\\\/2023\\\/10\\\/cropped-acct_logo.png\",\"contentUrl\":\"https:\\\/\\\/training.algonquincollege.com\\\/wp-content\\\/uploads\\\/2023\\\/10\\\/cropped-acct_logo.png\",\"width\":300,\"height\":44,\"caption\":\"Professional Training - Algonquin College\"},\"image\":{\"@id\":\"https:\\\/\\\/training.algonquincollege.com\\\/#\\\/schema\\\/logo\\\/image\\\/\"}}]}<\/script>\n<!-- \/ Yoast SEO plugin. -->","yoast_head_json":{"title":"Conception de questionnaires pour les sondages en ligne - Professional Training - Algonquin College","robots":{"index":"index","follow":"follow","max-snippet":"max-snippet:-1","max-image-preview":"max-image-preview:large","max-video-preview":"max-video-preview:-1"},"canonical":"https:\/\/training.algonquincollege.com\/fr\/produit\/conception-de-questionnaires-pour-les-sondages-en-ligne\/","og_locale":"fr_FR","og_type":"article","og_title":"Conception de questionnaires pour les sondages en ligne - Professional Training - Algonquin College","og_description":"Dans ce cours, on enseigne aux participants \u00e0 concevoir, \u00e0 tester et \u00e0 programmer des questionnaires efficaces.","og_url":"https:\/\/training.algonquincollege.com\/fr\/produit\/conception-de-questionnaires-pour-les-sondages-en-ligne\/","og_site_name":"Professional Training - Algonquin College","article_modified_time":"2026-04-13T20:23:04+00:00","og_image":[{"width":1400,"height":800,"url":"https:\/\/training.algonquincollege.com\/wp-content\/uploads\/2024\/04\/Questionnaire-Design-for-Online-Surveys.jpg","type":"image\/jpeg"}],"twitter_card":"summary_large_image","twitter_misc":{"Dur\u00e9e de lecture estim\u00e9e":"1 minute"},"schema":{"@context":"https:\/\/schema.org","@graph":[{"@type":"WebPage","@id":"https:\/\/training.algonquincollege.com\/fr\/produit\/conception-de-questionnaires-pour-les-sondages-en-ligne\/","url":"https:\/\/training.algonquincollege.com\/fr\/produit\/conception-de-questionnaires-pour-les-sondages-en-ligne\/","name":"Conception de questionnaires pour les sondages en ligne - Professional Training - Algonquin College","isPartOf":{"@id":"https:\/\/training.algonquincollege.com\/#website"},"primaryImageOfPage":{"@id":"https:\/\/training.algonquincollege.com\/fr\/produit\/conception-de-questionnaires-pour-les-sondages-en-ligne\/#primaryimage"},"image":{"@id":"https:\/\/training.algonquincollege.com\/fr\/produit\/conception-de-questionnaires-pour-les-sondages-en-ligne\/#primaryimage"},"thumbnailUrl":"https:\/\/training.algonquincollege.com\/wp-content\/uploads\/2024\/04\/Questionnaire-Design-for-Online-Surveys.jpg","datePublished":"2024-03-14T17:16:12+00:00","dateModified":"2026-04-13T20:23:04+00:00","breadcrumb":{"@id":"https:\/\/training.algonquincollege.com\/fr\/produit\/conception-de-questionnaires-pour-les-sondages-en-ligne\/#breadcrumb"},"inLanguage":"fr-FR","potentialAction":[{"@type":"ReadAction","target":["https:\/\/training.algonquincollege.com\/fr\/produit\/conception-de-questionnaires-pour-les-sondages-en-ligne\/"]}]},{"@type":"ImageObject","inLanguage":"fr-FR","@id":"https:\/\/training.algonquincollege.com\/fr\/produit\/conception-de-questionnaires-pour-les-sondages-en-ligne\/#primaryimage","url":"https:\/\/training.algonquincollege.com\/wp-content\/uploads\/2024\/04\/Questionnaire-Design-for-Online-Surveys.jpg","contentUrl":"https:\/\/training.algonquincollege.com\/wp-content\/uploads\/2024\/04\/Questionnaire-Design-for-Online-Surveys.jpg","width":1400,"height":800,"caption":"Une personne utilisant un ordinateur pour r\u00e9pondre \u00e0 un sondage en ligne."},{"@type":"BreadcrumbList","@id":"https:\/\/training.algonquincollege.com\/fr\/produit\/conception-de-questionnaires-pour-les-sondages-en-ligne\/#breadcrumb","itemListElement":[{"@type":"ListItem","position":1,"name":"Home","item":"https:\/\/training.algonquincollege.com\/fr\/accueil\/"},{"@type":"ListItem","position":2,"name":"Boutique","item":"https:\/\/training.algonquincollege.com\/fr\/boutique\/"},{"@type":"ListItem","position":3,"name":"Conception de questionnaires pour les sondages en ligne"}]},{"@type":"WebSite","@id":"https:\/\/training.algonquincollege.com\/#website","url":"https:\/\/training.algonquincollege.com\/","name":"Professional Training - Algonquin College","description":"","publisher":{"@id":"https:\/\/training.algonquincollege.com\/#organization"},"potentialAction":[{"@type":"SearchAction","target":{"@type":"EntryPoint","urlTemplate":"https:\/\/training.algonquincollege.com\/?s={search_term_string}"},"query-input":{"@type":"PropertyValueSpecification","valueRequired":true,"valueName":"search_term_string"}}],"inLanguage":"fr-FR"},{"@type":"Organization","@id":"https:\/\/training.algonquincollege.com\/#organization","name":"Professional Training - Algonquin College","url":"https:\/\/training.algonquincollege.com\/","logo":{"@type":"ImageObject","inLanguage":"fr-FR","@id":"https:\/\/training.algonquincollege.com\/#\/schema\/logo\/image\/","url":"https:\/\/training.algonquincollege.com\/wp-content\/uploads\/2023\/10\/cropped-acct_logo.png","contentUrl":"https:\/\/training.algonquincollege.com\/wp-content\/uploads\/2023\/10\/cropped-acct_logo.png","width":300,"height":44,"caption":"Professional Training - Algonquin College"},"image":{"@id":"https:\/\/training.algonquincollege.com\/#\/schema\/logo\/image\/"}}]}},"_links":{"self":[{"href":"https:\/\/training.algonquincollege.com\/fr\/wp-json\/wp\/v2\/product\/182365","targetHints":{"allow":["GET"]}}],"collection":[{"href":"https:\/\/training.algonquincollege.com\/fr\/wp-json\/wp\/v2\/product"}],"about":[{"href":"https:\/\/training.algonquincollege.com\/fr\/wp-json\/wp\/v2\/types\/product"}],"wp:featuredmedia":[{"embeddable":true,"href":"https:\/\/training.algonquincollege.com\/fr\/wp-json\/wp\/v2\/media\/179056"}],"wp:attachment":[{"href":"https:\/\/training.algonquincollege.com\/fr\/wp-json\/wp\/v2\/media?parent=182365"}],"wp:term":[{"taxonomy":"product_brand","embeddable":true,"href":"https:\/\/training.algonquincollege.com\/fr\/wp-json\/wp\/v2\/product_brand?post=182365"},{"taxonomy":"product_cat","embeddable":true,"href":"https:\/\/training.algonquincollege.com\/fr\/wp-json\/wp\/v2\/product_cat?post=182365"},{"taxonomy":"product_tag","embeddable":true,"href":"https:\/\/training.algonquincollege.com\/fr\/wp-json\/wp\/v2\/product_tag?post=182365"}],"curies":[{"name":"wp","href":"https:\/\/api.w.org\/{rel}","templated":true}]}}