{"id":182362,"date":"2023-12-15T23:08:45","date_gmt":"2023-12-16T04:08:45","guid":{"rendered":"https:\/\/corporate.algonquincollege.com\/product\/introduction-a-la-recherche-en-lopinion-publique\/"},"modified":"2026-04-13T16:22:26","modified_gmt":"2026-04-13T20:22:26","slug":"introduction-a-la-recherche-en-lopinion-publique","status":"publish","type":"product","link":"https:\/\/training.algonquincollege.com\/fr\/produit\/introduction-a-la-recherche-en-lopinion-publique\/","title":{"rendered":"Introduction \u00e0 la recherche en opinion publique"},"content":{"rendered":"<p>This content is also available <span style=\"text-decoration: underline\"><a href=\"https:\/\/corporate.algonquincollege.com\/product\/introduction-to-public-opinion-research\/\">in English<\/a><\/span>.<br \/>\n&#8212;<\/p>\n<p><strong>Faites progresser votre carri\u00e8re et apprenez-en davantage sur la recherche en opinion publique!<\/strong><\/p>\n<p>Introduction \u00e0 la recherche en opinion publique est le premier cours en son genre. Dans le cadre de la formation offerte, les participants acqui\u00e8rent les comp\u00e9tences et les connaissances leur permettant d\u2019effectuer de la recherche en opinion publique (ROP). <\/p>\n<p>La ROP est un outil de communication important pour les gouvernements et les organismes \u00e0 but non lucratif. Elle joue un r\u00f4le cl\u00e9 dans l&rsquo;\u00e9valuation de l&rsquo;efficacit\u00e9 de leurs politiques, programmes et services. Le cours porte sur l\u2019exploration des principes fondamentaux de la ROP.  <\/p>\n<p><em>Le cours a \u00e9t\u00e9 \u00e9labor\u00e9 avec Services publics et Approvisionnement Canada et il est donn\u00e9 par des intervenants de l\u2019industrie qui sont \u00e9galement des professeurs du Coll\u00e8ge Algonquin.<\/em><\/p>\n<p>Le cours sera dispens\u00e9 en anglais et des services de traduction simultan\u00e9e seront disponibles en fran\u00e7ais.<\/p>\n<p>Pour r\u00e9ussir le programme, les participants doivent :<\/p>\n<ul>\n<li>assister \u00e0 16 heures de formation virtuelle dirig\u00e9e par un instructeur (1 s\u00e9ance de 4 heures par semaine sur 4 semaines cons\u00e9cutives)<\/li>\n<li>se pencher sur des \u00e9tudes de cas (\u00e9ventuellement en groupe) et prendre part \u00e0 des discussions de groupe en ligne<\/li>\n<\/ul>\n","protected":false},"excerpt":{"rendered":"<p>Con\u00e7u pour les professionnels du secteur public et \u00e0 but non lucratif, ce cours couvre les comp\u00e9tences et connaissances essentielles pour une carri\u00e8re dans la recherche sur l&rsquo;opinion publique. Les sujets abord\u00e9s incluent les techniques de recherche quantitative et qualitative, ainsi que l&rsquo;analyse des donn\u00e9es \u00e0 l&rsquo;aide de Power BI. <\/p>\n","protected":false},"featured_media":179116,"template":"","meta":{"_acf_changed":false},"product_brand":[],"product_cat":[92,80],"product_tag":[],"class_list":{"0":"post-182362","1":"product","2":"type-product","3":"status-publish","4":"has-post-thumbnail","6":"product_cat-government-of-canada-fr","7":"product_cat-non-classifiee","8":"course_group-government-of-canada-fr","9":"course_group-speciality-courses-fr","11":"first","12":"instock","13":"shipping-taxable","14":"purchasable","15":"product-type-variable"},"acf":[],"yoast_head":"<!-- This site is optimized with the Yoast SEO plugin v27.5 - https:\/\/yoast.com\/product\/yoast-seo-wordpress\/ -->\n<title>Introduction \u00e0 la recherche en opinion publique - Professional Training - Algonquin College<\/title>\n<meta name=\"robots\" content=\"index, follow, max-snippet:-1, max-image-preview:large, max-video-preview:-1\" \/>\n<link rel=\"canonical\" href=\"https:\/\/training.algonquincollege.com\/fr\/produit\/introduction-a-la-recherche-en-lopinion-publique\/\" \/>\n<meta property=\"og:locale\" content=\"fr_FR\" \/>\n<meta property=\"og:type\" content=\"article\" \/>\n<meta property=\"og:title\" content=\"Introduction \u00e0 la recherche en opinion publique - Professional Training - Algonquin College\" \/>\n<meta property=\"og:description\" content=\"Con\u00e7u pour les professionnels du secteur public et \u00e0 but non lucratif, ce cours couvre les comp\u00e9tences et connaissances essentielles pour une carri\u00e8re dans la recherche sur l&#039;opinion publique. Les sujets abord\u00e9s incluent les techniques de recherche quantitative et qualitative, ainsi que l&#039;analyse des donn\u00e9es \u00e0 l&#039;aide de Power BI.\" \/>\n<meta property=\"og:url\" content=\"https:\/\/training.algonquincollege.com\/fr\/produit\/introduction-a-la-recherche-en-lopinion-publique\/\" \/>\n<meta property=\"og:site_name\" content=\"Professional Training - Algonquin College\" \/>\n<meta property=\"article:modified_time\" content=\"2026-04-13T20:22:26+00:00\" \/>\n<meta property=\"og:image\" content=\"https:\/\/training.algonquincollege.com\/wp-content\/uploads\/2023\/12\/Introduction-to-Public-Opinion-Research-POR.jpg\" \/>\n\t<meta property=\"og:image:width\" content=\"1400\" \/>\n\t<meta property=\"og:image:height\" content=\"800\" \/>\n\t<meta property=\"og:image:type\" content=\"image\/jpeg\" \/>\n<meta name=\"twitter:card\" content=\"summary_large_image\" \/>\n<meta name=\"twitter:label1\" content=\"Dur\u00e9e de lecture estim\u00e9e\" \/>\n\t<meta name=\"twitter:data1\" content=\"2 minutes\" \/>\n<script type=\"application\/ld+json\" class=\"yoast-schema-graph\">{\"@context\":\"https:\\\/\\\/schema.org\",\"@graph\":[{\"@type\":\"WebPage\",\"@id\":\"https:\\\/\\\/training.algonquincollege.com\\\/fr\\\/produit\\\/introduction-a-la-recherche-en-lopinion-publique\\\/\",\"url\":\"https:\\\/\\\/training.algonquincollege.com\\\/fr\\\/produit\\\/introduction-a-la-recherche-en-lopinion-publique\\\/\",\"name\":\"Introduction \u00e0 la recherche en opinion publique - Professional Training - Algonquin College\",\"isPartOf\":{\"@id\":\"https:\\\/\\\/training.algonquincollege.com\\\/#website\"},\"primaryImageOfPage\":{\"@id\":\"https:\\\/\\\/training.algonquincollege.com\\\/fr\\\/produit\\\/introduction-a-la-recherche-en-lopinion-publique\\\/#primaryimage\"},\"image\":{\"@id\":\"https:\\\/\\\/training.algonquincollege.com\\\/fr\\\/produit\\\/introduction-a-la-recherche-en-lopinion-publique\\\/#primaryimage\"},\"thumbnailUrl\":\"https:\\\/\\\/training.algonquincollege.com\\\/wp-content\\\/uploads\\\/2023\\\/12\\\/Introduction-to-Public-Opinion-Research-POR.jpg\",\"datePublished\":\"2023-12-16T04:08:45+00:00\",\"dateModified\":\"2026-04-13T20:22:26+00:00\",\"breadcrumb\":{\"@id\":\"https:\\\/\\\/training.algonquincollege.com\\\/fr\\\/produit\\\/introduction-a-la-recherche-en-lopinion-publique\\\/#breadcrumb\"},\"inLanguage\":\"fr-FR\",\"potentialAction\":[{\"@type\":\"ReadAction\",\"target\":[\"https:\\\/\\\/training.algonquincollege.com\\\/fr\\\/produit\\\/introduction-a-la-recherche-en-lopinion-publique\\\/\"]}]},{\"@type\":\"ImageObject\",\"inLanguage\":\"fr-FR\",\"@id\":\"https:\\\/\\\/training.algonquincollege.com\\\/fr\\\/produit\\\/introduction-a-la-recherche-en-lopinion-publique\\\/#primaryimage\",\"url\":\"https:\\\/\\\/training.algonquincollege.com\\\/wp-content\\\/uploads\\\/2023\\\/12\\\/Introduction-to-Public-Opinion-Research-POR.jpg\",\"contentUrl\":\"https:\\\/\\\/training.algonquincollege.com\\\/wp-content\\\/uploads\\\/2023\\\/12\\\/Introduction-to-Public-Opinion-Research-POR.jpg\",\"width\":1400,\"height\":800,\"caption\":\"Un homme d'affaires regardant l'\u00e9cran d'un smartphone rempli d'ic\u00f4nes et de symboles li\u00e9s au monde des affaires.\"},{\"@type\":\"BreadcrumbList\",\"@id\":\"https:\\\/\\\/training.algonquincollege.com\\\/fr\\\/produit\\\/introduction-a-la-recherche-en-lopinion-publique\\\/#breadcrumb\",\"itemListElement\":[{\"@type\":\"ListItem\",\"position\":1,\"name\":\"Home\",\"item\":\"https:\\\/\\\/training.algonquincollege.com\\\/fr\\\/accueil\\\/\"},{\"@type\":\"ListItem\",\"position\":2,\"name\":\"Boutique\",\"item\":\"https:\\\/\\\/training.algonquincollege.com\\\/fr\\\/boutique\\\/\"},{\"@type\":\"ListItem\",\"position\":3,\"name\":\"Introduction \u00e0 la recherche en opinion publique\"}]},{\"@type\":\"WebSite\",\"@id\":\"https:\\\/\\\/training.algonquincollege.com\\\/#website\",\"url\":\"https:\\\/\\\/training.algonquincollege.com\\\/\",\"name\":\"Professional Training - Algonquin College\",\"description\":\"\",\"publisher\":{\"@id\":\"https:\\\/\\\/training.algonquincollege.com\\\/#organization\"},\"potentialAction\":[{\"@type\":\"SearchAction\",\"target\":{\"@type\":\"EntryPoint\",\"urlTemplate\":\"https:\\\/\\\/training.algonquincollege.com\\\/?s={search_term_string}\"},\"query-input\":{\"@type\":\"PropertyValueSpecification\",\"valueRequired\":true,\"valueName\":\"search_term_string\"}}],\"inLanguage\":\"fr-FR\"},{\"@type\":\"Organization\",\"@id\":\"https:\\\/\\\/training.algonquincollege.com\\\/#organization\",\"name\":\"Professional Training - Algonquin College\",\"url\":\"https:\\\/\\\/training.algonquincollege.com\\\/\",\"logo\":{\"@type\":\"ImageObject\",\"inLanguage\":\"fr-FR\",\"@id\":\"https:\\\/\\\/training.algonquincollege.com\\\/#\\\/schema\\\/logo\\\/image\\\/\",\"url\":\"https:\\\/\\\/training.algonquincollege.com\\\/wp-content\\\/uploads\\\/2023\\\/10\\\/cropped-acct_logo.png\",\"contentUrl\":\"https:\\\/\\\/training.algonquincollege.com\\\/wp-content\\\/uploads\\\/2023\\\/10\\\/cropped-acct_logo.png\",\"width\":300,\"height\":44,\"caption\":\"Professional Training - Algonquin College\"},\"image\":{\"@id\":\"https:\\\/\\\/training.algonquincollege.com\\\/#\\\/schema\\\/logo\\\/image\\\/\"}}]}<\/script>\n<!-- \/ Yoast SEO plugin. -->","yoast_head_json":{"title":"Introduction \u00e0 la recherche en opinion publique - Professional Training - Algonquin College","robots":{"index":"index","follow":"follow","max-snippet":"max-snippet:-1","max-image-preview":"max-image-preview:large","max-video-preview":"max-video-preview:-1"},"canonical":"https:\/\/training.algonquincollege.com\/fr\/produit\/introduction-a-la-recherche-en-lopinion-publique\/","og_locale":"fr_FR","og_type":"article","og_title":"Introduction \u00e0 la recherche en opinion publique - Professional Training - Algonquin College","og_description":"Con\u00e7u pour les professionnels du secteur public et \u00e0 but non lucratif, ce cours couvre les comp\u00e9tences et connaissances essentielles pour une carri\u00e8re dans la recherche sur l'opinion publique. Les sujets abord\u00e9s incluent les techniques de recherche quantitative et qualitative, ainsi que l'analyse des donn\u00e9es \u00e0 l'aide de Power BI.","og_url":"https:\/\/training.algonquincollege.com\/fr\/produit\/introduction-a-la-recherche-en-lopinion-publique\/","og_site_name":"Professional Training - Algonquin College","article_modified_time":"2026-04-13T20:22:26+00:00","og_image":[{"width":1400,"height":800,"url":"https:\/\/training.algonquincollege.com\/wp-content\/uploads\/2023\/12\/Introduction-to-Public-Opinion-Research-POR.jpg","type":"image\/jpeg"}],"twitter_card":"summary_large_image","twitter_misc":{"Dur\u00e9e de lecture estim\u00e9e":"2 minutes"},"schema":{"@context":"https:\/\/schema.org","@graph":[{"@type":"WebPage","@id":"https:\/\/training.algonquincollege.com\/fr\/produit\/introduction-a-la-recherche-en-lopinion-publique\/","url":"https:\/\/training.algonquincollege.com\/fr\/produit\/introduction-a-la-recherche-en-lopinion-publique\/","name":"Introduction \u00e0 la recherche en opinion publique - Professional Training - Algonquin College","isPartOf":{"@id":"https:\/\/training.algonquincollege.com\/#website"},"primaryImageOfPage":{"@id":"https:\/\/training.algonquincollege.com\/fr\/produit\/introduction-a-la-recherche-en-lopinion-publique\/#primaryimage"},"image":{"@id":"https:\/\/training.algonquincollege.com\/fr\/produit\/introduction-a-la-recherche-en-lopinion-publique\/#primaryimage"},"thumbnailUrl":"https:\/\/training.algonquincollege.com\/wp-content\/uploads\/2023\/12\/Introduction-to-Public-Opinion-Research-POR.jpg","datePublished":"2023-12-16T04:08:45+00:00","dateModified":"2026-04-13T20:22:26+00:00","breadcrumb":{"@id":"https:\/\/training.algonquincollege.com\/fr\/produit\/introduction-a-la-recherche-en-lopinion-publique\/#breadcrumb"},"inLanguage":"fr-FR","potentialAction":[{"@type":"ReadAction","target":["https:\/\/training.algonquincollege.com\/fr\/produit\/introduction-a-la-recherche-en-lopinion-publique\/"]}]},{"@type":"ImageObject","inLanguage":"fr-FR","@id":"https:\/\/training.algonquincollege.com\/fr\/produit\/introduction-a-la-recherche-en-lopinion-publique\/#primaryimage","url":"https:\/\/training.algonquincollege.com\/wp-content\/uploads\/2023\/12\/Introduction-to-Public-Opinion-Research-POR.jpg","contentUrl":"https:\/\/training.algonquincollege.com\/wp-content\/uploads\/2023\/12\/Introduction-to-Public-Opinion-Research-POR.jpg","width":1400,"height":800,"caption":"Un homme d'affaires regardant l'\u00e9cran d'un smartphone rempli d'ic\u00f4nes et de symboles li\u00e9s au monde des affaires."},{"@type":"BreadcrumbList","@id":"https:\/\/training.algonquincollege.com\/fr\/produit\/introduction-a-la-recherche-en-lopinion-publique\/#breadcrumb","itemListElement":[{"@type":"ListItem","position":1,"name":"Home","item":"https:\/\/training.algonquincollege.com\/fr\/accueil\/"},{"@type":"ListItem","position":2,"name":"Boutique","item":"https:\/\/training.algonquincollege.com\/fr\/boutique\/"},{"@type":"ListItem","position":3,"name":"Introduction \u00e0 la recherche en opinion publique"}]},{"@type":"WebSite","@id":"https:\/\/training.algonquincollege.com\/#website","url":"https:\/\/training.algonquincollege.com\/","name":"Professional Training - Algonquin College","description":"","publisher":{"@id":"https:\/\/training.algonquincollege.com\/#organization"},"potentialAction":[{"@type":"SearchAction","target":{"@type":"EntryPoint","urlTemplate":"https:\/\/training.algonquincollege.com\/?s={search_term_string}"},"query-input":{"@type":"PropertyValueSpecification","valueRequired":true,"valueName":"search_term_string"}}],"inLanguage":"fr-FR"},{"@type":"Organization","@id":"https:\/\/training.algonquincollege.com\/#organization","name":"Professional Training - Algonquin College","url":"https:\/\/training.algonquincollege.com\/","logo":{"@type":"ImageObject","inLanguage":"fr-FR","@id":"https:\/\/training.algonquincollege.com\/#\/schema\/logo\/image\/","url":"https:\/\/training.algonquincollege.com\/wp-content\/uploads\/2023\/10\/cropped-acct_logo.png","contentUrl":"https:\/\/training.algonquincollege.com\/wp-content\/uploads\/2023\/10\/cropped-acct_logo.png","width":300,"height":44,"caption":"Professional Training - Algonquin College"},"image":{"@id":"https:\/\/training.algonquincollege.com\/#\/schema\/logo\/image\/"}}]}},"_links":{"self":[{"href":"https:\/\/training.algonquincollege.com\/fr\/wp-json\/wp\/v2\/product\/182362","targetHints":{"allow":["GET"]}}],"collection":[{"href":"https:\/\/training.algonquincollege.com\/fr\/wp-json\/wp\/v2\/product"}],"about":[{"href":"https:\/\/training.algonquincollege.com\/fr\/wp-json\/wp\/v2\/types\/product"}],"wp:featuredmedia":[{"embeddable":true,"href":"https:\/\/training.algonquincollege.com\/fr\/wp-json\/wp\/v2\/media\/179116"}],"wp:attachment":[{"href":"https:\/\/training.algonquincollege.com\/fr\/wp-json\/wp\/v2\/media?parent=182362"}],"wp:term":[{"taxonomy":"product_brand","embeddable":true,"href":"https:\/\/training.algonquincollege.com\/fr\/wp-json\/wp\/v2\/product_brand?post=182362"},{"taxonomy":"product_cat","embeddable":true,"href":"https:\/\/training.algonquincollege.com\/fr\/wp-json\/wp\/v2\/product_cat?post=182362"},{"taxonomy":"product_tag","embeddable":true,"href":"https:\/\/training.algonquincollege.com\/fr\/wp-json\/wp\/v2\/product_tag?post=182362"}],"curies":[{"name":"wp","href":"https:\/\/api.w.org\/{rel}","templated":true}]}}