{"id":182295,"date":"2023-12-15T23:10:03","date_gmt":"2023-12-16T04:10:03","guid":{"rendered":"https:\/\/corporate.algonquincollege.com\/product\/examen-de-competence-de-lorcl-planification-et-gestion-financiere\/"},"modified":"2025-08-22T08:50:47","modified_gmt":"2025-08-22T12:50:47","slug":"examen-de-competence-de-lorcl-planification-et-gestion-financiere-2","status":"publish","type":"product","link":"https:\/\/training.algonquincollege.com\/fr\/produit\/examen-de-competence-de-lorcl-planification-et-gestion-financiere-2\/","title":{"rendered":"Examen de comp\u00e9tence de l&rsquo;ORCL : Planification et gestion financi\u00e8re"},"content":{"rendered":"<p>Cet examen \u00e0 livre ferm\u00e9 se pr\u00e9sente sous forme de questions \u00e0 choix multiples, vrai\/faux et \u00e0 r\u00e9ponses multiples. Vous disposerez de 60 jours pour passer cette \u00e9valuation \u00e0 compter de la date d&rsquo;inscription. <\/p>\n<p><strong>Domaines d&rsquo;\u00e9valuation<\/strong><\/p>\n<ul>\n<li>Planification des activit\u00e9s<\/li>\n<li>Plans financiers<\/li>\n<li>\u00c9tudes de march\u00e9 et plans de marketing<\/li>\n<li>Plans d&rsquo;exploitation<\/li>\n<li>Comp\u00e9tences essentielles en mati\u00e8re de gestion<\/li>\n<li>Communication et participation aux r\u00e9unions<\/li>\n<li>Gestion du temps et organisation<\/li>\n<li>Supervision du personnel<\/li>\n<li>R\u00e9solution des probl\u00e8mes<\/li>\n<li>Un leadership efficace<\/li>\n<\/ul>\n<p>Veuillez noter que le co\u00fbt de l&rsquo;examen HCRA comprend uniquement l&rsquo;acc\u00e8s \u00e0 l&rsquo;examen. Afin de mieux vous pr\u00e9parer \u00e0 l&rsquo;examen et de recevoir les supports de cours, nous vous recommandons de vous inscrire et de suivre le cours approuv\u00e9 par la HCRA intitul\u00e9 \u00ab <span style=\"text-decoration: underline;\"><a href=\"https:\/\/corporate.algonquincollege.com\/fr\/produit\/orcl-planification-et-gestion-des-activites\/\">HCRA : Business Planning and Management \u00bb (Planification et gestion d&rsquo;entreprise)<\/a><\/span>. <\/p>\n<p>&nbsp;<\/p>\n","protected":false},"excerpt":{"rendered":"<p>Passez un examen en ligne pour cette comp\u00e9tence approuv\u00e9e par l\u2019Office de r\u00e9glementation de la construction de logements, au moment et \u00e0 l&rsquo;endroit qui vous conviennent. Cet examen a \u00e9t\u00e9 d\u00e9velopp\u00e9 pour s&rsquo;aligner sur le contenu de nos cours et couvrir tous les r\u00e9sultats d&rsquo;apprentissage requis par l&rsquo;ORCL. <\/p>\n","protected":false},"featured_media":179020,"template":"","meta":{"_acf_changed":false},"product_brand":[],"product_cat":[89,80],"product_tag":[],"class_list":{"0":"post-182295","1":"product","2":"type-product","3":"status-publish","4":"has-post-thumbnail","6":"product_cat-construction-fr","7":"product_cat-non-classifiee","8":"course_group-home-construction-regulatory-authority-courses-exams-fr","9":"course_group-home-construction-regulatory-authority-exams-fr","11":"first","12":"instock","13":"shipping-taxable","14":"purchasable","15":"product-type-variable"},"acf":[],"yoast_head":"<!-- This site is optimized with the Yoast SEO plugin v27.5 - https:\/\/yoast.com\/product\/yoast-seo-wordpress\/ -->\n<title>Examen de comp\u00e9tence de l&#039;ORCL : Planification et gestion financi\u00e8re - Professional Training - Algonquin College<\/title>\n<meta name=\"robots\" content=\"index, follow, max-snippet:-1, max-image-preview:large, max-video-preview:-1\" \/>\n<link rel=\"canonical\" href=\"https:\/\/training.algonquincollege.com\/fr\/produit\/examen-de-competence-de-lorcl-planification-et-gestion-financiere-2\/\" \/>\n<meta property=\"og:locale\" content=\"fr_FR\" \/>\n<meta property=\"og:type\" content=\"article\" \/>\n<meta property=\"og:title\" content=\"Examen de comp\u00e9tence de l&#039;ORCL : Planification et gestion financi\u00e8re - Professional Training - Algonquin College\" \/>\n<meta property=\"og:description\" content=\"Passez un examen en ligne pour cette comp\u00e9tence approuv\u00e9e par l\u2019Office de r\u00e9glementation de la construction de logements, au moment et \u00e0 l&#039;endroit qui vous conviennent. Cet examen a \u00e9t\u00e9 d\u00e9velopp\u00e9 pour s&#039;aligner sur le contenu de nos cours et couvrir tous les r\u00e9sultats d&#039;apprentissage requis par l&#039;ORCL.\" \/>\n<meta property=\"og:url\" content=\"https:\/\/training.algonquincollege.com\/fr\/produit\/examen-de-competence-de-lorcl-planification-et-gestion-financiere-2\/\" \/>\n<meta property=\"og:site_name\" content=\"Professional Training - Algonquin College\" \/>\n<meta property=\"article:modified_time\" content=\"2025-08-22T12:50:47+00:00\" \/>\n<meta property=\"og:image\" content=\"https:\/\/training.algonquincollege.com\/wp-content\/uploads\/2024\/04\/Business-Planning-and-Management.jpg\" \/>\n\t<meta property=\"og:image:width\" content=\"1400\" \/>\n\t<meta property=\"og:image:height\" content=\"800\" \/>\n\t<meta property=\"og:image:type\" content=\"image\/jpeg\" \/>\n<meta name=\"twitter:card\" content=\"summary_large_image\" \/>\n<meta name=\"twitter:label1\" content=\"Dur\u00e9e de lecture estim\u00e9e\" \/>\n\t<meta name=\"twitter:data1\" content=\"1 minute\" \/>\n<script type=\"application\/ld+json\" class=\"yoast-schema-graph\">{\"@context\":\"https:\\\/\\\/schema.org\",\"@graph\":[{\"@type\":\"WebPage\",\"@id\":\"https:\\\/\\\/training.algonquincollege.com\\\/fr\\\/produit\\\/examen-de-competence-de-lorcl-planification-et-gestion-financiere-2\\\/\",\"url\":\"https:\\\/\\\/training.algonquincollege.com\\\/fr\\\/produit\\\/examen-de-competence-de-lorcl-planification-et-gestion-financiere-2\\\/\",\"name\":\"Examen de comp\u00e9tence de l'ORCL : Planification et gestion financi\u00e8re - Professional Training - Algonquin College\",\"isPartOf\":{\"@id\":\"https:\\\/\\\/training.algonquincollege.com\\\/#website\"},\"primaryImageOfPage\":{\"@id\":\"https:\\\/\\\/training.algonquincollege.com\\\/fr\\\/produit\\\/examen-de-competence-de-lorcl-planification-et-gestion-financiere-2\\\/#primaryimage\"},\"image\":{\"@id\":\"https:\\\/\\\/training.algonquincollege.com\\\/fr\\\/produit\\\/examen-de-competence-de-lorcl-planification-et-gestion-financiere-2\\\/#primaryimage\"},\"thumbnailUrl\":\"https:\\\/\\\/training.algonquincollege.com\\\/wp-content\\\/uploads\\\/2024\\\/04\\\/Business-Planning-and-Management.jpg\",\"datePublished\":\"2023-12-16T04:10:03+00:00\",\"dateModified\":\"2025-08-22T12:50:47+00:00\",\"breadcrumb\":{\"@id\":\"https:\\\/\\\/training.algonquincollege.com\\\/fr\\\/produit\\\/examen-de-competence-de-lorcl-planification-et-gestion-financiere-2\\\/#breadcrumb\"},\"inLanguage\":\"fr-FR\",\"potentialAction\":[{\"@type\":\"ReadAction\",\"target\":[\"https:\\\/\\\/training.algonquincollege.com\\\/fr\\\/produit\\\/examen-de-competence-de-lorcl-planification-et-gestion-financiere-2\\\/\"]}]},{\"@type\":\"ImageObject\",\"inLanguage\":\"fr-FR\",\"@id\":\"https:\\\/\\\/training.algonquincollege.com\\\/fr\\\/produit\\\/examen-de-competence-de-lorcl-planification-et-gestion-financiere-2\\\/#primaryimage\",\"url\":\"https:\\\/\\\/training.algonquincollege.com\\\/wp-content\\\/uploads\\\/2024\\\/04\\\/Business-Planning-and-Management.jpg\",\"contentUrl\":\"https:\\\/\\\/training.algonquincollege.com\\\/wp-content\\\/uploads\\\/2024\\\/04\\\/Business-Planning-and-Management.jpg\",\"width\":1400,\"height\":800,\"caption\":\"Une personne travaillant avec application sur un ordinateur portable, examinant des plans de construction.\"},{\"@type\":\"BreadcrumbList\",\"@id\":\"https:\\\/\\\/training.algonquincollege.com\\\/fr\\\/produit\\\/examen-de-competence-de-lorcl-planification-et-gestion-financiere-2\\\/#breadcrumb\",\"itemListElement\":[{\"@type\":\"ListItem\",\"position\":1,\"name\":\"Home\",\"item\":\"https:\\\/\\\/training.algonquincollege.com\\\/fr\\\/accueil\\\/\"},{\"@type\":\"ListItem\",\"position\":2,\"name\":\"Boutique\",\"item\":\"https:\\\/\\\/training.algonquincollege.com\\\/fr\\\/boutique\\\/\"},{\"@type\":\"ListItem\",\"position\":3,\"name\":\"Examen de comp\u00e9tence de l&rsquo;ORCL : Planification et gestion financi\u00e8re\"}]},{\"@type\":\"WebSite\",\"@id\":\"https:\\\/\\\/training.algonquincollege.com\\\/#website\",\"url\":\"https:\\\/\\\/training.algonquincollege.com\\\/\",\"name\":\"Professional Training - Algonquin College\",\"description\":\"\",\"publisher\":{\"@id\":\"https:\\\/\\\/training.algonquincollege.com\\\/#organization\"},\"potentialAction\":[{\"@type\":\"SearchAction\",\"target\":{\"@type\":\"EntryPoint\",\"urlTemplate\":\"https:\\\/\\\/training.algonquincollege.com\\\/?s={search_term_string}\"},\"query-input\":{\"@type\":\"PropertyValueSpecification\",\"valueRequired\":true,\"valueName\":\"search_term_string\"}}],\"inLanguage\":\"fr-FR\"},{\"@type\":\"Organization\",\"@id\":\"https:\\\/\\\/training.algonquincollege.com\\\/#organization\",\"name\":\"Professional Training - Algonquin College\",\"url\":\"https:\\\/\\\/training.algonquincollege.com\\\/\",\"logo\":{\"@type\":\"ImageObject\",\"inLanguage\":\"fr-FR\",\"@id\":\"https:\\\/\\\/training.algonquincollege.com\\\/#\\\/schema\\\/logo\\\/image\\\/\",\"url\":\"https:\\\/\\\/training.algonquincollege.com\\\/wp-content\\\/uploads\\\/2023\\\/10\\\/cropped-acct_logo.png\",\"contentUrl\":\"https:\\\/\\\/training.algonquincollege.com\\\/wp-content\\\/uploads\\\/2023\\\/10\\\/cropped-acct_logo.png\",\"width\":300,\"height\":44,\"caption\":\"Professional Training - Algonquin College\"},\"image\":{\"@id\":\"https:\\\/\\\/training.algonquincollege.com\\\/#\\\/schema\\\/logo\\\/image\\\/\"}}]}<\/script>\n<!-- \/ Yoast SEO plugin. -->","yoast_head_json":{"title":"Examen de comp\u00e9tence de l'ORCL : Planification et gestion financi\u00e8re - Professional Training - Algonquin College","robots":{"index":"index","follow":"follow","max-snippet":"max-snippet:-1","max-image-preview":"max-image-preview:large","max-video-preview":"max-video-preview:-1"},"canonical":"https:\/\/training.algonquincollege.com\/fr\/produit\/examen-de-competence-de-lorcl-planification-et-gestion-financiere-2\/","og_locale":"fr_FR","og_type":"article","og_title":"Examen de comp\u00e9tence de l'ORCL : Planification et gestion financi\u00e8re - Professional Training - Algonquin College","og_description":"Passez un examen en ligne pour cette comp\u00e9tence approuv\u00e9e par l\u2019Office de r\u00e9glementation de la construction de logements, au moment et \u00e0 l'endroit qui vous conviennent. Cet examen a \u00e9t\u00e9 d\u00e9velopp\u00e9 pour s'aligner sur le contenu de nos cours et couvrir tous les r\u00e9sultats d'apprentissage requis par l'ORCL.","og_url":"https:\/\/training.algonquincollege.com\/fr\/produit\/examen-de-competence-de-lorcl-planification-et-gestion-financiere-2\/","og_site_name":"Professional Training - Algonquin College","article_modified_time":"2025-08-22T12:50:47+00:00","og_image":[{"width":1400,"height":800,"url":"https:\/\/training.algonquincollege.com\/wp-content\/uploads\/2024\/04\/Business-Planning-and-Management.jpg","type":"image\/jpeg"}],"twitter_card":"summary_large_image","twitter_misc":{"Dur\u00e9e de lecture estim\u00e9e":"1 minute"},"schema":{"@context":"https:\/\/schema.org","@graph":[{"@type":"WebPage","@id":"https:\/\/training.algonquincollege.com\/fr\/produit\/examen-de-competence-de-lorcl-planification-et-gestion-financiere-2\/","url":"https:\/\/training.algonquincollege.com\/fr\/produit\/examen-de-competence-de-lorcl-planification-et-gestion-financiere-2\/","name":"Examen de comp\u00e9tence de l'ORCL : Planification et gestion financi\u00e8re - Professional Training - Algonquin College","isPartOf":{"@id":"https:\/\/training.algonquincollege.com\/#website"},"primaryImageOfPage":{"@id":"https:\/\/training.algonquincollege.com\/fr\/produit\/examen-de-competence-de-lorcl-planification-et-gestion-financiere-2\/#primaryimage"},"image":{"@id":"https:\/\/training.algonquincollege.com\/fr\/produit\/examen-de-competence-de-lorcl-planification-et-gestion-financiere-2\/#primaryimage"},"thumbnailUrl":"https:\/\/training.algonquincollege.com\/wp-content\/uploads\/2024\/04\/Business-Planning-and-Management.jpg","datePublished":"2023-12-16T04:10:03+00:00","dateModified":"2025-08-22T12:50:47+00:00","breadcrumb":{"@id":"https:\/\/training.algonquincollege.com\/fr\/produit\/examen-de-competence-de-lorcl-planification-et-gestion-financiere-2\/#breadcrumb"},"inLanguage":"fr-FR","potentialAction":[{"@type":"ReadAction","target":["https:\/\/training.algonquincollege.com\/fr\/produit\/examen-de-competence-de-lorcl-planification-et-gestion-financiere-2\/"]}]},{"@type":"ImageObject","inLanguage":"fr-FR","@id":"https:\/\/training.algonquincollege.com\/fr\/produit\/examen-de-competence-de-lorcl-planification-et-gestion-financiere-2\/#primaryimage","url":"https:\/\/training.algonquincollege.com\/wp-content\/uploads\/2024\/04\/Business-Planning-and-Management.jpg","contentUrl":"https:\/\/training.algonquincollege.com\/wp-content\/uploads\/2024\/04\/Business-Planning-and-Management.jpg","width":1400,"height":800,"caption":"Une personne travaillant avec application sur un ordinateur portable, examinant des plans de construction."},{"@type":"BreadcrumbList","@id":"https:\/\/training.algonquincollege.com\/fr\/produit\/examen-de-competence-de-lorcl-planification-et-gestion-financiere-2\/#breadcrumb","itemListElement":[{"@type":"ListItem","position":1,"name":"Home","item":"https:\/\/training.algonquincollege.com\/fr\/accueil\/"},{"@type":"ListItem","position":2,"name":"Boutique","item":"https:\/\/training.algonquincollege.com\/fr\/boutique\/"},{"@type":"ListItem","position":3,"name":"Examen de comp\u00e9tence de l&rsquo;ORCL : Planification et gestion financi\u00e8re"}]},{"@type":"WebSite","@id":"https:\/\/training.algonquincollege.com\/#website","url":"https:\/\/training.algonquincollege.com\/","name":"Professional Training - Algonquin College","description":"","publisher":{"@id":"https:\/\/training.algonquincollege.com\/#organization"},"potentialAction":[{"@type":"SearchAction","target":{"@type":"EntryPoint","urlTemplate":"https:\/\/training.algonquincollege.com\/?s={search_term_string}"},"query-input":{"@type":"PropertyValueSpecification","valueRequired":true,"valueName":"search_term_string"}}],"inLanguage":"fr-FR"},{"@type":"Organization","@id":"https:\/\/training.algonquincollege.com\/#organization","name":"Professional Training - Algonquin College","url":"https:\/\/training.algonquincollege.com\/","logo":{"@type":"ImageObject","inLanguage":"fr-FR","@id":"https:\/\/training.algonquincollege.com\/#\/schema\/logo\/image\/","url":"https:\/\/training.algonquincollege.com\/wp-content\/uploads\/2023\/10\/cropped-acct_logo.png","contentUrl":"https:\/\/training.algonquincollege.com\/wp-content\/uploads\/2023\/10\/cropped-acct_logo.png","width":300,"height":44,"caption":"Professional Training - Algonquin College"},"image":{"@id":"https:\/\/training.algonquincollege.com\/#\/schema\/logo\/image\/"}}]}},"_links":{"self":[{"href":"https:\/\/training.algonquincollege.com\/fr\/wp-json\/wp\/v2\/product\/182295","targetHints":{"allow":["GET"]}}],"collection":[{"href":"https:\/\/training.algonquincollege.com\/fr\/wp-json\/wp\/v2\/product"}],"about":[{"href":"https:\/\/training.algonquincollege.com\/fr\/wp-json\/wp\/v2\/types\/product"}],"wp:featuredmedia":[{"embeddable":true,"href":"https:\/\/training.algonquincollege.com\/fr\/wp-json\/wp\/v2\/media\/179020"}],"wp:attachment":[{"href":"https:\/\/training.algonquincollege.com\/fr\/wp-json\/wp\/v2\/media?parent=182295"}],"wp:term":[{"taxonomy":"product_brand","embeddable":true,"href":"https:\/\/training.algonquincollege.com\/fr\/wp-json\/wp\/v2\/product_brand?post=182295"},{"taxonomy":"product_cat","embeddable":true,"href":"https:\/\/training.algonquincollege.com\/fr\/wp-json\/wp\/v2\/product_cat?post=182295"},{"taxonomy":"product_tag","embeddable":true,"href":"https:\/\/training.algonquincollege.com\/fr\/wp-json\/wp\/v2\/product_tag?post=182295"}],"curies":[{"name":"wp","href":"https:\/\/api.w.org\/{rel}","templated":true}]}}