{"id":182126,"date":"2024-05-27T18:22:50","date_gmt":"2024-05-27T22:22:50","guid":{"rendered":"https:\/\/corporate.algonquincollege.com\/product\/leadership-et-gestion-pour-les-femmes\/"},"modified":"2026-04-13T15:51:37","modified_gmt":"2026-04-13T19:51:37","slug":"leadership-et-gestion-pour-les-femmes","status":"publish","type":"product","link":"https:\/\/training.algonquincollege.com\/fr\/produit\/leadership-et-gestion-pour-les-femmes\/","title":{"rendered":"Leadership et gestion pour les femmes"},"content":{"rendered":"<p>Cet atelier de deux jours r\u00e9sume ce que toute femme doit savoir sur elle-m\u00eame pour progresser dans sa carri\u00e8re. Apprenez \u00e0 identifier votre style de leadership, vos forces manag\u00e9riales et les obstacles qui vous emp\u00eachent d&rsquo;atteindre vos objectifs. <\/p>\n","protected":false},"excerpt":{"rendered":"<p>Apprenez \u00e0 faire progresser votre carri\u00e8re en identifiant et en exploitant votre style de leadership et vos forces manag\u00e9riales.<\/p>\n","protected":false},"featured_media":178982,"template":"","meta":{"_acf_changed":false},"product_brand":[],"product_cat":[118,80],"product_tag":[],"class_list":{"0":"post-182126","1":"product","2":"type-product","3":"status-publish","4":"has-post-thumbnail","6":"product_cat-leadership-fr","7":"product_cat-non-classifiee","8":"course_group-leadership-fr","10":"first","11":"outofstock","12":"shipping-taxable","13":"purchasable","14":"product-type-variable"},"acf":[],"yoast_head":"<!-- This site is optimized with the Yoast SEO plugin v27.5 - https:\/\/yoast.com\/product\/yoast-seo-wordpress\/ -->\n<title>Leadership et gestion pour les femmes - Professional Training - Algonquin College<\/title>\n<meta name=\"description\" content=\"Participez \u00e0 notre atelier de deux jours sur le leadership et la gestion destin\u00e9 aux femmes afin de d\u00e9couvrir votre style de leadership, vos points forts et de surmonter les obstacles \u00e0 votre carri\u00e8re.\" \/>\n<meta name=\"robots\" content=\"index, follow, max-snippet:-1, max-image-preview:large, max-video-preview:-1\" \/>\n<link rel=\"canonical\" href=\"https:\/\/training.algonquincollege.com\/fr\/produit\/leadership-et-gestion-pour-les-femmes\/\" \/>\n<meta property=\"og:locale\" content=\"fr_FR\" \/>\n<meta property=\"og:type\" content=\"article\" \/>\n<meta property=\"og:title\" content=\"Leadership et gestion pour les femmes - Professional Training - Algonquin College\" \/>\n<meta property=\"og:description\" content=\"Participez \u00e0 notre atelier de deux jours sur le leadership et la gestion destin\u00e9 aux femmes afin de d\u00e9couvrir votre style de leadership, vos points forts et de surmonter les obstacles \u00e0 votre carri\u00e8re.\" \/>\n<meta property=\"og:url\" content=\"https:\/\/training.algonquincollege.com\/fr\/produit\/leadership-et-gestion-pour-les-femmes\/\" \/>\n<meta property=\"og:site_name\" content=\"Professional Training - Algonquin College\" \/>\n<meta property=\"article:modified_time\" content=\"2026-04-13T19:51:37+00:00\" \/>\n<meta property=\"og:image\" content=\"https:\/\/training.algonquincollege.com\/wp-content\/uploads\/2024\/04\/Leadership-and-Management-for-Women.jpg\" \/>\n\t<meta property=\"og:image:width\" content=\"1400\" \/>\n\t<meta property=\"og:image:height\" content=\"800\" \/>\n\t<meta property=\"og:image:type\" content=\"image\/jpeg\" \/>\n<meta name=\"twitter:card\" content=\"summary_large_image\" \/>\n<meta name=\"twitter:label1\" content=\"Dur\u00e9e de lecture estim\u00e9e\" \/>\n\t<meta name=\"twitter:data1\" content=\"1 minute\" \/>\n<script type=\"application\/ld+json\" class=\"yoast-schema-graph\">{\"@context\":\"https:\\\/\\\/schema.org\",\"@graph\":[{\"@type\":\"WebPage\",\"@id\":\"https:\\\/\\\/training.algonquincollege.com\\\/fr\\\/produit\\\/leadership-et-gestion-pour-les-femmes\\\/\",\"url\":\"https:\\\/\\\/training.algonquincollege.com\\\/fr\\\/produit\\\/leadership-et-gestion-pour-les-femmes\\\/\",\"name\":\"Leadership et gestion pour les femmes - Professional Training - Algonquin College\",\"isPartOf\":{\"@id\":\"https:\\\/\\\/training.algonquincollege.com\\\/#website\"},\"primaryImageOfPage\":{\"@id\":\"https:\\\/\\\/training.algonquincollege.com\\\/fr\\\/produit\\\/leadership-et-gestion-pour-les-femmes\\\/#primaryimage\"},\"image\":{\"@id\":\"https:\\\/\\\/training.algonquincollege.com\\\/fr\\\/produit\\\/leadership-et-gestion-pour-les-femmes\\\/#primaryimage\"},\"thumbnailUrl\":\"https:\\\/\\\/training.algonquincollege.com\\\/wp-content\\\/uploads\\\/2024\\\/04\\\/Leadership-and-Management-for-Women.jpg\",\"datePublished\":\"2024-05-27T22:22:50+00:00\",\"dateModified\":\"2026-04-13T19:51:37+00:00\",\"description\":\"Participez \u00e0 notre atelier de deux jours sur le leadership et la gestion destin\u00e9 aux femmes afin de d\u00e9couvrir votre style de leadership, vos points forts et de surmonter les obstacles \u00e0 votre carri\u00e8re.\",\"breadcrumb\":{\"@id\":\"https:\\\/\\\/training.algonquincollege.com\\\/fr\\\/produit\\\/leadership-et-gestion-pour-les-femmes\\\/#breadcrumb\"},\"inLanguage\":\"fr-FR\",\"potentialAction\":[{\"@type\":\"ReadAction\",\"target\":[\"https:\\\/\\\/training.algonquincollege.com\\\/fr\\\/produit\\\/leadership-et-gestion-pour-les-femmes\\\/\"]}]},{\"@type\":\"ImageObject\",\"inLanguage\":\"fr-FR\",\"@id\":\"https:\\\/\\\/training.algonquincollege.com\\\/fr\\\/produit\\\/leadership-et-gestion-pour-les-femmes\\\/#primaryimage\",\"url\":\"https:\\\/\\\/training.algonquincollege.com\\\/wp-content\\\/uploads\\\/2024\\\/04\\\/Leadership-and-Management-for-Women.jpg\",\"contentUrl\":\"https:\\\/\\\/training.algonquincollege.com\\\/wp-content\\\/uploads\\\/2024\\\/04\\\/Leadership-and-Management-for-Women.jpg\",\"width\":1400,\"height\":800,\"caption\":\"Une femme m\u00fbre aux cheveux gris debout dans un bureau, entour\u00e9e de bureaux et de mat\u00e9riel de bureau.\"},{\"@type\":\"BreadcrumbList\",\"@id\":\"https:\\\/\\\/training.algonquincollege.com\\\/fr\\\/produit\\\/leadership-et-gestion-pour-les-femmes\\\/#breadcrumb\",\"itemListElement\":[{\"@type\":\"ListItem\",\"position\":1,\"name\":\"Home\",\"item\":\"https:\\\/\\\/training.algonquincollege.com\\\/fr\\\/accueil\\\/\"},{\"@type\":\"ListItem\",\"position\":2,\"name\":\"Boutique\",\"item\":\"https:\\\/\\\/training.algonquincollege.com\\\/fr\\\/boutique\\\/\"},{\"@type\":\"ListItem\",\"position\":3,\"name\":\"Leadership et gestion pour les femmes\"}]},{\"@type\":\"WebSite\",\"@id\":\"https:\\\/\\\/training.algonquincollege.com\\\/#website\",\"url\":\"https:\\\/\\\/training.algonquincollege.com\\\/\",\"name\":\"Professional Training - Algonquin College\",\"description\":\"\",\"publisher\":{\"@id\":\"https:\\\/\\\/training.algonquincollege.com\\\/#organization\"},\"potentialAction\":[{\"@type\":\"SearchAction\",\"target\":{\"@type\":\"EntryPoint\",\"urlTemplate\":\"https:\\\/\\\/training.algonquincollege.com\\\/?s={search_term_string}\"},\"query-input\":{\"@type\":\"PropertyValueSpecification\",\"valueRequired\":true,\"valueName\":\"search_term_string\"}}],\"inLanguage\":\"fr-FR\"},{\"@type\":\"Organization\",\"@id\":\"https:\\\/\\\/training.algonquincollege.com\\\/#organization\",\"name\":\"Professional Training - Algonquin College\",\"url\":\"https:\\\/\\\/training.algonquincollege.com\\\/\",\"logo\":{\"@type\":\"ImageObject\",\"inLanguage\":\"fr-FR\",\"@id\":\"https:\\\/\\\/training.algonquincollege.com\\\/#\\\/schema\\\/logo\\\/image\\\/\",\"url\":\"https:\\\/\\\/training.algonquincollege.com\\\/wp-content\\\/uploads\\\/2023\\\/10\\\/cropped-acct_logo.png\",\"contentUrl\":\"https:\\\/\\\/training.algonquincollege.com\\\/wp-content\\\/uploads\\\/2023\\\/10\\\/cropped-acct_logo.png\",\"width\":300,\"height\":44,\"caption\":\"Professional Training - Algonquin College\"},\"image\":{\"@id\":\"https:\\\/\\\/training.algonquincollege.com\\\/#\\\/schema\\\/logo\\\/image\\\/\"}}]}<\/script>\n<!-- \/ Yoast SEO plugin. -->","yoast_head_json":{"title":"Leadership et gestion pour les femmes - Professional Training - Algonquin College","description":"Participez \u00e0 notre atelier de deux jours sur le leadership et la gestion destin\u00e9 aux femmes afin de d\u00e9couvrir votre style de leadership, vos points forts et de surmonter les obstacles \u00e0 votre carri\u00e8re.","robots":{"index":"index","follow":"follow","max-snippet":"max-snippet:-1","max-image-preview":"max-image-preview:large","max-video-preview":"max-video-preview:-1"},"canonical":"https:\/\/training.algonquincollege.com\/fr\/produit\/leadership-et-gestion-pour-les-femmes\/","og_locale":"fr_FR","og_type":"article","og_title":"Leadership et gestion pour les femmes - Professional Training - Algonquin College","og_description":"Participez \u00e0 notre atelier de deux jours sur le leadership et la gestion destin\u00e9 aux femmes afin de d\u00e9couvrir votre style de leadership, vos points forts et de surmonter les obstacles \u00e0 votre carri\u00e8re.","og_url":"https:\/\/training.algonquincollege.com\/fr\/produit\/leadership-et-gestion-pour-les-femmes\/","og_site_name":"Professional Training - Algonquin College","article_modified_time":"2026-04-13T19:51:37+00:00","og_image":[{"width":1400,"height":800,"url":"https:\/\/training.algonquincollege.com\/wp-content\/uploads\/2024\/04\/Leadership-and-Management-for-Women.jpg","type":"image\/jpeg"}],"twitter_card":"summary_large_image","twitter_misc":{"Dur\u00e9e de lecture estim\u00e9e":"1 minute"},"schema":{"@context":"https:\/\/schema.org","@graph":[{"@type":"WebPage","@id":"https:\/\/training.algonquincollege.com\/fr\/produit\/leadership-et-gestion-pour-les-femmes\/","url":"https:\/\/training.algonquincollege.com\/fr\/produit\/leadership-et-gestion-pour-les-femmes\/","name":"Leadership et gestion pour les femmes - Professional Training - Algonquin College","isPartOf":{"@id":"https:\/\/training.algonquincollege.com\/#website"},"primaryImageOfPage":{"@id":"https:\/\/training.algonquincollege.com\/fr\/produit\/leadership-et-gestion-pour-les-femmes\/#primaryimage"},"image":{"@id":"https:\/\/training.algonquincollege.com\/fr\/produit\/leadership-et-gestion-pour-les-femmes\/#primaryimage"},"thumbnailUrl":"https:\/\/training.algonquincollege.com\/wp-content\/uploads\/2024\/04\/Leadership-and-Management-for-Women.jpg","datePublished":"2024-05-27T22:22:50+00:00","dateModified":"2026-04-13T19:51:37+00:00","description":"Participez \u00e0 notre atelier de deux jours sur le leadership et la gestion destin\u00e9 aux femmes afin de d\u00e9couvrir votre style de leadership, vos points forts et de surmonter les obstacles \u00e0 votre carri\u00e8re.","breadcrumb":{"@id":"https:\/\/training.algonquincollege.com\/fr\/produit\/leadership-et-gestion-pour-les-femmes\/#breadcrumb"},"inLanguage":"fr-FR","potentialAction":[{"@type":"ReadAction","target":["https:\/\/training.algonquincollege.com\/fr\/produit\/leadership-et-gestion-pour-les-femmes\/"]}]},{"@type":"ImageObject","inLanguage":"fr-FR","@id":"https:\/\/training.algonquincollege.com\/fr\/produit\/leadership-et-gestion-pour-les-femmes\/#primaryimage","url":"https:\/\/training.algonquincollege.com\/wp-content\/uploads\/2024\/04\/Leadership-and-Management-for-Women.jpg","contentUrl":"https:\/\/training.algonquincollege.com\/wp-content\/uploads\/2024\/04\/Leadership-and-Management-for-Women.jpg","width":1400,"height":800,"caption":"Une femme m\u00fbre aux cheveux gris debout dans un bureau, entour\u00e9e de bureaux et de mat\u00e9riel de bureau."},{"@type":"BreadcrumbList","@id":"https:\/\/training.algonquincollege.com\/fr\/produit\/leadership-et-gestion-pour-les-femmes\/#breadcrumb","itemListElement":[{"@type":"ListItem","position":1,"name":"Home","item":"https:\/\/training.algonquincollege.com\/fr\/accueil\/"},{"@type":"ListItem","position":2,"name":"Boutique","item":"https:\/\/training.algonquincollege.com\/fr\/boutique\/"},{"@type":"ListItem","position":3,"name":"Leadership et gestion pour les femmes"}]},{"@type":"WebSite","@id":"https:\/\/training.algonquincollege.com\/#website","url":"https:\/\/training.algonquincollege.com\/","name":"Professional Training - Algonquin College","description":"","publisher":{"@id":"https:\/\/training.algonquincollege.com\/#organization"},"potentialAction":[{"@type":"SearchAction","target":{"@type":"EntryPoint","urlTemplate":"https:\/\/training.algonquincollege.com\/?s={search_term_string}"},"query-input":{"@type":"PropertyValueSpecification","valueRequired":true,"valueName":"search_term_string"}}],"inLanguage":"fr-FR"},{"@type":"Organization","@id":"https:\/\/training.algonquincollege.com\/#organization","name":"Professional Training - Algonquin College","url":"https:\/\/training.algonquincollege.com\/","logo":{"@type":"ImageObject","inLanguage":"fr-FR","@id":"https:\/\/training.algonquincollege.com\/#\/schema\/logo\/image\/","url":"https:\/\/training.algonquincollege.com\/wp-content\/uploads\/2023\/10\/cropped-acct_logo.png","contentUrl":"https:\/\/training.algonquincollege.com\/wp-content\/uploads\/2023\/10\/cropped-acct_logo.png","width":300,"height":44,"caption":"Professional Training - Algonquin College"},"image":{"@id":"https:\/\/training.algonquincollege.com\/#\/schema\/logo\/image\/"}}]}},"_links":{"self":[{"href":"https:\/\/training.algonquincollege.com\/fr\/wp-json\/wp\/v2\/product\/182126","targetHints":{"allow":["GET"]}}],"collection":[{"href":"https:\/\/training.algonquincollege.com\/fr\/wp-json\/wp\/v2\/product"}],"about":[{"href":"https:\/\/training.algonquincollege.com\/fr\/wp-json\/wp\/v2\/types\/product"}],"wp:featuredmedia":[{"embeddable":true,"href":"https:\/\/training.algonquincollege.com\/fr\/wp-json\/wp\/v2\/media\/178982"}],"wp:attachment":[{"href":"https:\/\/training.algonquincollege.com\/fr\/wp-json\/wp\/v2\/media?parent=182126"}],"wp:term":[{"taxonomy":"product_brand","embeddable":true,"href":"https:\/\/training.algonquincollege.com\/fr\/wp-json\/wp\/v2\/product_brand?post=182126"},{"taxonomy":"product_cat","embeddable":true,"href":"https:\/\/training.algonquincollege.com\/fr\/wp-json\/wp\/v2\/product_cat?post=182126"},{"taxonomy":"product_tag","embeddable":true,"href":"https:\/\/training.algonquincollege.com\/fr\/wp-json\/wp\/v2\/product_tag?post=182126"}],"curies":[{"name":"wp","href":"https:\/\/api.w.org\/{rel}","templated":true}]}}