{"id":181964,"date":"2023-12-15T23:10:15","date_gmt":"2023-12-16T04:10:15","guid":{"rendered":"https:\/\/corporate.algonquincollege.com\/product\/certification-de-professionnel-de-la-gestion-des-relations-daffaires-brmp\/"},"modified":"2026-04-13T16:11:32","modified_gmt":"2026-04-13T20:11:32","slug":"certification-de-professionnel-de-la-gestion-des-relations-daffaires-brmp","status":"publish","type":"product","link":"https:\/\/training.algonquincollege.com\/fr\/produit\/certification-de-professionnel-de-la-gestion-des-relations-daffaires-brmp\/","title":{"rendered":"Certification de professionnel de la gestion des relations d&rsquo;affaires (BRMP\u00ae)"},"content":{"rendered":"<p class=\"test2\">Ce cours vise \u00e0 fournir aux participants une connaissance de base du r\u00f4le de la gestion des relations commerciales et des capacit\u00e9s organisationnelles associ\u00e9es \u00e0 ce r\u00f4le.<\/p>\n<p>Le programme de formation et de certification BRMP\u00ae (Business Relationship Management Professional) est con\u00e7u comme une base compl\u00e8te pour les Business Relationship Managers (BRM), quel que soit leur niveau d&rsquo;exp\u00e9rience. La formation et la certification sont con\u00e7ues pour fournir un niveau de connaissances de base solide concernant le r\u00f4le du BRM et la mani\u00e8re dont des disciplines BRM bien renforc\u00e9es et efficaces peuvent avoir un impact positif sur les r\u00e9sultats globaux de l&rsquo;entreprise.<\/p>\n","protected":false},"excerpt":{"rendered":"<p>Introduction au r\u00f4le de la gestion des relations commerciales et \u00e0 la capacit\u00e9 organisationnelle associ\u00e9e \u00e0 ce r\u00f4le.<\/p>\n","protected":false},"featured_media":178956,"template":"","meta":{"_acf_changed":false},"product_brand":[],"product_cat":[86,87,80,117],"product_tag":[],"class_list":{"0":"post-181964","1":"product","2":"type-product","3":"status-publish","4":"has-post-thumbnail","6":"product_cat-accredited-certifications-fr","7":"product_cat-business-skills-fr","8":"product_cat-non-classifiee","9":"product_cat-it-cybersecurity-fr","10":"course_group-business-skills-fr","11":"course_group-it-cybersecurity-fr","13":"first","14":"outofstock","15":"shipping-taxable","16":"purchasable","17":"product-type-variable"},"acf":[],"yoast_head":"<!-- This site is optimized with the Yoast SEO plugin v27.5 - https:\/\/yoast.com\/product\/yoast-seo-wordpress\/ -->\n<title>Certification de professionnel de la gestion des relations d&#039;affaires (BRMP\u00ae) - Professional Training - Algonquin College<\/title>\n<meta name=\"robots\" content=\"index, follow, max-snippet:-1, max-image-preview:large, max-video-preview:-1\" \/>\n<link rel=\"canonical\" href=\"https:\/\/training.algonquincollege.com\/fr\/produit\/certification-de-professionnel-de-la-gestion-des-relations-daffaires-brmp\/\" \/>\n<meta property=\"og:locale\" content=\"fr_FR\" \/>\n<meta property=\"og:type\" content=\"article\" \/>\n<meta property=\"og:title\" content=\"Certification de professionnel de la gestion des relations d&#039;affaires (BRMP\u00ae) - Professional Training - Algonquin College\" \/>\n<meta property=\"og:description\" content=\"Introduction au r\u00f4le de la gestion des relations commerciales et \u00e0 la capacit\u00e9 organisationnelle associ\u00e9e \u00e0 ce r\u00f4le.\" \/>\n<meta property=\"og:url\" content=\"https:\/\/training.algonquincollege.com\/fr\/produit\/certification-de-professionnel-de-la-gestion-des-relations-daffaires-brmp\/\" \/>\n<meta property=\"og:site_name\" content=\"Professional Training - Algonquin College\" \/>\n<meta property=\"article:modified_time\" content=\"2026-04-13T20:11:32+00:00\" \/>\n<meta property=\"og:image\" content=\"https:\/\/training.algonquincollege.com\/wp-content\/uploads\/2024\/04\/BRMP-1.jpg\" \/>\n\t<meta property=\"og:image:width\" content=\"1400\" \/>\n\t<meta property=\"og:image:height\" content=\"800\" \/>\n\t<meta property=\"og:image:type\" content=\"image\/jpeg\" \/>\n<meta name=\"twitter:card\" content=\"summary_large_image\" \/>\n<meta name=\"twitter:label1\" content=\"Dur\u00e9e de lecture estim\u00e9e\" \/>\n\t<meta name=\"twitter:data1\" content=\"1 minute\" \/>\n<script type=\"application\/ld+json\" class=\"yoast-schema-graph\">{\"@context\":\"https:\\\/\\\/schema.org\",\"@graph\":[{\"@type\":\"WebPage\",\"@id\":\"https:\\\/\\\/training.algonquincollege.com\\\/fr\\\/produit\\\/certification-de-professionnel-de-la-gestion-des-relations-daffaires-brmp\\\/\",\"url\":\"https:\\\/\\\/training.algonquincollege.com\\\/fr\\\/produit\\\/certification-de-professionnel-de-la-gestion-des-relations-daffaires-brmp\\\/\",\"name\":\"Certification de professionnel de la gestion des relations d'affaires (BRMP\u00ae) - Professional Training - Algonquin College\",\"isPartOf\":{\"@id\":\"https:\\\/\\\/training.algonquincollege.com\\\/#website\"},\"primaryImageOfPage\":{\"@id\":\"https:\\\/\\\/training.algonquincollege.com\\\/fr\\\/produit\\\/certification-de-professionnel-de-la-gestion-des-relations-daffaires-brmp\\\/#primaryimage\"},\"image\":{\"@id\":\"https:\\\/\\\/training.algonquincollege.com\\\/fr\\\/produit\\\/certification-de-professionnel-de-la-gestion-des-relations-daffaires-brmp\\\/#primaryimage\"},\"thumbnailUrl\":\"https:\\\/\\\/training.algonquincollege.com\\\/wp-content\\\/uploads\\\/2024\\\/04\\\/BRMP-1.jpg\",\"datePublished\":\"2023-12-16T04:10:15+00:00\",\"dateModified\":\"2026-04-13T20:11:32+00:00\",\"breadcrumb\":{\"@id\":\"https:\\\/\\\/training.algonquincollege.com\\\/fr\\\/produit\\\/certification-de-professionnel-de-la-gestion-des-relations-daffaires-brmp\\\/#breadcrumb\"},\"inLanguage\":\"fr-FR\",\"potentialAction\":[{\"@type\":\"ReadAction\",\"target\":[\"https:\\\/\\\/training.algonquincollege.com\\\/fr\\\/produit\\\/certification-de-professionnel-de-la-gestion-des-relations-daffaires-brmp\\\/\"]}]},{\"@type\":\"ImageObject\",\"inLanguage\":\"fr-FR\",\"@id\":\"https:\\\/\\\/training.algonquincollege.com\\\/fr\\\/produit\\\/certification-de-professionnel-de-la-gestion-des-relations-daffaires-brmp\\\/#primaryimage\",\"url\":\"https:\\\/\\\/training.algonquincollege.com\\\/wp-content\\\/uploads\\\/2024\\\/04\\\/BRMP-1.jpg\",\"contentUrl\":\"https:\\\/\\\/training.algonquincollege.com\\\/wp-content\\\/uploads\\\/2024\\\/04\\\/BRMP-1.jpg\",\"width\":1400,\"height\":800},{\"@type\":\"BreadcrumbList\",\"@id\":\"https:\\\/\\\/training.algonquincollege.com\\\/fr\\\/produit\\\/certification-de-professionnel-de-la-gestion-des-relations-daffaires-brmp\\\/#breadcrumb\",\"itemListElement\":[{\"@type\":\"ListItem\",\"position\":1,\"name\":\"Home\",\"item\":\"https:\\\/\\\/training.algonquincollege.com\\\/fr\\\/accueil\\\/\"},{\"@type\":\"ListItem\",\"position\":2,\"name\":\"Boutique\",\"item\":\"https:\\\/\\\/training.algonquincollege.com\\\/fr\\\/boutique\\\/\"},{\"@type\":\"ListItem\",\"position\":3,\"name\":\"Certification de professionnel de la gestion des relations d&#8217;affaires (BRMP\u00ae)\"}]},{\"@type\":\"WebSite\",\"@id\":\"https:\\\/\\\/training.algonquincollege.com\\\/#website\",\"url\":\"https:\\\/\\\/training.algonquincollege.com\\\/\",\"name\":\"Professional Training - Algonquin College\",\"description\":\"\",\"publisher\":{\"@id\":\"https:\\\/\\\/training.algonquincollege.com\\\/#organization\"},\"potentialAction\":[{\"@type\":\"SearchAction\",\"target\":{\"@type\":\"EntryPoint\",\"urlTemplate\":\"https:\\\/\\\/training.algonquincollege.com\\\/?s={search_term_string}\"},\"query-input\":{\"@type\":\"PropertyValueSpecification\",\"valueRequired\":true,\"valueName\":\"search_term_string\"}}],\"inLanguage\":\"fr-FR\"},{\"@type\":\"Organization\",\"@id\":\"https:\\\/\\\/training.algonquincollege.com\\\/#organization\",\"name\":\"Professional Training - Algonquin College\",\"url\":\"https:\\\/\\\/training.algonquincollege.com\\\/\",\"logo\":{\"@type\":\"ImageObject\",\"inLanguage\":\"fr-FR\",\"@id\":\"https:\\\/\\\/training.algonquincollege.com\\\/#\\\/schema\\\/logo\\\/image\\\/\",\"url\":\"https:\\\/\\\/training.algonquincollege.com\\\/wp-content\\\/uploads\\\/2023\\\/10\\\/cropped-acct_logo.png\",\"contentUrl\":\"https:\\\/\\\/training.algonquincollege.com\\\/wp-content\\\/uploads\\\/2023\\\/10\\\/cropped-acct_logo.png\",\"width\":300,\"height\":44,\"caption\":\"Professional Training - Algonquin College\"},\"image\":{\"@id\":\"https:\\\/\\\/training.algonquincollege.com\\\/#\\\/schema\\\/logo\\\/image\\\/\"}}]}<\/script>\n<!-- \/ Yoast SEO plugin. -->","yoast_head_json":{"title":"Certification de professionnel de la gestion des relations d'affaires (BRMP\u00ae) - Professional Training - Algonquin College","robots":{"index":"index","follow":"follow","max-snippet":"max-snippet:-1","max-image-preview":"max-image-preview:large","max-video-preview":"max-video-preview:-1"},"canonical":"https:\/\/training.algonquincollege.com\/fr\/produit\/certification-de-professionnel-de-la-gestion-des-relations-daffaires-brmp\/","og_locale":"fr_FR","og_type":"article","og_title":"Certification de professionnel de la gestion des relations d'affaires (BRMP\u00ae) - Professional Training - Algonquin College","og_description":"Introduction au r\u00f4le de la gestion des relations commerciales et \u00e0 la capacit\u00e9 organisationnelle associ\u00e9e \u00e0 ce r\u00f4le.","og_url":"https:\/\/training.algonquincollege.com\/fr\/produit\/certification-de-professionnel-de-la-gestion-des-relations-daffaires-brmp\/","og_site_name":"Professional Training - Algonquin College","article_modified_time":"2026-04-13T20:11:32+00:00","og_image":[{"width":1400,"height":800,"url":"https:\/\/training.algonquincollege.com\/wp-content\/uploads\/2024\/04\/BRMP-1.jpg","type":"image\/jpeg"}],"twitter_card":"summary_large_image","twitter_misc":{"Dur\u00e9e de lecture estim\u00e9e":"1 minute"},"schema":{"@context":"https:\/\/schema.org","@graph":[{"@type":"WebPage","@id":"https:\/\/training.algonquincollege.com\/fr\/produit\/certification-de-professionnel-de-la-gestion-des-relations-daffaires-brmp\/","url":"https:\/\/training.algonquincollege.com\/fr\/produit\/certification-de-professionnel-de-la-gestion-des-relations-daffaires-brmp\/","name":"Certification de professionnel de la gestion des relations d'affaires (BRMP\u00ae) - Professional Training - Algonquin College","isPartOf":{"@id":"https:\/\/training.algonquincollege.com\/#website"},"primaryImageOfPage":{"@id":"https:\/\/training.algonquincollege.com\/fr\/produit\/certification-de-professionnel-de-la-gestion-des-relations-daffaires-brmp\/#primaryimage"},"image":{"@id":"https:\/\/training.algonquincollege.com\/fr\/produit\/certification-de-professionnel-de-la-gestion-des-relations-daffaires-brmp\/#primaryimage"},"thumbnailUrl":"https:\/\/training.algonquincollege.com\/wp-content\/uploads\/2024\/04\/BRMP-1.jpg","datePublished":"2023-12-16T04:10:15+00:00","dateModified":"2026-04-13T20:11:32+00:00","breadcrumb":{"@id":"https:\/\/training.algonquincollege.com\/fr\/produit\/certification-de-professionnel-de-la-gestion-des-relations-daffaires-brmp\/#breadcrumb"},"inLanguage":"fr-FR","potentialAction":[{"@type":"ReadAction","target":["https:\/\/training.algonquincollege.com\/fr\/produit\/certification-de-professionnel-de-la-gestion-des-relations-daffaires-brmp\/"]}]},{"@type":"ImageObject","inLanguage":"fr-FR","@id":"https:\/\/training.algonquincollege.com\/fr\/produit\/certification-de-professionnel-de-la-gestion-des-relations-daffaires-brmp\/#primaryimage","url":"https:\/\/training.algonquincollege.com\/wp-content\/uploads\/2024\/04\/BRMP-1.jpg","contentUrl":"https:\/\/training.algonquincollege.com\/wp-content\/uploads\/2024\/04\/BRMP-1.jpg","width":1400,"height":800},{"@type":"BreadcrumbList","@id":"https:\/\/training.algonquincollege.com\/fr\/produit\/certification-de-professionnel-de-la-gestion-des-relations-daffaires-brmp\/#breadcrumb","itemListElement":[{"@type":"ListItem","position":1,"name":"Home","item":"https:\/\/training.algonquincollege.com\/fr\/accueil\/"},{"@type":"ListItem","position":2,"name":"Boutique","item":"https:\/\/training.algonquincollege.com\/fr\/boutique\/"},{"@type":"ListItem","position":3,"name":"Certification de professionnel de la gestion des relations d&#8217;affaires (BRMP\u00ae)"}]},{"@type":"WebSite","@id":"https:\/\/training.algonquincollege.com\/#website","url":"https:\/\/training.algonquincollege.com\/","name":"Professional Training - Algonquin College","description":"","publisher":{"@id":"https:\/\/training.algonquincollege.com\/#organization"},"potentialAction":[{"@type":"SearchAction","target":{"@type":"EntryPoint","urlTemplate":"https:\/\/training.algonquincollege.com\/?s={search_term_string}"},"query-input":{"@type":"PropertyValueSpecification","valueRequired":true,"valueName":"search_term_string"}}],"inLanguage":"fr-FR"},{"@type":"Organization","@id":"https:\/\/training.algonquincollege.com\/#organization","name":"Professional Training - Algonquin College","url":"https:\/\/training.algonquincollege.com\/","logo":{"@type":"ImageObject","inLanguage":"fr-FR","@id":"https:\/\/training.algonquincollege.com\/#\/schema\/logo\/image\/","url":"https:\/\/training.algonquincollege.com\/wp-content\/uploads\/2023\/10\/cropped-acct_logo.png","contentUrl":"https:\/\/training.algonquincollege.com\/wp-content\/uploads\/2023\/10\/cropped-acct_logo.png","width":300,"height":44,"caption":"Professional Training - Algonquin College"},"image":{"@id":"https:\/\/training.algonquincollege.com\/#\/schema\/logo\/image\/"}}]}},"_links":{"self":[{"href":"https:\/\/training.algonquincollege.com\/fr\/wp-json\/wp\/v2\/product\/181964","targetHints":{"allow":["GET"]}}],"collection":[{"href":"https:\/\/training.algonquincollege.com\/fr\/wp-json\/wp\/v2\/product"}],"about":[{"href":"https:\/\/training.algonquincollege.com\/fr\/wp-json\/wp\/v2\/types\/product"}],"wp:featuredmedia":[{"embeddable":true,"href":"https:\/\/training.algonquincollege.com\/fr\/wp-json\/wp\/v2\/media\/178956"}],"wp:attachment":[{"href":"https:\/\/training.algonquincollege.com\/fr\/wp-json\/wp\/v2\/media?parent=181964"}],"wp:term":[{"taxonomy":"product_brand","embeddable":true,"href":"https:\/\/training.algonquincollege.com\/fr\/wp-json\/wp\/v2\/product_brand?post=181964"},{"taxonomy":"product_cat","embeddable":true,"href":"https:\/\/training.algonquincollege.com\/fr\/wp-json\/wp\/v2\/product_cat?post=181964"},{"taxonomy":"product_tag","embeddable":true,"href":"https:\/\/training.algonquincollege.com\/fr\/wp-json\/wp\/v2\/product_tag?post=181964"}],"curies":[{"name":"wp","href":"https:\/\/api.w.org\/{rel}","templated":true}]}}