{"id":181959,"date":"2023-12-15T23:10:13","date_gmt":"2023-12-16T04:10:13","guid":{"rendered":"https:\/\/corporate.algonquincollege.com\/product\/agent-local-certifie-du-changement\/"},"modified":"2026-04-13T16:18:48","modified_gmt":"2026-04-13T20:18:48","slug":"agent-local-certifie-du-changement","status":"publish","type":"product","link":"https:\/\/training.algonquincollege.com\/fr\/produit\/agent-local-certifie-du-changement\/","title":{"rendered":"Agent local certifi\u00e9 du changement"},"content":{"rendered":"<p>Les agents du changement aident les organisations \u00e0 aligner les activit\u00e9s du personnel sur le changement mis en \u0153uvre. Ils jouent un r\u00f4le de consultant, aidant leur organisation \u00e0 \u00e9voluer vers un mod\u00e8le op\u00e9rationnel souhait\u00e9, \u00e0 r\u00e9soudre des probl\u00e8mes ou \u00e0 cr\u00e9er de nouvelles opportunit\u00e9s. <\/p>\n<p>La certification APMG-International d\u2019Agent local certifi\u00e9 du changement s&rsquo;adresse aux personnes dont le secteur d&rsquo;activit\u00e9 est confront\u00e9 \u00e0 des changements importants et qui, en plus de leur travail normal, seront amen\u00e9es \u00e0 soutenir leurs coll\u00e8gues et leurs responsables dans la mise en \u0153uvre du changement.<\/p>\n","protected":false},"excerpt":{"rendered":"<p>Cette certification APMG-International vous apprendra \u00e0 aider vos pairs, vos managers et vos \u00e9quipes \u00e0 adopter et \u00e0 mettre en \u0153uvre le changement avec succ\u00e8s.<\/p>\n","protected":false},"featured_media":179016,"template":"","meta":{"_acf_changed":false},"product_brand":[],"product_cat":[88,80],"product_tag":[],"class_list":{"0":"post-181959","1":"product","2":"type-product","3":"status-publish","4":"has-post-thumbnail","6":"product_cat-change-management-fr","7":"product_cat-non-classifiee","8":"course_group-change-management-fr","10":"first","11":"outofstock","12":"shipping-taxable","13":"purchasable","14":"product-type-variable"},"acf":[],"yoast_head":"<!-- This site is optimized with the Yoast SEO plugin v27.5 - https:\/\/yoast.com\/product\/yoast-seo-wordpress\/ -->\n<title>Agent local certifi\u00e9 du changement - Professional Training - Algonquin College<\/title>\n<meta name=\"description\" content=\"Obtenez la certification Agent local certifi\u00e9 du changement d&#039;APMG-International pour soutenir vos coll\u00e8gues et vos responsables lors de changements organisationnels importants.\" \/>\n<meta name=\"robots\" content=\"index, follow, max-snippet:-1, max-image-preview:large, max-video-preview:-1\" \/>\n<link rel=\"canonical\" href=\"https:\/\/training.algonquincollege.com\/fr\/produit\/agent-local-certifie-du-changement\/\" \/>\n<meta property=\"og:locale\" content=\"fr_FR\" \/>\n<meta property=\"og:type\" content=\"article\" \/>\n<meta property=\"og:title\" content=\"Agent local certifi\u00e9 du changement - Professional Training - Algonquin College\" \/>\n<meta property=\"og:description\" content=\"Obtenez la certification Agent local certifi\u00e9 du changement d&#039;APMG-International pour soutenir vos coll\u00e8gues et vos responsables lors de changements organisationnels importants.\" \/>\n<meta property=\"og:url\" content=\"https:\/\/training.algonquincollege.com\/fr\/produit\/agent-local-certifie-du-changement\/\" \/>\n<meta property=\"og:site_name\" content=\"Professional Training - Algonquin College\" \/>\n<meta property=\"article:modified_time\" content=\"2026-04-13T20:18:48+00:00\" \/>\n<meta property=\"og:image\" content=\"https:\/\/training.algonquincollege.com\/wp-content\/uploads\/2024\/04\/Certified-Local-Change-Agent-1.jpg\" \/>\n\t<meta property=\"og:image:width\" content=\"1400\" \/>\n\t<meta property=\"og:image:height\" content=\"800\" \/>\n\t<meta property=\"og:image:type\" content=\"image\/jpeg\" \/>\n<meta name=\"twitter:card\" content=\"summary_large_image\" \/>\n<meta name=\"twitter:label1\" content=\"Dur\u00e9e de lecture estim\u00e9e\" \/>\n\t<meta name=\"twitter:data1\" content=\"1 minute\" \/>\n<script type=\"application\/ld+json\" class=\"yoast-schema-graph\">{\"@context\":\"https:\\\/\\\/schema.org\",\"@graph\":[{\"@type\":\"WebPage\",\"@id\":\"https:\\\/\\\/training.algonquincollege.com\\\/fr\\\/produit\\\/agent-local-certifie-du-changement\\\/\",\"url\":\"https:\\\/\\\/training.algonquincollege.com\\\/fr\\\/produit\\\/agent-local-certifie-du-changement\\\/\",\"name\":\"Agent local certifi\u00e9 du changement - Professional Training - Algonquin College\",\"isPartOf\":{\"@id\":\"https:\\\/\\\/training.algonquincollege.com\\\/#website\"},\"primaryImageOfPage\":{\"@id\":\"https:\\\/\\\/training.algonquincollege.com\\\/fr\\\/produit\\\/agent-local-certifie-du-changement\\\/#primaryimage\"},\"image\":{\"@id\":\"https:\\\/\\\/training.algonquincollege.com\\\/fr\\\/produit\\\/agent-local-certifie-du-changement\\\/#primaryimage\"},\"thumbnailUrl\":\"https:\\\/\\\/training.algonquincollege.com\\\/wp-content\\\/uploads\\\/2024\\\/04\\\/Certified-Local-Change-Agent-1.jpg\",\"datePublished\":\"2023-12-16T04:10:13+00:00\",\"dateModified\":\"2026-04-13T20:18:48+00:00\",\"description\":\"Obtenez la certification Agent local certifi\u00e9 du changement d'APMG-International pour soutenir vos coll\u00e8gues et vos responsables lors de changements organisationnels importants.\",\"breadcrumb\":{\"@id\":\"https:\\\/\\\/training.algonquincollege.com\\\/fr\\\/produit\\\/agent-local-certifie-du-changement\\\/#breadcrumb\"},\"inLanguage\":\"fr-FR\",\"potentialAction\":[{\"@type\":\"ReadAction\",\"target\":[\"https:\\\/\\\/training.algonquincollege.com\\\/fr\\\/produit\\\/agent-local-certifie-du-changement\\\/\"]}]},{\"@type\":\"ImageObject\",\"inLanguage\":\"fr-FR\",\"@id\":\"https:\\\/\\\/training.algonquincollege.com\\\/fr\\\/produit\\\/agent-local-certifie-du-changement\\\/#primaryimage\",\"url\":\"https:\\\/\\\/training.algonquincollege.com\\\/wp-content\\\/uploads\\\/2024\\\/04\\\/Certified-Local-Change-Agent-1.jpg\",\"contentUrl\":\"https:\\\/\\\/training.algonquincollege.com\\\/wp-content\\\/uploads\\\/2024\\\/04\\\/Certified-Local-Change-Agent-1.jpg\",\"width\":1400,\"height\":800,\"caption\":\"A woman standing in front of the camera with people in the background, engaged in a collaborative work environment.\"},{\"@type\":\"BreadcrumbList\",\"@id\":\"https:\\\/\\\/training.algonquincollege.com\\\/fr\\\/produit\\\/agent-local-certifie-du-changement\\\/#breadcrumb\",\"itemListElement\":[{\"@type\":\"ListItem\",\"position\":1,\"name\":\"Home\",\"item\":\"https:\\\/\\\/training.algonquincollege.com\\\/fr\\\/accueil\\\/\"},{\"@type\":\"ListItem\",\"position\":2,\"name\":\"Boutique\",\"item\":\"https:\\\/\\\/training.algonquincollege.com\\\/fr\\\/boutique\\\/\"},{\"@type\":\"ListItem\",\"position\":3,\"name\":\"Agent local certifi\u00e9 du changement\"}]},{\"@type\":\"WebSite\",\"@id\":\"https:\\\/\\\/training.algonquincollege.com\\\/#website\",\"url\":\"https:\\\/\\\/training.algonquincollege.com\\\/\",\"name\":\"Professional Training - Algonquin College\",\"description\":\"\",\"publisher\":{\"@id\":\"https:\\\/\\\/training.algonquincollege.com\\\/#organization\"},\"potentialAction\":[{\"@type\":\"SearchAction\",\"target\":{\"@type\":\"EntryPoint\",\"urlTemplate\":\"https:\\\/\\\/training.algonquincollege.com\\\/?s={search_term_string}\"},\"query-input\":{\"@type\":\"PropertyValueSpecification\",\"valueRequired\":true,\"valueName\":\"search_term_string\"}}],\"inLanguage\":\"fr-FR\"},{\"@type\":\"Organization\",\"@id\":\"https:\\\/\\\/training.algonquincollege.com\\\/#organization\",\"name\":\"Professional Training - Algonquin College\",\"url\":\"https:\\\/\\\/training.algonquincollege.com\\\/\",\"logo\":{\"@type\":\"ImageObject\",\"inLanguage\":\"fr-FR\",\"@id\":\"https:\\\/\\\/training.algonquincollege.com\\\/#\\\/schema\\\/logo\\\/image\\\/\",\"url\":\"https:\\\/\\\/training.algonquincollege.com\\\/wp-content\\\/uploads\\\/2023\\\/10\\\/cropped-acct_logo.png\",\"contentUrl\":\"https:\\\/\\\/training.algonquincollege.com\\\/wp-content\\\/uploads\\\/2023\\\/10\\\/cropped-acct_logo.png\",\"width\":300,\"height\":44,\"caption\":\"Professional Training - Algonquin College\"},\"image\":{\"@id\":\"https:\\\/\\\/training.algonquincollege.com\\\/#\\\/schema\\\/logo\\\/image\\\/\"}}]}<\/script>\n<!-- \/ Yoast SEO plugin. -->","yoast_head_json":{"title":"Agent local certifi\u00e9 du changement - Professional Training - Algonquin College","description":"Obtenez la certification Agent local certifi\u00e9 du changement d'APMG-International pour soutenir vos coll\u00e8gues et vos responsables lors de changements organisationnels importants.","robots":{"index":"index","follow":"follow","max-snippet":"max-snippet:-1","max-image-preview":"max-image-preview:large","max-video-preview":"max-video-preview:-1"},"canonical":"https:\/\/training.algonquincollege.com\/fr\/produit\/agent-local-certifie-du-changement\/","og_locale":"fr_FR","og_type":"article","og_title":"Agent local certifi\u00e9 du changement - Professional Training - Algonquin College","og_description":"Obtenez la certification Agent local certifi\u00e9 du changement d'APMG-International pour soutenir vos coll\u00e8gues et vos responsables lors de changements organisationnels importants.","og_url":"https:\/\/training.algonquincollege.com\/fr\/produit\/agent-local-certifie-du-changement\/","og_site_name":"Professional Training - Algonquin College","article_modified_time":"2026-04-13T20:18:48+00:00","og_image":[{"width":1400,"height":800,"url":"https:\/\/training.algonquincollege.com\/wp-content\/uploads\/2024\/04\/Certified-Local-Change-Agent-1.jpg","type":"image\/jpeg"}],"twitter_card":"summary_large_image","twitter_misc":{"Dur\u00e9e de lecture estim\u00e9e":"1 minute"},"schema":{"@context":"https:\/\/schema.org","@graph":[{"@type":"WebPage","@id":"https:\/\/training.algonquincollege.com\/fr\/produit\/agent-local-certifie-du-changement\/","url":"https:\/\/training.algonquincollege.com\/fr\/produit\/agent-local-certifie-du-changement\/","name":"Agent local certifi\u00e9 du changement - Professional Training - Algonquin College","isPartOf":{"@id":"https:\/\/training.algonquincollege.com\/#website"},"primaryImageOfPage":{"@id":"https:\/\/training.algonquincollege.com\/fr\/produit\/agent-local-certifie-du-changement\/#primaryimage"},"image":{"@id":"https:\/\/training.algonquincollege.com\/fr\/produit\/agent-local-certifie-du-changement\/#primaryimage"},"thumbnailUrl":"https:\/\/training.algonquincollege.com\/wp-content\/uploads\/2024\/04\/Certified-Local-Change-Agent-1.jpg","datePublished":"2023-12-16T04:10:13+00:00","dateModified":"2026-04-13T20:18:48+00:00","description":"Obtenez la certification Agent local certifi\u00e9 du changement d'APMG-International pour soutenir vos coll\u00e8gues et vos responsables lors de changements organisationnels importants.","breadcrumb":{"@id":"https:\/\/training.algonquincollege.com\/fr\/produit\/agent-local-certifie-du-changement\/#breadcrumb"},"inLanguage":"fr-FR","potentialAction":[{"@type":"ReadAction","target":["https:\/\/training.algonquincollege.com\/fr\/produit\/agent-local-certifie-du-changement\/"]}]},{"@type":"ImageObject","inLanguage":"fr-FR","@id":"https:\/\/training.algonquincollege.com\/fr\/produit\/agent-local-certifie-du-changement\/#primaryimage","url":"https:\/\/training.algonquincollege.com\/wp-content\/uploads\/2024\/04\/Certified-Local-Change-Agent-1.jpg","contentUrl":"https:\/\/training.algonquincollege.com\/wp-content\/uploads\/2024\/04\/Certified-Local-Change-Agent-1.jpg","width":1400,"height":800,"caption":"A woman standing in front of the camera with people in the background, engaged in a collaborative work environment."},{"@type":"BreadcrumbList","@id":"https:\/\/training.algonquincollege.com\/fr\/produit\/agent-local-certifie-du-changement\/#breadcrumb","itemListElement":[{"@type":"ListItem","position":1,"name":"Home","item":"https:\/\/training.algonquincollege.com\/fr\/accueil\/"},{"@type":"ListItem","position":2,"name":"Boutique","item":"https:\/\/training.algonquincollege.com\/fr\/boutique\/"},{"@type":"ListItem","position":3,"name":"Agent local certifi\u00e9 du changement"}]},{"@type":"WebSite","@id":"https:\/\/training.algonquincollege.com\/#website","url":"https:\/\/training.algonquincollege.com\/","name":"Professional Training - Algonquin College","description":"","publisher":{"@id":"https:\/\/training.algonquincollege.com\/#organization"},"potentialAction":[{"@type":"SearchAction","target":{"@type":"EntryPoint","urlTemplate":"https:\/\/training.algonquincollege.com\/?s={search_term_string}"},"query-input":{"@type":"PropertyValueSpecification","valueRequired":true,"valueName":"search_term_string"}}],"inLanguage":"fr-FR"},{"@type":"Organization","@id":"https:\/\/training.algonquincollege.com\/#organization","name":"Professional Training - Algonquin College","url":"https:\/\/training.algonquincollege.com\/","logo":{"@type":"ImageObject","inLanguage":"fr-FR","@id":"https:\/\/training.algonquincollege.com\/#\/schema\/logo\/image\/","url":"https:\/\/training.algonquincollege.com\/wp-content\/uploads\/2023\/10\/cropped-acct_logo.png","contentUrl":"https:\/\/training.algonquincollege.com\/wp-content\/uploads\/2023\/10\/cropped-acct_logo.png","width":300,"height":44,"caption":"Professional Training - Algonquin College"},"image":{"@id":"https:\/\/training.algonquincollege.com\/#\/schema\/logo\/image\/"}}]}},"_links":{"self":[{"href":"https:\/\/training.algonquincollege.com\/fr\/wp-json\/wp\/v2\/product\/181959","targetHints":{"allow":["GET"]}}],"collection":[{"href":"https:\/\/training.algonquincollege.com\/fr\/wp-json\/wp\/v2\/product"}],"about":[{"href":"https:\/\/training.algonquincollege.com\/fr\/wp-json\/wp\/v2\/types\/product"}],"wp:featuredmedia":[{"embeddable":true,"href":"https:\/\/training.algonquincollege.com\/fr\/wp-json\/wp\/v2\/media\/179016"}],"wp:attachment":[{"href":"https:\/\/training.algonquincollege.com\/fr\/wp-json\/wp\/v2\/media?parent=181959"}],"wp:term":[{"taxonomy":"product_brand","embeddable":true,"href":"https:\/\/training.algonquincollege.com\/fr\/wp-json\/wp\/v2\/product_brand?post=181959"},{"taxonomy":"product_cat","embeddable":true,"href":"https:\/\/training.algonquincollege.com\/fr\/wp-json\/wp\/v2\/product_cat?post=181959"},{"taxonomy":"product_tag","embeddable":true,"href":"https:\/\/training.algonquincollege.com\/fr\/wp-json\/wp\/v2\/product_tag?post=181959"}],"curies":[{"name":"wp","href":"https:\/\/api.w.org\/{rel}","templated":true}]}}