{"id":181946,"date":"2024-03-14T13:17:15","date_gmt":"2024-03-14T17:17:15","guid":{"rendered":"https:\/\/corporate.algonquincollege.com\/product\/microsoft-excel-niveau-3-analyse-des-feuilles-de-calcul-2016-2019\/"},"modified":"2026-04-13T16:05:54","modified_gmt":"2026-04-13T20:05:54","slug":"microsoft-excel-niveau-3-analyse-des-feuilles-de-calcul-2016-2019","status":"publish","type":"product","link":"https:\/\/training.algonquincollege.com\/fr\/produit\/microsoft-excel-niveau-3-analyse-des-feuilles-de-calcul-2016-2019\/","title":{"rendered":"Microsoft Excel Niveau 3 &#8211; Analyse des feuilles de calcul (2016, 2019)"},"content":{"rendered":"<p>Apprenez l&rsquo;analyse avanc\u00e9e des feuilles de calcul en ma\u00eetrisant les fonctions Excel, la recherche d&rsquo;objectifs, les tableaux de donn\u00e9es, les concepts et rapports de sc\u00e9narios, l&rsquo;outil Solver et l&rsquo;audit des feuilles de calcul.<\/p>\n<p><strong>Les sujets abord\u00e9s sont les suivants :<\/strong><\/p>\n<ul>\n<li>Utilisation des fonctions<\/li>\n<li>Projection de chiffres<\/li>\n<li>Ex\u00e9cution de sc\u00e9narios d&rsquo;hypoth\u00e8ses<\/li>\n<li>Utilisation du solveur<\/li>\n<li>Cahiers d&rsquo;audit<\/li>\n<\/ul>\n","protected":false},"excerpt":{"rendered":"<p>Apprenez l&rsquo;analyse avanc\u00e9e des feuilles de calcul en ma\u00eetrisant les fonctions Excel, la recherche d&rsquo;objectifs, les tableaux de donn\u00e9es, les concepts et rapports de sc\u00e9narios, l&rsquo;outil Solver et l&rsquo;audit des feuilles de calcul.<\/p>\n","protected":false},"featured_media":178994,"template":"","meta":{"_acf_changed":false},"product_brand":[],"product_cat":[119,80],"product_tag":[],"class_list":{"0":"post-181946","1":"product","2":"type-product","3":"status-publish","4":"has-post-thumbnail","6":"product_cat-microsoft-training-fr","7":"product_cat-non-classifiee","8":"course_group-microsoft-training-fr","10":"first","11":"outofstock","12":"shipping-taxable","13":"purchasable","14":"product-type-variable"},"acf":[],"yoast_head":"<!-- This site is optimized with the Yoast SEO plugin v27.5 - https:\/\/yoast.com\/product\/yoast-seo-wordpress\/ -->\n<title>Microsoft Excel Niveau 3 - Analyse des feuilles de calcul (2016, 2019) - Professional Training - Algonquin College<\/title>\n<meta name=\"robots\" content=\"index, follow, max-snippet:-1, max-image-preview:large, max-video-preview:-1\" \/>\n<link rel=\"canonical\" href=\"https:\/\/training.algonquincollege.com\/fr\/produit\/microsoft-excel-niveau-3-analyse-des-feuilles-de-calcul-2016-2019\/\" \/>\n<meta property=\"og:locale\" content=\"fr_FR\" \/>\n<meta property=\"og:type\" content=\"article\" \/>\n<meta property=\"og:title\" content=\"Microsoft Excel Niveau 3 - Analyse des feuilles de calcul (2016, 2019) - Professional Training - Algonquin College\" \/>\n<meta property=\"og:description\" content=\"Apprenez l&#039;analyse avanc\u00e9e des feuilles de calcul en ma\u00eetrisant les fonctions Excel, la recherche d&#039;objectifs, les tableaux de donn\u00e9es, les concepts et rapports de sc\u00e9narios, l&#039;outil Solver et l&#039;audit des feuilles de calcul.\" \/>\n<meta property=\"og:url\" content=\"https:\/\/training.algonquincollege.com\/fr\/produit\/microsoft-excel-niveau-3-analyse-des-feuilles-de-calcul-2016-2019\/\" \/>\n<meta property=\"og:site_name\" content=\"Professional Training - Algonquin College\" \/>\n<meta property=\"article:modified_time\" content=\"2026-04-13T20:05:54+00:00\" \/>\n<meta property=\"og:image\" content=\"https:\/\/training.algonquincollege.com\/wp-content\/uploads\/2024\/04\/Microsoft-Excel-\u2013-Level-3-spreadsheet-Analysis.jpg\" \/>\n\t<meta property=\"og:image:width\" content=\"1400\" \/>\n\t<meta property=\"og:image:height\" content=\"800\" \/>\n\t<meta property=\"og:image:type\" content=\"image\/jpeg\" \/>\n<meta name=\"twitter:card\" content=\"summary_large_image\" \/>\n<meta name=\"twitter:label1\" content=\"Dur\u00e9e de lecture estim\u00e9e\" \/>\n\t<meta name=\"twitter:data1\" content=\"1 minute\" \/>\n<script type=\"application\/ld+json\" class=\"yoast-schema-graph\">{\"@context\":\"https:\\\/\\\/schema.org\",\"@graph\":[{\"@type\":\"WebPage\",\"@id\":\"https:\\\/\\\/training.algonquincollege.com\\\/fr\\\/produit\\\/microsoft-excel-niveau-3-analyse-des-feuilles-de-calcul-2016-2019\\\/\",\"url\":\"https:\\\/\\\/training.algonquincollege.com\\\/fr\\\/produit\\\/microsoft-excel-niveau-3-analyse-des-feuilles-de-calcul-2016-2019\\\/\",\"name\":\"Microsoft Excel Niveau 3 - Analyse des feuilles de calcul (2016, 2019) - Professional Training - Algonquin College\",\"isPartOf\":{\"@id\":\"https:\\\/\\\/training.algonquincollege.com\\\/#website\"},\"primaryImageOfPage\":{\"@id\":\"https:\\\/\\\/training.algonquincollege.com\\\/fr\\\/produit\\\/microsoft-excel-niveau-3-analyse-des-feuilles-de-calcul-2016-2019\\\/#primaryimage\"},\"image\":{\"@id\":\"https:\\\/\\\/training.algonquincollege.com\\\/fr\\\/produit\\\/microsoft-excel-niveau-3-analyse-des-feuilles-de-calcul-2016-2019\\\/#primaryimage\"},\"thumbnailUrl\":\"https:\\\/\\\/training.algonquincollege.com\\\/wp-content\\\/uploads\\\/2024\\\/04\\\/Microsoft-Excel-\u2013-Level-3-spreadsheet-Analysis.jpg\",\"datePublished\":\"2024-03-14T17:17:15+00:00\",\"dateModified\":\"2026-04-13T20:05:54+00:00\",\"breadcrumb\":{\"@id\":\"https:\\\/\\\/training.algonquincollege.com\\\/fr\\\/produit\\\/microsoft-excel-niveau-3-analyse-des-feuilles-de-calcul-2016-2019\\\/#breadcrumb\"},\"inLanguage\":\"fr-FR\",\"potentialAction\":[{\"@type\":\"ReadAction\",\"target\":[\"https:\\\/\\\/training.algonquincollege.com\\\/fr\\\/produit\\\/microsoft-excel-niveau-3-analyse-des-feuilles-de-calcul-2016-2019\\\/\"]}]},{\"@type\":\"ImageObject\",\"inLanguage\":\"fr-FR\",\"@id\":\"https:\\\/\\\/training.algonquincollege.com\\\/fr\\\/produit\\\/microsoft-excel-niveau-3-analyse-des-feuilles-de-calcul-2016-2019\\\/#primaryimage\",\"url\":\"https:\\\/\\\/training.algonquincollege.com\\\/wp-content\\\/uploads\\\/2024\\\/04\\\/Microsoft-Excel-\u2013-Level-3-spreadsheet-Analysis.jpg\",\"contentUrl\":\"https:\\\/\\\/training.algonquincollege.com\\\/wp-content\\\/uploads\\\/2024\\\/04\\\/Microsoft-Excel-\u2013-Level-3-spreadsheet-Analysis.jpg\",\"width\":1400,\"height\":800,\"caption\":\"Une personne tapant sur un clavier et travaillant sur un document tableur.\"},{\"@type\":\"BreadcrumbList\",\"@id\":\"https:\\\/\\\/training.algonquincollege.com\\\/fr\\\/produit\\\/microsoft-excel-niveau-3-analyse-des-feuilles-de-calcul-2016-2019\\\/#breadcrumb\",\"itemListElement\":[{\"@type\":\"ListItem\",\"position\":1,\"name\":\"Home\",\"item\":\"https:\\\/\\\/training.algonquincollege.com\\\/fr\\\/accueil\\\/\"},{\"@type\":\"ListItem\",\"position\":2,\"name\":\"Boutique\",\"item\":\"https:\\\/\\\/training.algonquincollege.com\\\/fr\\\/boutique\\\/\"},{\"@type\":\"ListItem\",\"position\":3,\"name\":\"Microsoft Excel Niveau 3 &#8211; Analyse des feuilles de calcul (2016, 2019)\"}]},{\"@type\":\"WebSite\",\"@id\":\"https:\\\/\\\/training.algonquincollege.com\\\/#website\",\"url\":\"https:\\\/\\\/training.algonquincollege.com\\\/\",\"name\":\"Professional Training - Algonquin College\",\"description\":\"\",\"publisher\":{\"@id\":\"https:\\\/\\\/training.algonquincollege.com\\\/#organization\"},\"potentialAction\":[{\"@type\":\"SearchAction\",\"target\":{\"@type\":\"EntryPoint\",\"urlTemplate\":\"https:\\\/\\\/training.algonquincollege.com\\\/?s={search_term_string}\"},\"query-input\":{\"@type\":\"PropertyValueSpecification\",\"valueRequired\":true,\"valueName\":\"search_term_string\"}}],\"inLanguage\":\"fr-FR\"},{\"@type\":\"Organization\",\"@id\":\"https:\\\/\\\/training.algonquincollege.com\\\/#organization\",\"name\":\"Professional Training - Algonquin College\",\"url\":\"https:\\\/\\\/training.algonquincollege.com\\\/\",\"logo\":{\"@type\":\"ImageObject\",\"inLanguage\":\"fr-FR\",\"@id\":\"https:\\\/\\\/training.algonquincollege.com\\\/#\\\/schema\\\/logo\\\/image\\\/\",\"url\":\"https:\\\/\\\/training.algonquincollege.com\\\/wp-content\\\/uploads\\\/2023\\\/10\\\/cropped-acct_logo.png\",\"contentUrl\":\"https:\\\/\\\/training.algonquincollege.com\\\/wp-content\\\/uploads\\\/2023\\\/10\\\/cropped-acct_logo.png\",\"width\":300,\"height\":44,\"caption\":\"Professional Training - Algonquin College\"},\"image\":{\"@id\":\"https:\\\/\\\/training.algonquincollege.com\\\/#\\\/schema\\\/logo\\\/image\\\/\"}}]}<\/script>\n<!-- \/ Yoast SEO plugin. -->","yoast_head_json":{"title":"Microsoft Excel Niveau 3 - Analyse des feuilles de calcul (2016, 2019) - Professional Training - Algonquin College","robots":{"index":"index","follow":"follow","max-snippet":"max-snippet:-1","max-image-preview":"max-image-preview:large","max-video-preview":"max-video-preview:-1"},"canonical":"https:\/\/training.algonquincollege.com\/fr\/produit\/microsoft-excel-niveau-3-analyse-des-feuilles-de-calcul-2016-2019\/","og_locale":"fr_FR","og_type":"article","og_title":"Microsoft Excel Niveau 3 - Analyse des feuilles de calcul (2016, 2019) - Professional Training - Algonquin College","og_description":"Apprenez l'analyse avanc\u00e9e des feuilles de calcul en ma\u00eetrisant les fonctions Excel, la recherche d'objectifs, les tableaux de donn\u00e9es, les concepts et rapports de sc\u00e9narios, l'outil Solver et l'audit des feuilles de calcul.","og_url":"https:\/\/training.algonquincollege.com\/fr\/produit\/microsoft-excel-niveau-3-analyse-des-feuilles-de-calcul-2016-2019\/","og_site_name":"Professional Training - Algonquin College","article_modified_time":"2026-04-13T20:05:54+00:00","og_image":[{"width":1400,"height":800,"url":"https:\/\/training.algonquincollege.com\/wp-content\/uploads\/2024\/04\/Microsoft-Excel-\u2013-Level-3-spreadsheet-Analysis.jpg","type":"image\/jpeg"}],"twitter_card":"summary_large_image","twitter_misc":{"Dur\u00e9e de lecture estim\u00e9e":"1 minute"},"schema":{"@context":"https:\/\/schema.org","@graph":[{"@type":"WebPage","@id":"https:\/\/training.algonquincollege.com\/fr\/produit\/microsoft-excel-niveau-3-analyse-des-feuilles-de-calcul-2016-2019\/","url":"https:\/\/training.algonquincollege.com\/fr\/produit\/microsoft-excel-niveau-3-analyse-des-feuilles-de-calcul-2016-2019\/","name":"Microsoft Excel Niveau 3 - Analyse des feuilles de calcul (2016, 2019) - Professional Training - Algonquin College","isPartOf":{"@id":"https:\/\/training.algonquincollege.com\/#website"},"primaryImageOfPage":{"@id":"https:\/\/training.algonquincollege.com\/fr\/produit\/microsoft-excel-niveau-3-analyse-des-feuilles-de-calcul-2016-2019\/#primaryimage"},"image":{"@id":"https:\/\/training.algonquincollege.com\/fr\/produit\/microsoft-excel-niveau-3-analyse-des-feuilles-de-calcul-2016-2019\/#primaryimage"},"thumbnailUrl":"https:\/\/training.algonquincollege.com\/wp-content\/uploads\/2024\/04\/Microsoft-Excel-\u2013-Level-3-spreadsheet-Analysis.jpg","datePublished":"2024-03-14T17:17:15+00:00","dateModified":"2026-04-13T20:05:54+00:00","breadcrumb":{"@id":"https:\/\/training.algonquincollege.com\/fr\/produit\/microsoft-excel-niveau-3-analyse-des-feuilles-de-calcul-2016-2019\/#breadcrumb"},"inLanguage":"fr-FR","potentialAction":[{"@type":"ReadAction","target":["https:\/\/training.algonquincollege.com\/fr\/produit\/microsoft-excel-niveau-3-analyse-des-feuilles-de-calcul-2016-2019\/"]}]},{"@type":"ImageObject","inLanguage":"fr-FR","@id":"https:\/\/training.algonquincollege.com\/fr\/produit\/microsoft-excel-niveau-3-analyse-des-feuilles-de-calcul-2016-2019\/#primaryimage","url":"https:\/\/training.algonquincollege.com\/wp-content\/uploads\/2024\/04\/Microsoft-Excel-\u2013-Level-3-spreadsheet-Analysis.jpg","contentUrl":"https:\/\/training.algonquincollege.com\/wp-content\/uploads\/2024\/04\/Microsoft-Excel-\u2013-Level-3-spreadsheet-Analysis.jpg","width":1400,"height":800,"caption":"Une personne tapant sur un clavier et travaillant sur un document tableur."},{"@type":"BreadcrumbList","@id":"https:\/\/training.algonquincollege.com\/fr\/produit\/microsoft-excel-niveau-3-analyse-des-feuilles-de-calcul-2016-2019\/#breadcrumb","itemListElement":[{"@type":"ListItem","position":1,"name":"Home","item":"https:\/\/training.algonquincollege.com\/fr\/accueil\/"},{"@type":"ListItem","position":2,"name":"Boutique","item":"https:\/\/training.algonquincollege.com\/fr\/boutique\/"},{"@type":"ListItem","position":3,"name":"Microsoft Excel Niveau 3 &#8211; Analyse des feuilles de calcul (2016, 2019)"}]},{"@type":"WebSite","@id":"https:\/\/training.algonquincollege.com\/#website","url":"https:\/\/training.algonquincollege.com\/","name":"Professional Training - Algonquin College","description":"","publisher":{"@id":"https:\/\/training.algonquincollege.com\/#organization"},"potentialAction":[{"@type":"SearchAction","target":{"@type":"EntryPoint","urlTemplate":"https:\/\/training.algonquincollege.com\/?s={search_term_string}"},"query-input":{"@type":"PropertyValueSpecification","valueRequired":true,"valueName":"search_term_string"}}],"inLanguage":"fr-FR"},{"@type":"Organization","@id":"https:\/\/training.algonquincollege.com\/#organization","name":"Professional Training - Algonquin College","url":"https:\/\/training.algonquincollege.com\/","logo":{"@type":"ImageObject","inLanguage":"fr-FR","@id":"https:\/\/training.algonquincollege.com\/#\/schema\/logo\/image\/","url":"https:\/\/training.algonquincollege.com\/wp-content\/uploads\/2023\/10\/cropped-acct_logo.png","contentUrl":"https:\/\/training.algonquincollege.com\/wp-content\/uploads\/2023\/10\/cropped-acct_logo.png","width":300,"height":44,"caption":"Professional Training - Algonquin College"},"image":{"@id":"https:\/\/training.algonquincollege.com\/#\/schema\/logo\/image\/"}}]}},"_links":{"self":[{"href":"https:\/\/training.algonquincollege.com\/fr\/wp-json\/wp\/v2\/product\/181946","targetHints":{"allow":["GET"]}}],"collection":[{"href":"https:\/\/training.algonquincollege.com\/fr\/wp-json\/wp\/v2\/product"}],"about":[{"href":"https:\/\/training.algonquincollege.com\/fr\/wp-json\/wp\/v2\/types\/product"}],"wp:featuredmedia":[{"embeddable":true,"href":"https:\/\/training.algonquincollege.com\/fr\/wp-json\/wp\/v2\/media\/178994"}],"wp:attachment":[{"href":"https:\/\/training.algonquincollege.com\/fr\/wp-json\/wp\/v2\/media?parent=181946"}],"wp:term":[{"taxonomy":"product_brand","embeddable":true,"href":"https:\/\/training.algonquincollege.com\/fr\/wp-json\/wp\/v2\/product_brand?post=181946"},{"taxonomy":"product_cat","embeddable":true,"href":"https:\/\/training.algonquincollege.com\/fr\/wp-json\/wp\/v2\/product_cat?post=181946"},{"taxonomy":"product_tag","embeddable":true,"href":"https:\/\/training.algonquincollege.com\/fr\/wp-json\/wp\/v2\/product_tag?post=181946"}],"curies":[{"name":"wp","href":"https:\/\/api.w.org\/{rel}","templated":true}]}}