{"id":181899,"date":"2023-12-15T23:09:34","date_gmt":"2023-12-16T04:09:34","guid":{"rendered":"https:\/\/corporate.algonquincollege.com\/product\/flp2-competences-en-matiere-de-leadership\/"},"modified":"2026-04-13T15:14:54","modified_gmt":"2026-04-13T19:14:54","slug":"flp2-competences-en-matiere-de-leadership","status":"publish","type":"product","link":"https:\/\/training.algonquincollege.com\/fr\/produit\/flp2-competences-en-matiere-de-leadership\/","title":{"rendered":"FLP2 : Comp\u00e9tences en mati\u00e8re de leadership"},"content":{"rendered":"<p>Il s&rsquo;agit du deuxi\u00e8me cours du programme de certificat \u00ab\u202fFundamentals of Leadership\u202f\u00bb (FLP).<\/p>\n<p>L&rsquo;essence de ce programme est de doter les gestionnaires d&rsquo;outils efficaces pour faire ressortir le meilleur des membres de leur \u00e9quipe afin d&rsquo;atteindre et de d\u00e9passer les objectifs de l&rsquo;organisation. Ce programme de certificat coll\u00e9gial est un programme mixte comprenant du travail en ligne et en classe, la r\u00e9alisation d&rsquo;une vari\u00e9t\u00e9 d&rsquo;outils d&rsquo;auto-\u00e9valuation, des quiz en ligne, et un plan d&rsquo;action personnel dans chaque cours qui alimente un rapport final de responsabilit\u00e9 personnelle. <\/p>\n<p>Les comp\u00e9tences en mati\u00e8re de r\u00e9solution de probl\u00e8mes alternatifs sont \u00e0 la base du succ\u00e8s du leadership dans les organisations contemporaines. Dans ce cours, les participants travaillent sur des comp\u00e9tences alternatives de r\u00e9solution de probl\u00e8mes, tout en apprenant les nuances subtiles de l&rsquo;utilisation et du d\u00e9veloppement de l&rsquo;intelligence \u00e9motionnelle. Les participants pr\u00e9parent et pr\u00e9sentent une solution \u00e0 un probl\u00e8me professionnel r\u00e9el et ont la possibilit\u00e9 de faire \u00e9valuer leur plan par des pairs. L&rsquo;enqu\u00eate appr\u00e9ciative est mise en avant \u00e0 travers le d\u00e9veloppement des r\u00e9ponses de l&rsquo;intelligence \u00e9motionnelle en utilisant des sc\u00e9narios de la vie r\u00e9elle, l&rsquo;interpr\u00e9tation, l&rsquo;application et l&rsquo;\u00e9valuation.   <\/p>\n","protected":false},"excerpt":{"rendered":"<p>Ce cours dotera les dirigeants d&rsquo;outils efficaces pour constituer des \u00e9quipes solides et atteindre les objectifs fix\u00e9s.<\/p>\n","protected":false},"featured_media":178986,"template":"","meta":{"_acf_changed":false},"product_brand":[],"product_cat":[118,80],"product_tag":[],"class_list":{"0":"post-181899","1":"product","2":"type-product","3":"status-publish","4":"has-post-thumbnail","6":"product_cat-leadership-fr","7":"product_cat-non-classifiee","8":"course_group-leadership-fr","9":"course_group-fundamentals-of-leadership-certificate-program-fr","11":"first","12":"instock","13":"shipping-taxable","14":"purchasable","15":"product-type-variable"},"acf":[],"yoast_head":"<!-- This site is optimized with the Yoast SEO plugin v27.5 - https:\/\/yoast.com\/product\/yoast-seo-wordpress\/ -->\n<title>FLP2 : Comp\u00e9tences en mati\u00e8re de leadership - Professional Training - Algonquin College<\/title>\n<meta name=\"robots\" content=\"index, follow, max-snippet:-1, max-image-preview:large, max-video-preview:-1\" \/>\n<link rel=\"canonical\" href=\"https:\/\/training.algonquincollege.com\/fr\/produit\/flp2-competences-en-matiere-de-leadership\/\" \/>\n<meta property=\"og:locale\" content=\"fr_FR\" \/>\n<meta property=\"og:type\" content=\"article\" \/>\n<meta property=\"og:title\" content=\"FLP2 : Comp\u00e9tences en mati\u00e8re de leadership - Professional Training - Algonquin College\" \/>\n<meta property=\"og:description\" content=\"Ce cours dotera les dirigeants d&#039;outils efficaces pour constituer des \u00e9quipes solides et atteindre les objectifs fix\u00e9s.\" \/>\n<meta property=\"og:url\" content=\"https:\/\/training.algonquincollege.com\/fr\/produit\/flp2-competences-en-matiere-de-leadership\/\" \/>\n<meta property=\"og:site_name\" content=\"Professional Training - Algonquin College\" \/>\n<meta property=\"article:modified_time\" content=\"2026-04-13T19:14:54+00:00\" \/>\n<meta property=\"og:image\" content=\"https:\/\/training.algonquincollege.com\/wp-content\/uploads\/2024\/04\/FLP2-1.jpg\" \/>\n\t<meta property=\"og:image:width\" content=\"1400\" \/>\n\t<meta property=\"og:image:height\" content=\"800\" \/>\n\t<meta property=\"og:image:type\" content=\"image\/jpeg\" \/>\n<meta name=\"twitter:card\" content=\"summary_large_image\" \/>\n<meta name=\"twitter:label1\" content=\"Dur\u00e9e de lecture estim\u00e9e\" \/>\n\t<meta name=\"twitter:data1\" content=\"2 minutes\" \/>\n<script type=\"application\/ld+json\" class=\"yoast-schema-graph\">{\"@context\":\"https:\\\/\\\/schema.org\",\"@graph\":[{\"@type\":\"WebPage\",\"@id\":\"https:\\\/\\\/training.algonquincollege.com\\\/fr\\\/produit\\\/flp2-competences-en-matiere-de-leadership\\\/\",\"url\":\"https:\\\/\\\/training.algonquincollege.com\\\/fr\\\/produit\\\/flp2-competences-en-matiere-de-leadership\\\/\",\"name\":\"FLP2 : Comp\u00e9tences en mati\u00e8re de leadership - Professional Training - Algonquin College\",\"isPartOf\":{\"@id\":\"https:\\\/\\\/training.algonquincollege.com\\\/#website\"},\"primaryImageOfPage\":{\"@id\":\"https:\\\/\\\/training.algonquincollege.com\\\/fr\\\/produit\\\/flp2-competences-en-matiere-de-leadership\\\/#primaryimage\"},\"image\":{\"@id\":\"https:\\\/\\\/training.algonquincollege.com\\\/fr\\\/produit\\\/flp2-competences-en-matiere-de-leadership\\\/#primaryimage\"},\"thumbnailUrl\":\"https:\\\/\\\/training.algonquincollege.com\\\/wp-content\\\/uploads\\\/2024\\\/04\\\/FLP2-1.jpg\",\"datePublished\":\"2023-12-16T04:09:34+00:00\",\"dateModified\":\"2026-04-13T19:14:54+00:00\",\"breadcrumb\":{\"@id\":\"https:\\\/\\\/training.algonquincollege.com\\\/fr\\\/produit\\\/flp2-competences-en-matiere-de-leadership\\\/#breadcrumb\"},\"inLanguage\":\"fr-FR\",\"potentialAction\":[{\"@type\":\"ReadAction\",\"target\":[\"https:\\\/\\\/training.algonquincollege.com\\\/fr\\\/produit\\\/flp2-competences-en-matiere-de-leadership\\\/\"]}]},{\"@type\":\"ImageObject\",\"inLanguage\":\"fr-FR\",\"@id\":\"https:\\\/\\\/training.algonquincollege.com\\\/fr\\\/produit\\\/flp2-competences-en-matiere-de-leadership\\\/#primaryimage\",\"url\":\"https:\\\/\\\/training.algonquincollege.com\\\/wp-content\\\/uploads\\\/2024\\\/04\\\/FLP2-1.jpg\",\"contentUrl\":\"https:\\\/\\\/training.algonquincollege.com\\\/wp-content\\\/uploads\\\/2024\\\/04\\\/FLP2-1.jpg\",\"width\":1400,\"height\":800,\"caption\":\"Une femme debout devant la cam\u00e9ra avec des personnes en arri\u00e8re-plan.\"},{\"@type\":\"BreadcrumbList\",\"@id\":\"https:\\\/\\\/training.algonquincollege.com\\\/fr\\\/produit\\\/flp2-competences-en-matiere-de-leadership\\\/#breadcrumb\",\"itemListElement\":[{\"@type\":\"ListItem\",\"position\":1,\"name\":\"Home\",\"item\":\"https:\\\/\\\/training.algonquincollege.com\\\/fr\\\/accueil\\\/\"},{\"@type\":\"ListItem\",\"position\":2,\"name\":\"Boutique\",\"item\":\"https:\\\/\\\/training.algonquincollege.com\\\/fr\\\/boutique\\\/\"},{\"@type\":\"ListItem\",\"position\":3,\"name\":\"FLP2 : Comp\u00e9tences en mati\u00e8re de leadership\"}]},{\"@type\":\"WebSite\",\"@id\":\"https:\\\/\\\/training.algonquincollege.com\\\/#website\",\"url\":\"https:\\\/\\\/training.algonquincollege.com\\\/\",\"name\":\"Professional Training - Algonquin College\",\"description\":\"\",\"publisher\":{\"@id\":\"https:\\\/\\\/training.algonquincollege.com\\\/#organization\"},\"potentialAction\":[{\"@type\":\"SearchAction\",\"target\":{\"@type\":\"EntryPoint\",\"urlTemplate\":\"https:\\\/\\\/training.algonquincollege.com\\\/?s={search_term_string}\"},\"query-input\":{\"@type\":\"PropertyValueSpecification\",\"valueRequired\":true,\"valueName\":\"search_term_string\"}}],\"inLanguage\":\"fr-FR\"},{\"@type\":\"Organization\",\"@id\":\"https:\\\/\\\/training.algonquincollege.com\\\/#organization\",\"name\":\"Professional Training - Algonquin College\",\"url\":\"https:\\\/\\\/training.algonquincollege.com\\\/\",\"logo\":{\"@type\":\"ImageObject\",\"inLanguage\":\"fr-FR\",\"@id\":\"https:\\\/\\\/training.algonquincollege.com\\\/#\\\/schema\\\/logo\\\/image\\\/\",\"url\":\"https:\\\/\\\/training.algonquincollege.com\\\/wp-content\\\/uploads\\\/2023\\\/10\\\/cropped-acct_logo.png\",\"contentUrl\":\"https:\\\/\\\/training.algonquincollege.com\\\/wp-content\\\/uploads\\\/2023\\\/10\\\/cropped-acct_logo.png\",\"width\":300,\"height\":44,\"caption\":\"Professional Training - Algonquin College\"},\"image\":{\"@id\":\"https:\\\/\\\/training.algonquincollege.com\\\/#\\\/schema\\\/logo\\\/image\\\/\"}}]}<\/script>\n<!-- \/ Yoast SEO plugin. -->","yoast_head_json":{"title":"FLP2 : Comp\u00e9tences en mati\u00e8re de leadership - Professional Training - Algonquin College","robots":{"index":"index","follow":"follow","max-snippet":"max-snippet:-1","max-image-preview":"max-image-preview:large","max-video-preview":"max-video-preview:-1"},"canonical":"https:\/\/training.algonquincollege.com\/fr\/produit\/flp2-competences-en-matiere-de-leadership\/","og_locale":"fr_FR","og_type":"article","og_title":"FLP2 : Comp\u00e9tences en mati\u00e8re de leadership - Professional Training - Algonquin College","og_description":"Ce cours dotera les dirigeants d'outils efficaces pour constituer des \u00e9quipes solides et atteindre les objectifs fix\u00e9s.","og_url":"https:\/\/training.algonquincollege.com\/fr\/produit\/flp2-competences-en-matiere-de-leadership\/","og_site_name":"Professional Training - Algonquin College","article_modified_time":"2026-04-13T19:14:54+00:00","og_image":[{"width":1400,"height":800,"url":"https:\/\/training.algonquincollege.com\/wp-content\/uploads\/2024\/04\/FLP2-1.jpg","type":"image\/jpeg"}],"twitter_card":"summary_large_image","twitter_misc":{"Dur\u00e9e de lecture estim\u00e9e":"2 minutes"},"schema":{"@context":"https:\/\/schema.org","@graph":[{"@type":"WebPage","@id":"https:\/\/training.algonquincollege.com\/fr\/produit\/flp2-competences-en-matiere-de-leadership\/","url":"https:\/\/training.algonquincollege.com\/fr\/produit\/flp2-competences-en-matiere-de-leadership\/","name":"FLP2 : Comp\u00e9tences en mati\u00e8re de leadership - Professional Training - Algonquin College","isPartOf":{"@id":"https:\/\/training.algonquincollege.com\/#website"},"primaryImageOfPage":{"@id":"https:\/\/training.algonquincollege.com\/fr\/produit\/flp2-competences-en-matiere-de-leadership\/#primaryimage"},"image":{"@id":"https:\/\/training.algonquincollege.com\/fr\/produit\/flp2-competences-en-matiere-de-leadership\/#primaryimage"},"thumbnailUrl":"https:\/\/training.algonquincollege.com\/wp-content\/uploads\/2024\/04\/FLP2-1.jpg","datePublished":"2023-12-16T04:09:34+00:00","dateModified":"2026-04-13T19:14:54+00:00","breadcrumb":{"@id":"https:\/\/training.algonquincollege.com\/fr\/produit\/flp2-competences-en-matiere-de-leadership\/#breadcrumb"},"inLanguage":"fr-FR","potentialAction":[{"@type":"ReadAction","target":["https:\/\/training.algonquincollege.com\/fr\/produit\/flp2-competences-en-matiere-de-leadership\/"]}]},{"@type":"ImageObject","inLanguage":"fr-FR","@id":"https:\/\/training.algonquincollege.com\/fr\/produit\/flp2-competences-en-matiere-de-leadership\/#primaryimage","url":"https:\/\/training.algonquincollege.com\/wp-content\/uploads\/2024\/04\/FLP2-1.jpg","contentUrl":"https:\/\/training.algonquincollege.com\/wp-content\/uploads\/2024\/04\/FLP2-1.jpg","width":1400,"height":800,"caption":"Une femme debout devant la cam\u00e9ra avec des personnes en arri\u00e8re-plan."},{"@type":"BreadcrumbList","@id":"https:\/\/training.algonquincollege.com\/fr\/produit\/flp2-competences-en-matiere-de-leadership\/#breadcrumb","itemListElement":[{"@type":"ListItem","position":1,"name":"Home","item":"https:\/\/training.algonquincollege.com\/fr\/accueil\/"},{"@type":"ListItem","position":2,"name":"Boutique","item":"https:\/\/training.algonquincollege.com\/fr\/boutique\/"},{"@type":"ListItem","position":3,"name":"FLP2 : Comp\u00e9tences en mati\u00e8re de leadership"}]},{"@type":"WebSite","@id":"https:\/\/training.algonquincollege.com\/#website","url":"https:\/\/training.algonquincollege.com\/","name":"Professional Training - Algonquin College","description":"","publisher":{"@id":"https:\/\/training.algonquincollege.com\/#organization"},"potentialAction":[{"@type":"SearchAction","target":{"@type":"EntryPoint","urlTemplate":"https:\/\/training.algonquincollege.com\/?s={search_term_string}"},"query-input":{"@type":"PropertyValueSpecification","valueRequired":true,"valueName":"search_term_string"}}],"inLanguage":"fr-FR"},{"@type":"Organization","@id":"https:\/\/training.algonquincollege.com\/#organization","name":"Professional Training - Algonquin College","url":"https:\/\/training.algonquincollege.com\/","logo":{"@type":"ImageObject","inLanguage":"fr-FR","@id":"https:\/\/training.algonquincollege.com\/#\/schema\/logo\/image\/","url":"https:\/\/training.algonquincollege.com\/wp-content\/uploads\/2023\/10\/cropped-acct_logo.png","contentUrl":"https:\/\/training.algonquincollege.com\/wp-content\/uploads\/2023\/10\/cropped-acct_logo.png","width":300,"height":44,"caption":"Professional Training - Algonquin College"},"image":{"@id":"https:\/\/training.algonquincollege.com\/#\/schema\/logo\/image\/"}}]}},"_links":{"self":[{"href":"https:\/\/training.algonquincollege.com\/fr\/wp-json\/wp\/v2\/product\/181899","targetHints":{"allow":["GET"]}}],"collection":[{"href":"https:\/\/training.algonquincollege.com\/fr\/wp-json\/wp\/v2\/product"}],"about":[{"href":"https:\/\/training.algonquincollege.com\/fr\/wp-json\/wp\/v2\/types\/product"}],"wp:featuredmedia":[{"embeddable":true,"href":"https:\/\/training.algonquincollege.com\/fr\/wp-json\/wp\/v2\/media\/178986"}],"wp:attachment":[{"href":"https:\/\/training.algonquincollege.com\/fr\/wp-json\/wp\/v2\/media?parent=181899"}],"wp:term":[{"taxonomy":"product_brand","embeddable":true,"href":"https:\/\/training.algonquincollege.com\/fr\/wp-json\/wp\/v2\/product_brand?post=181899"},{"taxonomy":"product_cat","embeddable":true,"href":"https:\/\/training.algonquincollege.com\/fr\/wp-json\/wp\/v2\/product_cat?post=181899"},{"taxonomy":"product_tag","embeddable":true,"href":"https:\/\/training.algonquincollege.com\/fr\/wp-json\/wp\/v2\/product_tag?post=181899"}],"curies":[{"name":"wp","href":"https:\/\/api.w.org\/{rel}","templated":true}]}}