{"id":181888,"date":"2023-12-15T23:08:51","date_gmt":"2023-12-16T04:08:51","guid":{"rendered":"https:\/\/corporate.algonquincollege.com\/product\/preparation-a-lexamen-pmi-pmp\/"},"modified":"2026-04-13T14:54:38","modified_gmt":"2026-04-13T18:54:38","slug":"preparation-a-lexamen-pmi-pmp","status":"publish","type":"product","link":"https:\/\/training.algonquincollege.com\/fr\/produit\/preparation-a-lexamen-pmi-pmp\/","title":{"rendered":"Pr\u00e9paration \u00e0 l&rsquo;examen PMI\u00ae PMP"},"content":{"rendered":"<p>La certification Project Management Professional (PMP\u00ae) du Project Management Institute (PMI\u00ae) d\u00e9finit la norme mondiale dans le domaine de la gestion de projet. En r\u00e9ussissant l&rsquo;examen PMP\u00ae, vous gagnez en cr\u00e9dibilit\u00e9 professionnelle et en potentiel de r\u00e9mun\u00e9ration. <\/p>\n<p>Ce cours est sp\u00e9cialement con\u00e7u pour vous permettre de r\u00e9ussir les conditions d&rsquo;obtention de la certification PMP\u00ae. Ce cours vous permettra d&rsquo;approfondir votre compr\u00e9hension du <em>Guide de l\u2019ensemble de connaissances en gestion de projet <\/em>(Guide PMBOK\u00ae), dans ses 6<sup>e<\/sup> et 7<sup>e<\/sup> \u00e9ditions, afin de vous pr\u00e9parer \u00e0 l&rsquo;examen de certification. Ce cours r\u00e9pond \u00e9galement \u00e0 l&rsquo;exigence de 35 heures de formation en gestion de projet. Nos instructeurs certifi\u00e9s par le PMI\u00ae s&rsquo;engagent \u00e0 vous aider \u00e0 r\u00e9ussir et vous fourniront les conseils dont vous avez besoin pour passer cet examen difficile.   <\/p>\n<p>Pour r\u00e9ussir ce cours, vous devez conna\u00eetre les concepts de base de la gestion de projet et avoir une exp\u00e9rience professionnelle de la gestion de projet. Vous pouvez obtenir ce niveau de comp\u00e9tences et de connaissances en suivant les cours suivants : <\/p>\n<ul>\n<li><span style=\"text-decoration: underline\"><a href=\"https:\/\/www.algonquincollege.com\/corporate\/course\/pme1-introduction-to-managing-projects\/\">Introduction \u00e0 la gestion de projets<\/a><\/span><\/li>\n<li><span style=\"text-decoration: underline\"><a href=\"https:\/\/www.algonquincollege.com\/corporate\/course\/implementing-an-agile-project\/\">Mise en \u0153uvre d&rsquo;un projet agile<\/a><\/span><\/li>\n<\/ul>\n","protected":false},"excerpt":{"rendered":"<p>Ce cours vous pr\u00e9parera \u00e0 l&rsquo;examen de certification PMP\u00ae (Project Management Professional) et vous aidera \u00e0 \u00e9viter de commettre des erreurs co\u00fbteuses.<\/p>\n","protected":false},"featured_media":179009,"template":"","meta":{"_acf_changed":false},"product_brand":[],"product_cat":[120,80],"product_tag":[],"class_list":{"0":"post-181888","1":"product","2":"type-product","3":"status-publish","4":"has-post-thumbnail","6":"product_cat-project-management-fr","7":"product_cat-non-classifiee","8":"course_group-project-management-fr","10":"first","11":"instock","12":"shipping-taxable","13":"purchasable","14":"product-type-variable"},"acf":[],"yoast_head":"<!-- This site is optimized with the Yoast SEO plugin v27.5 - https:\/\/yoast.com\/product\/yoast-seo-wordpress\/ -->\n<title>Pr\u00e9paration \u00e0 l&#039;examen PMI\u00ae PMP - Professional Training - Algonquin College<\/title>\n<meta name=\"robots\" content=\"index, follow, max-snippet:-1, max-image-preview:large, max-video-preview:-1\" \/>\n<link rel=\"canonical\" href=\"https:\/\/training.algonquincollege.com\/fr\/produit\/preparation-a-lexamen-pmi-pmp\/\" \/>\n<meta property=\"og:locale\" content=\"fr_FR\" \/>\n<meta property=\"og:type\" content=\"article\" \/>\n<meta property=\"og:title\" content=\"Pr\u00e9paration \u00e0 l&#039;examen PMI\u00ae PMP - Professional Training - Algonquin College\" \/>\n<meta property=\"og:description\" content=\"Ce cours vous pr\u00e9parera \u00e0 l&#039;examen de certification PMP\u00ae (Project Management Professional) et vous aidera \u00e0 \u00e9viter de commettre des erreurs co\u00fbteuses.\" \/>\n<meta property=\"og:url\" content=\"https:\/\/training.algonquincollege.com\/fr\/produit\/preparation-a-lexamen-pmi-pmp\/\" \/>\n<meta property=\"og:site_name\" content=\"Professional Training - Algonquin College\" \/>\n<meta property=\"article:modified_time\" content=\"2026-04-13T18:54:38+00:00\" \/>\n<meta property=\"og:image\" content=\"https:\/\/training.algonquincollege.com\/wp-content\/uploads\/2024\/04\/PMIPMP-Exam.jpg\" \/>\n\t<meta property=\"og:image:width\" content=\"1400\" \/>\n\t<meta property=\"og:image:height\" content=\"800\" \/>\n\t<meta property=\"og:image:type\" content=\"image\/jpeg\" \/>\n<meta name=\"twitter:card\" content=\"summary_large_image\" \/>\n<meta name=\"twitter:label1\" content=\"Dur\u00e9e de lecture estim\u00e9e\" \/>\n\t<meta name=\"twitter:data1\" content=\"2 minutes\" \/>\n<script type=\"application\/ld+json\" class=\"yoast-schema-graph\">{\"@context\":\"https:\\\/\\\/schema.org\",\"@graph\":[{\"@type\":\"WebPage\",\"@id\":\"https:\\\/\\\/training.algonquincollege.com\\\/fr\\\/produit\\\/preparation-a-lexamen-pmi-pmp\\\/\",\"url\":\"https:\\\/\\\/training.algonquincollege.com\\\/fr\\\/produit\\\/preparation-a-lexamen-pmi-pmp\\\/\",\"name\":\"Pr\u00e9paration \u00e0 l'examen PMI\u00ae PMP - Professional Training - Algonquin College\",\"isPartOf\":{\"@id\":\"https:\\\/\\\/training.algonquincollege.com\\\/#website\"},\"primaryImageOfPage\":{\"@id\":\"https:\\\/\\\/training.algonquincollege.com\\\/fr\\\/produit\\\/preparation-a-lexamen-pmi-pmp\\\/#primaryimage\"},\"image\":{\"@id\":\"https:\\\/\\\/training.algonquincollege.com\\\/fr\\\/produit\\\/preparation-a-lexamen-pmi-pmp\\\/#primaryimage\"},\"thumbnailUrl\":\"https:\\\/\\\/training.algonquincollege.com\\\/wp-content\\\/uploads\\\/2024\\\/04\\\/PMIPMP-Exam.jpg\",\"datePublished\":\"2023-12-16T04:08:51+00:00\",\"dateModified\":\"2026-04-13T18:54:38+00:00\",\"breadcrumb\":{\"@id\":\"https:\\\/\\\/training.algonquincollege.com\\\/fr\\\/produit\\\/preparation-a-lexamen-pmi-pmp\\\/#breadcrumb\"},\"inLanguage\":\"fr-FR\",\"potentialAction\":[{\"@type\":\"ReadAction\",\"target\":[\"https:\\\/\\\/training.algonquincollege.com\\\/fr\\\/produit\\\/preparation-a-lexamen-pmi-pmp\\\/\"]}]},{\"@type\":\"ImageObject\",\"inLanguage\":\"fr-FR\",\"@id\":\"https:\\\/\\\/training.algonquincollege.com\\\/fr\\\/produit\\\/preparation-a-lexamen-pmi-pmp\\\/#primaryimage\",\"url\":\"https:\\\/\\\/training.algonquincollege.com\\\/wp-content\\\/uploads\\\/2024\\\/04\\\/PMIPMP-Exam.jpg\",\"contentUrl\":\"https:\\\/\\\/training.algonquincollege.com\\\/wp-content\\\/uploads\\\/2024\\\/04\\\/PMIPMP-Exam.jpg\",\"width\":1400,\"height\":800,\"caption\":\"Une femme assise \u00e0 un bureau avec un stylo et un cahier, en train de pr\u00e9parer un examen.\"},{\"@type\":\"BreadcrumbList\",\"@id\":\"https:\\\/\\\/training.algonquincollege.com\\\/fr\\\/produit\\\/preparation-a-lexamen-pmi-pmp\\\/#breadcrumb\",\"itemListElement\":[{\"@type\":\"ListItem\",\"position\":1,\"name\":\"Home\",\"item\":\"https:\\\/\\\/training.algonquincollege.com\\\/fr\\\/accueil\\\/\"},{\"@type\":\"ListItem\",\"position\":2,\"name\":\"Boutique\",\"item\":\"https:\\\/\\\/training.algonquincollege.com\\\/fr\\\/boutique\\\/\"},{\"@type\":\"ListItem\",\"position\":3,\"name\":\"Pr\u00e9paration \u00e0 l&#8217;examen PMI\u00ae PMP\"}]},{\"@type\":\"WebSite\",\"@id\":\"https:\\\/\\\/training.algonquincollege.com\\\/#website\",\"url\":\"https:\\\/\\\/training.algonquincollege.com\\\/\",\"name\":\"Professional Training - Algonquin College\",\"description\":\"\",\"publisher\":{\"@id\":\"https:\\\/\\\/training.algonquincollege.com\\\/#organization\"},\"potentialAction\":[{\"@type\":\"SearchAction\",\"target\":{\"@type\":\"EntryPoint\",\"urlTemplate\":\"https:\\\/\\\/training.algonquincollege.com\\\/?s={search_term_string}\"},\"query-input\":{\"@type\":\"PropertyValueSpecification\",\"valueRequired\":true,\"valueName\":\"search_term_string\"}}],\"inLanguage\":\"fr-FR\"},{\"@type\":\"Organization\",\"@id\":\"https:\\\/\\\/training.algonquincollege.com\\\/#organization\",\"name\":\"Professional Training - Algonquin College\",\"url\":\"https:\\\/\\\/training.algonquincollege.com\\\/\",\"logo\":{\"@type\":\"ImageObject\",\"inLanguage\":\"fr-FR\",\"@id\":\"https:\\\/\\\/training.algonquincollege.com\\\/#\\\/schema\\\/logo\\\/image\\\/\",\"url\":\"https:\\\/\\\/training.algonquincollege.com\\\/wp-content\\\/uploads\\\/2023\\\/10\\\/cropped-acct_logo.png\",\"contentUrl\":\"https:\\\/\\\/training.algonquincollege.com\\\/wp-content\\\/uploads\\\/2023\\\/10\\\/cropped-acct_logo.png\",\"width\":300,\"height\":44,\"caption\":\"Professional Training - Algonquin College\"},\"image\":{\"@id\":\"https:\\\/\\\/training.algonquincollege.com\\\/#\\\/schema\\\/logo\\\/image\\\/\"}}]}<\/script>\n<!-- \/ Yoast SEO plugin. -->","yoast_head_json":{"title":"Pr\u00e9paration \u00e0 l'examen PMI\u00ae PMP - Professional Training - Algonquin College","robots":{"index":"index","follow":"follow","max-snippet":"max-snippet:-1","max-image-preview":"max-image-preview:large","max-video-preview":"max-video-preview:-1"},"canonical":"https:\/\/training.algonquincollege.com\/fr\/produit\/preparation-a-lexamen-pmi-pmp\/","og_locale":"fr_FR","og_type":"article","og_title":"Pr\u00e9paration \u00e0 l'examen PMI\u00ae PMP - Professional Training - Algonquin College","og_description":"Ce cours vous pr\u00e9parera \u00e0 l'examen de certification PMP\u00ae (Project Management Professional) et vous aidera \u00e0 \u00e9viter de commettre des erreurs co\u00fbteuses.","og_url":"https:\/\/training.algonquincollege.com\/fr\/produit\/preparation-a-lexamen-pmi-pmp\/","og_site_name":"Professional Training - Algonquin College","article_modified_time":"2026-04-13T18:54:38+00:00","og_image":[{"width":1400,"height":800,"url":"https:\/\/training.algonquincollege.com\/wp-content\/uploads\/2024\/04\/PMIPMP-Exam.jpg","type":"image\/jpeg"}],"twitter_card":"summary_large_image","twitter_misc":{"Dur\u00e9e de lecture estim\u00e9e":"2 minutes"},"schema":{"@context":"https:\/\/schema.org","@graph":[{"@type":"WebPage","@id":"https:\/\/training.algonquincollege.com\/fr\/produit\/preparation-a-lexamen-pmi-pmp\/","url":"https:\/\/training.algonquincollege.com\/fr\/produit\/preparation-a-lexamen-pmi-pmp\/","name":"Pr\u00e9paration \u00e0 l'examen PMI\u00ae PMP - Professional Training - Algonquin College","isPartOf":{"@id":"https:\/\/training.algonquincollege.com\/#website"},"primaryImageOfPage":{"@id":"https:\/\/training.algonquincollege.com\/fr\/produit\/preparation-a-lexamen-pmi-pmp\/#primaryimage"},"image":{"@id":"https:\/\/training.algonquincollege.com\/fr\/produit\/preparation-a-lexamen-pmi-pmp\/#primaryimage"},"thumbnailUrl":"https:\/\/training.algonquincollege.com\/wp-content\/uploads\/2024\/04\/PMIPMP-Exam.jpg","datePublished":"2023-12-16T04:08:51+00:00","dateModified":"2026-04-13T18:54:38+00:00","breadcrumb":{"@id":"https:\/\/training.algonquincollege.com\/fr\/produit\/preparation-a-lexamen-pmi-pmp\/#breadcrumb"},"inLanguage":"fr-FR","potentialAction":[{"@type":"ReadAction","target":["https:\/\/training.algonquincollege.com\/fr\/produit\/preparation-a-lexamen-pmi-pmp\/"]}]},{"@type":"ImageObject","inLanguage":"fr-FR","@id":"https:\/\/training.algonquincollege.com\/fr\/produit\/preparation-a-lexamen-pmi-pmp\/#primaryimage","url":"https:\/\/training.algonquincollege.com\/wp-content\/uploads\/2024\/04\/PMIPMP-Exam.jpg","contentUrl":"https:\/\/training.algonquincollege.com\/wp-content\/uploads\/2024\/04\/PMIPMP-Exam.jpg","width":1400,"height":800,"caption":"Une femme assise \u00e0 un bureau avec un stylo et un cahier, en train de pr\u00e9parer un examen."},{"@type":"BreadcrumbList","@id":"https:\/\/training.algonquincollege.com\/fr\/produit\/preparation-a-lexamen-pmi-pmp\/#breadcrumb","itemListElement":[{"@type":"ListItem","position":1,"name":"Home","item":"https:\/\/training.algonquincollege.com\/fr\/accueil\/"},{"@type":"ListItem","position":2,"name":"Boutique","item":"https:\/\/training.algonquincollege.com\/fr\/boutique\/"},{"@type":"ListItem","position":3,"name":"Pr\u00e9paration \u00e0 l&#8217;examen PMI\u00ae PMP"}]},{"@type":"WebSite","@id":"https:\/\/training.algonquincollege.com\/#website","url":"https:\/\/training.algonquincollege.com\/","name":"Professional Training - Algonquin College","description":"","publisher":{"@id":"https:\/\/training.algonquincollege.com\/#organization"},"potentialAction":[{"@type":"SearchAction","target":{"@type":"EntryPoint","urlTemplate":"https:\/\/training.algonquincollege.com\/?s={search_term_string}"},"query-input":{"@type":"PropertyValueSpecification","valueRequired":true,"valueName":"search_term_string"}}],"inLanguage":"fr-FR"},{"@type":"Organization","@id":"https:\/\/training.algonquincollege.com\/#organization","name":"Professional Training - Algonquin College","url":"https:\/\/training.algonquincollege.com\/","logo":{"@type":"ImageObject","inLanguage":"fr-FR","@id":"https:\/\/training.algonquincollege.com\/#\/schema\/logo\/image\/","url":"https:\/\/training.algonquincollege.com\/wp-content\/uploads\/2023\/10\/cropped-acct_logo.png","contentUrl":"https:\/\/training.algonquincollege.com\/wp-content\/uploads\/2023\/10\/cropped-acct_logo.png","width":300,"height":44,"caption":"Professional Training - Algonquin College"},"image":{"@id":"https:\/\/training.algonquincollege.com\/#\/schema\/logo\/image\/"}}]}},"_links":{"self":[{"href":"https:\/\/training.algonquincollege.com\/fr\/wp-json\/wp\/v2\/product\/181888","targetHints":{"allow":["GET"]}}],"collection":[{"href":"https:\/\/training.algonquincollege.com\/fr\/wp-json\/wp\/v2\/product"}],"about":[{"href":"https:\/\/training.algonquincollege.com\/fr\/wp-json\/wp\/v2\/types\/product"}],"wp:featuredmedia":[{"embeddable":true,"href":"https:\/\/training.algonquincollege.com\/fr\/wp-json\/wp\/v2\/media\/179009"}],"wp:attachment":[{"href":"https:\/\/training.algonquincollege.com\/fr\/wp-json\/wp\/v2\/media?parent=181888"}],"wp:term":[{"taxonomy":"product_brand","embeddable":true,"href":"https:\/\/training.algonquincollege.com\/fr\/wp-json\/wp\/v2\/product_brand?post=181888"},{"taxonomy":"product_cat","embeddable":true,"href":"https:\/\/training.algonquincollege.com\/fr\/wp-json\/wp\/v2\/product_cat?post=181888"},{"taxonomy":"product_tag","embeddable":true,"href":"https:\/\/training.algonquincollege.com\/fr\/wp-json\/wp\/v2\/product_tag?post=181888"}],"curies":[{"name":"wp","href":"https:\/\/api.w.org\/{rel}","templated":true}]}}