{"id":181862,"date":"2023-12-15T23:09:42","date_gmt":"2023-12-16T04:09:42","guid":{"rendered":"https:\/\/corporate.algonquincollege.com\/product\/lanimation-reussie-de-petits-groupes\/"},"modified":"2025-03-03T10:31:51","modified_gmt":"2025-03-03T15:31:51","slug":"lanimation-reussie-de-petits-groupes","status":"publish","type":"product","link":"https:\/\/training.algonquincollege.com\/fr\/produit\/lanimation-reussie-de-petits-groupes\/","title":{"rendered":"L&rsquo;animation r\u00e9ussie de petits groupes"},"content":{"rendered":"<p><span data-teams=\"true\"><strong>Remarque : ce cours est pr\u00e9sent\u00e9 en anglais.<\/strong><\/span><\/p>\n<p>Utilisez la facilitation pour am\u00e9liorer la fa\u00e7on dont les gens identifient, r\u00e9solvent les probl\u00e8mes et prennent des d\u00e9cisions. Avez-vous d\u00e9j\u00e0 fait partie d&rsquo;une \u00e9quipe de r\u00e9solution de probl\u00e8mes qui ne semblait jamais arriver \u00e0 rien ? Lorsque les membres de l&rsquo;\u00e9quipe ont un lien personnel fort avec la question discut\u00e9e, il leur est souvent difficile de s\u00e9parer le processus du probl\u00e8me. Cet atelier de deux jours vous permettra de comprendre clairement votre r\u00f4le de facilitateur et la mani\u00e8re dont la facilitation am\u00e9liore la fa\u00e7on dont les gens identifient, r\u00e9solvent les probl\u00e8mes et prennent des d\u00e9cisions.<\/p>\n","protected":false},"excerpt":{"rendered":"<p>Utilisez la facilitation pour am\u00e9liorer la fa\u00e7on dont les gens identifient, r\u00e9solvent les probl\u00e8mes et prennent des d\u00e9cisions.<\/p>\n","protected":false},"featured_media":179115,"template":"","meta":{"_acf_changed":false},"product_brand":[],"product_cat":[80],"product_tag":[],"class_list":{"0":"post-181862","1":"product","2":"type-product","3":"status-publish","4":"has-post-thumbnail","6":"product_cat-non-classifiee","8":"first","9":"instock","10":"shipping-taxable","11":"product-type-variable"},"acf":[],"yoast_head":"<!-- This site is optimized with the Yoast SEO plugin v27.5 - https:\/\/yoast.com\/product\/yoast-seo-wordpress\/ -->\n<title>L&#039;animation r\u00e9ussie de petits groupes - Professional Training - Algonquin College<\/title>\n<meta name=\"robots\" content=\"index, follow, max-snippet:-1, max-image-preview:large, max-video-preview:-1\" \/>\n<link rel=\"canonical\" href=\"https:\/\/training.algonquincollege.com\/fr\/produit\/lanimation-reussie-de-petits-groupes\/\" \/>\n<meta property=\"og:locale\" content=\"fr_FR\" \/>\n<meta property=\"og:type\" content=\"article\" \/>\n<meta property=\"og:title\" content=\"L&#039;animation r\u00e9ussie de petits groupes - Professional Training - Algonquin College\" \/>\n<meta property=\"og:description\" content=\"Utilisez la facilitation pour am\u00e9liorer la fa\u00e7on dont les gens identifient, r\u00e9solvent les probl\u00e8mes et prennent des d\u00e9cisions.\" \/>\n<meta property=\"og:url\" content=\"https:\/\/training.algonquincollege.com\/fr\/produit\/lanimation-reussie-de-petits-groupes\/\" \/>\n<meta property=\"og:site_name\" content=\"Professional Training - Algonquin College\" \/>\n<meta property=\"article:modified_time\" content=\"2025-03-03T15:31:51+00:00\" \/>\n<meta property=\"og:image\" content=\"https:\/\/training.algonquincollege.com\/wp-content\/uploads\/2023\/12\/Successful-Small-Group-Facilitation.jpg\" \/>\n\t<meta property=\"og:image:width\" content=\"1400\" \/>\n\t<meta property=\"og:image:height\" content=\"800\" \/>\n\t<meta property=\"og:image:type\" content=\"image\/jpeg\" \/>\n<meta name=\"twitter:card\" content=\"summary_large_image\" \/>\n<meta name=\"twitter:label1\" content=\"Dur\u00e9e de lecture estim\u00e9e\" \/>\n\t<meta name=\"twitter:data1\" content=\"1 minute\" \/>\n<script type=\"application\/ld+json\" class=\"yoast-schema-graph\">{\"@context\":\"https:\\\/\\\/schema.org\",\"@graph\":[{\"@type\":\"WebPage\",\"@id\":\"https:\\\/\\\/training.algonquincollege.com\\\/fr\\\/produit\\\/lanimation-reussie-de-petits-groupes\\\/\",\"url\":\"https:\\\/\\\/training.algonquincollege.com\\\/fr\\\/produit\\\/lanimation-reussie-de-petits-groupes\\\/\",\"name\":\"L'animation r\u00e9ussie de petits groupes - Professional Training - Algonquin College\",\"isPartOf\":{\"@id\":\"https:\\\/\\\/training.algonquincollege.com\\\/#website\"},\"primaryImageOfPage\":{\"@id\":\"https:\\\/\\\/training.algonquincollege.com\\\/fr\\\/produit\\\/lanimation-reussie-de-petits-groupes\\\/#primaryimage\"},\"image\":{\"@id\":\"https:\\\/\\\/training.algonquincollege.com\\\/fr\\\/produit\\\/lanimation-reussie-de-petits-groupes\\\/#primaryimage\"},\"thumbnailUrl\":\"https:\\\/\\\/training.algonquincollege.com\\\/wp-content\\\/uploads\\\/2023\\\/12\\\/Successful-Small-Group-Facilitation.jpg\",\"datePublished\":\"2023-12-16T04:09:42+00:00\",\"dateModified\":\"2025-03-03T15:31:51+00:00\",\"breadcrumb\":{\"@id\":\"https:\\\/\\\/training.algonquincollege.com\\\/fr\\\/produit\\\/lanimation-reussie-de-petits-groupes\\\/#breadcrumb\"},\"inLanguage\":\"fr-FR\",\"potentialAction\":[{\"@type\":\"ReadAction\",\"target\":[\"https:\\\/\\\/training.algonquincollege.com\\\/fr\\\/produit\\\/lanimation-reussie-de-petits-groupes\\\/\"]}]},{\"@type\":\"ImageObject\",\"inLanguage\":\"fr-FR\",\"@id\":\"https:\\\/\\\/training.algonquincollege.com\\\/fr\\\/produit\\\/lanimation-reussie-de-petits-groupes\\\/#primaryimage\",\"url\":\"https:\\\/\\\/training.algonquincollege.com\\\/wp-content\\\/uploads\\\/2023\\\/12\\\/Successful-Small-Group-Facilitation.jpg\",\"contentUrl\":\"https:\\\/\\\/training.algonquincollege.com\\\/wp-content\\\/uploads\\\/2023\\\/12\\\/Successful-Small-Group-Facilitation.jpg\",\"width\":1400,\"height\":800},{\"@type\":\"BreadcrumbList\",\"@id\":\"https:\\\/\\\/training.algonquincollege.com\\\/fr\\\/produit\\\/lanimation-reussie-de-petits-groupes\\\/#breadcrumb\",\"itemListElement\":[{\"@type\":\"ListItem\",\"position\":1,\"name\":\"Home\",\"item\":\"https:\\\/\\\/training.algonquincollege.com\\\/fr\\\/accueil\\\/\"},{\"@type\":\"ListItem\",\"position\":2,\"name\":\"Boutique\",\"item\":\"https:\\\/\\\/training.algonquincollege.com\\\/fr\\\/boutique\\\/\"},{\"@type\":\"ListItem\",\"position\":3,\"name\":\"L&rsquo;animation r\u00e9ussie de petits groupes\"}]},{\"@type\":\"WebSite\",\"@id\":\"https:\\\/\\\/training.algonquincollege.com\\\/#website\",\"url\":\"https:\\\/\\\/training.algonquincollege.com\\\/\",\"name\":\"Professional Training - Algonquin College\",\"description\":\"\",\"publisher\":{\"@id\":\"https:\\\/\\\/training.algonquincollege.com\\\/#organization\"},\"potentialAction\":[{\"@type\":\"SearchAction\",\"target\":{\"@type\":\"EntryPoint\",\"urlTemplate\":\"https:\\\/\\\/training.algonquincollege.com\\\/?s={search_term_string}\"},\"query-input\":{\"@type\":\"PropertyValueSpecification\",\"valueRequired\":true,\"valueName\":\"search_term_string\"}}],\"inLanguage\":\"fr-FR\"},{\"@type\":\"Organization\",\"@id\":\"https:\\\/\\\/training.algonquincollege.com\\\/#organization\",\"name\":\"Professional Training - Algonquin College\",\"url\":\"https:\\\/\\\/training.algonquincollege.com\\\/\",\"logo\":{\"@type\":\"ImageObject\",\"inLanguage\":\"fr-FR\",\"@id\":\"https:\\\/\\\/training.algonquincollege.com\\\/#\\\/schema\\\/logo\\\/image\\\/\",\"url\":\"https:\\\/\\\/training.algonquincollege.com\\\/wp-content\\\/uploads\\\/2023\\\/10\\\/cropped-acct_logo.png\",\"contentUrl\":\"https:\\\/\\\/training.algonquincollege.com\\\/wp-content\\\/uploads\\\/2023\\\/10\\\/cropped-acct_logo.png\",\"width\":300,\"height\":44,\"caption\":\"Professional Training - Algonquin College\"},\"image\":{\"@id\":\"https:\\\/\\\/training.algonquincollege.com\\\/#\\\/schema\\\/logo\\\/image\\\/\"}}]}<\/script>\n<!-- \/ Yoast SEO plugin. -->","yoast_head_json":{"title":"L'animation r\u00e9ussie de petits groupes - Professional Training - Algonquin College","robots":{"index":"index","follow":"follow","max-snippet":"max-snippet:-1","max-image-preview":"max-image-preview:large","max-video-preview":"max-video-preview:-1"},"canonical":"https:\/\/training.algonquincollege.com\/fr\/produit\/lanimation-reussie-de-petits-groupes\/","og_locale":"fr_FR","og_type":"article","og_title":"L'animation r\u00e9ussie de petits groupes - Professional Training - Algonquin College","og_description":"Utilisez la facilitation pour am\u00e9liorer la fa\u00e7on dont les gens identifient, r\u00e9solvent les probl\u00e8mes et prennent des d\u00e9cisions.","og_url":"https:\/\/training.algonquincollege.com\/fr\/produit\/lanimation-reussie-de-petits-groupes\/","og_site_name":"Professional Training - Algonquin College","article_modified_time":"2025-03-03T15:31:51+00:00","og_image":[{"width":1400,"height":800,"url":"https:\/\/training.algonquincollege.com\/wp-content\/uploads\/2023\/12\/Successful-Small-Group-Facilitation.jpg","type":"image\/jpeg"}],"twitter_card":"summary_large_image","twitter_misc":{"Dur\u00e9e de lecture estim\u00e9e":"1 minute"},"schema":{"@context":"https:\/\/schema.org","@graph":[{"@type":"WebPage","@id":"https:\/\/training.algonquincollege.com\/fr\/produit\/lanimation-reussie-de-petits-groupes\/","url":"https:\/\/training.algonquincollege.com\/fr\/produit\/lanimation-reussie-de-petits-groupes\/","name":"L'animation r\u00e9ussie de petits groupes - Professional Training - Algonquin College","isPartOf":{"@id":"https:\/\/training.algonquincollege.com\/#website"},"primaryImageOfPage":{"@id":"https:\/\/training.algonquincollege.com\/fr\/produit\/lanimation-reussie-de-petits-groupes\/#primaryimage"},"image":{"@id":"https:\/\/training.algonquincollege.com\/fr\/produit\/lanimation-reussie-de-petits-groupes\/#primaryimage"},"thumbnailUrl":"https:\/\/training.algonquincollege.com\/wp-content\/uploads\/2023\/12\/Successful-Small-Group-Facilitation.jpg","datePublished":"2023-12-16T04:09:42+00:00","dateModified":"2025-03-03T15:31:51+00:00","breadcrumb":{"@id":"https:\/\/training.algonquincollege.com\/fr\/produit\/lanimation-reussie-de-petits-groupes\/#breadcrumb"},"inLanguage":"fr-FR","potentialAction":[{"@type":"ReadAction","target":["https:\/\/training.algonquincollege.com\/fr\/produit\/lanimation-reussie-de-petits-groupes\/"]}]},{"@type":"ImageObject","inLanguage":"fr-FR","@id":"https:\/\/training.algonquincollege.com\/fr\/produit\/lanimation-reussie-de-petits-groupes\/#primaryimage","url":"https:\/\/training.algonquincollege.com\/wp-content\/uploads\/2023\/12\/Successful-Small-Group-Facilitation.jpg","contentUrl":"https:\/\/training.algonquincollege.com\/wp-content\/uploads\/2023\/12\/Successful-Small-Group-Facilitation.jpg","width":1400,"height":800},{"@type":"BreadcrumbList","@id":"https:\/\/training.algonquincollege.com\/fr\/produit\/lanimation-reussie-de-petits-groupes\/#breadcrumb","itemListElement":[{"@type":"ListItem","position":1,"name":"Home","item":"https:\/\/training.algonquincollege.com\/fr\/accueil\/"},{"@type":"ListItem","position":2,"name":"Boutique","item":"https:\/\/training.algonquincollege.com\/fr\/boutique\/"},{"@type":"ListItem","position":3,"name":"L&rsquo;animation r\u00e9ussie de petits groupes"}]},{"@type":"WebSite","@id":"https:\/\/training.algonquincollege.com\/#website","url":"https:\/\/training.algonquincollege.com\/","name":"Professional Training - Algonquin College","description":"","publisher":{"@id":"https:\/\/training.algonquincollege.com\/#organization"},"potentialAction":[{"@type":"SearchAction","target":{"@type":"EntryPoint","urlTemplate":"https:\/\/training.algonquincollege.com\/?s={search_term_string}"},"query-input":{"@type":"PropertyValueSpecification","valueRequired":true,"valueName":"search_term_string"}}],"inLanguage":"fr-FR"},{"@type":"Organization","@id":"https:\/\/training.algonquincollege.com\/#organization","name":"Professional Training - Algonquin College","url":"https:\/\/training.algonquincollege.com\/","logo":{"@type":"ImageObject","inLanguage":"fr-FR","@id":"https:\/\/training.algonquincollege.com\/#\/schema\/logo\/image\/","url":"https:\/\/training.algonquincollege.com\/wp-content\/uploads\/2023\/10\/cropped-acct_logo.png","contentUrl":"https:\/\/training.algonquincollege.com\/wp-content\/uploads\/2023\/10\/cropped-acct_logo.png","width":300,"height":44,"caption":"Professional Training - Algonquin College"},"image":{"@id":"https:\/\/training.algonquincollege.com\/#\/schema\/logo\/image\/"}}]}},"_links":{"self":[{"href":"https:\/\/training.algonquincollege.com\/fr\/wp-json\/wp\/v2\/product\/181862","targetHints":{"allow":["GET"]}}],"collection":[{"href":"https:\/\/training.algonquincollege.com\/fr\/wp-json\/wp\/v2\/product"}],"about":[{"href":"https:\/\/training.algonquincollege.com\/fr\/wp-json\/wp\/v2\/types\/product"}],"wp:featuredmedia":[{"embeddable":true,"href":"https:\/\/training.algonquincollege.com\/fr\/wp-json\/wp\/v2\/media\/179115"}],"wp:attachment":[{"href":"https:\/\/training.algonquincollege.com\/fr\/wp-json\/wp\/v2\/media?parent=181862"}],"wp:term":[{"taxonomy":"product_brand","embeddable":true,"href":"https:\/\/training.algonquincollege.com\/fr\/wp-json\/wp\/v2\/product_brand?post=181862"},{"taxonomy":"product_cat","embeddable":true,"href":"https:\/\/training.algonquincollege.com\/fr\/wp-json\/wp\/v2\/product_cat?post=181862"},{"taxonomy":"product_tag","embeddable":true,"href":"https:\/\/training.algonquincollege.com\/fr\/wp-json\/wp\/v2\/product_tag?post=181862"}],"curies":[{"name":"wp","href":"https:\/\/api.w.org\/{rel}","templated":true}]}}