{"id":181852,"date":"2023-12-15T23:10:02","date_gmt":"2023-12-16T04:10:02","guid":{"rendered":"https:\/\/corporate.algonquincollege.com\/product\/certification-msp-managing-successful-programmes-foundation-et-practitioner-5eme-edition\/"},"modified":"2026-04-13T16:14:40","modified_gmt":"2026-04-13T20:14:40","slug":"certification-msp-managing-successful-programmes-foundation-et-practitioner-5eme-edition","status":"publish","type":"product","link":"https:\/\/training.algonquincollege.com\/fr\/produit\/certification-msp-managing-successful-programmes-foundation-et-practitioner-5eme-edition\/","title":{"rendered":"Certification MSP\u00ae Managing Successful Programmes Foundation et Practitioner, 5\u00e8me \u00e9dition"},"content":{"rendered":"<p>MSP\u00ae &#8211; Managing Successful Programmes &#8211; fournit une m\u00e9thodologie efficace et \u00e9prouv\u00e9e pour la gestion des programmes de transformation. Le cadre MSP aide les organisations \u00e0 mettre en \u0153uvre des programmes complexes qui les transforment. <\/p>\n","protected":false},"excerpt":{"rendered":"<p>Apprenez les principes de gestion de programme, les th\u00e8mes de gouvernance et le flux transformationnel appliqu\u00e9s \u00e0 la gestion de programmes ou d&rsquo;initiatives de changement.<\/p>\n","protected":false},"featured_media":178966,"template":"","meta":{"_acf_changed":false},"product_brand":[],"product_cat":[86,80],"product_tag":[],"class_list":{"0":"post-181852","1":"product","2":"type-product","3":"status-publish","4":"has-post-thumbnail","6":"product_cat-accredited-certifications-fr","7":"product_cat-non-classifiee","8":"course_group-certifications-accreditations-fr","9":"course_group-managing-successful-programmes-msp-fr","11":"first","12":"outofstock","13":"shipping-taxable","14":"purchasable","15":"product-type-variable"},"acf":[],"yoast_head":"<!-- This site is optimized with the Yoast SEO plugin v27.5 - https:\/\/yoast.com\/product\/yoast-seo-wordpress\/ -->\n<title>Certification MSP\u00ae Managing Successful Programmes Foundation et Practitioner, 5\u00e8me \u00e9dition - Professional Training - Algonquin College<\/title>\n<meta name=\"description\" content=\"MSP\u00ae - Managing Successful Programmes - fournit une m\u00e9thodologie efficace et \u00e9prouv\u00e9e pour la gestion des programmes de transformation. Le cadre MSP aide les organisations \u00e0 mettre en \u0153uvre des programmes complexes qui les transforment.\" \/>\n<meta name=\"robots\" content=\"index, follow, max-snippet:-1, max-image-preview:large, max-video-preview:-1\" \/>\n<link rel=\"canonical\" href=\"https:\/\/training.algonquincollege.com\/fr\/produit\/certification-msp-managing-successful-programmes-foundation-et-practitioner-5eme-edition\/\" \/>\n<meta property=\"og:locale\" content=\"fr_FR\" \/>\n<meta property=\"og:type\" content=\"article\" \/>\n<meta property=\"og:title\" content=\"Certification MSP\u00ae Managing Successful Programmes Foundation et Practitioner, 5\u00e8me \u00e9dition - Professional Training - Algonquin College\" \/>\n<meta property=\"og:description\" content=\"MSP\u00ae - Managing Successful Programmes - fournit une m\u00e9thodologie efficace et \u00e9prouv\u00e9e pour la gestion des programmes de transformation. Le cadre MSP aide les organisations \u00e0 mettre en \u0153uvre des programmes complexes qui les transforment.\" \/>\n<meta property=\"og:url\" content=\"https:\/\/training.algonquincollege.com\/fr\/produit\/certification-msp-managing-successful-programmes-foundation-et-practitioner-5eme-edition\/\" \/>\n<meta property=\"og:site_name\" content=\"Professional Training - Algonquin College\" \/>\n<meta property=\"article:modified_time\" content=\"2026-04-13T20:14:40+00:00\" \/>\n<meta property=\"og:image\" content=\"https:\/\/training.algonquincollege.com\/wp-content\/uploads\/2024\/04\/MSP.jpg\" \/>\n\t<meta property=\"og:image:width\" content=\"1400\" \/>\n\t<meta property=\"og:image:height\" content=\"800\" \/>\n\t<meta property=\"og:image:type\" content=\"image\/jpeg\" \/>\n<meta name=\"twitter:card\" content=\"summary_large_image\" \/>\n<meta name=\"twitter:label1\" content=\"Dur\u00e9e de lecture estim\u00e9e\" \/>\n\t<meta name=\"twitter:data1\" content=\"1 minute\" \/>\n<script type=\"application\/ld+json\" class=\"yoast-schema-graph\">{\"@context\":\"https:\\\/\\\/schema.org\",\"@graph\":[{\"@type\":\"WebPage\",\"@id\":\"https:\\\/\\\/training.algonquincollege.com\\\/fr\\\/produit\\\/certification-msp-managing-successful-programmes-foundation-et-practitioner-5eme-edition\\\/\",\"url\":\"https:\\\/\\\/training.algonquincollege.com\\\/fr\\\/produit\\\/certification-msp-managing-successful-programmes-foundation-et-practitioner-5eme-edition\\\/\",\"name\":\"Certification MSP\u00ae Managing Successful Programmes Foundation et Practitioner, 5\u00e8me \u00e9dition - Professional Training - Algonquin College\",\"isPartOf\":{\"@id\":\"https:\\\/\\\/training.algonquincollege.com\\\/#website\"},\"primaryImageOfPage\":{\"@id\":\"https:\\\/\\\/training.algonquincollege.com\\\/fr\\\/produit\\\/certification-msp-managing-successful-programmes-foundation-et-practitioner-5eme-edition\\\/#primaryimage\"},\"image\":{\"@id\":\"https:\\\/\\\/training.algonquincollege.com\\\/fr\\\/produit\\\/certification-msp-managing-successful-programmes-foundation-et-practitioner-5eme-edition\\\/#primaryimage\"},\"thumbnailUrl\":\"https:\\\/\\\/training.algonquincollege.com\\\/wp-content\\\/uploads\\\/2024\\\/04\\\/MSP.jpg\",\"datePublished\":\"2023-12-16T04:10:02+00:00\",\"dateModified\":\"2026-04-13T20:14:40+00:00\",\"description\":\"MSP\u00ae - Managing Successful Programmes - fournit une m\u00e9thodologie efficace et \u00e9prouv\u00e9e pour la gestion des programmes de transformation. Le cadre MSP aide les organisations \u00e0 mettre en \u0153uvre des programmes complexes qui les transforment.\",\"breadcrumb\":{\"@id\":\"https:\\\/\\\/training.algonquincollege.com\\\/fr\\\/produit\\\/certification-msp-managing-successful-programmes-foundation-et-practitioner-5eme-edition\\\/#breadcrumb\"},\"inLanguage\":\"fr-FR\",\"potentialAction\":[{\"@type\":\"ReadAction\",\"target\":[\"https:\\\/\\\/training.algonquincollege.com\\\/fr\\\/produit\\\/certification-msp-managing-successful-programmes-foundation-et-practitioner-5eme-edition\\\/\"]}]},{\"@type\":\"ImageObject\",\"inLanguage\":\"fr-FR\",\"@id\":\"https:\\\/\\\/training.algonquincollege.com\\\/fr\\\/produit\\\/certification-msp-managing-successful-programmes-foundation-et-practitioner-5eme-edition\\\/#primaryimage\",\"url\":\"https:\\\/\\\/training.algonquincollege.com\\\/wp-content\\\/uploads\\\/2024\\\/04\\\/MSP.jpg\",\"contentUrl\":\"https:\\\/\\\/training.algonquincollege.com\\\/wp-content\\\/uploads\\\/2024\\\/04\\\/MSP.jpg\",\"width\":1400,\"height\":800},{\"@type\":\"BreadcrumbList\",\"@id\":\"https:\\\/\\\/training.algonquincollege.com\\\/fr\\\/produit\\\/certification-msp-managing-successful-programmes-foundation-et-practitioner-5eme-edition\\\/#breadcrumb\",\"itemListElement\":[{\"@type\":\"ListItem\",\"position\":1,\"name\":\"Home\",\"item\":\"https:\\\/\\\/training.algonquincollege.com\\\/fr\\\/accueil\\\/\"},{\"@type\":\"ListItem\",\"position\":2,\"name\":\"Boutique\",\"item\":\"https:\\\/\\\/training.algonquincollege.com\\\/fr\\\/boutique\\\/\"},{\"@type\":\"ListItem\",\"position\":3,\"name\":\"Certification MSP\u00ae Managing Successful Programmes Foundation et Practitioner, 5\u00e8me \u00e9dition\"}]},{\"@type\":\"WebSite\",\"@id\":\"https:\\\/\\\/training.algonquincollege.com\\\/#website\",\"url\":\"https:\\\/\\\/training.algonquincollege.com\\\/\",\"name\":\"Professional Training - Algonquin College\",\"description\":\"\",\"publisher\":{\"@id\":\"https:\\\/\\\/training.algonquincollege.com\\\/#organization\"},\"potentialAction\":[{\"@type\":\"SearchAction\",\"target\":{\"@type\":\"EntryPoint\",\"urlTemplate\":\"https:\\\/\\\/training.algonquincollege.com\\\/?s={search_term_string}\"},\"query-input\":{\"@type\":\"PropertyValueSpecification\",\"valueRequired\":true,\"valueName\":\"search_term_string\"}}],\"inLanguage\":\"fr-FR\"},{\"@type\":\"Organization\",\"@id\":\"https:\\\/\\\/training.algonquincollege.com\\\/#organization\",\"name\":\"Professional Training - Algonquin College\",\"url\":\"https:\\\/\\\/training.algonquincollege.com\\\/\",\"logo\":{\"@type\":\"ImageObject\",\"inLanguage\":\"fr-FR\",\"@id\":\"https:\\\/\\\/training.algonquincollege.com\\\/#\\\/schema\\\/logo\\\/image\\\/\",\"url\":\"https:\\\/\\\/training.algonquincollege.com\\\/wp-content\\\/uploads\\\/2023\\\/10\\\/cropped-acct_logo.png\",\"contentUrl\":\"https:\\\/\\\/training.algonquincollege.com\\\/wp-content\\\/uploads\\\/2023\\\/10\\\/cropped-acct_logo.png\",\"width\":300,\"height\":44,\"caption\":\"Professional Training - Algonquin College\"},\"image\":{\"@id\":\"https:\\\/\\\/training.algonquincollege.com\\\/#\\\/schema\\\/logo\\\/image\\\/\"}}]}<\/script>\n<!-- \/ Yoast SEO plugin. -->","yoast_head_json":{"title":"Certification MSP\u00ae Managing Successful Programmes Foundation et Practitioner, 5\u00e8me \u00e9dition - Professional Training - Algonquin College","description":"MSP\u00ae - Managing Successful Programmes - fournit une m\u00e9thodologie efficace et \u00e9prouv\u00e9e pour la gestion des programmes de transformation. Le cadre MSP aide les organisations \u00e0 mettre en \u0153uvre des programmes complexes qui les transforment.","robots":{"index":"index","follow":"follow","max-snippet":"max-snippet:-1","max-image-preview":"max-image-preview:large","max-video-preview":"max-video-preview:-1"},"canonical":"https:\/\/training.algonquincollege.com\/fr\/produit\/certification-msp-managing-successful-programmes-foundation-et-practitioner-5eme-edition\/","og_locale":"fr_FR","og_type":"article","og_title":"Certification MSP\u00ae Managing Successful Programmes Foundation et Practitioner, 5\u00e8me \u00e9dition - Professional Training - Algonquin College","og_description":"MSP\u00ae - Managing Successful Programmes - fournit une m\u00e9thodologie efficace et \u00e9prouv\u00e9e pour la gestion des programmes de transformation. Le cadre MSP aide les organisations \u00e0 mettre en \u0153uvre des programmes complexes qui les transforment.","og_url":"https:\/\/training.algonquincollege.com\/fr\/produit\/certification-msp-managing-successful-programmes-foundation-et-practitioner-5eme-edition\/","og_site_name":"Professional Training - Algonquin College","article_modified_time":"2026-04-13T20:14:40+00:00","og_image":[{"width":1400,"height":800,"url":"https:\/\/training.algonquincollege.com\/wp-content\/uploads\/2024\/04\/MSP.jpg","type":"image\/jpeg"}],"twitter_card":"summary_large_image","twitter_misc":{"Dur\u00e9e de lecture estim\u00e9e":"1 minute"},"schema":{"@context":"https:\/\/schema.org","@graph":[{"@type":"WebPage","@id":"https:\/\/training.algonquincollege.com\/fr\/produit\/certification-msp-managing-successful-programmes-foundation-et-practitioner-5eme-edition\/","url":"https:\/\/training.algonquincollege.com\/fr\/produit\/certification-msp-managing-successful-programmes-foundation-et-practitioner-5eme-edition\/","name":"Certification MSP\u00ae Managing Successful Programmes Foundation et Practitioner, 5\u00e8me \u00e9dition - Professional Training - Algonquin College","isPartOf":{"@id":"https:\/\/training.algonquincollege.com\/#website"},"primaryImageOfPage":{"@id":"https:\/\/training.algonquincollege.com\/fr\/produit\/certification-msp-managing-successful-programmes-foundation-et-practitioner-5eme-edition\/#primaryimage"},"image":{"@id":"https:\/\/training.algonquincollege.com\/fr\/produit\/certification-msp-managing-successful-programmes-foundation-et-practitioner-5eme-edition\/#primaryimage"},"thumbnailUrl":"https:\/\/training.algonquincollege.com\/wp-content\/uploads\/2024\/04\/MSP.jpg","datePublished":"2023-12-16T04:10:02+00:00","dateModified":"2026-04-13T20:14:40+00:00","description":"MSP\u00ae - Managing Successful Programmes - fournit une m\u00e9thodologie efficace et \u00e9prouv\u00e9e pour la gestion des programmes de transformation. Le cadre MSP aide les organisations \u00e0 mettre en \u0153uvre des programmes complexes qui les transforment.","breadcrumb":{"@id":"https:\/\/training.algonquincollege.com\/fr\/produit\/certification-msp-managing-successful-programmes-foundation-et-practitioner-5eme-edition\/#breadcrumb"},"inLanguage":"fr-FR","potentialAction":[{"@type":"ReadAction","target":["https:\/\/training.algonquincollege.com\/fr\/produit\/certification-msp-managing-successful-programmes-foundation-et-practitioner-5eme-edition\/"]}]},{"@type":"ImageObject","inLanguage":"fr-FR","@id":"https:\/\/training.algonquincollege.com\/fr\/produit\/certification-msp-managing-successful-programmes-foundation-et-practitioner-5eme-edition\/#primaryimage","url":"https:\/\/training.algonquincollege.com\/wp-content\/uploads\/2024\/04\/MSP.jpg","contentUrl":"https:\/\/training.algonquincollege.com\/wp-content\/uploads\/2024\/04\/MSP.jpg","width":1400,"height":800},{"@type":"BreadcrumbList","@id":"https:\/\/training.algonquincollege.com\/fr\/produit\/certification-msp-managing-successful-programmes-foundation-et-practitioner-5eme-edition\/#breadcrumb","itemListElement":[{"@type":"ListItem","position":1,"name":"Home","item":"https:\/\/training.algonquincollege.com\/fr\/accueil\/"},{"@type":"ListItem","position":2,"name":"Boutique","item":"https:\/\/training.algonquincollege.com\/fr\/boutique\/"},{"@type":"ListItem","position":3,"name":"Certification MSP\u00ae Managing Successful Programmes Foundation et Practitioner, 5\u00e8me \u00e9dition"}]},{"@type":"WebSite","@id":"https:\/\/training.algonquincollege.com\/#website","url":"https:\/\/training.algonquincollege.com\/","name":"Professional Training - Algonquin College","description":"","publisher":{"@id":"https:\/\/training.algonquincollege.com\/#organization"},"potentialAction":[{"@type":"SearchAction","target":{"@type":"EntryPoint","urlTemplate":"https:\/\/training.algonquincollege.com\/?s={search_term_string}"},"query-input":{"@type":"PropertyValueSpecification","valueRequired":true,"valueName":"search_term_string"}}],"inLanguage":"fr-FR"},{"@type":"Organization","@id":"https:\/\/training.algonquincollege.com\/#organization","name":"Professional Training - Algonquin College","url":"https:\/\/training.algonquincollege.com\/","logo":{"@type":"ImageObject","inLanguage":"fr-FR","@id":"https:\/\/training.algonquincollege.com\/#\/schema\/logo\/image\/","url":"https:\/\/training.algonquincollege.com\/wp-content\/uploads\/2023\/10\/cropped-acct_logo.png","contentUrl":"https:\/\/training.algonquincollege.com\/wp-content\/uploads\/2023\/10\/cropped-acct_logo.png","width":300,"height":44,"caption":"Professional Training - Algonquin College"},"image":{"@id":"https:\/\/training.algonquincollege.com\/#\/schema\/logo\/image\/"}}]}},"_links":{"self":[{"href":"https:\/\/training.algonquincollege.com\/fr\/wp-json\/wp\/v2\/product\/181852","targetHints":{"allow":["GET"]}}],"collection":[{"href":"https:\/\/training.algonquincollege.com\/fr\/wp-json\/wp\/v2\/product"}],"about":[{"href":"https:\/\/training.algonquincollege.com\/fr\/wp-json\/wp\/v2\/types\/product"}],"wp:featuredmedia":[{"embeddable":true,"href":"https:\/\/training.algonquincollege.com\/fr\/wp-json\/wp\/v2\/media\/178966"}],"wp:attachment":[{"href":"https:\/\/training.algonquincollege.com\/fr\/wp-json\/wp\/v2\/media?parent=181852"}],"wp:term":[{"taxonomy":"product_brand","embeddable":true,"href":"https:\/\/training.algonquincollege.com\/fr\/wp-json\/wp\/v2\/product_brand?post=181852"},{"taxonomy":"product_cat","embeddable":true,"href":"https:\/\/training.algonquincollege.com\/fr\/wp-json\/wp\/v2\/product_cat?post=181852"},{"taxonomy":"product_tag","embeddable":true,"href":"https:\/\/training.algonquincollege.com\/fr\/wp-json\/wp\/v2\/product_tag?post=181852"}],"curies":[{"name":"wp","href":"https:\/\/api.w.org\/{rel}","templated":true}]}}