{"id":181836,"date":"2023-12-15T23:08:41","date_gmt":"2023-12-16T04:08:41","guid":{"rendered":"https:\/\/corporate.algonquincollege.com\/product\/orcl-technologie-de-la-construction\/"},"modified":"2026-04-13T15:59:02","modified_gmt":"2026-04-13T19:59:02","slug":"orcl-technologie-de-la-construction","status":"publish","type":"product","link":"https:\/\/training.algonquincollege.com\/fr\/produit\/orcl-technologie-de-la-construction\/","title":{"rendered":"ORCL : Technologie de la construction"},"content":{"rendered":"<p>Cours approuv\u00e9 par l\u2019ORCL pour les constructeurs et les vendeurs d\u2019habitations.<\/p>\n<p>En utilisant l&rsquo;approche de la maison en tant que syst\u00e8me (HAAS), les \u00e9tudiants apprendront \u00e0 conna\u00eetre les \u00e9l\u00e9ments qui composent une habitation r\u00e9sidentielle et la mani\u00e8re dont ils interagissent. Ce cours est essentiel pour ceux qui souhaitent mieux comprendre la science qui sous-tend la construction d&rsquo;une maison. De la fondation au toit et aux \u00e9l\u00e9ments interm\u00e9diaires, les \u00e9tudiants exploreront le \u00ab\u202fpourquoi\u202f\u00bb et le \u00ab\u202fquoi\u202f\u00bb afin d&rsquo;acqu\u00e9rir une vision holistique de la construction r\u00e9sidentielle moderne.  <\/p>\n<h5>Les cours portent sur les sujets suivants<\/h5>\n<ul>\n<li>Science de la construction<\/li>\n<li>\u00c9l\u00e9ments de la qualit\u00e9 de l&rsquo;air int\u00e9rieur<\/li>\n<li>D\u00e9veloppement durable<\/li>\n<li>Enveloppe du b\u00e2timent<\/li>\n<li>Syst\u00e8mes m\u00e9caniques<\/li>\n<li>\u00c9l\u00e9ments de construction<\/li>\n<li>Lignes directrices en mati\u00e8re de performance de la construction<\/li>\n<\/ul>\n<h5>L&rsquo;examen :<\/h5>\n<p class=\"p1\">Si vous faites une demande de licence HCRA, vous devez r\u00e9ussir l&rsquo;examen pour que votre demande soit accept\u00e9e. Cet examen \u00e0 livre ferm\u00e9 est un questionnaire \u00e0 choix multiples, vrai\/faux et \u00e0 r\u00e9ponses multiples. L&rsquo;examen est disponible 24 heures sur 24, 7 jours sur 7, sans rendez-vous, et vous aurez 60 jours pour le passer. Vous aurez trois (3) tentatives pour r\u00e9ussir l&rsquo;examen.    Si vous \u00e9chouez apr\u00e8s trois tentatives, vous devez reprendre le cours. La note minimale requise est de 70 %. <strong>VEUILLEZ NOTER : Il s&rsquo;agit d&rsquo;un examen difficile et un temps d&rsquo;\u00e9tude consid\u00e9rable est n\u00e9cessaire pour le r\u00e9ussir.<\/strong><\/p>\n<p>Si vous avez une exp\u00e9rience significative dans le secteur de la construction ou une expertise dans ce domaine et que vous souhaitez uniquement passer l&rsquo;examen, le co\u00fbt est de 125 $ et <a href=\"https:\/\/corporate.algonquincollege.com\/product\/hcra-competency-exam-construction-technology\/\">vous pouvez vous inscrire ici<\/a>.<\/p>\n","protected":false},"excerpt":{"rendered":"<p>Apprenez \u00e0 conna\u00eetre les \u00e9l\u00e9ments qui composent un logement r\u00e9sidentiel et comment ils interagissent en utilisant l&rsquo;approche de la maison en tant que syst\u00e8me (HAAS). L&rsquo;examen HCRA est inclus dans le cours. <\/p>\n","protected":false},"featured_media":179021,"template":"","meta":{"_acf_changed":false},"product_brand":[],"product_cat":[89,80],"product_tag":[],"class_list":{"0":"post-181836","1":"product","2":"type-product","3":"status-publish","4":"has-post-thumbnail","6":"product_cat-construction-fr","7":"product_cat-non-classifiee","8":"course_group-construction-fr","9":"course_group-home-construction-regulatory-authority-courses-exams-fr","11":"first","12":"outofstock","13":"shipping-taxable","14":"purchasable","15":"product-type-variable"},"acf":[],"yoast_head":"<!-- This site is optimized with the Yoast SEO plugin v27.5 - https:\/\/yoast.com\/product\/yoast-seo-wordpress\/ -->\n<title>ORCL : Technologie de la construction - Professional Training - Algonquin College<\/title>\n<meta name=\"robots\" content=\"index, follow, max-snippet:-1, max-image-preview:large, max-video-preview:-1\" \/>\n<link rel=\"canonical\" href=\"https:\/\/training.algonquincollege.com\/fr\/produit\/orcl-technologie-de-la-construction\/\" \/>\n<meta property=\"og:locale\" content=\"fr_FR\" \/>\n<meta property=\"og:type\" content=\"article\" \/>\n<meta property=\"og:title\" content=\"ORCL : Technologie de la construction - Professional Training - Algonquin College\" \/>\n<meta property=\"og:description\" content=\"Apprenez \u00e0 conna\u00eetre les \u00e9l\u00e9ments qui composent un logement r\u00e9sidentiel et comment ils interagissent en utilisant l&#039;approche de la maison en tant que syst\u00e8me (HAAS). L&#039;examen HCRA est inclus dans le cours.\" \/>\n<meta property=\"og:url\" content=\"https:\/\/training.algonquincollege.com\/fr\/produit\/orcl-technologie-de-la-construction\/\" \/>\n<meta property=\"og:site_name\" content=\"Professional Training - Algonquin College\" \/>\n<meta property=\"article:modified_time\" content=\"2026-04-13T19:59:02+00:00\" \/>\n<meta property=\"og:image\" content=\"https:\/\/training.algonquincollege.com\/wp-content\/uploads\/2024\/04\/Construction-Technology.jpg\" \/>\n\t<meta property=\"og:image:width\" content=\"1400\" \/>\n\t<meta property=\"og:image:height\" content=\"800\" \/>\n\t<meta property=\"og:image:type\" content=\"image\/jpeg\" \/>\n<meta name=\"twitter:card\" content=\"summary_large_image\" \/>\n<meta name=\"twitter:label1\" content=\"Dur\u00e9e de lecture estim\u00e9e\" \/>\n\t<meta name=\"twitter:data1\" content=\"2 minutes\" \/>\n<script type=\"application\/ld+json\" class=\"yoast-schema-graph\">{\"@context\":\"https:\\\/\\\/schema.org\",\"@graph\":[{\"@type\":\"WebPage\",\"@id\":\"https:\\\/\\\/training.algonquincollege.com\\\/fr\\\/produit\\\/orcl-technologie-de-la-construction\\\/\",\"url\":\"https:\\\/\\\/training.algonquincollege.com\\\/fr\\\/produit\\\/orcl-technologie-de-la-construction\\\/\",\"name\":\"ORCL : Technologie de la construction - Professional Training - Algonquin College\",\"isPartOf\":{\"@id\":\"https:\\\/\\\/training.algonquincollege.com\\\/#website\"},\"primaryImageOfPage\":{\"@id\":\"https:\\\/\\\/training.algonquincollege.com\\\/fr\\\/produit\\\/orcl-technologie-de-la-construction\\\/#primaryimage\"},\"image\":{\"@id\":\"https:\\\/\\\/training.algonquincollege.com\\\/fr\\\/produit\\\/orcl-technologie-de-la-construction\\\/#primaryimage\"},\"thumbnailUrl\":\"https:\\\/\\\/training.algonquincollege.com\\\/wp-content\\\/uploads\\\/2024\\\/04\\\/Construction-Technology.jpg\",\"datePublished\":\"2023-12-16T04:08:41+00:00\",\"dateModified\":\"2026-04-13T19:59:02+00:00\",\"breadcrumb\":{\"@id\":\"https:\\\/\\\/training.algonquincollege.com\\\/fr\\\/produit\\\/orcl-technologie-de-la-construction\\\/#breadcrumb\"},\"inLanguage\":\"fr-FR\",\"potentialAction\":[{\"@type\":\"ReadAction\",\"target\":[\"https:\\\/\\\/training.algonquincollege.com\\\/fr\\\/produit\\\/orcl-technologie-de-la-construction\\\/\"]}]},{\"@type\":\"ImageObject\",\"inLanguage\":\"fr-FR\",\"@id\":\"https:\\\/\\\/training.algonquincollege.com\\\/fr\\\/produit\\\/orcl-technologie-de-la-construction\\\/#primaryimage\",\"url\":\"https:\\\/\\\/training.algonquincollege.com\\\/wp-content\\\/uploads\\\/2024\\\/04\\\/Construction-Technology.jpg\",\"contentUrl\":\"https:\\\/\\\/training.algonquincollege.com\\\/wp-content\\\/uploads\\\/2024\\\/04\\\/Construction-Technology.jpg\",\"width\":1400,\"height\":800,\"caption\":\"Un homme portant des protections auditives et un casque de s\u00e9curit\u00e9, garantissant la s\u00e9curit\u00e9 dans un environnement bruyant et dangereux.\"},{\"@type\":\"BreadcrumbList\",\"@id\":\"https:\\\/\\\/training.algonquincollege.com\\\/fr\\\/produit\\\/orcl-technologie-de-la-construction\\\/#breadcrumb\",\"itemListElement\":[{\"@type\":\"ListItem\",\"position\":1,\"name\":\"Home\",\"item\":\"https:\\\/\\\/training.algonquincollege.com\\\/fr\\\/accueil\\\/\"},{\"@type\":\"ListItem\",\"position\":2,\"name\":\"Boutique\",\"item\":\"https:\\\/\\\/training.algonquincollege.com\\\/fr\\\/boutique\\\/\"},{\"@type\":\"ListItem\",\"position\":3,\"name\":\"ORCL : Technologie de la construction\"}]},{\"@type\":\"WebSite\",\"@id\":\"https:\\\/\\\/training.algonquincollege.com\\\/#website\",\"url\":\"https:\\\/\\\/training.algonquincollege.com\\\/\",\"name\":\"Professional Training - Algonquin College\",\"description\":\"\",\"publisher\":{\"@id\":\"https:\\\/\\\/training.algonquincollege.com\\\/#organization\"},\"potentialAction\":[{\"@type\":\"SearchAction\",\"target\":{\"@type\":\"EntryPoint\",\"urlTemplate\":\"https:\\\/\\\/training.algonquincollege.com\\\/?s={search_term_string}\"},\"query-input\":{\"@type\":\"PropertyValueSpecification\",\"valueRequired\":true,\"valueName\":\"search_term_string\"}}],\"inLanguage\":\"fr-FR\"},{\"@type\":\"Organization\",\"@id\":\"https:\\\/\\\/training.algonquincollege.com\\\/#organization\",\"name\":\"Professional Training - Algonquin College\",\"url\":\"https:\\\/\\\/training.algonquincollege.com\\\/\",\"logo\":{\"@type\":\"ImageObject\",\"inLanguage\":\"fr-FR\",\"@id\":\"https:\\\/\\\/training.algonquincollege.com\\\/#\\\/schema\\\/logo\\\/image\\\/\",\"url\":\"https:\\\/\\\/training.algonquincollege.com\\\/wp-content\\\/uploads\\\/2023\\\/10\\\/cropped-acct_logo.png\",\"contentUrl\":\"https:\\\/\\\/training.algonquincollege.com\\\/wp-content\\\/uploads\\\/2023\\\/10\\\/cropped-acct_logo.png\",\"width\":300,\"height\":44,\"caption\":\"Professional Training - Algonquin College\"},\"image\":{\"@id\":\"https:\\\/\\\/training.algonquincollege.com\\\/#\\\/schema\\\/logo\\\/image\\\/\"}}]}<\/script>\n<!-- \/ Yoast SEO plugin. -->","yoast_head_json":{"title":"ORCL : Technologie de la construction - Professional Training - Algonquin College","robots":{"index":"index","follow":"follow","max-snippet":"max-snippet:-1","max-image-preview":"max-image-preview:large","max-video-preview":"max-video-preview:-1"},"canonical":"https:\/\/training.algonquincollege.com\/fr\/produit\/orcl-technologie-de-la-construction\/","og_locale":"fr_FR","og_type":"article","og_title":"ORCL : Technologie de la construction - Professional Training - Algonquin College","og_description":"Apprenez \u00e0 conna\u00eetre les \u00e9l\u00e9ments qui composent un logement r\u00e9sidentiel et comment ils interagissent en utilisant l'approche de la maison en tant que syst\u00e8me (HAAS). L'examen HCRA est inclus dans le cours.","og_url":"https:\/\/training.algonquincollege.com\/fr\/produit\/orcl-technologie-de-la-construction\/","og_site_name":"Professional Training - Algonquin College","article_modified_time":"2026-04-13T19:59:02+00:00","og_image":[{"width":1400,"height":800,"url":"https:\/\/training.algonquincollege.com\/wp-content\/uploads\/2024\/04\/Construction-Technology.jpg","type":"image\/jpeg"}],"twitter_card":"summary_large_image","twitter_misc":{"Dur\u00e9e de lecture estim\u00e9e":"2 minutes"},"schema":{"@context":"https:\/\/schema.org","@graph":[{"@type":"WebPage","@id":"https:\/\/training.algonquincollege.com\/fr\/produit\/orcl-technologie-de-la-construction\/","url":"https:\/\/training.algonquincollege.com\/fr\/produit\/orcl-technologie-de-la-construction\/","name":"ORCL : Technologie de la construction - Professional Training - Algonquin College","isPartOf":{"@id":"https:\/\/training.algonquincollege.com\/#website"},"primaryImageOfPage":{"@id":"https:\/\/training.algonquincollege.com\/fr\/produit\/orcl-technologie-de-la-construction\/#primaryimage"},"image":{"@id":"https:\/\/training.algonquincollege.com\/fr\/produit\/orcl-technologie-de-la-construction\/#primaryimage"},"thumbnailUrl":"https:\/\/training.algonquincollege.com\/wp-content\/uploads\/2024\/04\/Construction-Technology.jpg","datePublished":"2023-12-16T04:08:41+00:00","dateModified":"2026-04-13T19:59:02+00:00","breadcrumb":{"@id":"https:\/\/training.algonquincollege.com\/fr\/produit\/orcl-technologie-de-la-construction\/#breadcrumb"},"inLanguage":"fr-FR","potentialAction":[{"@type":"ReadAction","target":["https:\/\/training.algonquincollege.com\/fr\/produit\/orcl-technologie-de-la-construction\/"]}]},{"@type":"ImageObject","inLanguage":"fr-FR","@id":"https:\/\/training.algonquincollege.com\/fr\/produit\/orcl-technologie-de-la-construction\/#primaryimage","url":"https:\/\/training.algonquincollege.com\/wp-content\/uploads\/2024\/04\/Construction-Technology.jpg","contentUrl":"https:\/\/training.algonquincollege.com\/wp-content\/uploads\/2024\/04\/Construction-Technology.jpg","width":1400,"height":800,"caption":"Un homme portant des protections auditives et un casque de s\u00e9curit\u00e9, garantissant la s\u00e9curit\u00e9 dans un environnement bruyant et dangereux."},{"@type":"BreadcrumbList","@id":"https:\/\/training.algonquincollege.com\/fr\/produit\/orcl-technologie-de-la-construction\/#breadcrumb","itemListElement":[{"@type":"ListItem","position":1,"name":"Home","item":"https:\/\/training.algonquincollege.com\/fr\/accueil\/"},{"@type":"ListItem","position":2,"name":"Boutique","item":"https:\/\/training.algonquincollege.com\/fr\/boutique\/"},{"@type":"ListItem","position":3,"name":"ORCL : Technologie de la construction"}]},{"@type":"WebSite","@id":"https:\/\/training.algonquincollege.com\/#website","url":"https:\/\/training.algonquincollege.com\/","name":"Professional Training - Algonquin College","description":"","publisher":{"@id":"https:\/\/training.algonquincollege.com\/#organization"},"potentialAction":[{"@type":"SearchAction","target":{"@type":"EntryPoint","urlTemplate":"https:\/\/training.algonquincollege.com\/?s={search_term_string}"},"query-input":{"@type":"PropertyValueSpecification","valueRequired":true,"valueName":"search_term_string"}}],"inLanguage":"fr-FR"},{"@type":"Organization","@id":"https:\/\/training.algonquincollege.com\/#organization","name":"Professional Training - Algonquin College","url":"https:\/\/training.algonquincollege.com\/","logo":{"@type":"ImageObject","inLanguage":"fr-FR","@id":"https:\/\/training.algonquincollege.com\/#\/schema\/logo\/image\/","url":"https:\/\/training.algonquincollege.com\/wp-content\/uploads\/2023\/10\/cropped-acct_logo.png","contentUrl":"https:\/\/training.algonquincollege.com\/wp-content\/uploads\/2023\/10\/cropped-acct_logo.png","width":300,"height":44,"caption":"Professional Training - Algonquin College"},"image":{"@id":"https:\/\/training.algonquincollege.com\/#\/schema\/logo\/image\/"}}]}},"_links":{"self":[{"href":"https:\/\/training.algonquincollege.com\/fr\/wp-json\/wp\/v2\/product\/181836","targetHints":{"allow":["GET"]}}],"collection":[{"href":"https:\/\/training.algonquincollege.com\/fr\/wp-json\/wp\/v2\/product"}],"about":[{"href":"https:\/\/training.algonquincollege.com\/fr\/wp-json\/wp\/v2\/types\/product"}],"wp:featuredmedia":[{"embeddable":true,"href":"https:\/\/training.algonquincollege.com\/fr\/wp-json\/wp\/v2\/media\/179021"}],"wp:attachment":[{"href":"https:\/\/training.algonquincollege.com\/fr\/wp-json\/wp\/v2\/media?parent=181836"}],"wp:term":[{"taxonomy":"product_brand","embeddable":true,"href":"https:\/\/training.algonquincollege.com\/fr\/wp-json\/wp\/v2\/product_brand?post=181836"},{"taxonomy":"product_cat","embeddable":true,"href":"https:\/\/training.algonquincollege.com\/fr\/wp-json\/wp\/v2\/product_cat?post=181836"},{"taxonomy":"product_tag","embeddable":true,"href":"https:\/\/training.algonquincollege.com\/fr\/wp-json\/wp\/v2\/product_tag?post=181836"}],"curies":[{"name":"wp","href":"https:\/\/api.w.org\/{rel}","templated":true}]}}