{"id":181804,"date":"2023-12-15T23:08:42","date_gmt":"2023-12-16T04:08:42","guid":{"rendered":"https:\/\/corporate.algonquincollege.com\/product\/orcl-planification-et-gestion-financiere\/"},"modified":"2026-04-13T15:53:56","modified_gmt":"2026-04-13T19:53:56","slug":"orcl-planification-et-gestion-financiere","status":"publish","type":"product","link":"https:\/\/training.algonquincollege.com\/fr\/produit\/orcl-planification-et-gestion-financiere\/","title":{"rendered":"ORCL : Planification et gestion financi\u00e8re"},"content":{"rendered":"<p>Cours approuv\u00e9 par l\u2019ORCL pour les constructeurs et les vendeurs d\u2019habitations.<\/p>\n<p>Ce cours complet, dispens\u00e9 par un instructeur, est con\u00e7u pour fournir aux chefs de l\u2019exploitation les comp\u00e9tences n\u00e9cessaires pour planifier, contr\u00f4ler et prendre des d\u00e9cisions sur tous les \u00e9l\u00e9ments financiers d&rsquo;une entreprise de construction r\u00e9sidentielle. Depuis les exigences initiales de la planification, de la budg\u00e9tisation et de la recherche de fonds, jusqu&rsquo;au contr\u00f4le des co\u00fbts, \u00e0 la gestion de la tr\u00e9sorerie et \u00e0 la supervision financi\u00e8re, en passant par le travail avec les banques, les comptables et les rapports financiers formels. Le cours met l&rsquo;accent sur la compr\u00e9hension du contr\u00f4le financier plut\u00f4t que sur les rouages de la comptabilit\u00e9. L&rsquo;objectif est de permettre aux dipl\u00f4m\u00e9s d&rsquo;utiliser les informations financi\u00e8res pour \u00e9valuer leur situation actuelle, g\u00e9rer les \u00e9v\u00e9nements en cours et faire des plans solides pour l&rsquo;avenir.   <\/p>\n<h3>Les cours portent sur les sujets suivants<\/h3>\n<ul>\n<li>Comment l&rsquo;argent circule-t-il dans votre entreprise et comment suivre ce flux ?<\/li>\n<li>la responsabilisation, de sorte que vous n&rsquo;ayez pas \u00e0 contr\u00f4ler personnellement chaque transaction<\/li>\n<li>Interpr\u00e9tation de vos \u00e9tats financiers<\/li>\n<li>Ce qu&rsquo;ils vous disent sur la situation actuelle de votre entreprise et sur ses perspectives d&rsquo;avenir<\/li>\n<li>\u00c9l\u00e9ments de l&rsquo;entreprise susceptibles de s&rsquo;\u00e9carter des objectifs ou des attentes<\/li>\n<li>L&rsquo;impact ou la valeur des changements dans les ventes, les investissements, la structure des co\u00fbts<\/li>\n<li>Comment s&rsquo;adapter \u00e0 ces changements<\/li>\n<li>Quels seront les besoins de financement et comment garantir l&rsquo;acc\u00e8s \u00e0 ce financement<\/li>\n<li>L&rsquo;avantage financier que vous et les autres propri\u00e9taires pouvez tirer de vos efforts et de votre investissement<\/li>\n<\/ul>\n<h3>L&rsquo;examen :<\/h3>\n<p class=\"p1\">Si vous faites une demande de licence HCRA, vous devez r\u00e9ussir l&rsquo;examen pour que votre demande soit accept\u00e9e. Cet examen \u00e0 livre ferm\u00e9 est un questionnaire \u00e0 choix multiples, vrai\/faux et \u00e0 r\u00e9ponses multiples. L&rsquo;examen est disponible 24 heures sur 24, 7 jours sur 7, sans rendez-vous, et vous aurez 60 jours pour le passer. Vous aurez trois (3) tentatives pour r\u00e9ussir l&rsquo;examen.    Si vous \u00e9chouez apr\u00e8s trois tentatives, vous devez reprendre le cours. La note minimale requise est de 70 %.<\/p>\n<p>Si vous avez une exp\u00e9rience significative dans le secteur de la construction ou une expertise dans ce domaine et que vous souhaitez uniquement passer l&rsquo;examen, le co\u00fbt est de et <a href=\"https:\/\/corporate.algonquincollege.com\/product\/hcra-competency-exam-financial-planning-and-management\/\">vous pouvez vous inscrire ici<\/a>.<\/p>\n","protected":false},"excerpt":{"rendered":"<p>Ce cours complet est con\u00e7u pour fournir aux directeurs d&rsquo;exploitation les comp\u00e9tences n\u00e9cessaires pour planifier, contr\u00f4ler et prendre des d\u00e9cisions sur tous les \u00e9l\u00e9ments financiers d&rsquo;une entreprise de construction r\u00e9sidentielle. L&rsquo;examen ORCL est inclus. <\/p>\n","protected":false},"featured_media":179024,"template":"","meta":{"_acf_changed":false},"product_brand":[],"product_cat":[89,80],"product_tag":[],"class_list":{"0":"post-181804","1":"product","2":"type-product","3":"status-publish","4":"has-post-thumbnail","6":"product_cat-construction-fr","7":"product_cat-non-classifiee","8":"course_group-construction-fr","9":"course_group-home-construction-regulatory-authority-courses-exams-fr","11":"first","12":"outofstock","13":"shipping-taxable","14":"purchasable","15":"product-type-variable"},"acf":[],"yoast_head":"<!-- This site is optimized with the Yoast SEO plugin v27.5 - https:\/\/yoast.com\/product\/yoast-seo-wordpress\/ -->\n<title>ORCL : Planification et gestion financi\u00e8re - Professional Training - Algonquin College<\/title>\n<meta name=\"robots\" content=\"index, follow, max-snippet:-1, max-image-preview:large, max-video-preview:-1\" \/>\n<link rel=\"canonical\" href=\"https:\/\/training.algonquincollege.com\/fr\/produit\/orcl-planification-et-gestion-financiere\/\" \/>\n<meta property=\"og:locale\" content=\"fr_FR\" \/>\n<meta property=\"og:type\" content=\"article\" \/>\n<meta property=\"og:title\" content=\"ORCL : Planification et gestion financi\u00e8re - Professional Training - Algonquin College\" \/>\n<meta property=\"og:description\" content=\"Ce cours complet est con\u00e7u pour fournir aux directeurs d&#039;exploitation les comp\u00e9tences n\u00e9cessaires pour planifier, contr\u00f4ler et prendre des d\u00e9cisions sur tous les \u00e9l\u00e9ments financiers d&#039;une entreprise de construction r\u00e9sidentielle. L&#039;examen ORCL est inclus.\" \/>\n<meta property=\"og:url\" content=\"https:\/\/training.algonquincollege.com\/fr\/produit\/orcl-planification-et-gestion-financiere\/\" \/>\n<meta property=\"og:site_name\" content=\"Professional Training - Algonquin College\" \/>\n<meta property=\"article:modified_time\" content=\"2026-04-13T19:53:56+00:00\" \/>\n<meta property=\"og:image\" content=\"https:\/\/training.algonquincollege.com\/wp-content\/uploads\/2024\/04\/Financial-Planning-Management.jpg\" \/>\n\t<meta property=\"og:image:width\" content=\"1400\" \/>\n\t<meta property=\"og:image:height\" content=\"800\" \/>\n\t<meta property=\"og:image:type\" content=\"image\/jpeg\" \/>\n<meta name=\"twitter:card\" content=\"summary_large_image\" \/>\n<meta name=\"twitter:label1\" content=\"Dur\u00e9e de lecture estim\u00e9e\" \/>\n\t<meta name=\"twitter:data1\" content=\"2 minutes\" \/>\n<script type=\"application\/ld+json\" class=\"yoast-schema-graph\">{\"@context\":\"https:\\\/\\\/schema.org\",\"@graph\":[{\"@type\":\"WebPage\",\"@id\":\"https:\\\/\\\/training.algonquincollege.com\\\/fr\\\/produit\\\/orcl-planification-et-gestion-financiere\\\/\",\"url\":\"https:\\\/\\\/training.algonquincollege.com\\\/fr\\\/produit\\\/orcl-planification-et-gestion-financiere\\\/\",\"name\":\"ORCL : Planification et gestion financi\u00e8re - Professional Training - Algonquin College\",\"isPartOf\":{\"@id\":\"https:\\\/\\\/training.algonquincollege.com\\\/#website\"},\"primaryImageOfPage\":{\"@id\":\"https:\\\/\\\/training.algonquincollege.com\\\/fr\\\/produit\\\/orcl-planification-et-gestion-financiere\\\/#primaryimage\"},\"image\":{\"@id\":\"https:\\\/\\\/training.algonquincollege.com\\\/fr\\\/produit\\\/orcl-planification-et-gestion-financiere\\\/#primaryimage\"},\"thumbnailUrl\":\"https:\\\/\\\/training.algonquincollege.com\\\/wp-content\\\/uploads\\\/2024\\\/04\\\/Financial-Planning-Management.jpg\",\"datePublished\":\"2023-12-16T04:08:42+00:00\",\"dateModified\":\"2026-04-13T19:53:56+00:00\",\"breadcrumb\":{\"@id\":\"https:\\\/\\\/training.algonquincollege.com\\\/fr\\\/produit\\\/orcl-planification-et-gestion-financiere\\\/#breadcrumb\"},\"inLanguage\":\"fr-FR\",\"potentialAction\":[{\"@type\":\"ReadAction\",\"target\":[\"https:\\\/\\\/training.algonquincollege.com\\\/fr\\\/produit\\\/orcl-planification-et-gestion-financiere\\\/\"]}]},{\"@type\":\"ImageObject\",\"inLanguage\":\"fr-FR\",\"@id\":\"https:\\\/\\\/training.algonquincollege.com\\\/fr\\\/produit\\\/orcl-planification-et-gestion-financiere\\\/#primaryimage\",\"url\":\"https:\\\/\\\/training.algonquincollege.com\\\/wp-content\\\/uploads\\\/2024\\\/04\\\/Financial-Planning-Management.jpg\",\"contentUrl\":\"https:\\\/\\\/training.algonquincollege.com\\\/wp-content\\\/uploads\\\/2024\\\/04\\\/Financial-Planning-Management.jpg\",\"width\":1400,\"height\":800,\"caption\":\"Un homme portant un casque et un gilet de s\u00e9curit\u00e9, tenant une tablette et regardant son t\u00e9l\u00e9phone.\"},{\"@type\":\"BreadcrumbList\",\"@id\":\"https:\\\/\\\/training.algonquincollege.com\\\/fr\\\/produit\\\/orcl-planification-et-gestion-financiere\\\/#breadcrumb\",\"itemListElement\":[{\"@type\":\"ListItem\",\"position\":1,\"name\":\"Home\",\"item\":\"https:\\\/\\\/training.algonquincollege.com\\\/fr\\\/accueil\\\/\"},{\"@type\":\"ListItem\",\"position\":2,\"name\":\"Boutique\",\"item\":\"https:\\\/\\\/training.algonquincollege.com\\\/fr\\\/boutique\\\/\"},{\"@type\":\"ListItem\",\"position\":3,\"name\":\"ORCL : Planification et gestion financi\u00e8re\"}]},{\"@type\":\"WebSite\",\"@id\":\"https:\\\/\\\/training.algonquincollege.com\\\/#website\",\"url\":\"https:\\\/\\\/training.algonquincollege.com\\\/\",\"name\":\"Professional Training - Algonquin College\",\"description\":\"\",\"publisher\":{\"@id\":\"https:\\\/\\\/training.algonquincollege.com\\\/#organization\"},\"potentialAction\":[{\"@type\":\"SearchAction\",\"target\":{\"@type\":\"EntryPoint\",\"urlTemplate\":\"https:\\\/\\\/training.algonquincollege.com\\\/?s={search_term_string}\"},\"query-input\":{\"@type\":\"PropertyValueSpecification\",\"valueRequired\":true,\"valueName\":\"search_term_string\"}}],\"inLanguage\":\"fr-FR\"},{\"@type\":\"Organization\",\"@id\":\"https:\\\/\\\/training.algonquincollege.com\\\/#organization\",\"name\":\"Professional Training - Algonquin College\",\"url\":\"https:\\\/\\\/training.algonquincollege.com\\\/\",\"logo\":{\"@type\":\"ImageObject\",\"inLanguage\":\"fr-FR\",\"@id\":\"https:\\\/\\\/training.algonquincollege.com\\\/#\\\/schema\\\/logo\\\/image\\\/\",\"url\":\"https:\\\/\\\/training.algonquincollege.com\\\/wp-content\\\/uploads\\\/2023\\\/10\\\/cropped-acct_logo.png\",\"contentUrl\":\"https:\\\/\\\/training.algonquincollege.com\\\/wp-content\\\/uploads\\\/2023\\\/10\\\/cropped-acct_logo.png\",\"width\":300,\"height\":44,\"caption\":\"Professional Training - Algonquin College\"},\"image\":{\"@id\":\"https:\\\/\\\/training.algonquincollege.com\\\/#\\\/schema\\\/logo\\\/image\\\/\"}}]}<\/script>\n<!-- \/ Yoast SEO plugin. -->","yoast_head_json":{"title":"ORCL : Planification et gestion financi\u00e8re - Professional Training - Algonquin College","robots":{"index":"index","follow":"follow","max-snippet":"max-snippet:-1","max-image-preview":"max-image-preview:large","max-video-preview":"max-video-preview:-1"},"canonical":"https:\/\/training.algonquincollege.com\/fr\/produit\/orcl-planification-et-gestion-financiere\/","og_locale":"fr_FR","og_type":"article","og_title":"ORCL : Planification et gestion financi\u00e8re - Professional Training - Algonquin College","og_description":"Ce cours complet est con\u00e7u pour fournir aux directeurs d'exploitation les comp\u00e9tences n\u00e9cessaires pour planifier, contr\u00f4ler et prendre des d\u00e9cisions sur tous les \u00e9l\u00e9ments financiers d'une entreprise de construction r\u00e9sidentielle. L'examen ORCL est inclus.","og_url":"https:\/\/training.algonquincollege.com\/fr\/produit\/orcl-planification-et-gestion-financiere\/","og_site_name":"Professional Training - Algonquin College","article_modified_time":"2026-04-13T19:53:56+00:00","og_image":[{"width":1400,"height":800,"url":"https:\/\/training.algonquincollege.com\/wp-content\/uploads\/2024\/04\/Financial-Planning-Management.jpg","type":"image\/jpeg"}],"twitter_card":"summary_large_image","twitter_misc":{"Dur\u00e9e de lecture estim\u00e9e":"2 minutes"},"schema":{"@context":"https:\/\/schema.org","@graph":[{"@type":"WebPage","@id":"https:\/\/training.algonquincollege.com\/fr\/produit\/orcl-planification-et-gestion-financiere\/","url":"https:\/\/training.algonquincollege.com\/fr\/produit\/orcl-planification-et-gestion-financiere\/","name":"ORCL : Planification et gestion financi\u00e8re - Professional Training - Algonquin College","isPartOf":{"@id":"https:\/\/training.algonquincollege.com\/#website"},"primaryImageOfPage":{"@id":"https:\/\/training.algonquincollege.com\/fr\/produit\/orcl-planification-et-gestion-financiere\/#primaryimage"},"image":{"@id":"https:\/\/training.algonquincollege.com\/fr\/produit\/orcl-planification-et-gestion-financiere\/#primaryimage"},"thumbnailUrl":"https:\/\/training.algonquincollege.com\/wp-content\/uploads\/2024\/04\/Financial-Planning-Management.jpg","datePublished":"2023-12-16T04:08:42+00:00","dateModified":"2026-04-13T19:53:56+00:00","breadcrumb":{"@id":"https:\/\/training.algonquincollege.com\/fr\/produit\/orcl-planification-et-gestion-financiere\/#breadcrumb"},"inLanguage":"fr-FR","potentialAction":[{"@type":"ReadAction","target":["https:\/\/training.algonquincollege.com\/fr\/produit\/orcl-planification-et-gestion-financiere\/"]}]},{"@type":"ImageObject","inLanguage":"fr-FR","@id":"https:\/\/training.algonquincollege.com\/fr\/produit\/orcl-planification-et-gestion-financiere\/#primaryimage","url":"https:\/\/training.algonquincollege.com\/wp-content\/uploads\/2024\/04\/Financial-Planning-Management.jpg","contentUrl":"https:\/\/training.algonquincollege.com\/wp-content\/uploads\/2024\/04\/Financial-Planning-Management.jpg","width":1400,"height":800,"caption":"Un homme portant un casque et un gilet de s\u00e9curit\u00e9, tenant une tablette et regardant son t\u00e9l\u00e9phone."},{"@type":"BreadcrumbList","@id":"https:\/\/training.algonquincollege.com\/fr\/produit\/orcl-planification-et-gestion-financiere\/#breadcrumb","itemListElement":[{"@type":"ListItem","position":1,"name":"Home","item":"https:\/\/training.algonquincollege.com\/fr\/accueil\/"},{"@type":"ListItem","position":2,"name":"Boutique","item":"https:\/\/training.algonquincollege.com\/fr\/boutique\/"},{"@type":"ListItem","position":3,"name":"ORCL : Planification et gestion financi\u00e8re"}]},{"@type":"WebSite","@id":"https:\/\/training.algonquincollege.com\/#website","url":"https:\/\/training.algonquincollege.com\/","name":"Professional Training - Algonquin College","description":"","publisher":{"@id":"https:\/\/training.algonquincollege.com\/#organization"},"potentialAction":[{"@type":"SearchAction","target":{"@type":"EntryPoint","urlTemplate":"https:\/\/training.algonquincollege.com\/?s={search_term_string}"},"query-input":{"@type":"PropertyValueSpecification","valueRequired":true,"valueName":"search_term_string"}}],"inLanguage":"fr-FR"},{"@type":"Organization","@id":"https:\/\/training.algonquincollege.com\/#organization","name":"Professional Training - Algonquin College","url":"https:\/\/training.algonquincollege.com\/","logo":{"@type":"ImageObject","inLanguage":"fr-FR","@id":"https:\/\/training.algonquincollege.com\/#\/schema\/logo\/image\/","url":"https:\/\/training.algonquincollege.com\/wp-content\/uploads\/2023\/10\/cropped-acct_logo.png","contentUrl":"https:\/\/training.algonquincollege.com\/wp-content\/uploads\/2023\/10\/cropped-acct_logo.png","width":300,"height":44,"caption":"Professional Training - Algonquin College"},"image":{"@id":"https:\/\/training.algonquincollege.com\/#\/schema\/logo\/image\/"}}]}},"_links":{"self":[{"href":"https:\/\/training.algonquincollege.com\/fr\/wp-json\/wp\/v2\/product\/181804","targetHints":{"allow":["GET"]}}],"collection":[{"href":"https:\/\/training.algonquincollege.com\/fr\/wp-json\/wp\/v2\/product"}],"about":[{"href":"https:\/\/training.algonquincollege.com\/fr\/wp-json\/wp\/v2\/types\/product"}],"wp:featuredmedia":[{"embeddable":true,"href":"https:\/\/training.algonquincollege.com\/fr\/wp-json\/wp\/v2\/media\/179024"}],"wp:attachment":[{"href":"https:\/\/training.algonquincollege.com\/fr\/wp-json\/wp\/v2\/media?parent=181804"}],"wp:term":[{"taxonomy":"product_brand","embeddable":true,"href":"https:\/\/training.algonquincollege.com\/fr\/wp-json\/wp\/v2\/product_brand?post=181804"},{"taxonomy":"product_cat","embeddable":true,"href":"https:\/\/training.algonquincollege.com\/fr\/wp-json\/wp\/v2\/product_cat?post=181804"},{"taxonomy":"product_tag","embeddable":true,"href":"https:\/\/training.algonquincollege.com\/fr\/wp-json\/wp\/v2\/product_tag?post=181804"}],"curies":[{"name":"wp","href":"https:\/\/api.w.org\/{rel}","templated":true}]}}