{"id":181796,"date":"2023-12-15T23:08:42","date_gmt":"2023-12-16T04:08:42","guid":{"rendered":"https:\/\/corporate.algonquincollege.com\/product\/orcl-planification-et-gestion-des-activites\/"},"modified":"2026-04-13T15:57:59","modified_gmt":"2026-04-13T19:57:59","slug":"orcl-planification-et-gestion-des-activites","status":"publish","type":"product","link":"https:\/\/training.algonquincollege.com\/fr\/produit\/orcl-planification-et-gestion-des-activites\/","title":{"rendered":"ORCL : Planification et gestion des activit\u00e9s"},"content":{"rendered":"<p>Cours approuv\u00e9 par l&rsquo;ORCL pour les constructeurs et les vendeurs d\u2019habitations.<\/p>\n<p>Ce cours donne une vue d&rsquo;ensemble des besoins en mati\u00e8re de planification et de gestion g\u00e9n\u00e9rale d&rsquo;une entreprise de construction r\u00e9sidentielle. Il rassemble les disciplines de l&rsquo;organisation, de la commercialisation des produits et des finances dans un cadre coordonn\u00e9 pour g\u00e9rer une entreprise de construction de la mani\u00e8re la plus professionnelle qui soit. L&rsquo;accent est mis sur l&rsquo;explication des principes fondamentaux de l&rsquo;entreprise et sur la mani\u00e8re dont ils sont li\u00e9s \u00e0 un fonctionnement harmonieux. L&rsquo;objectif est de lib\u00e9rer les propri\u00e9taires d&rsquo;entreprise des d\u00e9tails administratifs en leur fournissant les outils et la compr\u00e9hension n\u00e9cessaires \u00e0 la mise en place d&rsquo;une organisation capable de faire avancer les choses et de les soutenir dans leur r\u00f4le plus critique de d\u00e9veloppement de l&rsquo;entreprise.   <\/p>\n<h3>Les cours portent sur les sujets suivants<\/h3>\n<ul>\n<li>Vos raisons d&rsquo;entreprendre, vos objectifs et votre r\u00f4le<\/li>\n<li>Comment \u00e9laborer des plans d&rsquo;affaires et de produits<\/li>\n<li>Comment \u00e9laborer un plan d&rsquo;organisation<\/li>\n<li>\u00c9l\u00e9ments financiers d&rsquo;un plan d&rsquo;entreprise<\/li>\n<li>La gestion quotidienne d&rsquo;une entreprise prosp\u00e8re<\/li>\n<\/ul>\n<h3>L&rsquo;examen :<\/h3>\n<p>Si vous faites une demande de licence HCRA, vous devez r\u00e9ussir l&rsquo;examen pour que votre demande soit prise en compte. Cet examen \u00e0 livre ferm\u00e9 se pr\u00e9sente sous forme de questions \u00e0 choix multiples, de questions vrai\/faux et de questions \u00e0 r\u00e9ponses multiples. L&rsquo;examen est accessible 24 heures sur 24, 7 jours sur 7 ; aucun rendez-vous n&rsquo;est n\u00e9cessaire et vous disposez d&rsquo;un d\u00e9lai de 60 jours pour le passer. Vous disposerez de trois (3) tentatives pour r\u00e9ussir l&rsquo;examen.   Vous disposerez de trois (3) tentatives pour r\u00e9ussir l&rsquo;examen. <span class=\"TextRun SCXW70173044 BCX0\" lang=\"EN-US\" data-contrast=\"auto\" xml:lang=\"EN-US\"><span class=\"NormalTextRun SCXW70173044 BCX0\">Si vous \u00e9chouez apr\u00e8s trois tentatives, vous devez reprendre le cours. <\/span><\/span>La note minimale requise est de 70 %.<\/p>\n<p>Si vous avez une exp\u00e9rience significative dans le secteur de la construction ou une expertise dans ce domaine et que vous souhaitez uniquement passer l&rsquo;examen, le co\u00fbt est de 125 $ et <a href=\"https:\/\/corporate.algonquincollege.com\/product\/hcra-competency-exam-business-planning-and-management\/\">vous pouvez vous inscrire ici<\/a>.<\/p>\n","protected":false},"excerpt":{"rendered":"<p>Ce cours donne un aper\u00e7u des besoins en mati\u00e8re de planification et de gestion g\u00e9n\u00e9rale d&rsquo;une entreprise de construction r\u00e9sidentielle et comprend l&rsquo;examen HCRA requis pour les constructeurs ou les vendeurs de l&rsquo;Ontario.<\/p>\n","protected":false},"featured_media":179020,"template":"","meta":{"_acf_changed":false},"product_brand":[],"product_cat":[89,80],"product_tag":[],"class_list":{"0":"post-181796","1":"product","2":"type-product","3":"status-publish","4":"has-post-thumbnail","6":"product_cat-construction-fr","7":"product_cat-non-classifiee","8":"course_group-construction-fr","9":"course_group-home-construction-regulatory-authority-courses-exams-fr","11":"first","12":"outofstock","13":"shipping-taxable","14":"purchasable","15":"product-type-variable"},"acf":[],"yoast_head":"<!-- This site is optimized with the Yoast SEO plugin v27.5 - https:\/\/yoast.com\/product\/yoast-seo-wordpress\/ -->\n<title>ORCL : Planification et gestion des activit\u00e9s - Professional Training - Algonquin College<\/title>\n<meta name=\"robots\" content=\"index, follow, max-snippet:-1, max-image-preview:large, max-video-preview:-1\" \/>\n<link rel=\"canonical\" href=\"https:\/\/training.algonquincollege.com\/fr\/produit\/orcl-planification-et-gestion-des-activites\/\" \/>\n<meta property=\"og:locale\" content=\"fr_FR\" \/>\n<meta property=\"og:type\" content=\"article\" \/>\n<meta property=\"og:title\" content=\"ORCL : Planification et gestion des activit\u00e9s - Professional Training - Algonquin College\" \/>\n<meta property=\"og:description\" content=\"Ce cours donne un aper\u00e7u des besoins en mati\u00e8re de planification et de gestion g\u00e9n\u00e9rale d&#039;une entreprise de construction r\u00e9sidentielle et comprend l&#039;examen HCRA requis pour les constructeurs ou les vendeurs de l&#039;Ontario.\" \/>\n<meta property=\"og:url\" content=\"https:\/\/training.algonquincollege.com\/fr\/produit\/orcl-planification-et-gestion-des-activites\/\" \/>\n<meta property=\"og:site_name\" content=\"Professional Training - Algonquin College\" \/>\n<meta property=\"article:modified_time\" content=\"2026-04-13T19:57:59+00:00\" \/>\n<meta property=\"og:image\" content=\"https:\/\/training.algonquincollege.com\/wp-content\/uploads\/2024\/04\/Business-Planning-and-Management.jpg\" \/>\n\t<meta property=\"og:image:width\" content=\"1400\" \/>\n\t<meta property=\"og:image:height\" content=\"800\" \/>\n\t<meta property=\"og:image:type\" content=\"image\/jpeg\" \/>\n<meta name=\"twitter:card\" content=\"summary_large_image\" \/>\n<meta name=\"twitter:label1\" content=\"Dur\u00e9e de lecture estim\u00e9e\" \/>\n\t<meta name=\"twitter:data1\" content=\"2 minutes\" \/>\n<script type=\"application\/ld+json\" class=\"yoast-schema-graph\">{\"@context\":\"https:\\\/\\\/schema.org\",\"@graph\":[{\"@type\":\"WebPage\",\"@id\":\"https:\\\/\\\/training.algonquincollege.com\\\/fr\\\/produit\\\/orcl-planification-et-gestion-des-activites\\\/\",\"url\":\"https:\\\/\\\/training.algonquincollege.com\\\/fr\\\/produit\\\/orcl-planification-et-gestion-des-activites\\\/\",\"name\":\"ORCL : Planification et gestion des activit\u00e9s - Professional Training - Algonquin College\",\"isPartOf\":{\"@id\":\"https:\\\/\\\/training.algonquincollege.com\\\/#website\"},\"primaryImageOfPage\":{\"@id\":\"https:\\\/\\\/training.algonquincollege.com\\\/fr\\\/produit\\\/orcl-planification-et-gestion-des-activites\\\/#primaryimage\"},\"image\":{\"@id\":\"https:\\\/\\\/training.algonquincollege.com\\\/fr\\\/produit\\\/orcl-planification-et-gestion-des-activites\\\/#primaryimage\"},\"thumbnailUrl\":\"https:\\\/\\\/training.algonquincollege.com\\\/wp-content\\\/uploads\\\/2024\\\/04\\\/Business-Planning-and-Management.jpg\",\"datePublished\":\"2023-12-16T04:08:42+00:00\",\"dateModified\":\"2026-04-13T19:57:59+00:00\",\"breadcrumb\":{\"@id\":\"https:\\\/\\\/training.algonquincollege.com\\\/fr\\\/produit\\\/orcl-planification-et-gestion-des-activites\\\/#breadcrumb\"},\"inLanguage\":\"fr-FR\",\"potentialAction\":[{\"@type\":\"ReadAction\",\"target\":[\"https:\\\/\\\/training.algonquincollege.com\\\/fr\\\/produit\\\/orcl-planification-et-gestion-des-activites\\\/\"]}]},{\"@type\":\"ImageObject\",\"inLanguage\":\"fr-FR\",\"@id\":\"https:\\\/\\\/training.algonquincollege.com\\\/fr\\\/produit\\\/orcl-planification-et-gestion-des-activites\\\/#primaryimage\",\"url\":\"https:\\\/\\\/training.algonquincollege.com\\\/wp-content\\\/uploads\\\/2024\\\/04\\\/Business-Planning-and-Management.jpg\",\"contentUrl\":\"https:\\\/\\\/training.algonquincollege.com\\\/wp-content\\\/uploads\\\/2024\\\/04\\\/Business-Planning-and-Management.jpg\",\"width\":1400,\"height\":800,\"caption\":\"Une personne travaillant avec application sur un ordinateur portable, examinant des plans de construction.\"},{\"@type\":\"BreadcrumbList\",\"@id\":\"https:\\\/\\\/training.algonquincollege.com\\\/fr\\\/produit\\\/orcl-planification-et-gestion-des-activites\\\/#breadcrumb\",\"itemListElement\":[{\"@type\":\"ListItem\",\"position\":1,\"name\":\"Home\",\"item\":\"https:\\\/\\\/training.algonquincollege.com\\\/fr\\\/accueil\\\/\"},{\"@type\":\"ListItem\",\"position\":2,\"name\":\"Boutique\",\"item\":\"https:\\\/\\\/training.algonquincollege.com\\\/fr\\\/boutique\\\/\"},{\"@type\":\"ListItem\",\"position\":3,\"name\":\"ORCL : Planification et gestion des activit\u00e9s\"}]},{\"@type\":\"WebSite\",\"@id\":\"https:\\\/\\\/training.algonquincollege.com\\\/#website\",\"url\":\"https:\\\/\\\/training.algonquincollege.com\\\/\",\"name\":\"Professional Training - Algonquin College\",\"description\":\"\",\"publisher\":{\"@id\":\"https:\\\/\\\/training.algonquincollege.com\\\/#organization\"},\"potentialAction\":[{\"@type\":\"SearchAction\",\"target\":{\"@type\":\"EntryPoint\",\"urlTemplate\":\"https:\\\/\\\/training.algonquincollege.com\\\/?s={search_term_string}\"},\"query-input\":{\"@type\":\"PropertyValueSpecification\",\"valueRequired\":true,\"valueName\":\"search_term_string\"}}],\"inLanguage\":\"fr-FR\"},{\"@type\":\"Organization\",\"@id\":\"https:\\\/\\\/training.algonquincollege.com\\\/#organization\",\"name\":\"Professional Training - Algonquin College\",\"url\":\"https:\\\/\\\/training.algonquincollege.com\\\/\",\"logo\":{\"@type\":\"ImageObject\",\"inLanguage\":\"fr-FR\",\"@id\":\"https:\\\/\\\/training.algonquincollege.com\\\/#\\\/schema\\\/logo\\\/image\\\/\",\"url\":\"https:\\\/\\\/training.algonquincollege.com\\\/wp-content\\\/uploads\\\/2023\\\/10\\\/cropped-acct_logo.png\",\"contentUrl\":\"https:\\\/\\\/training.algonquincollege.com\\\/wp-content\\\/uploads\\\/2023\\\/10\\\/cropped-acct_logo.png\",\"width\":300,\"height\":44,\"caption\":\"Professional Training - Algonquin College\"},\"image\":{\"@id\":\"https:\\\/\\\/training.algonquincollege.com\\\/#\\\/schema\\\/logo\\\/image\\\/\"}}]}<\/script>\n<!-- \/ Yoast SEO plugin. -->","yoast_head_json":{"title":"ORCL : Planification et gestion des activit\u00e9s - Professional Training - Algonquin College","robots":{"index":"index","follow":"follow","max-snippet":"max-snippet:-1","max-image-preview":"max-image-preview:large","max-video-preview":"max-video-preview:-1"},"canonical":"https:\/\/training.algonquincollege.com\/fr\/produit\/orcl-planification-et-gestion-des-activites\/","og_locale":"fr_FR","og_type":"article","og_title":"ORCL : Planification et gestion des activit\u00e9s - Professional Training - Algonquin College","og_description":"Ce cours donne un aper\u00e7u des besoins en mati\u00e8re de planification et de gestion g\u00e9n\u00e9rale d'une entreprise de construction r\u00e9sidentielle et comprend l'examen HCRA requis pour les constructeurs ou les vendeurs de l'Ontario.","og_url":"https:\/\/training.algonquincollege.com\/fr\/produit\/orcl-planification-et-gestion-des-activites\/","og_site_name":"Professional Training - Algonquin College","article_modified_time":"2026-04-13T19:57:59+00:00","og_image":[{"width":1400,"height":800,"url":"https:\/\/training.algonquincollege.com\/wp-content\/uploads\/2024\/04\/Business-Planning-and-Management.jpg","type":"image\/jpeg"}],"twitter_card":"summary_large_image","twitter_misc":{"Dur\u00e9e de lecture estim\u00e9e":"2 minutes"},"schema":{"@context":"https:\/\/schema.org","@graph":[{"@type":"WebPage","@id":"https:\/\/training.algonquincollege.com\/fr\/produit\/orcl-planification-et-gestion-des-activites\/","url":"https:\/\/training.algonquincollege.com\/fr\/produit\/orcl-planification-et-gestion-des-activites\/","name":"ORCL : Planification et gestion des activit\u00e9s - Professional Training - Algonquin College","isPartOf":{"@id":"https:\/\/training.algonquincollege.com\/#website"},"primaryImageOfPage":{"@id":"https:\/\/training.algonquincollege.com\/fr\/produit\/orcl-planification-et-gestion-des-activites\/#primaryimage"},"image":{"@id":"https:\/\/training.algonquincollege.com\/fr\/produit\/orcl-planification-et-gestion-des-activites\/#primaryimage"},"thumbnailUrl":"https:\/\/training.algonquincollege.com\/wp-content\/uploads\/2024\/04\/Business-Planning-and-Management.jpg","datePublished":"2023-12-16T04:08:42+00:00","dateModified":"2026-04-13T19:57:59+00:00","breadcrumb":{"@id":"https:\/\/training.algonquincollege.com\/fr\/produit\/orcl-planification-et-gestion-des-activites\/#breadcrumb"},"inLanguage":"fr-FR","potentialAction":[{"@type":"ReadAction","target":["https:\/\/training.algonquincollege.com\/fr\/produit\/orcl-planification-et-gestion-des-activites\/"]}]},{"@type":"ImageObject","inLanguage":"fr-FR","@id":"https:\/\/training.algonquincollege.com\/fr\/produit\/orcl-planification-et-gestion-des-activites\/#primaryimage","url":"https:\/\/training.algonquincollege.com\/wp-content\/uploads\/2024\/04\/Business-Planning-and-Management.jpg","contentUrl":"https:\/\/training.algonquincollege.com\/wp-content\/uploads\/2024\/04\/Business-Planning-and-Management.jpg","width":1400,"height":800,"caption":"Une personne travaillant avec application sur un ordinateur portable, examinant des plans de construction."},{"@type":"BreadcrumbList","@id":"https:\/\/training.algonquincollege.com\/fr\/produit\/orcl-planification-et-gestion-des-activites\/#breadcrumb","itemListElement":[{"@type":"ListItem","position":1,"name":"Home","item":"https:\/\/training.algonquincollege.com\/fr\/accueil\/"},{"@type":"ListItem","position":2,"name":"Boutique","item":"https:\/\/training.algonquincollege.com\/fr\/boutique\/"},{"@type":"ListItem","position":3,"name":"ORCL : Planification et gestion des activit\u00e9s"}]},{"@type":"WebSite","@id":"https:\/\/training.algonquincollege.com\/#website","url":"https:\/\/training.algonquincollege.com\/","name":"Professional Training - Algonquin College","description":"","publisher":{"@id":"https:\/\/training.algonquincollege.com\/#organization"},"potentialAction":[{"@type":"SearchAction","target":{"@type":"EntryPoint","urlTemplate":"https:\/\/training.algonquincollege.com\/?s={search_term_string}"},"query-input":{"@type":"PropertyValueSpecification","valueRequired":true,"valueName":"search_term_string"}}],"inLanguage":"fr-FR"},{"@type":"Organization","@id":"https:\/\/training.algonquincollege.com\/#organization","name":"Professional Training - Algonquin College","url":"https:\/\/training.algonquincollege.com\/","logo":{"@type":"ImageObject","inLanguage":"fr-FR","@id":"https:\/\/training.algonquincollege.com\/#\/schema\/logo\/image\/","url":"https:\/\/training.algonquincollege.com\/wp-content\/uploads\/2023\/10\/cropped-acct_logo.png","contentUrl":"https:\/\/training.algonquincollege.com\/wp-content\/uploads\/2023\/10\/cropped-acct_logo.png","width":300,"height":44,"caption":"Professional Training - Algonquin College"},"image":{"@id":"https:\/\/training.algonquincollege.com\/#\/schema\/logo\/image\/"}}]}},"_links":{"self":[{"href":"https:\/\/training.algonquincollege.com\/fr\/wp-json\/wp\/v2\/product\/181796","targetHints":{"allow":["GET"]}}],"collection":[{"href":"https:\/\/training.algonquincollege.com\/fr\/wp-json\/wp\/v2\/product"}],"about":[{"href":"https:\/\/training.algonquincollege.com\/fr\/wp-json\/wp\/v2\/types\/product"}],"wp:featuredmedia":[{"embeddable":true,"href":"https:\/\/training.algonquincollege.com\/fr\/wp-json\/wp\/v2\/media\/179020"}],"wp:attachment":[{"href":"https:\/\/training.algonquincollege.com\/fr\/wp-json\/wp\/v2\/media?parent=181796"}],"wp:term":[{"taxonomy":"product_brand","embeddable":true,"href":"https:\/\/training.algonquincollege.com\/fr\/wp-json\/wp\/v2\/product_brand?post=181796"},{"taxonomy":"product_cat","embeddable":true,"href":"https:\/\/training.algonquincollege.com\/fr\/wp-json\/wp\/v2\/product_cat?post=181796"},{"taxonomy":"product_tag","embeddable":true,"href":"https:\/\/training.algonquincollege.com\/fr\/wp-json\/wp\/v2\/product_tag?post=181796"}],"curies":[{"name":"wp","href":"https:\/\/api.w.org\/{rel}","templated":true}]}}