{"id":181778,"date":"2023-12-15T23:09:49","date_gmt":"2023-12-16T04:09:49","guid":{"rendered":"https:\/\/corporate.algonquincollege.com\/product\/pme7-mise-en-oeuvre-et-cloture-du-projet\/"},"modified":"2026-04-13T14:53:58","modified_gmt":"2026-04-13T18:53:58","slug":"pme7-mise-en-oeuvre-et-cloture-du-projet","status":"publish","type":"product","link":"https:\/\/training.algonquincollege.com\/fr\/produit\/pme7-mise-en-oeuvre-et-cloture-du-projet\/","title":{"rendered":"PME7 : Mise en \u0153uvre et cl\u00f4ture du projet"},"content":{"rendered":"<p>Dans ce dernier cours sur les principes essentiels de la gestion de projet, les participants appliquent les concepts, les outils et les techniques appris dans les cours pr\u00e9c\u00e9dents pour r\u00e9aliser une \u00e9tude de cas en groupe ax\u00e9e sur la mise en \u0153uvre et la cl\u00f4ture r\u00e9ussie d&rsquo;un projet.<\/p>\n","protected":false},"excerpt":{"rendered":"<p>Apprenez \u00e0 \u00e9laborer un plan de gestion de projet, \u00e0 obtenir des approbations, \u00e0 g\u00e9rer les changements de projet et \u00e0 cl\u00f4turer les phases du projet.<\/p>\n","protected":false},"featured_media":179008,"template":"","meta":{"_acf_changed":false},"product_brand":[],"product_cat":[120,80],"product_tag":[],"class_list":{"0":"post-181778","1":"product","2":"type-product","3":"status-publish","4":"has-post-thumbnail","6":"product_cat-project-management-fr","7":"product_cat-non-classifiee","8":"course_group-project-management-fr","9":"course_group-project-management-essentials-certificate-program-fr","11":"first","12":"outofstock","13":"shipping-taxable","14":"purchasable","15":"product-type-variable"},"acf":[],"yoast_head":"<!-- This site is optimized with the Yoast SEO plugin v27.5 - https:\/\/yoast.com\/product\/yoast-seo-wordpress\/ -->\n<title>PME7 : Mise en \u0153uvre et cl\u00f4ture du projet - Professional Training - Algonquin College<\/title>\n<meta name=\"robots\" content=\"index, follow, max-snippet:-1, max-image-preview:large, max-video-preview:-1\" \/>\n<link rel=\"canonical\" href=\"https:\/\/training.algonquincollege.com\/fr\/produit\/pme7-mise-en-oeuvre-et-cloture-du-projet\/\" \/>\n<meta property=\"og:locale\" content=\"fr_FR\" \/>\n<meta property=\"og:type\" content=\"article\" \/>\n<meta property=\"og:title\" content=\"PME7 : Mise en \u0153uvre et cl\u00f4ture du projet - Professional Training - Algonquin College\" \/>\n<meta property=\"og:description\" content=\"Apprenez \u00e0 \u00e9laborer un plan de gestion de projet, \u00e0 obtenir des approbations, \u00e0 g\u00e9rer les changements de projet et \u00e0 cl\u00f4turer les phases du projet.\" \/>\n<meta property=\"og:url\" content=\"https:\/\/training.algonquincollege.com\/fr\/produit\/pme7-mise-en-oeuvre-et-cloture-du-projet\/\" \/>\n<meta property=\"og:site_name\" content=\"Professional Training - Algonquin College\" \/>\n<meta property=\"article:modified_time\" content=\"2026-04-13T18:53:58+00:00\" \/>\n<meta property=\"og:image\" content=\"https:\/\/training.algonquincollege.com\/wp-content\/uploads\/2024\/04\/PME7.jpg\" \/>\n\t<meta property=\"og:image:width\" content=\"1400\" \/>\n\t<meta property=\"og:image:height\" content=\"800\" \/>\n\t<meta property=\"og:image:type\" content=\"image\/jpeg\" \/>\n<meta name=\"twitter:card\" content=\"summary_large_image\" \/>\n<meta name=\"twitter:label1\" content=\"Dur\u00e9e de lecture estim\u00e9e\" \/>\n\t<meta name=\"twitter:data1\" content=\"1 minute\" \/>\n<script type=\"application\/ld+json\" class=\"yoast-schema-graph\">{\"@context\":\"https:\\\/\\\/schema.org\",\"@graph\":[{\"@type\":\"WebPage\",\"@id\":\"https:\\\/\\\/training.algonquincollege.com\\\/fr\\\/produit\\\/pme7-mise-en-oeuvre-et-cloture-du-projet\\\/\",\"url\":\"https:\\\/\\\/training.algonquincollege.com\\\/fr\\\/produit\\\/pme7-mise-en-oeuvre-et-cloture-du-projet\\\/\",\"name\":\"PME7 : Mise en \u0153uvre et cl\u00f4ture du projet - Professional Training - Algonquin College\",\"isPartOf\":{\"@id\":\"https:\\\/\\\/training.algonquincollege.com\\\/#website\"},\"primaryImageOfPage\":{\"@id\":\"https:\\\/\\\/training.algonquincollege.com\\\/fr\\\/produit\\\/pme7-mise-en-oeuvre-et-cloture-du-projet\\\/#primaryimage\"},\"image\":{\"@id\":\"https:\\\/\\\/training.algonquincollege.com\\\/fr\\\/produit\\\/pme7-mise-en-oeuvre-et-cloture-du-projet\\\/#primaryimage\"},\"thumbnailUrl\":\"https:\\\/\\\/training.algonquincollege.com\\\/wp-content\\\/uploads\\\/2024\\\/04\\\/PME7.jpg\",\"datePublished\":\"2023-12-16T04:09:49+00:00\",\"dateModified\":\"2026-04-13T18:53:58+00:00\",\"breadcrumb\":{\"@id\":\"https:\\\/\\\/training.algonquincollege.com\\\/fr\\\/produit\\\/pme7-mise-en-oeuvre-et-cloture-du-projet\\\/#breadcrumb\"},\"inLanguage\":\"fr-FR\",\"potentialAction\":[{\"@type\":\"ReadAction\",\"target\":[\"https:\\\/\\\/training.algonquincollege.com\\\/fr\\\/produit\\\/pme7-mise-en-oeuvre-et-cloture-du-projet\\\/\"]}]},{\"@type\":\"ImageObject\",\"inLanguage\":\"fr-FR\",\"@id\":\"https:\\\/\\\/training.algonquincollege.com\\\/fr\\\/produit\\\/pme7-mise-en-oeuvre-et-cloture-du-projet\\\/#primaryimage\",\"url\":\"https:\\\/\\\/training.algonquincollege.com\\\/wp-content\\\/uploads\\\/2024\\\/04\\\/PME7.jpg\",\"contentUrl\":\"https:\\\/\\\/training.algonquincollege.com\\\/wp-content\\\/uploads\\\/2024\\\/04\\\/PME7.jpg\",\"width\":1400,\"height\":800,\"caption\":\"A man standing in front of a group of people who are focused on their work.\"},{\"@type\":\"BreadcrumbList\",\"@id\":\"https:\\\/\\\/training.algonquincollege.com\\\/fr\\\/produit\\\/pme7-mise-en-oeuvre-et-cloture-du-projet\\\/#breadcrumb\",\"itemListElement\":[{\"@type\":\"ListItem\",\"position\":1,\"name\":\"Home\",\"item\":\"https:\\\/\\\/training.algonquincollege.com\\\/fr\\\/accueil\\\/\"},{\"@type\":\"ListItem\",\"position\":2,\"name\":\"Boutique\",\"item\":\"https:\\\/\\\/training.algonquincollege.com\\\/fr\\\/boutique\\\/\"},{\"@type\":\"ListItem\",\"position\":3,\"name\":\"PME7 : Mise en \u0153uvre et cl\u00f4ture du projet\"}]},{\"@type\":\"WebSite\",\"@id\":\"https:\\\/\\\/training.algonquincollege.com\\\/#website\",\"url\":\"https:\\\/\\\/training.algonquincollege.com\\\/\",\"name\":\"Professional Training - Algonquin College\",\"description\":\"\",\"publisher\":{\"@id\":\"https:\\\/\\\/training.algonquincollege.com\\\/#organization\"},\"potentialAction\":[{\"@type\":\"SearchAction\",\"target\":{\"@type\":\"EntryPoint\",\"urlTemplate\":\"https:\\\/\\\/training.algonquincollege.com\\\/?s={search_term_string}\"},\"query-input\":{\"@type\":\"PropertyValueSpecification\",\"valueRequired\":true,\"valueName\":\"search_term_string\"}}],\"inLanguage\":\"fr-FR\"},{\"@type\":\"Organization\",\"@id\":\"https:\\\/\\\/training.algonquincollege.com\\\/#organization\",\"name\":\"Professional Training - Algonquin College\",\"url\":\"https:\\\/\\\/training.algonquincollege.com\\\/\",\"logo\":{\"@type\":\"ImageObject\",\"inLanguage\":\"fr-FR\",\"@id\":\"https:\\\/\\\/training.algonquincollege.com\\\/#\\\/schema\\\/logo\\\/image\\\/\",\"url\":\"https:\\\/\\\/training.algonquincollege.com\\\/wp-content\\\/uploads\\\/2023\\\/10\\\/cropped-acct_logo.png\",\"contentUrl\":\"https:\\\/\\\/training.algonquincollege.com\\\/wp-content\\\/uploads\\\/2023\\\/10\\\/cropped-acct_logo.png\",\"width\":300,\"height\":44,\"caption\":\"Professional Training - Algonquin College\"},\"image\":{\"@id\":\"https:\\\/\\\/training.algonquincollege.com\\\/#\\\/schema\\\/logo\\\/image\\\/\"}}]}<\/script>\n<!-- \/ Yoast SEO plugin. -->","yoast_head_json":{"title":"PME7 : Mise en \u0153uvre et cl\u00f4ture du projet - Professional Training - Algonquin College","robots":{"index":"index","follow":"follow","max-snippet":"max-snippet:-1","max-image-preview":"max-image-preview:large","max-video-preview":"max-video-preview:-1"},"canonical":"https:\/\/training.algonquincollege.com\/fr\/produit\/pme7-mise-en-oeuvre-et-cloture-du-projet\/","og_locale":"fr_FR","og_type":"article","og_title":"PME7 : Mise en \u0153uvre et cl\u00f4ture du projet - Professional Training - Algonquin College","og_description":"Apprenez \u00e0 \u00e9laborer un plan de gestion de projet, \u00e0 obtenir des approbations, \u00e0 g\u00e9rer les changements de projet et \u00e0 cl\u00f4turer les phases du projet.","og_url":"https:\/\/training.algonquincollege.com\/fr\/produit\/pme7-mise-en-oeuvre-et-cloture-du-projet\/","og_site_name":"Professional Training - Algonquin College","article_modified_time":"2026-04-13T18:53:58+00:00","og_image":[{"width":1400,"height":800,"url":"https:\/\/training.algonquincollege.com\/wp-content\/uploads\/2024\/04\/PME7.jpg","type":"image\/jpeg"}],"twitter_card":"summary_large_image","twitter_misc":{"Dur\u00e9e de lecture estim\u00e9e":"1 minute"},"schema":{"@context":"https:\/\/schema.org","@graph":[{"@type":"WebPage","@id":"https:\/\/training.algonquincollege.com\/fr\/produit\/pme7-mise-en-oeuvre-et-cloture-du-projet\/","url":"https:\/\/training.algonquincollege.com\/fr\/produit\/pme7-mise-en-oeuvre-et-cloture-du-projet\/","name":"PME7 : Mise en \u0153uvre et cl\u00f4ture du projet - Professional Training - Algonquin College","isPartOf":{"@id":"https:\/\/training.algonquincollege.com\/#website"},"primaryImageOfPage":{"@id":"https:\/\/training.algonquincollege.com\/fr\/produit\/pme7-mise-en-oeuvre-et-cloture-du-projet\/#primaryimage"},"image":{"@id":"https:\/\/training.algonquincollege.com\/fr\/produit\/pme7-mise-en-oeuvre-et-cloture-du-projet\/#primaryimage"},"thumbnailUrl":"https:\/\/training.algonquincollege.com\/wp-content\/uploads\/2024\/04\/PME7.jpg","datePublished":"2023-12-16T04:09:49+00:00","dateModified":"2026-04-13T18:53:58+00:00","breadcrumb":{"@id":"https:\/\/training.algonquincollege.com\/fr\/produit\/pme7-mise-en-oeuvre-et-cloture-du-projet\/#breadcrumb"},"inLanguage":"fr-FR","potentialAction":[{"@type":"ReadAction","target":["https:\/\/training.algonquincollege.com\/fr\/produit\/pme7-mise-en-oeuvre-et-cloture-du-projet\/"]}]},{"@type":"ImageObject","inLanguage":"fr-FR","@id":"https:\/\/training.algonquincollege.com\/fr\/produit\/pme7-mise-en-oeuvre-et-cloture-du-projet\/#primaryimage","url":"https:\/\/training.algonquincollege.com\/wp-content\/uploads\/2024\/04\/PME7.jpg","contentUrl":"https:\/\/training.algonquincollege.com\/wp-content\/uploads\/2024\/04\/PME7.jpg","width":1400,"height":800,"caption":"A man standing in front of a group of people who are focused on their work."},{"@type":"BreadcrumbList","@id":"https:\/\/training.algonquincollege.com\/fr\/produit\/pme7-mise-en-oeuvre-et-cloture-du-projet\/#breadcrumb","itemListElement":[{"@type":"ListItem","position":1,"name":"Home","item":"https:\/\/training.algonquincollege.com\/fr\/accueil\/"},{"@type":"ListItem","position":2,"name":"Boutique","item":"https:\/\/training.algonquincollege.com\/fr\/boutique\/"},{"@type":"ListItem","position":3,"name":"PME7 : Mise en \u0153uvre et cl\u00f4ture du projet"}]},{"@type":"WebSite","@id":"https:\/\/training.algonquincollege.com\/#website","url":"https:\/\/training.algonquincollege.com\/","name":"Professional Training - Algonquin College","description":"","publisher":{"@id":"https:\/\/training.algonquincollege.com\/#organization"},"potentialAction":[{"@type":"SearchAction","target":{"@type":"EntryPoint","urlTemplate":"https:\/\/training.algonquincollege.com\/?s={search_term_string}"},"query-input":{"@type":"PropertyValueSpecification","valueRequired":true,"valueName":"search_term_string"}}],"inLanguage":"fr-FR"},{"@type":"Organization","@id":"https:\/\/training.algonquincollege.com\/#organization","name":"Professional Training - Algonquin College","url":"https:\/\/training.algonquincollege.com\/","logo":{"@type":"ImageObject","inLanguage":"fr-FR","@id":"https:\/\/training.algonquincollege.com\/#\/schema\/logo\/image\/","url":"https:\/\/training.algonquincollege.com\/wp-content\/uploads\/2023\/10\/cropped-acct_logo.png","contentUrl":"https:\/\/training.algonquincollege.com\/wp-content\/uploads\/2023\/10\/cropped-acct_logo.png","width":300,"height":44,"caption":"Professional Training - Algonquin College"},"image":{"@id":"https:\/\/training.algonquincollege.com\/#\/schema\/logo\/image\/"}}]}},"_links":{"self":[{"href":"https:\/\/training.algonquincollege.com\/fr\/wp-json\/wp\/v2\/product\/181778","targetHints":{"allow":["GET"]}}],"collection":[{"href":"https:\/\/training.algonquincollege.com\/fr\/wp-json\/wp\/v2\/product"}],"about":[{"href":"https:\/\/training.algonquincollege.com\/fr\/wp-json\/wp\/v2\/types\/product"}],"wp:featuredmedia":[{"embeddable":true,"href":"https:\/\/training.algonquincollege.com\/fr\/wp-json\/wp\/v2\/media\/179008"}],"wp:attachment":[{"href":"https:\/\/training.algonquincollege.com\/fr\/wp-json\/wp\/v2\/media?parent=181778"}],"wp:term":[{"taxonomy":"product_brand","embeddable":true,"href":"https:\/\/training.algonquincollege.com\/fr\/wp-json\/wp\/v2\/product_brand?post=181778"},{"taxonomy":"product_cat","embeddable":true,"href":"https:\/\/training.algonquincollege.com\/fr\/wp-json\/wp\/v2\/product_cat?post=181778"},{"taxonomy":"product_tag","embeddable":true,"href":"https:\/\/training.algonquincollege.com\/fr\/wp-json\/wp\/v2\/product_tag?post=181778"}],"curies":[{"name":"wp","href":"https:\/\/api.w.org\/{rel}","templated":true}]}}