{"id":181771,"date":"2023-12-15T23:09:47","date_gmt":"2023-12-16T04:09:47","guid":{"rendered":"https:\/\/corporate.algonquincollege.com\/product\/pme6-gestion-des-marches-publics-et-des-contrats\/"},"modified":"2026-04-13T14:38:37","modified_gmt":"2026-04-13T18:38:37","slug":"pme6-gestion-des-marches-publics-et-des-contrats","status":"publish","type":"product","link":"https:\/\/training.algonquincollege.com\/fr\/produit\/pme6-gestion-des-marches-publics-et-des-contrats\/","title":{"rendered":"PME6 : Gestion des march\u00e9s publics et des contrats"},"content":{"rendered":"<p>Les gestionnaires de projet ont besoin d&rsquo;une expertise en mati\u00e8re de passation de march\u00e9s et de gestion des contrats afin d&rsquo;obtenir des ressources pour leurs projets et de g\u00e9rer ces ressources, qu&rsquo;il s&rsquo;agisse de biens et de services complexes ou de consultants et d&rsquo;entrepreneurs. Apprenez \u00e0 naviguer dans le processus d&rsquo;approvisionnement, de l&rsquo;identification des besoins \u00e0 la livraison. Examinez les \u00e9l\u00e9ments essentiels des deux c\u00f4t\u00e9s de la passation de march\u00e9s, du point de vue de l&rsquo;acheteur et du point de vue du vendeur, en pr\u00e9parant les demandes de propositions et les r\u00e9ponses aux propositions. Apprenez et appliquez les comp\u00e9tences de base.   <\/p>\n","protected":false},"excerpt":{"rendered":"<p>D\u00e9couvrez comment aligner les processus d&rsquo;approvisionnement des projets et identifier les \u00e9l\u00e9ments d&rsquo;un document contractuel pour permettre la gestion des risques contractuels.<\/p>\n","protected":false},"featured_media":179007,"template":"","meta":{"_acf_changed":false},"product_brand":[],"product_cat":[120,80],"product_tag":[],"class_list":{"0":"post-181771","1":"product","2":"type-product","3":"status-publish","4":"has-post-thumbnail","6":"product_cat-project-management-fr","7":"product_cat-non-classifiee","8":"course_group-project-management-fr","9":"course_group-project-management-essentials-certificate-program-fr","11":"first","12":"outofstock","13":"shipping-taxable","14":"purchasable","15":"product-type-variable"},"acf":[],"yoast_head":"<!-- This site is optimized with the Yoast SEO plugin v27.5 - https:\/\/yoast.com\/product\/yoast-seo-wordpress\/ -->\n<title>PME6 : Gestion des march\u00e9s publics et des contrats - Professional Training - Algonquin College<\/title>\n<meta name=\"robots\" content=\"index, follow, max-snippet:-1, max-image-preview:large, max-video-preview:-1\" \/>\n<link rel=\"canonical\" href=\"https:\/\/training.algonquincollege.com\/fr\/produit\/pme6-gestion-des-marches-publics-et-des-contrats\/\" \/>\n<meta property=\"og:locale\" content=\"fr_FR\" \/>\n<meta property=\"og:type\" content=\"article\" \/>\n<meta property=\"og:title\" content=\"PME6 : Gestion des march\u00e9s publics et des contrats - Professional Training - Algonquin College\" \/>\n<meta property=\"og:description\" content=\"D\u00e9couvrez comment aligner les processus d&#039;approvisionnement des projets et identifier les \u00e9l\u00e9ments d&#039;un document contractuel pour permettre la gestion des risques contractuels.\" \/>\n<meta property=\"og:url\" content=\"https:\/\/training.algonquincollege.com\/fr\/produit\/pme6-gestion-des-marches-publics-et-des-contrats\/\" \/>\n<meta property=\"og:site_name\" content=\"Professional Training - Algonquin College\" \/>\n<meta property=\"article:modified_time\" content=\"2026-04-13T18:38:37+00:00\" \/>\n<meta property=\"og:image\" content=\"https:\/\/training.algonquincollege.com\/wp-content\/uploads\/2024\/04\/PME6.jpg\" \/>\n\t<meta property=\"og:image:width\" content=\"1400\" \/>\n\t<meta property=\"og:image:height\" content=\"800\" \/>\n\t<meta property=\"og:image:type\" content=\"image\/jpeg\" \/>\n<meta name=\"twitter:card\" content=\"summary_large_image\" \/>\n<meta name=\"twitter:label1\" content=\"Dur\u00e9e de lecture estim\u00e9e\" \/>\n\t<meta name=\"twitter:data1\" content=\"1 minute\" \/>\n<script type=\"application\/ld+json\" class=\"yoast-schema-graph\">{\"@context\":\"https:\\\/\\\/schema.org\",\"@graph\":[{\"@type\":\"WebPage\",\"@id\":\"https:\\\/\\\/training.algonquincollege.com\\\/fr\\\/produit\\\/pme6-gestion-des-marches-publics-et-des-contrats\\\/\",\"url\":\"https:\\\/\\\/training.algonquincollege.com\\\/fr\\\/produit\\\/pme6-gestion-des-marches-publics-et-des-contrats\\\/\",\"name\":\"PME6 : Gestion des march\u00e9s publics et des contrats - Professional Training - Algonquin College\",\"isPartOf\":{\"@id\":\"https:\\\/\\\/training.algonquincollege.com\\\/#website\"},\"primaryImageOfPage\":{\"@id\":\"https:\\\/\\\/training.algonquincollege.com\\\/fr\\\/produit\\\/pme6-gestion-des-marches-publics-et-des-contrats\\\/#primaryimage\"},\"image\":{\"@id\":\"https:\\\/\\\/training.algonquincollege.com\\\/fr\\\/produit\\\/pme6-gestion-des-marches-publics-et-des-contrats\\\/#primaryimage\"},\"thumbnailUrl\":\"https:\\\/\\\/training.algonquincollege.com\\\/wp-content\\\/uploads\\\/2024\\\/04\\\/PME6.jpg\",\"datePublished\":\"2023-12-16T04:09:47+00:00\",\"dateModified\":\"2026-04-13T18:38:37+00:00\",\"breadcrumb\":{\"@id\":\"https:\\\/\\\/training.algonquincollege.com\\\/fr\\\/produit\\\/pme6-gestion-des-marches-publics-et-des-contrats\\\/#breadcrumb\"},\"inLanguage\":\"fr-FR\",\"potentialAction\":[{\"@type\":\"ReadAction\",\"target\":[\"https:\\\/\\\/training.algonquincollege.com\\\/fr\\\/produit\\\/pme6-gestion-des-marches-publics-et-des-contrats\\\/\"]}]},{\"@type\":\"ImageObject\",\"inLanguage\":\"fr-FR\",\"@id\":\"https:\\\/\\\/training.algonquincollege.com\\\/fr\\\/produit\\\/pme6-gestion-des-marches-publics-et-des-contrats\\\/#primaryimage\",\"url\":\"https:\\\/\\\/training.algonquincollege.com\\\/wp-content\\\/uploads\\\/2024\\\/04\\\/PME6.jpg\",\"contentUrl\":\"https:\\\/\\\/training.algonquincollege.com\\\/wp-content\\\/uploads\\\/2024\\\/04\\\/PME6.jpg\",\"width\":1400,\"height\":800,\"caption\":\"Two professionals in office hallway, discussing work.\"},{\"@type\":\"BreadcrumbList\",\"@id\":\"https:\\\/\\\/training.algonquincollege.com\\\/fr\\\/produit\\\/pme6-gestion-des-marches-publics-et-des-contrats\\\/#breadcrumb\",\"itemListElement\":[{\"@type\":\"ListItem\",\"position\":1,\"name\":\"Home\",\"item\":\"https:\\\/\\\/training.algonquincollege.com\\\/fr\\\/accueil\\\/\"},{\"@type\":\"ListItem\",\"position\":2,\"name\":\"Boutique\",\"item\":\"https:\\\/\\\/training.algonquincollege.com\\\/fr\\\/boutique\\\/\"},{\"@type\":\"ListItem\",\"position\":3,\"name\":\"PME6 : Gestion des march\u00e9s publics et des contrats\"}]},{\"@type\":\"WebSite\",\"@id\":\"https:\\\/\\\/training.algonquincollege.com\\\/#website\",\"url\":\"https:\\\/\\\/training.algonquincollege.com\\\/\",\"name\":\"Professional Training - Algonquin College\",\"description\":\"\",\"publisher\":{\"@id\":\"https:\\\/\\\/training.algonquincollege.com\\\/#organization\"},\"potentialAction\":[{\"@type\":\"SearchAction\",\"target\":{\"@type\":\"EntryPoint\",\"urlTemplate\":\"https:\\\/\\\/training.algonquincollege.com\\\/?s={search_term_string}\"},\"query-input\":{\"@type\":\"PropertyValueSpecification\",\"valueRequired\":true,\"valueName\":\"search_term_string\"}}],\"inLanguage\":\"fr-FR\"},{\"@type\":\"Organization\",\"@id\":\"https:\\\/\\\/training.algonquincollege.com\\\/#organization\",\"name\":\"Professional Training - Algonquin College\",\"url\":\"https:\\\/\\\/training.algonquincollege.com\\\/\",\"logo\":{\"@type\":\"ImageObject\",\"inLanguage\":\"fr-FR\",\"@id\":\"https:\\\/\\\/training.algonquincollege.com\\\/#\\\/schema\\\/logo\\\/image\\\/\",\"url\":\"https:\\\/\\\/training.algonquincollege.com\\\/wp-content\\\/uploads\\\/2023\\\/10\\\/cropped-acct_logo.png\",\"contentUrl\":\"https:\\\/\\\/training.algonquincollege.com\\\/wp-content\\\/uploads\\\/2023\\\/10\\\/cropped-acct_logo.png\",\"width\":300,\"height\":44,\"caption\":\"Professional Training - Algonquin College\"},\"image\":{\"@id\":\"https:\\\/\\\/training.algonquincollege.com\\\/#\\\/schema\\\/logo\\\/image\\\/\"}}]}<\/script>\n<!-- \/ Yoast SEO plugin. -->","yoast_head_json":{"title":"PME6 : Gestion des march\u00e9s publics et des contrats - Professional Training - Algonquin College","robots":{"index":"index","follow":"follow","max-snippet":"max-snippet:-1","max-image-preview":"max-image-preview:large","max-video-preview":"max-video-preview:-1"},"canonical":"https:\/\/training.algonquincollege.com\/fr\/produit\/pme6-gestion-des-marches-publics-et-des-contrats\/","og_locale":"fr_FR","og_type":"article","og_title":"PME6 : Gestion des march\u00e9s publics et des contrats - Professional Training - Algonquin College","og_description":"D\u00e9couvrez comment aligner les processus d'approvisionnement des projets et identifier les \u00e9l\u00e9ments d'un document contractuel pour permettre la gestion des risques contractuels.","og_url":"https:\/\/training.algonquincollege.com\/fr\/produit\/pme6-gestion-des-marches-publics-et-des-contrats\/","og_site_name":"Professional Training - Algonquin College","article_modified_time":"2026-04-13T18:38:37+00:00","og_image":[{"width":1400,"height":800,"url":"https:\/\/training.algonquincollege.com\/wp-content\/uploads\/2024\/04\/PME6.jpg","type":"image\/jpeg"}],"twitter_card":"summary_large_image","twitter_misc":{"Dur\u00e9e de lecture estim\u00e9e":"1 minute"},"schema":{"@context":"https:\/\/schema.org","@graph":[{"@type":"WebPage","@id":"https:\/\/training.algonquincollege.com\/fr\/produit\/pme6-gestion-des-marches-publics-et-des-contrats\/","url":"https:\/\/training.algonquincollege.com\/fr\/produit\/pme6-gestion-des-marches-publics-et-des-contrats\/","name":"PME6 : Gestion des march\u00e9s publics et des contrats - Professional Training - Algonquin College","isPartOf":{"@id":"https:\/\/training.algonquincollege.com\/#website"},"primaryImageOfPage":{"@id":"https:\/\/training.algonquincollege.com\/fr\/produit\/pme6-gestion-des-marches-publics-et-des-contrats\/#primaryimage"},"image":{"@id":"https:\/\/training.algonquincollege.com\/fr\/produit\/pme6-gestion-des-marches-publics-et-des-contrats\/#primaryimage"},"thumbnailUrl":"https:\/\/training.algonquincollege.com\/wp-content\/uploads\/2024\/04\/PME6.jpg","datePublished":"2023-12-16T04:09:47+00:00","dateModified":"2026-04-13T18:38:37+00:00","breadcrumb":{"@id":"https:\/\/training.algonquincollege.com\/fr\/produit\/pme6-gestion-des-marches-publics-et-des-contrats\/#breadcrumb"},"inLanguage":"fr-FR","potentialAction":[{"@type":"ReadAction","target":["https:\/\/training.algonquincollege.com\/fr\/produit\/pme6-gestion-des-marches-publics-et-des-contrats\/"]}]},{"@type":"ImageObject","inLanguage":"fr-FR","@id":"https:\/\/training.algonquincollege.com\/fr\/produit\/pme6-gestion-des-marches-publics-et-des-contrats\/#primaryimage","url":"https:\/\/training.algonquincollege.com\/wp-content\/uploads\/2024\/04\/PME6.jpg","contentUrl":"https:\/\/training.algonquincollege.com\/wp-content\/uploads\/2024\/04\/PME6.jpg","width":1400,"height":800,"caption":"Two professionals in office hallway, discussing work."},{"@type":"BreadcrumbList","@id":"https:\/\/training.algonquincollege.com\/fr\/produit\/pme6-gestion-des-marches-publics-et-des-contrats\/#breadcrumb","itemListElement":[{"@type":"ListItem","position":1,"name":"Home","item":"https:\/\/training.algonquincollege.com\/fr\/accueil\/"},{"@type":"ListItem","position":2,"name":"Boutique","item":"https:\/\/training.algonquincollege.com\/fr\/boutique\/"},{"@type":"ListItem","position":3,"name":"PME6 : Gestion des march\u00e9s publics et des contrats"}]},{"@type":"WebSite","@id":"https:\/\/training.algonquincollege.com\/#website","url":"https:\/\/training.algonquincollege.com\/","name":"Professional Training - Algonquin College","description":"","publisher":{"@id":"https:\/\/training.algonquincollege.com\/#organization"},"potentialAction":[{"@type":"SearchAction","target":{"@type":"EntryPoint","urlTemplate":"https:\/\/training.algonquincollege.com\/?s={search_term_string}"},"query-input":{"@type":"PropertyValueSpecification","valueRequired":true,"valueName":"search_term_string"}}],"inLanguage":"fr-FR"},{"@type":"Organization","@id":"https:\/\/training.algonquincollege.com\/#organization","name":"Professional Training - Algonquin College","url":"https:\/\/training.algonquincollege.com\/","logo":{"@type":"ImageObject","inLanguage":"fr-FR","@id":"https:\/\/training.algonquincollege.com\/#\/schema\/logo\/image\/","url":"https:\/\/training.algonquincollege.com\/wp-content\/uploads\/2023\/10\/cropped-acct_logo.png","contentUrl":"https:\/\/training.algonquincollege.com\/wp-content\/uploads\/2023\/10\/cropped-acct_logo.png","width":300,"height":44,"caption":"Professional Training - Algonquin College"},"image":{"@id":"https:\/\/training.algonquincollege.com\/#\/schema\/logo\/image\/"}}]}},"_links":{"self":[{"href":"https:\/\/training.algonquincollege.com\/fr\/wp-json\/wp\/v2\/product\/181771","targetHints":{"allow":["GET"]}}],"collection":[{"href":"https:\/\/training.algonquincollege.com\/fr\/wp-json\/wp\/v2\/product"}],"about":[{"href":"https:\/\/training.algonquincollege.com\/fr\/wp-json\/wp\/v2\/types\/product"}],"wp:featuredmedia":[{"embeddable":true,"href":"https:\/\/training.algonquincollege.com\/fr\/wp-json\/wp\/v2\/media\/179007"}],"wp:attachment":[{"href":"https:\/\/training.algonquincollege.com\/fr\/wp-json\/wp\/v2\/media?parent=181771"}],"wp:term":[{"taxonomy":"product_brand","embeddable":true,"href":"https:\/\/training.algonquincollege.com\/fr\/wp-json\/wp\/v2\/product_brand?post=181771"},{"taxonomy":"product_cat","embeddable":true,"href":"https:\/\/training.algonquincollege.com\/fr\/wp-json\/wp\/v2\/product_cat?post=181771"},{"taxonomy":"product_tag","embeddable":true,"href":"https:\/\/training.algonquincollege.com\/fr\/wp-json\/wp\/v2\/product_tag?post=181771"}],"curies":[{"name":"wp","href":"https:\/\/api.w.org\/{rel}","templated":true}]}}