{"id":181761,"date":"2023-12-15T23:10:12","date_gmt":"2023-12-16T04:10:12","guid":{"rendered":"https:\/\/corporate.algonquincollege.com\/product\/pme4-gestion-des-risques-lies-aux-projets\/"},"modified":"2026-04-13T14:36:53","modified_gmt":"2026-04-13T18:36:53","slug":"pme4-gestion-des-risques-lies-aux-projets","status":"publish","type":"product","link":"https:\/\/training.algonquincollege.com\/fr\/produit\/pme4-gestion-des-risques-lies-aux-projets\/","title":{"rendered":"PME4 : Gestion des risques li\u00e9s aux projets"},"content":{"rendered":"<p>La gestion des risques permet au chef de projet d&rsquo;identifier et de r\u00e9pondre efficacement aux \u00e9v\u00e9nements et aux situations qui ont un impact sur la r\u00e9alisation des objectifs du projet. Apprenez \u00e0 identifier et \u00e0 analyser les risques, ainsi qu&rsquo;\u00e0 \u00e9laborer et \u00e0 mettre en \u0153uvre un plan de r\u00e9ponse aux risques. Apprenez \u00e0 d\u00e9velopper et \u00e0 g\u00e9rer des registres de risques et des registres de probl\u00e8mes.  <\/p>\n","protected":false},"excerpt":{"rendered":"<p>Apprenez \u00e0 adopter des strat\u00e9gies et des activit\u00e9s de gestion des risques pour obtenir des r\u00e9sultats coh\u00e9rents sur les projets.<\/p>\n","protected":false},"featured_media":179005,"template":"","meta":{"_acf_changed":false},"product_brand":[],"product_cat":[120,80],"product_tag":[],"class_list":{"0":"post-181761","1":"product","2":"type-product","3":"status-publish","4":"has-post-thumbnail","6":"product_cat-project-management-fr","7":"product_cat-non-classifiee","8":"course_group-project-management-fr","9":"course_group-project-management-essentials-certificate-program-fr","11":"first","12":"outofstock","13":"shipping-taxable","14":"purchasable","15":"product-type-variable"},"acf":[],"yoast_head":"<!-- This site is optimized with the Yoast SEO plugin v27.5 - https:\/\/yoast.com\/product\/yoast-seo-wordpress\/ -->\n<title>PME4 : Gestion des risques li\u00e9s aux projets - Professional Training - Algonquin College<\/title>\n<meta name=\"robots\" content=\"index, follow, max-snippet:-1, max-image-preview:large, max-video-preview:-1\" \/>\n<link rel=\"canonical\" href=\"https:\/\/training.algonquincollege.com\/fr\/produit\/pme4-gestion-des-risques-lies-aux-projets\/\" \/>\n<meta property=\"og:locale\" content=\"fr_FR\" \/>\n<meta property=\"og:type\" content=\"article\" \/>\n<meta property=\"og:title\" content=\"PME4 : Gestion des risques li\u00e9s aux projets - Professional Training - Algonquin College\" \/>\n<meta property=\"og:description\" content=\"Apprenez \u00e0 adopter des strat\u00e9gies et des activit\u00e9s de gestion des risques pour obtenir des r\u00e9sultats coh\u00e9rents sur les projets.\" \/>\n<meta property=\"og:url\" content=\"https:\/\/training.algonquincollege.com\/fr\/produit\/pme4-gestion-des-risques-lies-aux-projets\/\" \/>\n<meta property=\"og:site_name\" content=\"Professional Training - Algonquin College\" \/>\n<meta property=\"article:modified_time\" content=\"2026-04-13T18:36:53+00:00\" \/>\n<meta property=\"og:image\" content=\"https:\/\/training.algonquincollege.com\/wp-content\/uploads\/2024\/04\/PME4.jpg\" \/>\n\t<meta property=\"og:image:width\" content=\"1400\" \/>\n\t<meta property=\"og:image:height\" content=\"800\" \/>\n\t<meta property=\"og:image:type\" content=\"image\/jpeg\" \/>\n<meta name=\"twitter:card\" content=\"summary_large_image\" \/>\n<meta name=\"twitter:label1\" content=\"Dur\u00e9e de lecture estim\u00e9e\" \/>\n\t<meta name=\"twitter:data1\" content=\"1 minute\" \/>\n<script type=\"application\/ld+json\" class=\"yoast-schema-graph\">{\"@context\":\"https:\\\/\\\/schema.org\",\"@graph\":[{\"@type\":\"WebPage\",\"@id\":\"https:\\\/\\\/training.algonquincollege.com\\\/fr\\\/produit\\\/pme4-gestion-des-risques-lies-aux-projets\\\/\",\"url\":\"https:\\\/\\\/training.algonquincollege.com\\\/fr\\\/produit\\\/pme4-gestion-des-risques-lies-aux-projets\\\/\",\"name\":\"PME4 : Gestion des risques li\u00e9s aux projets - Professional Training - Algonquin College\",\"isPartOf\":{\"@id\":\"https:\\\/\\\/training.algonquincollege.com\\\/#website\"},\"primaryImageOfPage\":{\"@id\":\"https:\\\/\\\/training.algonquincollege.com\\\/fr\\\/produit\\\/pme4-gestion-des-risques-lies-aux-projets\\\/#primaryimage\"},\"image\":{\"@id\":\"https:\\\/\\\/training.algonquincollege.com\\\/fr\\\/produit\\\/pme4-gestion-des-risques-lies-aux-projets\\\/#primaryimage\"},\"thumbnailUrl\":\"https:\\\/\\\/training.algonquincollege.com\\\/wp-content\\\/uploads\\\/2024\\\/04\\\/PME4.jpg\",\"datePublished\":\"2023-12-16T04:10:12+00:00\",\"dateModified\":\"2026-04-13T18:36:53+00:00\",\"breadcrumb\":{\"@id\":\"https:\\\/\\\/training.algonquincollege.com\\\/fr\\\/produit\\\/pme4-gestion-des-risques-lies-aux-projets\\\/#breadcrumb\"},\"inLanguage\":\"fr-FR\",\"potentialAction\":[{\"@type\":\"ReadAction\",\"target\":[\"https:\\\/\\\/training.algonquincollege.com\\\/fr\\\/produit\\\/pme4-gestion-des-risques-lies-aux-projets\\\/\"]}]},{\"@type\":\"ImageObject\",\"inLanguage\":\"fr-FR\",\"@id\":\"https:\\\/\\\/training.algonquincollege.com\\\/fr\\\/produit\\\/pme4-gestion-des-risques-lies-aux-projets\\\/#primaryimage\",\"url\":\"https:\\\/\\\/training.algonquincollege.com\\\/wp-content\\\/uploads\\\/2024\\\/04\\\/PME4.jpg\",\"contentUrl\":\"https:\\\/\\\/training.algonquincollege.com\\\/wp-content\\\/uploads\\\/2024\\\/04\\\/PME4.jpg\",\"width\":1400,\"height\":800},{\"@type\":\"BreadcrumbList\",\"@id\":\"https:\\\/\\\/training.algonquincollege.com\\\/fr\\\/produit\\\/pme4-gestion-des-risques-lies-aux-projets\\\/#breadcrumb\",\"itemListElement\":[{\"@type\":\"ListItem\",\"position\":1,\"name\":\"Home\",\"item\":\"https:\\\/\\\/training.algonquincollege.com\\\/fr\\\/accueil\\\/\"},{\"@type\":\"ListItem\",\"position\":2,\"name\":\"Boutique\",\"item\":\"https:\\\/\\\/training.algonquincollege.com\\\/fr\\\/boutique\\\/\"},{\"@type\":\"ListItem\",\"position\":3,\"name\":\"PME4 : Gestion des risques li\u00e9s aux projets\"}]},{\"@type\":\"WebSite\",\"@id\":\"https:\\\/\\\/training.algonquincollege.com\\\/#website\",\"url\":\"https:\\\/\\\/training.algonquincollege.com\\\/\",\"name\":\"Professional Training - Algonquin College\",\"description\":\"\",\"publisher\":{\"@id\":\"https:\\\/\\\/training.algonquincollege.com\\\/#organization\"},\"potentialAction\":[{\"@type\":\"SearchAction\",\"target\":{\"@type\":\"EntryPoint\",\"urlTemplate\":\"https:\\\/\\\/training.algonquincollege.com\\\/?s={search_term_string}\"},\"query-input\":{\"@type\":\"PropertyValueSpecification\",\"valueRequired\":true,\"valueName\":\"search_term_string\"}}],\"inLanguage\":\"fr-FR\"},{\"@type\":\"Organization\",\"@id\":\"https:\\\/\\\/training.algonquincollege.com\\\/#organization\",\"name\":\"Professional Training - Algonquin College\",\"url\":\"https:\\\/\\\/training.algonquincollege.com\\\/\",\"logo\":{\"@type\":\"ImageObject\",\"inLanguage\":\"fr-FR\",\"@id\":\"https:\\\/\\\/training.algonquincollege.com\\\/#\\\/schema\\\/logo\\\/image\\\/\",\"url\":\"https:\\\/\\\/training.algonquincollege.com\\\/wp-content\\\/uploads\\\/2023\\\/10\\\/cropped-acct_logo.png\",\"contentUrl\":\"https:\\\/\\\/training.algonquincollege.com\\\/wp-content\\\/uploads\\\/2023\\\/10\\\/cropped-acct_logo.png\",\"width\":300,\"height\":44,\"caption\":\"Professional Training - Algonquin College\"},\"image\":{\"@id\":\"https:\\\/\\\/training.algonquincollege.com\\\/#\\\/schema\\\/logo\\\/image\\\/\"}}]}<\/script>\n<!-- \/ Yoast SEO plugin. -->","yoast_head_json":{"title":"PME4 : Gestion des risques li\u00e9s aux projets - Professional Training - Algonquin College","robots":{"index":"index","follow":"follow","max-snippet":"max-snippet:-1","max-image-preview":"max-image-preview:large","max-video-preview":"max-video-preview:-1"},"canonical":"https:\/\/training.algonquincollege.com\/fr\/produit\/pme4-gestion-des-risques-lies-aux-projets\/","og_locale":"fr_FR","og_type":"article","og_title":"PME4 : Gestion des risques li\u00e9s aux projets - Professional Training - Algonquin College","og_description":"Apprenez \u00e0 adopter des strat\u00e9gies et des activit\u00e9s de gestion des risques pour obtenir des r\u00e9sultats coh\u00e9rents sur les projets.","og_url":"https:\/\/training.algonquincollege.com\/fr\/produit\/pme4-gestion-des-risques-lies-aux-projets\/","og_site_name":"Professional Training - Algonquin College","article_modified_time":"2026-04-13T18:36:53+00:00","og_image":[{"width":1400,"height":800,"url":"https:\/\/training.algonquincollege.com\/wp-content\/uploads\/2024\/04\/PME4.jpg","type":"image\/jpeg"}],"twitter_card":"summary_large_image","twitter_misc":{"Dur\u00e9e de lecture estim\u00e9e":"1 minute"},"schema":{"@context":"https:\/\/schema.org","@graph":[{"@type":"WebPage","@id":"https:\/\/training.algonquincollege.com\/fr\/produit\/pme4-gestion-des-risques-lies-aux-projets\/","url":"https:\/\/training.algonquincollege.com\/fr\/produit\/pme4-gestion-des-risques-lies-aux-projets\/","name":"PME4 : Gestion des risques li\u00e9s aux projets - Professional Training - Algonquin College","isPartOf":{"@id":"https:\/\/training.algonquincollege.com\/#website"},"primaryImageOfPage":{"@id":"https:\/\/training.algonquincollege.com\/fr\/produit\/pme4-gestion-des-risques-lies-aux-projets\/#primaryimage"},"image":{"@id":"https:\/\/training.algonquincollege.com\/fr\/produit\/pme4-gestion-des-risques-lies-aux-projets\/#primaryimage"},"thumbnailUrl":"https:\/\/training.algonquincollege.com\/wp-content\/uploads\/2024\/04\/PME4.jpg","datePublished":"2023-12-16T04:10:12+00:00","dateModified":"2026-04-13T18:36:53+00:00","breadcrumb":{"@id":"https:\/\/training.algonquincollege.com\/fr\/produit\/pme4-gestion-des-risques-lies-aux-projets\/#breadcrumb"},"inLanguage":"fr-FR","potentialAction":[{"@type":"ReadAction","target":["https:\/\/training.algonquincollege.com\/fr\/produit\/pme4-gestion-des-risques-lies-aux-projets\/"]}]},{"@type":"ImageObject","inLanguage":"fr-FR","@id":"https:\/\/training.algonquincollege.com\/fr\/produit\/pme4-gestion-des-risques-lies-aux-projets\/#primaryimage","url":"https:\/\/training.algonquincollege.com\/wp-content\/uploads\/2024\/04\/PME4.jpg","contentUrl":"https:\/\/training.algonquincollege.com\/wp-content\/uploads\/2024\/04\/PME4.jpg","width":1400,"height":800},{"@type":"BreadcrumbList","@id":"https:\/\/training.algonquincollege.com\/fr\/produit\/pme4-gestion-des-risques-lies-aux-projets\/#breadcrumb","itemListElement":[{"@type":"ListItem","position":1,"name":"Home","item":"https:\/\/training.algonquincollege.com\/fr\/accueil\/"},{"@type":"ListItem","position":2,"name":"Boutique","item":"https:\/\/training.algonquincollege.com\/fr\/boutique\/"},{"@type":"ListItem","position":3,"name":"PME4 : Gestion des risques li\u00e9s aux projets"}]},{"@type":"WebSite","@id":"https:\/\/training.algonquincollege.com\/#website","url":"https:\/\/training.algonquincollege.com\/","name":"Professional Training - Algonquin College","description":"","publisher":{"@id":"https:\/\/training.algonquincollege.com\/#organization"},"potentialAction":[{"@type":"SearchAction","target":{"@type":"EntryPoint","urlTemplate":"https:\/\/training.algonquincollege.com\/?s={search_term_string}"},"query-input":{"@type":"PropertyValueSpecification","valueRequired":true,"valueName":"search_term_string"}}],"inLanguage":"fr-FR"},{"@type":"Organization","@id":"https:\/\/training.algonquincollege.com\/#organization","name":"Professional Training - Algonquin College","url":"https:\/\/training.algonquincollege.com\/","logo":{"@type":"ImageObject","inLanguage":"fr-FR","@id":"https:\/\/training.algonquincollege.com\/#\/schema\/logo\/image\/","url":"https:\/\/training.algonquincollege.com\/wp-content\/uploads\/2023\/10\/cropped-acct_logo.png","contentUrl":"https:\/\/training.algonquincollege.com\/wp-content\/uploads\/2023\/10\/cropped-acct_logo.png","width":300,"height":44,"caption":"Professional Training - Algonquin College"},"image":{"@id":"https:\/\/training.algonquincollege.com\/#\/schema\/logo\/image\/"}}]}},"_links":{"self":[{"href":"https:\/\/training.algonquincollege.com\/fr\/wp-json\/wp\/v2\/product\/181761","targetHints":{"allow":["GET"]}}],"collection":[{"href":"https:\/\/training.algonquincollege.com\/fr\/wp-json\/wp\/v2\/product"}],"about":[{"href":"https:\/\/training.algonquincollege.com\/fr\/wp-json\/wp\/v2\/types\/product"}],"wp:featuredmedia":[{"embeddable":true,"href":"https:\/\/training.algonquincollege.com\/fr\/wp-json\/wp\/v2\/media\/179005"}],"wp:attachment":[{"href":"https:\/\/training.algonquincollege.com\/fr\/wp-json\/wp\/v2\/media?parent=181761"}],"wp:term":[{"taxonomy":"product_brand","embeddable":true,"href":"https:\/\/training.algonquincollege.com\/fr\/wp-json\/wp\/v2\/product_brand?post=181761"},{"taxonomy":"product_cat","embeddable":true,"href":"https:\/\/training.algonquincollege.com\/fr\/wp-json\/wp\/v2\/product_cat?post=181761"},{"taxonomy":"product_tag","embeddable":true,"href":"https:\/\/training.algonquincollege.com\/fr\/wp-json\/wp\/v2\/product_tag?post=181761"}],"curies":[{"name":"wp","href":"https:\/\/api.w.org\/{rel}","templated":true}]}}