{"id":181702,"date":"2023-12-15T23:09:52","date_gmt":"2023-12-16T04:09:52","guid":{"rendered":"https:\/\/corporate.algonquincollege.com\/product\/bae4-modelisation-des-processus-dentreprise-et-des-flux-de-travail\/"},"modified":"2026-04-13T15:04:03","modified_gmt":"2026-04-13T19:04:03","slug":"bae4-modelisation-des-processus-dentreprise-et-des-flux-de-travail","status":"publish","type":"product","link":"https:\/\/training.algonquincollege.com\/fr\/produit\/bae4-modelisation-des-processus-dentreprise-et-des-flux-de-travail\/","title":{"rendered":"BAE4 : Mod\u00e9lisation des processus d&rsquo;entreprise et des flux de travail"},"content":{"rendered":"<p>Qu&rsquo;il s&rsquo;agisse d&rsquo;aligner des solutions sur des processus d&rsquo;entreprise ou d&rsquo;adapter un processus d&rsquo;entreprise \u00e0 une solution, il est essentiel de comprendre la mod\u00e9lisation des processus. Un aspect cl\u00e9 de la mod\u00e9lisation des processus m\u00e9tier et des flux de travail est d&rsquo;expliquer et d&rsquo;exploiter la diff\u00e9rence entre les flux de travail et les processus lorsque les \u00e9tudiants analysent un domaine d&rsquo;activit\u00e9. <\/p>\n","protected":false},"excerpt":{"rendered":"<p>Explorez les \u00e9l\u00e9ments cl\u00e9s d&rsquo;un processus d&rsquo;entreprise, notamment la gouvernance, les mesures, l&rsquo;alignement, les activit\u00e9s et les s\u00e9quences.<\/p>\n","protected":false},"featured_media":178935,"template":"","meta":{"_acf_changed":false},"product_brand":[],"product_cat":[82,80],"product_tag":[],"class_list":{"0":"post-181702","1":"product","2":"type-product","3":"status-publish","4":"has-post-thumbnail","6":"product_cat-analyse-daffaires","7":"product_cat-non-classifiee","8":"course_group-business-analysis-fr","9":"course_group-business-analysis-essentials-certificate-program-fr","11":"first","12":"outofstock","13":"shipping-taxable","14":"purchasable","15":"product-type-variable"},"acf":[],"yoast_head":"<!-- This site is optimized with the Yoast SEO plugin v27.5 - https:\/\/yoast.com\/product\/yoast-seo-wordpress\/ -->\n<title>BAE4 : Mod\u00e9lisation des processus d&#039;entreprise et des flux de travail - Professional Training - Algonquin College<\/title>\n<meta name=\"robots\" content=\"index, follow, max-snippet:-1, max-image-preview:large, max-video-preview:-1\" \/>\n<link rel=\"canonical\" href=\"https:\/\/training.algonquincollege.com\/fr\/produit\/bae4-modelisation-des-processus-dentreprise-et-des-flux-de-travail\/\" \/>\n<meta property=\"og:locale\" content=\"fr_FR\" \/>\n<meta property=\"og:type\" content=\"article\" \/>\n<meta property=\"og:title\" content=\"BAE4 : Mod\u00e9lisation des processus d&#039;entreprise et des flux de travail - Professional Training - Algonquin College\" \/>\n<meta property=\"og:description\" content=\"Explorez les \u00e9l\u00e9ments cl\u00e9s d&#039;un processus d&#039;entreprise, notamment la gouvernance, les mesures, l&#039;alignement, les activit\u00e9s et les s\u00e9quences.\" \/>\n<meta property=\"og:url\" content=\"https:\/\/training.algonquincollege.com\/fr\/produit\/bae4-modelisation-des-processus-dentreprise-et-des-flux-de-travail\/\" \/>\n<meta property=\"og:site_name\" content=\"Professional Training - Algonquin College\" \/>\n<meta property=\"article:modified_time\" content=\"2026-04-13T19:04:03+00:00\" \/>\n<meta property=\"og:image\" content=\"https:\/\/training.algonquincollege.com\/wp-content\/uploads\/2024\/04\/BAE4.jpg\" \/>\n\t<meta property=\"og:image:width\" content=\"1400\" \/>\n\t<meta property=\"og:image:height\" content=\"800\" \/>\n\t<meta property=\"og:image:type\" content=\"image\/jpeg\" \/>\n<meta name=\"twitter:card\" content=\"summary_large_image\" \/>\n<meta name=\"twitter:label1\" content=\"Dur\u00e9e de lecture estim\u00e9e\" \/>\n\t<meta name=\"twitter:data1\" content=\"1 minute\" \/>\n<script type=\"application\/ld+json\" class=\"yoast-schema-graph\">{\"@context\":\"https:\\\/\\\/schema.org\",\"@graph\":[{\"@type\":\"WebPage\",\"@id\":\"https:\\\/\\\/training.algonquincollege.com\\\/fr\\\/produit\\\/bae4-modelisation-des-processus-dentreprise-et-des-flux-de-travail\\\/\",\"url\":\"https:\\\/\\\/training.algonquincollege.com\\\/fr\\\/produit\\\/bae4-modelisation-des-processus-dentreprise-et-des-flux-de-travail\\\/\",\"name\":\"BAE4 : Mod\u00e9lisation des processus d'entreprise et des flux de travail - Professional Training - Algonquin College\",\"isPartOf\":{\"@id\":\"https:\\\/\\\/training.algonquincollege.com\\\/#website\"},\"primaryImageOfPage\":{\"@id\":\"https:\\\/\\\/training.algonquincollege.com\\\/fr\\\/produit\\\/bae4-modelisation-des-processus-dentreprise-et-des-flux-de-travail\\\/#primaryimage\"},\"image\":{\"@id\":\"https:\\\/\\\/training.algonquincollege.com\\\/fr\\\/produit\\\/bae4-modelisation-des-processus-dentreprise-et-des-flux-de-travail\\\/#primaryimage\"},\"thumbnailUrl\":\"https:\\\/\\\/training.algonquincollege.com\\\/wp-content\\\/uploads\\\/2024\\\/04\\\/BAE4.jpg\",\"datePublished\":\"2023-12-16T04:09:52+00:00\",\"dateModified\":\"2026-04-13T19:04:03+00:00\",\"breadcrumb\":{\"@id\":\"https:\\\/\\\/training.algonquincollege.com\\\/fr\\\/produit\\\/bae4-modelisation-des-processus-dentreprise-et-des-flux-de-travail\\\/#breadcrumb\"},\"inLanguage\":\"fr-FR\",\"potentialAction\":[{\"@type\":\"ReadAction\",\"target\":[\"https:\\\/\\\/training.algonquincollege.com\\\/fr\\\/produit\\\/bae4-modelisation-des-processus-dentreprise-et-des-flux-de-travail\\\/\"]}]},{\"@type\":\"ImageObject\",\"inLanguage\":\"fr-FR\",\"@id\":\"https:\\\/\\\/training.algonquincollege.com\\\/fr\\\/produit\\\/bae4-modelisation-des-processus-dentreprise-et-des-flux-de-travail\\\/#primaryimage\",\"url\":\"https:\\\/\\\/training.algonquincollege.com\\\/wp-content\\\/uploads\\\/2024\\\/04\\\/BAE4.jpg\",\"contentUrl\":\"https:\\\/\\\/training.algonquincollege.com\\\/wp-content\\\/uploads\\\/2024\\\/04\\\/BAE4.jpg\",\"width\":1400,\"height\":800},{\"@type\":\"BreadcrumbList\",\"@id\":\"https:\\\/\\\/training.algonquincollege.com\\\/fr\\\/produit\\\/bae4-modelisation-des-processus-dentreprise-et-des-flux-de-travail\\\/#breadcrumb\",\"itemListElement\":[{\"@type\":\"ListItem\",\"position\":1,\"name\":\"Home\",\"item\":\"https:\\\/\\\/training.algonquincollege.com\\\/fr\\\/accueil\\\/\"},{\"@type\":\"ListItem\",\"position\":2,\"name\":\"Boutique\",\"item\":\"https:\\\/\\\/training.algonquincollege.com\\\/fr\\\/boutique\\\/\"},{\"@type\":\"ListItem\",\"position\":3,\"name\":\"BAE4 : Mod\u00e9lisation des processus d&#8217;entreprise et des flux de travail\"}]},{\"@type\":\"WebSite\",\"@id\":\"https:\\\/\\\/training.algonquincollege.com\\\/#website\",\"url\":\"https:\\\/\\\/training.algonquincollege.com\\\/\",\"name\":\"Professional Training - Algonquin College\",\"description\":\"\",\"publisher\":{\"@id\":\"https:\\\/\\\/training.algonquincollege.com\\\/#organization\"},\"potentialAction\":[{\"@type\":\"SearchAction\",\"target\":{\"@type\":\"EntryPoint\",\"urlTemplate\":\"https:\\\/\\\/training.algonquincollege.com\\\/?s={search_term_string}\"},\"query-input\":{\"@type\":\"PropertyValueSpecification\",\"valueRequired\":true,\"valueName\":\"search_term_string\"}}],\"inLanguage\":\"fr-FR\"},{\"@type\":\"Organization\",\"@id\":\"https:\\\/\\\/training.algonquincollege.com\\\/#organization\",\"name\":\"Professional Training - Algonquin College\",\"url\":\"https:\\\/\\\/training.algonquincollege.com\\\/\",\"logo\":{\"@type\":\"ImageObject\",\"inLanguage\":\"fr-FR\",\"@id\":\"https:\\\/\\\/training.algonquincollege.com\\\/#\\\/schema\\\/logo\\\/image\\\/\",\"url\":\"https:\\\/\\\/training.algonquincollege.com\\\/wp-content\\\/uploads\\\/2023\\\/10\\\/cropped-acct_logo.png\",\"contentUrl\":\"https:\\\/\\\/training.algonquincollege.com\\\/wp-content\\\/uploads\\\/2023\\\/10\\\/cropped-acct_logo.png\",\"width\":300,\"height\":44,\"caption\":\"Professional Training - Algonquin College\"},\"image\":{\"@id\":\"https:\\\/\\\/training.algonquincollege.com\\\/#\\\/schema\\\/logo\\\/image\\\/\"}}]}<\/script>\n<!-- \/ Yoast SEO plugin. -->","yoast_head_json":{"title":"BAE4 : Mod\u00e9lisation des processus d'entreprise et des flux de travail - Professional Training - Algonquin College","robots":{"index":"index","follow":"follow","max-snippet":"max-snippet:-1","max-image-preview":"max-image-preview:large","max-video-preview":"max-video-preview:-1"},"canonical":"https:\/\/training.algonquincollege.com\/fr\/produit\/bae4-modelisation-des-processus-dentreprise-et-des-flux-de-travail\/","og_locale":"fr_FR","og_type":"article","og_title":"BAE4 : Mod\u00e9lisation des processus d'entreprise et des flux de travail - Professional Training - Algonquin College","og_description":"Explorez les \u00e9l\u00e9ments cl\u00e9s d'un processus d'entreprise, notamment la gouvernance, les mesures, l'alignement, les activit\u00e9s et les s\u00e9quences.","og_url":"https:\/\/training.algonquincollege.com\/fr\/produit\/bae4-modelisation-des-processus-dentreprise-et-des-flux-de-travail\/","og_site_name":"Professional Training - Algonquin College","article_modified_time":"2026-04-13T19:04:03+00:00","og_image":[{"width":1400,"height":800,"url":"https:\/\/training.algonquincollege.com\/wp-content\/uploads\/2024\/04\/BAE4.jpg","type":"image\/jpeg"}],"twitter_card":"summary_large_image","twitter_misc":{"Dur\u00e9e de lecture estim\u00e9e":"1 minute"},"schema":{"@context":"https:\/\/schema.org","@graph":[{"@type":"WebPage","@id":"https:\/\/training.algonquincollege.com\/fr\/produit\/bae4-modelisation-des-processus-dentreprise-et-des-flux-de-travail\/","url":"https:\/\/training.algonquincollege.com\/fr\/produit\/bae4-modelisation-des-processus-dentreprise-et-des-flux-de-travail\/","name":"BAE4 : Mod\u00e9lisation des processus d'entreprise et des flux de travail - Professional Training - Algonquin College","isPartOf":{"@id":"https:\/\/training.algonquincollege.com\/#website"},"primaryImageOfPage":{"@id":"https:\/\/training.algonquincollege.com\/fr\/produit\/bae4-modelisation-des-processus-dentreprise-et-des-flux-de-travail\/#primaryimage"},"image":{"@id":"https:\/\/training.algonquincollege.com\/fr\/produit\/bae4-modelisation-des-processus-dentreprise-et-des-flux-de-travail\/#primaryimage"},"thumbnailUrl":"https:\/\/training.algonquincollege.com\/wp-content\/uploads\/2024\/04\/BAE4.jpg","datePublished":"2023-12-16T04:09:52+00:00","dateModified":"2026-04-13T19:04:03+00:00","breadcrumb":{"@id":"https:\/\/training.algonquincollege.com\/fr\/produit\/bae4-modelisation-des-processus-dentreprise-et-des-flux-de-travail\/#breadcrumb"},"inLanguage":"fr-FR","potentialAction":[{"@type":"ReadAction","target":["https:\/\/training.algonquincollege.com\/fr\/produit\/bae4-modelisation-des-processus-dentreprise-et-des-flux-de-travail\/"]}]},{"@type":"ImageObject","inLanguage":"fr-FR","@id":"https:\/\/training.algonquincollege.com\/fr\/produit\/bae4-modelisation-des-processus-dentreprise-et-des-flux-de-travail\/#primaryimage","url":"https:\/\/training.algonquincollege.com\/wp-content\/uploads\/2024\/04\/BAE4.jpg","contentUrl":"https:\/\/training.algonquincollege.com\/wp-content\/uploads\/2024\/04\/BAE4.jpg","width":1400,"height":800},{"@type":"BreadcrumbList","@id":"https:\/\/training.algonquincollege.com\/fr\/produit\/bae4-modelisation-des-processus-dentreprise-et-des-flux-de-travail\/#breadcrumb","itemListElement":[{"@type":"ListItem","position":1,"name":"Home","item":"https:\/\/training.algonquincollege.com\/fr\/accueil\/"},{"@type":"ListItem","position":2,"name":"Boutique","item":"https:\/\/training.algonquincollege.com\/fr\/boutique\/"},{"@type":"ListItem","position":3,"name":"BAE4 : Mod\u00e9lisation des processus d&#8217;entreprise et des flux de travail"}]},{"@type":"WebSite","@id":"https:\/\/training.algonquincollege.com\/#website","url":"https:\/\/training.algonquincollege.com\/","name":"Professional Training - Algonquin College","description":"","publisher":{"@id":"https:\/\/training.algonquincollege.com\/#organization"},"potentialAction":[{"@type":"SearchAction","target":{"@type":"EntryPoint","urlTemplate":"https:\/\/training.algonquincollege.com\/?s={search_term_string}"},"query-input":{"@type":"PropertyValueSpecification","valueRequired":true,"valueName":"search_term_string"}}],"inLanguage":"fr-FR"},{"@type":"Organization","@id":"https:\/\/training.algonquincollege.com\/#organization","name":"Professional Training - Algonquin College","url":"https:\/\/training.algonquincollege.com\/","logo":{"@type":"ImageObject","inLanguage":"fr-FR","@id":"https:\/\/training.algonquincollege.com\/#\/schema\/logo\/image\/","url":"https:\/\/training.algonquincollege.com\/wp-content\/uploads\/2023\/10\/cropped-acct_logo.png","contentUrl":"https:\/\/training.algonquincollege.com\/wp-content\/uploads\/2023\/10\/cropped-acct_logo.png","width":300,"height":44,"caption":"Professional Training - Algonquin College"},"image":{"@id":"https:\/\/training.algonquincollege.com\/#\/schema\/logo\/image\/"}}]}},"_links":{"self":[{"href":"https:\/\/training.algonquincollege.com\/fr\/wp-json\/wp\/v2\/product\/181702","targetHints":{"allow":["GET"]}}],"collection":[{"href":"https:\/\/training.algonquincollege.com\/fr\/wp-json\/wp\/v2\/product"}],"about":[{"href":"https:\/\/training.algonquincollege.com\/fr\/wp-json\/wp\/v2\/types\/product"}],"wp:featuredmedia":[{"embeddable":true,"href":"https:\/\/training.algonquincollege.com\/fr\/wp-json\/wp\/v2\/media\/178935"}],"wp:attachment":[{"href":"https:\/\/training.algonquincollege.com\/fr\/wp-json\/wp\/v2\/media?parent=181702"}],"wp:term":[{"taxonomy":"product_brand","embeddable":true,"href":"https:\/\/training.algonquincollege.com\/fr\/wp-json\/wp\/v2\/product_brand?post=181702"},{"taxonomy":"product_cat","embeddable":true,"href":"https:\/\/training.algonquincollege.com\/fr\/wp-json\/wp\/v2\/product_cat?post=181702"},{"taxonomy":"product_tag","embeddable":true,"href":"https:\/\/training.algonquincollege.com\/fr\/wp-json\/wp\/v2\/product_tag?post=181702"}],"curies":[{"name":"wp","href":"https:\/\/api.w.org\/{rel}","templated":true}]}}