{"id":181670,"date":"2023-12-15T23:09:45","date_gmt":"2023-12-16T04:09:45","guid":{"rendered":"https:\/\/corporate.algonquincollege.com\/product\/fmp-operations-et-maintenance\/"},"modified":"2026-04-13T16:00:48","modified_gmt":"2026-04-13T20:00:48","slug":"fmp-operations-et-maintenance","status":"publish","type":"product","link":"https:\/\/training.algonquincollege.com\/fr\/produit\/fmp-operations-et-maintenance\/","title":{"rendered":"FMP : Op\u00e9rations et maintenance"},"content":{"rendered":"<p>Comment \u00e9valuer et inspecter les besoins des installations<\/p>\n<p>Ce cours de Professionnel de la gestion des installations se concentre sur les op\u00e9rations et la maintenance et est l&rsquo;un des quatre cours fondamentaux qui composent le programme de certification du programme d\u2019accr\u00e9ditation de Professionnel de la gestion des installations (FMP). Le programme est con\u00e7u pour r\u00e9pondre aux d\u00e9fis de la profession de gestionnaire d&rsquo;installations et fournir une exp\u00e9rience d&rsquo;apprentissage standardis\u00e9e, coh\u00e9rente et de haute qualit\u00e9. <\/p>\n<p>Le programme comprend des documents imprim\u00e9s complets, des outils d&rsquo;\u00e9tude interactifs en ligne et des \u00e9valuations finales FMP en ligne. L&rsquo;acc\u00e8s au programme expire deux ans apr\u00e8s la date \u00e0 laquelle il a \u00e9t\u00e9 activ\u00e9.  Les cours du programme peuvent \u00eatre suivis dans n&rsquo;importe quel ordre.<\/p>\n<p>Il y a quatre cours dans le programme IFMA<sup>\u2122<\/sup>\u202f:<\/p>\n<ol>\n<li>Op\u00e9rations et maintenance<\/li>\n<li><a href=\"https:\/\/corporate.algonquincollege.com\/product\/fmp-project-management\/\">Gestion de projet<\/a><\/li>\n<li><a href=\"https:\/\/corporate.algonquincollege.com\/product\/fmp-finance-and-business\/\">Finances et affaires<\/a><\/li>\n<li><a href=\"https:\/\/corporate.algonquincollege.com\/product\/fmp-leadership-and-strategy\/\">Leadership et strat\u00e9gie<\/a><\/li>\n<\/ol>\n","protected":false},"excerpt":{"rendered":"<p>D\u00e9velopper des comp\u00e9tences pour g\u00e9rer, superviser et contr\u00f4ler les op\u00e9rations et la maintenance des b\u00e2timents, des syst\u00e8mes et des \u00e9quipements.<\/p>\n","protected":false},"featured_media":178969,"template":"","meta":{"_acf_changed":false},"product_brand":[],"product_cat":[90,80],"product_tag":[],"class_list":{"0":"post-181670","1":"product","2":"type-product","3":"status-publish","4":"has-post-thumbnail","6":"product_cat-facility-management-fr","7":"product_cat-non-classifiee","8":"course_group-facility-management-fr","9":"course_group-facility-management-professional-credential-program-fr","11":"first","12":"outofstock","13":"shipping-taxable","14":"purchasable","15":"product-type-variable"},"acf":[],"yoast_head":"<!-- This site is optimized with the Yoast SEO plugin v27.5 - https:\/\/yoast.com\/product\/yoast-seo-wordpress\/ -->\n<title>FMP : Op\u00e9rations et maintenance - Professional Training - Algonquin College<\/title>\n<meta name=\"robots\" content=\"index, follow, max-snippet:-1, max-image-preview:large, max-video-preview:-1\" \/>\n<link rel=\"canonical\" href=\"https:\/\/training.algonquincollege.com\/fr\/produit\/fmp-operations-et-maintenance\/\" \/>\n<meta property=\"og:locale\" content=\"fr_FR\" \/>\n<meta property=\"og:type\" content=\"article\" \/>\n<meta property=\"og:title\" content=\"FMP : Op\u00e9rations et maintenance - Professional Training - Algonquin College\" \/>\n<meta property=\"og:description\" content=\"D\u00e9velopper des comp\u00e9tences pour g\u00e9rer, superviser et contr\u00f4ler les op\u00e9rations et la maintenance des b\u00e2timents, des syst\u00e8mes et des \u00e9quipements.\" \/>\n<meta property=\"og:url\" content=\"https:\/\/training.algonquincollege.com\/fr\/produit\/fmp-operations-et-maintenance\/\" \/>\n<meta property=\"og:site_name\" content=\"Professional Training - Algonquin College\" \/>\n<meta property=\"article:modified_time\" content=\"2026-04-13T20:00:48+00:00\" \/>\n<meta property=\"og:image\" content=\"https:\/\/training.algonquincollege.com\/wp-content\/uploads\/2024\/04\/FMP1.jpg\" \/>\n\t<meta property=\"og:image:width\" content=\"1400\" \/>\n\t<meta property=\"og:image:height\" content=\"800\" \/>\n\t<meta property=\"og:image:type\" content=\"image\/jpeg\" \/>\n<meta name=\"twitter:card\" content=\"summary_large_image\" \/>\n<meta name=\"twitter:label1\" content=\"Dur\u00e9e de lecture estim\u00e9e\" \/>\n\t<meta name=\"twitter:data1\" content=\"1 minute\" \/>\n<script type=\"application\/ld+json\" class=\"yoast-schema-graph\">{\"@context\":\"https:\\\/\\\/schema.org\",\"@graph\":[{\"@type\":\"WebPage\",\"@id\":\"https:\\\/\\\/training.algonquincollege.com\\\/fr\\\/produit\\\/fmp-operations-et-maintenance\\\/\",\"url\":\"https:\\\/\\\/training.algonquincollege.com\\\/fr\\\/produit\\\/fmp-operations-et-maintenance\\\/\",\"name\":\"FMP : Op\u00e9rations et maintenance - Professional Training - Algonquin College\",\"isPartOf\":{\"@id\":\"https:\\\/\\\/training.algonquincollege.com\\\/#website\"},\"primaryImageOfPage\":{\"@id\":\"https:\\\/\\\/training.algonquincollege.com\\\/fr\\\/produit\\\/fmp-operations-et-maintenance\\\/#primaryimage\"},\"image\":{\"@id\":\"https:\\\/\\\/training.algonquincollege.com\\\/fr\\\/produit\\\/fmp-operations-et-maintenance\\\/#primaryimage\"},\"thumbnailUrl\":\"https:\\\/\\\/training.algonquincollege.com\\\/wp-content\\\/uploads\\\/2024\\\/04\\\/FMP1.jpg\",\"datePublished\":\"2023-12-16T04:09:45+00:00\",\"dateModified\":\"2026-04-13T20:00:48+00:00\",\"breadcrumb\":{\"@id\":\"https:\\\/\\\/training.algonquincollege.com\\\/fr\\\/produit\\\/fmp-operations-et-maintenance\\\/#breadcrumb\"},\"inLanguage\":\"fr-FR\",\"potentialAction\":[{\"@type\":\"ReadAction\",\"target\":[\"https:\\\/\\\/training.algonquincollege.com\\\/fr\\\/produit\\\/fmp-operations-et-maintenance\\\/\"]}]},{\"@type\":\"ImageObject\",\"inLanguage\":\"fr-FR\",\"@id\":\"https:\\\/\\\/training.algonquincollege.com\\\/fr\\\/produit\\\/fmp-operations-et-maintenance\\\/#primaryimage\",\"url\":\"https:\\\/\\\/training.algonquincollege.com\\\/wp-content\\\/uploads\\\/2024\\\/04\\\/FMP1.jpg\",\"contentUrl\":\"https:\\\/\\\/training.algonquincollege.com\\\/wp-content\\\/uploads\\\/2024\\\/04\\\/FMP1.jpg\",\"width\":1400,\"height\":800},{\"@type\":\"BreadcrumbList\",\"@id\":\"https:\\\/\\\/training.algonquincollege.com\\\/fr\\\/produit\\\/fmp-operations-et-maintenance\\\/#breadcrumb\",\"itemListElement\":[{\"@type\":\"ListItem\",\"position\":1,\"name\":\"Home\",\"item\":\"https:\\\/\\\/training.algonquincollege.com\\\/fr\\\/accueil\\\/\"},{\"@type\":\"ListItem\",\"position\":2,\"name\":\"Boutique\",\"item\":\"https:\\\/\\\/training.algonquincollege.com\\\/fr\\\/boutique\\\/\"},{\"@type\":\"ListItem\",\"position\":3,\"name\":\"FMP : Op\u00e9rations et maintenance\"}]},{\"@type\":\"WebSite\",\"@id\":\"https:\\\/\\\/training.algonquincollege.com\\\/#website\",\"url\":\"https:\\\/\\\/training.algonquincollege.com\\\/\",\"name\":\"Professional Training - Algonquin College\",\"description\":\"\",\"publisher\":{\"@id\":\"https:\\\/\\\/training.algonquincollege.com\\\/#organization\"},\"potentialAction\":[{\"@type\":\"SearchAction\",\"target\":{\"@type\":\"EntryPoint\",\"urlTemplate\":\"https:\\\/\\\/training.algonquincollege.com\\\/?s={search_term_string}\"},\"query-input\":{\"@type\":\"PropertyValueSpecification\",\"valueRequired\":true,\"valueName\":\"search_term_string\"}}],\"inLanguage\":\"fr-FR\"},{\"@type\":\"Organization\",\"@id\":\"https:\\\/\\\/training.algonquincollege.com\\\/#organization\",\"name\":\"Professional Training - Algonquin College\",\"url\":\"https:\\\/\\\/training.algonquincollege.com\\\/\",\"logo\":{\"@type\":\"ImageObject\",\"inLanguage\":\"fr-FR\",\"@id\":\"https:\\\/\\\/training.algonquincollege.com\\\/#\\\/schema\\\/logo\\\/image\\\/\",\"url\":\"https:\\\/\\\/training.algonquincollege.com\\\/wp-content\\\/uploads\\\/2023\\\/10\\\/cropped-acct_logo.png\",\"contentUrl\":\"https:\\\/\\\/training.algonquincollege.com\\\/wp-content\\\/uploads\\\/2023\\\/10\\\/cropped-acct_logo.png\",\"width\":300,\"height\":44,\"caption\":\"Professional Training - Algonquin College\"},\"image\":{\"@id\":\"https:\\\/\\\/training.algonquincollege.com\\\/#\\\/schema\\\/logo\\\/image\\\/\"}}]}<\/script>\n<!-- \/ Yoast SEO plugin. -->","yoast_head_json":{"title":"FMP : Op\u00e9rations et maintenance - Professional Training - Algonquin College","robots":{"index":"index","follow":"follow","max-snippet":"max-snippet:-1","max-image-preview":"max-image-preview:large","max-video-preview":"max-video-preview:-1"},"canonical":"https:\/\/training.algonquincollege.com\/fr\/produit\/fmp-operations-et-maintenance\/","og_locale":"fr_FR","og_type":"article","og_title":"FMP : Op\u00e9rations et maintenance - Professional Training - Algonquin College","og_description":"D\u00e9velopper des comp\u00e9tences pour g\u00e9rer, superviser et contr\u00f4ler les op\u00e9rations et la maintenance des b\u00e2timents, des syst\u00e8mes et des \u00e9quipements.","og_url":"https:\/\/training.algonquincollege.com\/fr\/produit\/fmp-operations-et-maintenance\/","og_site_name":"Professional Training - Algonquin College","article_modified_time":"2026-04-13T20:00:48+00:00","og_image":[{"width":1400,"height":800,"url":"https:\/\/training.algonquincollege.com\/wp-content\/uploads\/2024\/04\/FMP1.jpg","type":"image\/jpeg"}],"twitter_card":"summary_large_image","twitter_misc":{"Dur\u00e9e de lecture estim\u00e9e":"1 minute"},"schema":{"@context":"https:\/\/schema.org","@graph":[{"@type":"WebPage","@id":"https:\/\/training.algonquincollege.com\/fr\/produit\/fmp-operations-et-maintenance\/","url":"https:\/\/training.algonquincollege.com\/fr\/produit\/fmp-operations-et-maintenance\/","name":"FMP : Op\u00e9rations et maintenance - Professional Training - Algonquin College","isPartOf":{"@id":"https:\/\/training.algonquincollege.com\/#website"},"primaryImageOfPage":{"@id":"https:\/\/training.algonquincollege.com\/fr\/produit\/fmp-operations-et-maintenance\/#primaryimage"},"image":{"@id":"https:\/\/training.algonquincollege.com\/fr\/produit\/fmp-operations-et-maintenance\/#primaryimage"},"thumbnailUrl":"https:\/\/training.algonquincollege.com\/wp-content\/uploads\/2024\/04\/FMP1.jpg","datePublished":"2023-12-16T04:09:45+00:00","dateModified":"2026-04-13T20:00:48+00:00","breadcrumb":{"@id":"https:\/\/training.algonquincollege.com\/fr\/produit\/fmp-operations-et-maintenance\/#breadcrumb"},"inLanguage":"fr-FR","potentialAction":[{"@type":"ReadAction","target":["https:\/\/training.algonquincollege.com\/fr\/produit\/fmp-operations-et-maintenance\/"]}]},{"@type":"ImageObject","inLanguage":"fr-FR","@id":"https:\/\/training.algonquincollege.com\/fr\/produit\/fmp-operations-et-maintenance\/#primaryimage","url":"https:\/\/training.algonquincollege.com\/wp-content\/uploads\/2024\/04\/FMP1.jpg","contentUrl":"https:\/\/training.algonquincollege.com\/wp-content\/uploads\/2024\/04\/FMP1.jpg","width":1400,"height":800},{"@type":"BreadcrumbList","@id":"https:\/\/training.algonquincollege.com\/fr\/produit\/fmp-operations-et-maintenance\/#breadcrumb","itemListElement":[{"@type":"ListItem","position":1,"name":"Home","item":"https:\/\/training.algonquincollege.com\/fr\/accueil\/"},{"@type":"ListItem","position":2,"name":"Boutique","item":"https:\/\/training.algonquincollege.com\/fr\/boutique\/"},{"@type":"ListItem","position":3,"name":"FMP : Op\u00e9rations et maintenance"}]},{"@type":"WebSite","@id":"https:\/\/training.algonquincollege.com\/#website","url":"https:\/\/training.algonquincollege.com\/","name":"Professional Training - Algonquin College","description":"","publisher":{"@id":"https:\/\/training.algonquincollege.com\/#organization"},"potentialAction":[{"@type":"SearchAction","target":{"@type":"EntryPoint","urlTemplate":"https:\/\/training.algonquincollege.com\/?s={search_term_string}"},"query-input":{"@type":"PropertyValueSpecification","valueRequired":true,"valueName":"search_term_string"}}],"inLanguage":"fr-FR"},{"@type":"Organization","@id":"https:\/\/training.algonquincollege.com\/#organization","name":"Professional Training - Algonquin College","url":"https:\/\/training.algonquincollege.com\/","logo":{"@type":"ImageObject","inLanguage":"fr-FR","@id":"https:\/\/training.algonquincollege.com\/#\/schema\/logo\/image\/","url":"https:\/\/training.algonquincollege.com\/wp-content\/uploads\/2023\/10\/cropped-acct_logo.png","contentUrl":"https:\/\/training.algonquincollege.com\/wp-content\/uploads\/2023\/10\/cropped-acct_logo.png","width":300,"height":44,"caption":"Professional Training - Algonquin College"},"image":{"@id":"https:\/\/training.algonquincollege.com\/#\/schema\/logo\/image\/"}}]}},"_links":{"self":[{"href":"https:\/\/training.algonquincollege.com\/fr\/wp-json\/wp\/v2\/product\/181670","targetHints":{"allow":["GET"]}}],"collection":[{"href":"https:\/\/training.algonquincollege.com\/fr\/wp-json\/wp\/v2\/product"}],"about":[{"href":"https:\/\/training.algonquincollege.com\/fr\/wp-json\/wp\/v2\/types\/product"}],"wp:featuredmedia":[{"embeddable":true,"href":"https:\/\/training.algonquincollege.com\/fr\/wp-json\/wp\/v2\/media\/178969"}],"wp:attachment":[{"href":"https:\/\/training.algonquincollege.com\/fr\/wp-json\/wp\/v2\/media?parent=181670"}],"wp:term":[{"taxonomy":"product_brand","embeddable":true,"href":"https:\/\/training.algonquincollege.com\/fr\/wp-json\/wp\/v2\/product_brand?post=181670"},{"taxonomy":"product_cat","embeddable":true,"href":"https:\/\/training.algonquincollege.com\/fr\/wp-json\/wp\/v2\/product_cat?post=181670"},{"taxonomy":"product_tag","embeddable":true,"href":"https:\/\/training.algonquincollege.com\/fr\/wp-json\/wp\/v2\/product_tag?post=181670"}],"curies":[{"name":"wp","href":"https:\/\/api.w.org\/{rel}","templated":true}]}}