{"id":181660,"date":"2024-05-09T13:27:46","date_gmt":"2024-05-09T17:27:46","guid":{"rendered":"https:\/\/corporate.algonquincollege.com\/product\/pl-300t00-analyste-de-donnees-microsoft-power-bi\/"},"modified":"2026-04-13T16:05:19","modified_gmt":"2026-04-13T20:05:19","slug":"pl-300t00-analyste-de-donnees-microsoft-power-bi","status":"publish","type":"product","link":"https:\/\/training.algonquincollege.com\/fr\/produit\/pl-300t00-analyste-de-donnees-microsoft-power-bi\/","title":{"rendered":"PL-300T00 : Analyste de donn\u00e9es Microsoft Power BI"},"content":{"rendered":"<p>Ce cours couvre les diff\u00e9rentes m\u00e9thodes et les meilleures pratiques qui sont en ligne avec les exigences commerciales et techniques pour la mod\u00e9lisation, la visualisation et l&rsquo;analyse des donn\u00e9es avec Power BI. Le cours montre comment acc\u00e9der aux donn\u00e9es et les traiter \u00e0 partir d&rsquo;un \u00e9ventail de sources de donn\u00e9es, y compris les sources relationnelles et non relationnelles. Enfin, ce cours abordera \u00e9galement la gestion et le d\u00e9ploiement de rapports et de tableaux de bord pour le partage et la distribution de contenu.  <\/p>\n","protected":false},"excerpt":{"rendered":"<p>Cette formation Power BI aborde les diff\u00e9rentes m\u00e9thodes et les meilleures pratiques conformes aux exigences commerciales et techniques pour la mod\u00e9lisation, la visualisation et l&rsquo;analyse des donn\u00e9es avec Power BI. <\/p>\n","protected":false},"featured_media":178996,"template":"","meta":{"_acf_changed":false},"product_brand":[],"product_cat":[119,80],"product_tag":[],"class_list":{"0":"post-181660","1":"product","2":"type-product","3":"status-publish","4":"has-post-thumbnail","6":"product_cat-microsoft-training-fr","7":"product_cat-non-classifiee","8":"course_group-microsoft-training-fr","10":"first","11":"instock","12":"shipping-taxable","13":"purchasable","14":"product-type-variable"},"acf":[],"yoast_head":"<!-- This site is optimized with the Yoast SEO plugin v27.5 - https:\/\/yoast.com\/product\/yoast-seo-wordpress\/ -->\n<title>PL-300T00 : Analyste de donn\u00e9es Microsoft Power BI - Professional Training - Algonquin College<\/title>\n<meta name=\"robots\" content=\"index, follow, max-snippet:-1, max-image-preview:large, max-video-preview:-1\" \/>\n<link rel=\"canonical\" href=\"https:\/\/training.algonquincollege.com\/fr\/produit\/pl-300t00-analyste-de-donnees-microsoft-power-bi\/\" \/>\n<meta property=\"og:locale\" content=\"fr_FR\" \/>\n<meta property=\"og:type\" content=\"article\" \/>\n<meta property=\"og:title\" content=\"PL-300T00 : Analyste de donn\u00e9es Microsoft Power BI - Professional Training - Algonquin College\" \/>\n<meta property=\"og:description\" content=\"Cette formation Power BI aborde les diff\u00e9rentes m\u00e9thodes et les meilleures pratiques conformes aux exigences commerciales et techniques pour la mod\u00e9lisation, la visualisation et l&#039;analyse des donn\u00e9es avec Power BI.\" \/>\n<meta property=\"og:url\" content=\"https:\/\/training.algonquincollege.com\/fr\/produit\/pl-300t00-analyste-de-donnees-microsoft-power-bi\/\" \/>\n<meta property=\"og:site_name\" content=\"Professional Training - Algonquin College\" \/>\n<meta property=\"article:modified_time\" content=\"2026-04-13T20:05:19+00:00\" \/>\n<meta property=\"og:image\" content=\"https:\/\/training.algonquincollege.com\/wp-content\/uploads\/2024\/04\/Microsoft-Power-BI-Data-Analyst-Training.jpg\" \/>\n\t<meta property=\"og:image:width\" content=\"1400\" \/>\n\t<meta property=\"og:image:height\" content=\"800\" \/>\n\t<meta property=\"og:image:type\" content=\"image\/jpeg\" \/>\n<meta name=\"twitter:card\" content=\"summary_large_image\" \/>\n<meta name=\"twitter:label1\" content=\"Dur\u00e9e de lecture estim\u00e9e\" \/>\n\t<meta name=\"twitter:data1\" content=\"1 minute\" \/>\n<script type=\"application\/ld+json\" class=\"yoast-schema-graph\">{\"@context\":\"https:\\\/\\\/schema.org\",\"@graph\":[{\"@type\":\"WebPage\",\"@id\":\"https:\\\/\\\/training.algonquincollege.com\\\/fr\\\/produit\\\/pl-300t00-analyste-de-donnees-microsoft-power-bi\\\/\",\"url\":\"https:\\\/\\\/training.algonquincollege.com\\\/fr\\\/produit\\\/pl-300t00-analyste-de-donnees-microsoft-power-bi\\\/\",\"name\":\"PL-300T00 : Analyste de donn\u00e9es Microsoft Power BI - Professional Training - Algonquin College\",\"isPartOf\":{\"@id\":\"https:\\\/\\\/training.algonquincollege.com\\\/#website\"},\"primaryImageOfPage\":{\"@id\":\"https:\\\/\\\/training.algonquincollege.com\\\/fr\\\/produit\\\/pl-300t00-analyste-de-donnees-microsoft-power-bi\\\/#primaryimage\"},\"image\":{\"@id\":\"https:\\\/\\\/training.algonquincollege.com\\\/fr\\\/produit\\\/pl-300t00-analyste-de-donnees-microsoft-power-bi\\\/#primaryimage\"},\"thumbnailUrl\":\"https:\\\/\\\/training.algonquincollege.com\\\/wp-content\\\/uploads\\\/2024\\\/04\\\/Microsoft-Power-BI-Data-Analyst-Training.jpg\",\"datePublished\":\"2024-05-09T17:27:46+00:00\",\"dateModified\":\"2026-04-13T20:05:19+00:00\",\"breadcrumb\":{\"@id\":\"https:\\\/\\\/training.algonquincollege.com\\\/fr\\\/produit\\\/pl-300t00-analyste-de-donnees-microsoft-power-bi\\\/#breadcrumb\"},\"inLanguage\":\"fr-FR\",\"potentialAction\":[{\"@type\":\"ReadAction\",\"target\":[\"https:\\\/\\\/training.algonquincollege.com\\\/fr\\\/produit\\\/pl-300t00-analyste-de-donnees-microsoft-power-bi\\\/\"]}]},{\"@type\":\"ImageObject\",\"inLanguage\":\"fr-FR\",\"@id\":\"https:\\\/\\\/training.algonquincollege.com\\\/fr\\\/produit\\\/pl-300t00-analyste-de-donnees-microsoft-power-bi\\\/#primaryimage\",\"url\":\"https:\\\/\\\/training.algonquincollege.com\\\/wp-content\\\/uploads\\\/2024\\\/04\\\/Microsoft-Power-BI-Data-Analyst-Training.jpg\",\"contentUrl\":\"https:\\\/\\\/training.algonquincollege.com\\\/wp-content\\\/uploads\\\/2024\\\/04\\\/Microsoft-Power-BI-Data-Analyst-Training.jpg\",\"width\":1400,\"height\":800,\"caption\":\"Une femme souriante utilisant un ordinateur portable et une tablette pour travailler.\"},{\"@type\":\"BreadcrumbList\",\"@id\":\"https:\\\/\\\/training.algonquincollege.com\\\/fr\\\/produit\\\/pl-300t00-analyste-de-donnees-microsoft-power-bi\\\/#breadcrumb\",\"itemListElement\":[{\"@type\":\"ListItem\",\"position\":1,\"name\":\"Home\",\"item\":\"https:\\\/\\\/training.algonquincollege.com\\\/fr\\\/accueil\\\/\"},{\"@type\":\"ListItem\",\"position\":2,\"name\":\"Boutique\",\"item\":\"https:\\\/\\\/training.algonquincollege.com\\\/fr\\\/boutique\\\/\"},{\"@type\":\"ListItem\",\"position\":3,\"name\":\"PL-300T00 : Analyste de donn\u00e9es Microsoft Power BI\"}]},{\"@type\":\"WebSite\",\"@id\":\"https:\\\/\\\/training.algonquincollege.com\\\/#website\",\"url\":\"https:\\\/\\\/training.algonquincollege.com\\\/\",\"name\":\"Professional Training - Algonquin College\",\"description\":\"\",\"publisher\":{\"@id\":\"https:\\\/\\\/training.algonquincollege.com\\\/#organization\"},\"potentialAction\":[{\"@type\":\"SearchAction\",\"target\":{\"@type\":\"EntryPoint\",\"urlTemplate\":\"https:\\\/\\\/training.algonquincollege.com\\\/?s={search_term_string}\"},\"query-input\":{\"@type\":\"PropertyValueSpecification\",\"valueRequired\":true,\"valueName\":\"search_term_string\"}}],\"inLanguage\":\"fr-FR\"},{\"@type\":\"Organization\",\"@id\":\"https:\\\/\\\/training.algonquincollege.com\\\/#organization\",\"name\":\"Professional Training - Algonquin College\",\"url\":\"https:\\\/\\\/training.algonquincollege.com\\\/\",\"logo\":{\"@type\":\"ImageObject\",\"inLanguage\":\"fr-FR\",\"@id\":\"https:\\\/\\\/training.algonquincollege.com\\\/#\\\/schema\\\/logo\\\/image\\\/\",\"url\":\"https:\\\/\\\/training.algonquincollege.com\\\/wp-content\\\/uploads\\\/2023\\\/10\\\/cropped-acct_logo.png\",\"contentUrl\":\"https:\\\/\\\/training.algonquincollege.com\\\/wp-content\\\/uploads\\\/2023\\\/10\\\/cropped-acct_logo.png\",\"width\":300,\"height\":44,\"caption\":\"Professional Training - Algonquin College\"},\"image\":{\"@id\":\"https:\\\/\\\/training.algonquincollege.com\\\/#\\\/schema\\\/logo\\\/image\\\/\"}}]}<\/script>\n<!-- \/ Yoast SEO plugin. -->","yoast_head_json":{"title":"PL-300T00 : Analyste de donn\u00e9es Microsoft Power BI - Professional Training - Algonquin College","robots":{"index":"index","follow":"follow","max-snippet":"max-snippet:-1","max-image-preview":"max-image-preview:large","max-video-preview":"max-video-preview:-1"},"canonical":"https:\/\/training.algonquincollege.com\/fr\/produit\/pl-300t00-analyste-de-donnees-microsoft-power-bi\/","og_locale":"fr_FR","og_type":"article","og_title":"PL-300T00 : Analyste de donn\u00e9es Microsoft Power BI - Professional Training - Algonquin College","og_description":"Cette formation Power BI aborde les diff\u00e9rentes m\u00e9thodes et les meilleures pratiques conformes aux exigences commerciales et techniques pour la mod\u00e9lisation, la visualisation et l'analyse des donn\u00e9es avec Power BI.","og_url":"https:\/\/training.algonquincollege.com\/fr\/produit\/pl-300t00-analyste-de-donnees-microsoft-power-bi\/","og_site_name":"Professional Training - Algonquin College","article_modified_time":"2026-04-13T20:05:19+00:00","og_image":[{"width":1400,"height":800,"url":"https:\/\/training.algonquincollege.com\/wp-content\/uploads\/2024\/04\/Microsoft-Power-BI-Data-Analyst-Training.jpg","type":"image\/jpeg"}],"twitter_card":"summary_large_image","twitter_misc":{"Dur\u00e9e de lecture estim\u00e9e":"1 minute"},"schema":{"@context":"https:\/\/schema.org","@graph":[{"@type":"WebPage","@id":"https:\/\/training.algonquincollege.com\/fr\/produit\/pl-300t00-analyste-de-donnees-microsoft-power-bi\/","url":"https:\/\/training.algonquincollege.com\/fr\/produit\/pl-300t00-analyste-de-donnees-microsoft-power-bi\/","name":"PL-300T00 : Analyste de donn\u00e9es Microsoft Power BI - Professional Training - Algonquin College","isPartOf":{"@id":"https:\/\/training.algonquincollege.com\/#website"},"primaryImageOfPage":{"@id":"https:\/\/training.algonquincollege.com\/fr\/produit\/pl-300t00-analyste-de-donnees-microsoft-power-bi\/#primaryimage"},"image":{"@id":"https:\/\/training.algonquincollege.com\/fr\/produit\/pl-300t00-analyste-de-donnees-microsoft-power-bi\/#primaryimage"},"thumbnailUrl":"https:\/\/training.algonquincollege.com\/wp-content\/uploads\/2024\/04\/Microsoft-Power-BI-Data-Analyst-Training.jpg","datePublished":"2024-05-09T17:27:46+00:00","dateModified":"2026-04-13T20:05:19+00:00","breadcrumb":{"@id":"https:\/\/training.algonquincollege.com\/fr\/produit\/pl-300t00-analyste-de-donnees-microsoft-power-bi\/#breadcrumb"},"inLanguage":"fr-FR","potentialAction":[{"@type":"ReadAction","target":["https:\/\/training.algonquincollege.com\/fr\/produit\/pl-300t00-analyste-de-donnees-microsoft-power-bi\/"]}]},{"@type":"ImageObject","inLanguage":"fr-FR","@id":"https:\/\/training.algonquincollege.com\/fr\/produit\/pl-300t00-analyste-de-donnees-microsoft-power-bi\/#primaryimage","url":"https:\/\/training.algonquincollege.com\/wp-content\/uploads\/2024\/04\/Microsoft-Power-BI-Data-Analyst-Training.jpg","contentUrl":"https:\/\/training.algonquincollege.com\/wp-content\/uploads\/2024\/04\/Microsoft-Power-BI-Data-Analyst-Training.jpg","width":1400,"height":800,"caption":"Une femme souriante utilisant un ordinateur portable et une tablette pour travailler."},{"@type":"BreadcrumbList","@id":"https:\/\/training.algonquincollege.com\/fr\/produit\/pl-300t00-analyste-de-donnees-microsoft-power-bi\/#breadcrumb","itemListElement":[{"@type":"ListItem","position":1,"name":"Home","item":"https:\/\/training.algonquincollege.com\/fr\/accueil\/"},{"@type":"ListItem","position":2,"name":"Boutique","item":"https:\/\/training.algonquincollege.com\/fr\/boutique\/"},{"@type":"ListItem","position":3,"name":"PL-300T00 : Analyste de donn\u00e9es Microsoft Power BI"}]},{"@type":"WebSite","@id":"https:\/\/training.algonquincollege.com\/#website","url":"https:\/\/training.algonquincollege.com\/","name":"Professional Training - Algonquin College","description":"","publisher":{"@id":"https:\/\/training.algonquincollege.com\/#organization"},"potentialAction":[{"@type":"SearchAction","target":{"@type":"EntryPoint","urlTemplate":"https:\/\/training.algonquincollege.com\/?s={search_term_string}"},"query-input":{"@type":"PropertyValueSpecification","valueRequired":true,"valueName":"search_term_string"}}],"inLanguage":"fr-FR"},{"@type":"Organization","@id":"https:\/\/training.algonquincollege.com\/#organization","name":"Professional Training - Algonquin College","url":"https:\/\/training.algonquincollege.com\/","logo":{"@type":"ImageObject","inLanguage":"fr-FR","@id":"https:\/\/training.algonquincollege.com\/#\/schema\/logo\/image\/","url":"https:\/\/training.algonquincollege.com\/wp-content\/uploads\/2023\/10\/cropped-acct_logo.png","contentUrl":"https:\/\/training.algonquincollege.com\/wp-content\/uploads\/2023\/10\/cropped-acct_logo.png","width":300,"height":44,"caption":"Professional Training - Algonquin College"},"image":{"@id":"https:\/\/training.algonquincollege.com\/#\/schema\/logo\/image\/"}}]}},"_links":{"self":[{"href":"https:\/\/training.algonquincollege.com\/fr\/wp-json\/wp\/v2\/product\/181660","targetHints":{"allow":["GET"]}}],"collection":[{"href":"https:\/\/training.algonquincollege.com\/fr\/wp-json\/wp\/v2\/product"}],"about":[{"href":"https:\/\/training.algonquincollege.com\/fr\/wp-json\/wp\/v2\/types\/product"}],"wp:featuredmedia":[{"embeddable":true,"href":"https:\/\/training.algonquincollege.com\/fr\/wp-json\/wp\/v2\/media\/178996"}],"wp:attachment":[{"href":"https:\/\/training.algonquincollege.com\/fr\/wp-json\/wp\/v2\/media?parent=181660"}],"wp:term":[{"taxonomy":"product_brand","embeddable":true,"href":"https:\/\/training.algonquincollege.com\/fr\/wp-json\/wp\/v2\/product_brand?post=181660"},{"taxonomy":"product_cat","embeddable":true,"href":"https:\/\/training.algonquincollege.com\/fr\/wp-json\/wp\/v2\/product_cat?post=181660"},{"taxonomy":"product_tag","embeddable":true,"href":"https:\/\/training.algonquincollege.com\/fr\/wp-json\/wp\/v2\/product_tag?post=181660"}],"curies":[{"name":"wp","href":"https:\/\/api.w.org\/{rel}","templated":true}]}}