{"id":181636,"date":"2024-06-04T09:25:15","date_gmt":"2024-06-04T13:25:15","guid":{"rendered":"https:\/\/corporate.algonquincollege.com\/product\/certification-fondation-et-praticien-en-gestion-du-changement\/"},"modified":"2026-04-13T16:18:15","modified_gmt":"2026-04-13T20:18:15","slug":"certification-fondation-et-praticien-en-gestion-du-changement","status":"publish","type":"product","link":"https:\/\/training.algonquincollege.com\/fr\/produit\/certification-fondation-et-praticien-en-gestion-du-changement\/","title":{"rendered":"Certification Fondation et Praticien en gestion du changement"},"content":{"rendered":"<p>G\u00e9rer efficacement le changement est une grande priorit\u00e9 pour les organisations aujourd&rsquo;hui. La certification APMG-International Change Management\u2122 a \u00e9t\u00e9 d\u00e9velopp\u00e9e par APMG en partenariat avec le Change Management Institute (CMI), une association professionnelle ind\u00e9pendante et mondiale de gestionnaires du changement. Le CMI a d\u00e9velopp\u00e9 un \u00ab\u202fensemble de connaissances\u202f\u00bb professionnel pour la discipline de la gestion du changement, qui fournit une r\u00e9f\u00e9rence ind\u00e9pendante pour les connaissances professionnelles attendues d&rsquo;un gestionnaire du changement efficace.  <\/p>\n<p>Les niveaux Fondation de la gestion du changement\u202f\u00bb et \u00ab\u202fPraticien\u202f\u00bb pr\u00e9sentent les derni\u00e8res connaissances th\u00e9oriques et les meilleures pratiques en mati\u00e8re de gestion efficace du changement, ainsi qu&rsquo;une certification professionnelle.<\/p>\n<p><strong>Comment votre organisation en b\u00e9n\u00e9ficiera :<\/strong><\/p>\n<ul>\n<li>Renforcer la capacit\u00e9 de l&rsquo;organisation \u00e0 g\u00e9rer avec succ\u00e8s le changement, en am\u00e9liorant son agilit\u00e9.<\/li>\n<li>R\u00e9duire les risques li\u00e9s \u00e0 l&rsquo;\u00e9chec des initiatives.<\/li>\n<li>D\u00e9velopper et maintenir l&rsquo;engagement des employ\u00e9s et l&rsquo;alignement sur l&rsquo;objectif de l&rsquo;organisation en p\u00e9riode de changement.<\/li>\n<li>Renforcer et maintenir l&rsquo;engagement des parties prenantes internes et externes \u00e0 l&rsquo;\u00e9gard des nouvelles initiatives.<\/li>\n<li>Am\u00e9liorer l&rsquo;\u00e9valuation de l&rsquo;impact du changement, la planification int\u00e9gr\u00e9e du changement et l&rsquo;int\u00e9gration r\u00e9ussie du changement dans la vie de l&rsquo;organisation.<\/li>\n<\/ul>\n<p>Les participants doivent pr\u00e9voir deux heures d&rsquo;\u00e9tude par soir\u00e9e.<\/p>\n","protected":false},"excerpt":{"rendered":"<p>Apprenez les connaissances professionnelles attendues d&rsquo;un gestionnaire du changement efficace.<\/p>\n","protected":false},"featured_media":178959,"template":"","meta":{"_acf_changed":false},"product_brand":[],"product_cat":[88,80],"product_tag":[],"class_list":{"0":"post-181636","1":"product","2":"type-product","3":"status-publish","4":"has-post-thumbnail","6":"product_cat-change-management-fr","7":"product_cat-non-classifiee","8":"course_group-change-management-certification-fr","9":"course_group-certifications-accreditations-fr","10":"course_group-change-management-fr","12":"first","13":"outofstock","14":"shipping-taxable","15":"purchasable","16":"product-type-variable"},"acf":[],"yoast_head":"<!-- This site is optimized with the Yoast SEO plugin v27.5 - https:\/\/yoast.com\/product\/yoast-seo-wordpress\/ -->\n<title>Certification Fondation et Praticien en gestion du changement - Professional Training - Algonquin College<\/title>\n<meta name=\"robots\" content=\"index, follow, max-snippet:-1, max-image-preview:large, max-video-preview:-1\" \/>\n<link rel=\"canonical\" href=\"https:\/\/training.algonquincollege.com\/fr\/produit\/certification-fondation-et-praticien-en-gestion-du-changement\/\" \/>\n<meta property=\"og:locale\" content=\"fr_FR\" \/>\n<meta property=\"og:type\" content=\"article\" \/>\n<meta property=\"og:title\" content=\"Certification Fondation et Praticien en gestion du changement - Professional Training - Algonquin College\" \/>\n<meta property=\"og:description\" content=\"Apprenez les connaissances professionnelles attendues d&#039;un gestionnaire du changement efficace.\" \/>\n<meta property=\"og:url\" content=\"https:\/\/training.algonquincollege.com\/fr\/produit\/certification-fondation-et-praticien-en-gestion-du-changement\/\" \/>\n<meta property=\"og:site_name\" content=\"Professional Training - Algonquin College\" \/>\n<meta property=\"article:modified_time\" content=\"2026-04-13T20:18:15+00:00\" \/>\n<meta property=\"og:image\" content=\"https:\/\/training.algonquincollege.com\/wp-content\/uploads\/2024\/04\/Change-Management.jpg\" \/>\n\t<meta property=\"og:image:width\" content=\"1400\" \/>\n\t<meta property=\"og:image:height\" content=\"800\" \/>\n\t<meta property=\"og:image:type\" content=\"image\/jpeg\" \/>\n<meta name=\"twitter:card\" content=\"summary_large_image\" \/>\n<meta name=\"twitter:label1\" content=\"Dur\u00e9e de lecture estim\u00e9e\" \/>\n\t<meta name=\"twitter:data1\" content=\"2 minutes\" \/>\n<script type=\"application\/ld+json\" class=\"yoast-schema-graph\">{\"@context\":\"https:\\\/\\\/schema.org\",\"@graph\":[{\"@type\":\"WebPage\",\"@id\":\"https:\\\/\\\/training.algonquincollege.com\\\/fr\\\/produit\\\/certification-fondation-et-praticien-en-gestion-du-changement\\\/\",\"url\":\"https:\\\/\\\/training.algonquincollege.com\\\/fr\\\/produit\\\/certification-fondation-et-praticien-en-gestion-du-changement\\\/\",\"name\":\"Certification Fondation et Praticien en gestion du changement - Professional Training - Algonquin College\",\"isPartOf\":{\"@id\":\"https:\\\/\\\/training.algonquincollege.com\\\/#website\"},\"primaryImageOfPage\":{\"@id\":\"https:\\\/\\\/training.algonquincollege.com\\\/fr\\\/produit\\\/certification-fondation-et-praticien-en-gestion-du-changement\\\/#primaryimage\"},\"image\":{\"@id\":\"https:\\\/\\\/training.algonquincollege.com\\\/fr\\\/produit\\\/certification-fondation-et-praticien-en-gestion-du-changement\\\/#primaryimage\"},\"thumbnailUrl\":\"https:\\\/\\\/training.algonquincollege.com\\\/wp-content\\\/uploads\\\/2024\\\/04\\\/Change-Management.jpg\",\"datePublished\":\"2024-06-04T13:25:15+00:00\",\"dateModified\":\"2026-04-13T20:18:15+00:00\",\"breadcrumb\":{\"@id\":\"https:\\\/\\\/training.algonquincollege.com\\\/fr\\\/produit\\\/certification-fondation-et-praticien-en-gestion-du-changement\\\/#breadcrumb\"},\"inLanguage\":\"fr-FR\",\"potentialAction\":[{\"@type\":\"ReadAction\",\"target\":[\"https:\\\/\\\/training.algonquincollege.com\\\/fr\\\/produit\\\/certification-fondation-et-praticien-en-gestion-du-changement\\\/\"]}]},{\"@type\":\"ImageObject\",\"inLanguage\":\"fr-FR\",\"@id\":\"https:\\\/\\\/training.algonquincollege.com\\\/fr\\\/produit\\\/certification-fondation-et-praticien-en-gestion-du-changement\\\/#primaryimage\",\"url\":\"https:\\\/\\\/training.algonquincollege.com\\\/wp-content\\\/uploads\\\/2024\\\/04\\\/Change-Management.jpg\",\"contentUrl\":\"https:\\\/\\\/training.algonquincollege.com\\\/wp-content\\\/uploads\\\/2024\\\/04\\\/Change-Management.jpg\",\"width\":1400,\"height\":800},{\"@type\":\"BreadcrumbList\",\"@id\":\"https:\\\/\\\/training.algonquincollege.com\\\/fr\\\/produit\\\/certification-fondation-et-praticien-en-gestion-du-changement\\\/#breadcrumb\",\"itemListElement\":[{\"@type\":\"ListItem\",\"position\":1,\"name\":\"Home\",\"item\":\"https:\\\/\\\/training.algonquincollege.com\\\/fr\\\/accueil\\\/\"},{\"@type\":\"ListItem\",\"position\":2,\"name\":\"Boutique\",\"item\":\"https:\\\/\\\/training.algonquincollege.com\\\/fr\\\/boutique\\\/\"},{\"@type\":\"ListItem\",\"position\":3,\"name\":\"Certification Fondation et Praticien en gestion du changement\"}]},{\"@type\":\"WebSite\",\"@id\":\"https:\\\/\\\/training.algonquincollege.com\\\/#website\",\"url\":\"https:\\\/\\\/training.algonquincollege.com\\\/\",\"name\":\"Professional Training - Algonquin College\",\"description\":\"\",\"publisher\":{\"@id\":\"https:\\\/\\\/training.algonquincollege.com\\\/#organization\"},\"potentialAction\":[{\"@type\":\"SearchAction\",\"target\":{\"@type\":\"EntryPoint\",\"urlTemplate\":\"https:\\\/\\\/training.algonquincollege.com\\\/?s={search_term_string}\"},\"query-input\":{\"@type\":\"PropertyValueSpecification\",\"valueRequired\":true,\"valueName\":\"search_term_string\"}}],\"inLanguage\":\"fr-FR\"},{\"@type\":\"Organization\",\"@id\":\"https:\\\/\\\/training.algonquincollege.com\\\/#organization\",\"name\":\"Professional Training - Algonquin College\",\"url\":\"https:\\\/\\\/training.algonquincollege.com\\\/\",\"logo\":{\"@type\":\"ImageObject\",\"inLanguage\":\"fr-FR\",\"@id\":\"https:\\\/\\\/training.algonquincollege.com\\\/#\\\/schema\\\/logo\\\/image\\\/\",\"url\":\"https:\\\/\\\/training.algonquincollege.com\\\/wp-content\\\/uploads\\\/2023\\\/10\\\/cropped-acct_logo.png\",\"contentUrl\":\"https:\\\/\\\/training.algonquincollege.com\\\/wp-content\\\/uploads\\\/2023\\\/10\\\/cropped-acct_logo.png\",\"width\":300,\"height\":44,\"caption\":\"Professional Training - Algonquin College\"},\"image\":{\"@id\":\"https:\\\/\\\/training.algonquincollege.com\\\/#\\\/schema\\\/logo\\\/image\\\/\"}}]}<\/script>\n<!-- \/ Yoast SEO plugin. -->","yoast_head_json":{"title":"Certification Fondation et Praticien en gestion du changement - Professional Training - Algonquin College","robots":{"index":"index","follow":"follow","max-snippet":"max-snippet:-1","max-image-preview":"max-image-preview:large","max-video-preview":"max-video-preview:-1"},"canonical":"https:\/\/training.algonquincollege.com\/fr\/produit\/certification-fondation-et-praticien-en-gestion-du-changement\/","og_locale":"fr_FR","og_type":"article","og_title":"Certification Fondation et Praticien en gestion du changement - Professional Training - Algonquin College","og_description":"Apprenez les connaissances professionnelles attendues d'un gestionnaire du changement efficace.","og_url":"https:\/\/training.algonquincollege.com\/fr\/produit\/certification-fondation-et-praticien-en-gestion-du-changement\/","og_site_name":"Professional Training - Algonquin College","article_modified_time":"2026-04-13T20:18:15+00:00","og_image":[{"width":1400,"height":800,"url":"https:\/\/training.algonquincollege.com\/wp-content\/uploads\/2024\/04\/Change-Management.jpg","type":"image\/jpeg"}],"twitter_card":"summary_large_image","twitter_misc":{"Dur\u00e9e de lecture estim\u00e9e":"2 minutes"},"schema":{"@context":"https:\/\/schema.org","@graph":[{"@type":"WebPage","@id":"https:\/\/training.algonquincollege.com\/fr\/produit\/certification-fondation-et-praticien-en-gestion-du-changement\/","url":"https:\/\/training.algonquincollege.com\/fr\/produit\/certification-fondation-et-praticien-en-gestion-du-changement\/","name":"Certification Fondation et Praticien en gestion du changement - Professional Training - Algonquin College","isPartOf":{"@id":"https:\/\/training.algonquincollege.com\/#website"},"primaryImageOfPage":{"@id":"https:\/\/training.algonquincollege.com\/fr\/produit\/certification-fondation-et-praticien-en-gestion-du-changement\/#primaryimage"},"image":{"@id":"https:\/\/training.algonquincollege.com\/fr\/produit\/certification-fondation-et-praticien-en-gestion-du-changement\/#primaryimage"},"thumbnailUrl":"https:\/\/training.algonquincollege.com\/wp-content\/uploads\/2024\/04\/Change-Management.jpg","datePublished":"2024-06-04T13:25:15+00:00","dateModified":"2026-04-13T20:18:15+00:00","breadcrumb":{"@id":"https:\/\/training.algonquincollege.com\/fr\/produit\/certification-fondation-et-praticien-en-gestion-du-changement\/#breadcrumb"},"inLanguage":"fr-FR","potentialAction":[{"@type":"ReadAction","target":["https:\/\/training.algonquincollege.com\/fr\/produit\/certification-fondation-et-praticien-en-gestion-du-changement\/"]}]},{"@type":"ImageObject","inLanguage":"fr-FR","@id":"https:\/\/training.algonquincollege.com\/fr\/produit\/certification-fondation-et-praticien-en-gestion-du-changement\/#primaryimage","url":"https:\/\/training.algonquincollege.com\/wp-content\/uploads\/2024\/04\/Change-Management.jpg","contentUrl":"https:\/\/training.algonquincollege.com\/wp-content\/uploads\/2024\/04\/Change-Management.jpg","width":1400,"height":800},{"@type":"BreadcrumbList","@id":"https:\/\/training.algonquincollege.com\/fr\/produit\/certification-fondation-et-praticien-en-gestion-du-changement\/#breadcrumb","itemListElement":[{"@type":"ListItem","position":1,"name":"Home","item":"https:\/\/training.algonquincollege.com\/fr\/accueil\/"},{"@type":"ListItem","position":2,"name":"Boutique","item":"https:\/\/training.algonquincollege.com\/fr\/boutique\/"},{"@type":"ListItem","position":3,"name":"Certification Fondation et Praticien en gestion du changement"}]},{"@type":"WebSite","@id":"https:\/\/training.algonquincollege.com\/#website","url":"https:\/\/training.algonquincollege.com\/","name":"Professional Training - Algonquin College","description":"","publisher":{"@id":"https:\/\/training.algonquincollege.com\/#organization"},"potentialAction":[{"@type":"SearchAction","target":{"@type":"EntryPoint","urlTemplate":"https:\/\/training.algonquincollege.com\/?s={search_term_string}"},"query-input":{"@type":"PropertyValueSpecification","valueRequired":true,"valueName":"search_term_string"}}],"inLanguage":"fr-FR"},{"@type":"Organization","@id":"https:\/\/training.algonquincollege.com\/#organization","name":"Professional Training - Algonquin College","url":"https:\/\/training.algonquincollege.com\/","logo":{"@type":"ImageObject","inLanguage":"fr-FR","@id":"https:\/\/training.algonquincollege.com\/#\/schema\/logo\/image\/","url":"https:\/\/training.algonquincollege.com\/wp-content\/uploads\/2023\/10\/cropped-acct_logo.png","contentUrl":"https:\/\/training.algonquincollege.com\/wp-content\/uploads\/2023\/10\/cropped-acct_logo.png","width":300,"height":44,"caption":"Professional Training - Algonquin College"},"image":{"@id":"https:\/\/training.algonquincollege.com\/#\/schema\/logo\/image\/"}}]}},"_links":{"self":[{"href":"https:\/\/training.algonquincollege.com\/fr\/wp-json\/wp\/v2\/product\/181636","targetHints":{"allow":["GET"]}}],"collection":[{"href":"https:\/\/training.algonquincollege.com\/fr\/wp-json\/wp\/v2\/product"}],"about":[{"href":"https:\/\/training.algonquincollege.com\/fr\/wp-json\/wp\/v2\/types\/product"}],"wp:featuredmedia":[{"embeddable":true,"href":"https:\/\/training.algonquincollege.com\/fr\/wp-json\/wp\/v2\/media\/178959"}],"wp:attachment":[{"href":"https:\/\/training.algonquincollege.com\/fr\/wp-json\/wp\/v2\/media?parent=181636"}],"wp:term":[{"taxonomy":"product_brand","embeddable":true,"href":"https:\/\/training.algonquincollege.com\/fr\/wp-json\/wp\/v2\/product_brand?post=181636"},{"taxonomy":"product_cat","embeddable":true,"href":"https:\/\/training.algonquincollege.com\/fr\/wp-json\/wp\/v2\/product_cat?post=181636"},{"taxonomy":"product_tag","embeddable":true,"href":"https:\/\/training.algonquincollege.com\/fr\/wp-json\/wp\/v2\/product_tag?post=181636"}],"curies":[{"name":"wp","href":"https:\/\/api.w.org\/{rel}","templated":true}]}}