{"id":181634,"date":"2023-12-15T23:09:56","date_gmt":"2023-12-16T04:09:56","guid":{"rendered":"https:\/\/corporate.algonquincollege.com\/product\/certification-managing-benefits-foundation-et-practitioner\/"},"modified":"2026-04-13T16:22:33","modified_gmt":"2026-04-13T20:22:33","slug":"certification-managing-benefits-foundation-et-practitioner","status":"publish","type":"product","link":"https:\/\/training.algonquincollege.com\/fr\/produit\/certification-managing-benefits-foundation-et-practitioner\/","title":{"rendered":"Certification Managing Benefits\u2122 Foundation et Practitioner"},"content":{"rendered":"<p>\u00ab Managing BenefitsBenefits\u2122 \u00bb vise \u00e0 aider les organisations \u00e0 r\u00e9soudre le probl\u00e8me de la d\u00e9monstration du retour sur investissement. Il s&rsquo;agit d&rsquo;un cours de pr\u00e9paration \u00e0 l&rsquo;examen qui n\u00e9cessite une lecture pr\u00e9alable et des r\u00e9visions le soir tout au long du cours.  Il fournit aux gestionnaires et aux praticiens de plusieurs disciplines, travaillant dans une vari\u00e9t\u00e9 d&rsquo;organisations, des conseils g\u00e9n\u00e9ralement applicables englobant les principes, les pratiques et les techniques de gestion des avantages sociaux et fournit :<\/p>\n<ul>\n<li>Une vue d&rsquo;ensemble de la gestion des avantages &#8211; ce qu&rsquo;elle est, les arguments en sa faveur, et quelques id\u00e9es fausses courantes qui peuvent limiter son efficacit\u00e9 dans la pratique.<\/li>\n<li>Descriptions des sept principes sur lesquels reposent les approches r\u00e9ussies de la gestion des avantages, et exemples de la mani\u00e8re dont ils peuvent \u00eatre\/ont \u00e9t\u00e9 appliqu\u00e9s dans la pratique.<\/li>\n<li>Conseils sur la mani\u00e8re d&rsquo;appliquer la gestion des avantages au niveau d&rsquo;un portefeuille, ainsi qu&rsquo;au niveau d&rsquo;un projet ou d&rsquo;un programme individuel.<\/li>\n<li>D\u00e9tails des cinq pratiques du cycle de gestion des b\u00e9n\u00e9fices et exemples de la mani\u00e8re dont elles peuvent \u00eatre\/ont \u00e9t\u00e9 appliqu\u00e9es dans la pratique.<\/li>\n<li>Des conseils sur la mani\u00e8re de commencer \u00e0 mettre en \u0153uvre des pratiques efficaces de gestion des avantages et de poursuivre les progr\u00e8s.<\/li>\n<\/ul>\n<p>Le niveau Fondation vise \u00e0 mesurer si un candidat comprend les principes, les pratiques, les techniques, les r\u00f4les, les responsabilit\u00e9s et les documents relatifs \u00e0 la gestion des avantages.<\/p>\n<p>Le niveau Praticien vise \u00e0 confirmer que le candidat a acquis une compr\u00e9hension suffisante de la mani\u00e8re d&rsquo;appliquer et d&rsquo;adapter les orientations dans une situation de sc\u00e9nario.<\/p>\n","protected":false},"excerpt":{"rendered":"<p>Apprenez \u00e0 mettre en \u0153uvre des pratiques efficaces de gestion des avantages et \u00e0 p\u00e9renniser les progr\u00e8s.<\/p>\n","protected":false},"featured_media":178964,"template":"","meta":{"_acf_changed":false},"product_brand":[],"product_cat":[86,80],"product_tag":[],"class_list":{"0":"post-181634","1":"product","2":"type-product","3":"status-publish","4":"has-post-thumbnail","6":"product_cat-accredited-certifications-fr","7":"product_cat-non-classifiee","8":"course_group-certifications-accreditations-fr","9":"course_group-managing-benefits-fr","11":"first","12":"outofstock","13":"shipping-taxable","14":"purchasable","15":"product-type-variable"},"acf":[],"yoast_head":"<!-- This site is optimized with the Yoast SEO plugin v27.5 - https:\/\/yoast.com\/product\/yoast-seo-wordpress\/ -->\n<title>Certification Managing Benefits\u2122 Foundation et Practitioner - Professional Training - Algonquin College<\/title>\n<meta name=\"robots\" content=\"index, follow, max-snippet:-1, max-image-preview:large, max-video-preview:-1\" \/>\n<link rel=\"canonical\" href=\"https:\/\/training.algonquincollege.com\/fr\/produit\/certification-managing-benefits-foundation-et-practitioner\/\" \/>\n<meta property=\"og:locale\" content=\"fr_FR\" \/>\n<meta property=\"og:type\" content=\"article\" \/>\n<meta property=\"og:title\" content=\"Certification Managing Benefits\u2122 Foundation et Practitioner - Professional Training - Algonquin College\" \/>\n<meta property=\"og:description\" content=\"Apprenez \u00e0 mettre en \u0153uvre des pratiques efficaces de gestion des avantages et \u00e0 p\u00e9renniser les progr\u00e8s.\" \/>\n<meta property=\"og:url\" content=\"https:\/\/training.algonquincollege.com\/fr\/produit\/certification-managing-benefits-foundation-et-practitioner\/\" \/>\n<meta property=\"og:site_name\" content=\"Professional Training - Algonquin College\" \/>\n<meta property=\"article:modified_time\" content=\"2026-04-13T20:22:33+00:00\" \/>\n<meta property=\"og:image\" content=\"https:\/\/training.algonquincollege.com\/wp-content\/uploads\/2024\/04\/Managing-Benefits.jpg\" \/>\n\t<meta property=\"og:image:width\" content=\"1400\" \/>\n\t<meta property=\"og:image:height\" content=\"800\" \/>\n\t<meta property=\"og:image:type\" content=\"image\/jpeg\" \/>\n<meta name=\"twitter:card\" content=\"summary_large_image\" \/>\n<meta name=\"twitter:label1\" content=\"Dur\u00e9e de lecture estim\u00e9e\" \/>\n\t<meta name=\"twitter:data1\" content=\"2 minutes\" \/>\n<script type=\"application\/ld+json\" class=\"yoast-schema-graph\">{\"@context\":\"https:\\\/\\\/schema.org\",\"@graph\":[{\"@type\":\"WebPage\",\"@id\":\"https:\\\/\\\/training.algonquincollege.com\\\/fr\\\/produit\\\/certification-managing-benefits-foundation-et-practitioner\\\/\",\"url\":\"https:\\\/\\\/training.algonquincollege.com\\\/fr\\\/produit\\\/certification-managing-benefits-foundation-et-practitioner\\\/\",\"name\":\"Certification Managing Benefits\u2122 Foundation et Practitioner - Professional Training - Algonquin College\",\"isPartOf\":{\"@id\":\"https:\\\/\\\/training.algonquincollege.com\\\/#website\"},\"primaryImageOfPage\":{\"@id\":\"https:\\\/\\\/training.algonquincollege.com\\\/fr\\\/produit\\\/certification-managing-benefits-foundation-et-practitioner\\\/#primaryimage\"},\"image\":{\"@id\":\"https:\\\/\\\/training.algonquincollege.com\\\/fr\\\/produit\\\/certification-managing-benefits-foundation-et-practitioner\\\/#primaryimage\"},\"thumbnailUrl\":\"https:\\\/\\\/training.algonquincollege.com\\\/wp-content\\\/uploads\\\/2024\\\/04\\\/Managing-Benefits.jpg\",\"datePublished\":\"2023-12-16T04:09:56+00:00\",\"dateModified\":\"2026-04-13T20:22:33+00:00\",\"breadcrumb\":{\"@id\":\"https:\\\/\\\/training.algonquincollege.com\\\/fr\\\/produit\\\/certification-managing-benefits-foundation-et-practitioner\\\/#breadcrumb\"},\"inLanguage\":\"fr-FR\",\"potentialAction\":[{\"@type\":\"ReadAction\",\"target\":[\"https:\\\/\\\/training.algonquincollege.com\\\/fr\\\/produit\\\/certification-managing-benefits-foundation-et-practitioner\\\/\"]}]},{\"@type\":\"ImageObject\",\"inLanguage\":\"fr-FR\",\"@id\":\"https:\\\/\\\/training.algonquincollege.com\\\/fr\\\/produit\\\/certification-managing-benefits-foundation-et-practitioner\\\/#primaryimage\",\"url\":\"https:\\\/\\\/training.algonquincollege.com\\\/wp-content\\\/uploads\\\/2024\\\/04\\\/Managing-Benefits.jpg\",\"contentUrl\":\"https:\\\/\\\/training.algonquincollege.com\\\/wp-content\\\/uploads\\\/2024\\\/04\\\/Managing-Benefits.jpg\",\"width\":1400,\"height\":800},{\"@type\":\"BreadcrumbList\",\"@id\":\"https:\\\/\\\/training.algonquincollege.com\\\/fr\\\/produit\\\/certification-managing-benefits-foundation-et-practitioner\\\/#breadcrumb\",\"itemListElement\":[{\"@type\":\"ListItem\",\"position\":1,\"name\":\"Home\",\"item\":\"https:\\\/\\\/training.algonquincollege.com\\\/fr\\\/accueil\\\/\"},{\"@type\":\"ListItem\",\"position\":2,\"name\":\"Boutique\",\"item\":\"https:\\\/\\\/training.algonquincollege.com\\\/fr\\\/boutique\\\/\"},{\"@type\":\"ListItem\",\"position\":3,\"name\":\"Certification Managing Benefits\u2122 Foundation et Practitioner\"}]},{\"@type\":\"WebSite\",\"@id\":\"https:\\\/\\\/training.algonquincollege.com\\\/#website\",\"url\":\"https:\\\/\\\/training.algonquincollege.com\\\/\",\"name\":\"Professional Training - Algonquin College\",\"description\":\"\",\"publisher\":{\"@id\":\"https:\\\/\\\/training.algonquincollege.com\\\/#organization\"},\"potentialAction\":[{\"@type\":\"SearchAction\",\"target\":{\"@type\":\"EntryPoint\",\"urlTemplate\":\"https:\\\/\\\/training.algonquincollege.com\\\/?s={search_term_string}\"},\"query-input\":{\"@type\":\"PropertyValueSpecification\",\"valueRequired\":true,\"valueName\":\"search_term_string\"}}],\"inLanguage\":\"fr-FR\"},{\"@type\":\"Organization\",\"@id\":\"https:\\\/\\\/training.algonquincollege.com\\\/#organization\",\"name\":\"Professional Training - Algonquin College\",\"url\":\"https:\\\/\\\/training.algonquincollege.com\\\/\",\"logo\":{\"@type\":\"ImageObject\",\"inLanguage\":\"fr-FR\",\"@id\":\"https:\\\/\\\/training.algonquincollege.com\\\/#\\\/schema\\\/logo\\\/image\\\/\",\"url\":\"https:\\\/\\\/training.algonquincollege.com\\\/wp-content\\\/uploads\\\/2023\\\/10\\\/cropped-acct_logo.png\",\"contentUrl\":\"https:\\\/\\\/training.algonquincollege.com\\\/wp-content\\\/uploads\\\/2023\\\/10\\\/cropped-acct_logo.png\",\"width\":300,\"height\":44,\"caption\":\"Professional Training - Algonquin College\"},\"image\":{\"@id\":\"https:\\\/\\\/training.algonquincollege.com\\\/#\\\/schema\\\/logo\\\/image\\\/\"}}]}<\/script>\n<!-- \/ Yoast SEO plugin. -->","yoast_head_json":{"title":"Certification Managing Benefits\u2122 Foundation et Practitioner - Professional Training - Algonquin College","robots":{"index":"index","follow":"follow","max-snippet":"max-snippet:-1","max-image-preview":"max-image-preview:large","max-video-preview":"max-video-preview:-1"},"canonical":"https:\/\/training.algonquincollege.com\/fr\/produit\/certification-managing-benefits-foundation-et-practitioner\/","og_locale":"fr_FR","og_type":"article","og_title":"Certification Managing Benefits\u2122 Foundation et Practitioner - Professional Training - Algonquin College","og_description":"Apprenez \u00e0 mettre en \u0153uvre des pratiques efficaces de gestion des avantages et \u00e0 p\u00e9renniser les progr\u00e8s.","og_url":"https:\/\/training.algonquincollege.com\/fr\/produit\/certification-managing-benefits-foundation-et-practitioner\/","og_site_name":"Professional Training - Algonquin College","article_modified_time":"2026-04-13T20:22:33+00:00","og_image":[{"width":1400,"height":800,"url":"https:\/\/training.algonquincollege.com\/wp-content\/uploads\/2024\/04\/Managing-Benefits.jpg","type":"image\/jpeg"}],"twitter_card":"summary_large_image","twitter_misc":{"Dur\u00e9e de lecture estim\u00e9e":"2 minutes"},"schema":{"@context":"https:\/\/schema.org","@graph":[{"@type":"WebPage","@id":"https:\/\/training.algonquincollege.com\/fr\/produit\/certification-managing-benefits-foundation-et-practitioner\/","url":"https:\/\/training.algonquincollege.com\/fr\/produit\/certification-managing-benefits-foundation-et-practitioner\/","name":"Certification Managing Benefits\u2122 Foundation et Practitioner - Professional Training - Algonquin College","isPartOf":{"@id":"https:\/\/training.algonquincollege.com\/#website"},"primaryImageOfPage":{"@id":"https:\/\/training.algonquincollege.com\/fr\/produit\/certification-managing-benefits-foundation-et-practitioner\/#primaryimage"},"image":{"@id":"https:\/\/training.algonquincollege.com\/fr\/produit\/certification-managing-benefits-foundation-et-practitioner\/#primaryimage"},"thumbnailUrl":"https:\/\/training.algonquincollege.com\/wp-content\/uploads\/2024\/04\/Managing-Benefits.jpg","datePublished":"2023-12-16T04:09:56+00:00","dateModified":"2026-04-13T20:22:33+00:00","breadcrumb":{"@id":"https:\/\/training.algonquincollege.com\/fr\/produit\/certification-managing-benefits-foundation-et-practitioner\/#breadcrumb"},"inLanguage":"fr-FR","potentialAction":[{"@type":"ReadAction","target":["https:\/\/training.algonquincollege.com\/fr\/produit\/certification-managing-benefits-foundation-et-practitioner\/"]}]},{"@type":"ImageObject","inLanguage":"fr-FR","@id":"https:\/\/training.algonquincollege.com\/fr\/produit\/certification-managing-benefits-foundation-et-practitioner\/#primaryimage","url":"https:\/\/training.algonquincollege.com\/wp-content\/uploads\/2024\/04\/Managing-Benefits.jpg","contentUrl":"https:\/\/training.algonquincollege.com\/wp-content\/uploads\/2024\/04\/Managing-Benefits.jpg","width":1400,"height":800},{"@type":"BreadcrumbList","@id":"https:\/\/training.algonquincollege.com\/fr\/produit\/certification-managing-benefits-foundation-et-practitioner\/#breadcrumb","itemListElement":[{"@type":"ListItem","position":1,"name":"Home","item":"https:\/\/training.algonquincollege.com\/fr\/accueil\/"},{"@type":"ListItem","position":2,"name":"Boutique","item":"https:\/\/training.algonquincollege.com\/fr\/boutique\/"},{"@type":"ListItem","position":3,"name":"Certification Managing Benefits\u2122 Foundation et Practitioner"}]},{"@type":"WebSite","@id":"https:\/\/training.algonquincollege.com\/#website","url":"https:\/\/training.algonquincollege.com\/","name":"Professional Training - Algonquin College","description":"","publisher":{"@id":"https:\/\/training.algonquincollege.com\/#organization"},"potentialAction":[{"@type":"SearchAction","target":{"@type":"EntryPoint","urlTemplate":"https:\/\/training.algonquincollege.com\/?s={search_term_string}"},"query-input":{"@type":"PropertyValueSpecification","valueRequired":true,"valueName":"search_term_string"}}],"inLanguage":"fr-FR"},{"@type":"Organization","@id":"https:\/\/training.algonquincollege.com\/#organization","name":"Professional Training - Algonquin College","url":"https:\/\/training.algonquincollege.com\/","logo":{"@type":"ImageObject","inLanguage":"fr-FR","@id":"https:\/\/training.algonquincollege.com\/#\/schema\/logo\/image\/","url":"https:\/\/training.algonquincollege.com\/wp-content\/uploads\/2023\/10\/cropped-acct_logo.png","contentUrl":"https:\/\/training.algonquincollege.com\/wp-content\/uploads\/2023\/10\/cropped-acct_logo.png","width":300,"height":44,"caption":"Professional Training - Algonquin College"},"image":{"@id":"https:\/\/training.algonquincollege.com\/#\/schema\/logo\/image\/"}}]}},"_links":{"self":[{"href":"https:\/\/training.algonquincollege.com\/fr\/wp-json\/wp\/v2\/product\/181634","targetHints":{"allow":["GET"]}}],"collection":[{"href":"https:\/\/training.algonquincollege.com\/fr\/wp-json\/wp\/v2\/product"}],"about":[{"href":"https:\/\/training.algonquincollege.com\/fr\/wp-json\/wp\/v2\/types\/product"}],"wp:featuredmedia":[{"embeddable":true,"href":"https:\/\/training.algonquincollege.com\/fr\/wp-json\/wp\/v2\/media\/178964"}],"wp:attachment":[{"href":"https:\/\/training.algonquincollege.com\/fr\/wp-json\/wp\/v2\/media?parent=181634"}],"wp:term":[{"taxonomy":"product_brand","embeddable":true,"href":"https:\/\/training.algonquincollege.com\/fr\/wp-json\/wp\/v2\/product_brand?post=181634"},{"taxonomy":"product_cat","embeddable":true,"href":"https:\/\/training.algonquincollege.com\/fr\/wp-json\/wp\/v2\/product_cat?post=181634"},{"taxonomy":"product_tag","embeddable":true,"href":"https:\/\/training.algonquincollege.com\/fr\/wp-json\/wp\/v2\/product_tag?post=181634"}],"curies":[{"name":"wp","href":"https:\/\/api.w.org\/{rel}","templated":true}]}}