{"id":181619,"date":"2023-12-15T23:09:57","date_gmt":"2023-12-16T04:09:57","guid":{"rendered":"https:\/\/corporate.algonquincollege.com\/product\/management-of-portfolios-foundation-et-practitioner-certification\/"},"modified":"2026-04-13T16:21:32","modified_gmt":"2026-04-13T20:21:32","slug":"management-of-portfolios-foundation-et-practitioner-certification","status":"publish","type":"product","link":"https:\/\/training.algonquincollege.com\/fr\/produit\/management-of-portfolios-foundation-et-practitioner-certification\/","title":{"rendered":"Management of Portfolios\u00ae Foundation et Practitioner Certification"},"content":{"rendered":"<p>La gestion de portefeuille de projets permet \u00e0 votre organisation de s\u00e9lectionner et de g\u00e9rer les projets et les programmes qui contribuent le mieux \u00e0 la r\u00e9alisation des objectifs de l&rsquo;entreprise. Les gestionnaires de portefeuille y parviennent en \u00e9tablissant une ligne de mire claire entre la strat\u00e9gie et la r\u00e9alisation du portefeuille. <\/p>\n<p style=\"font-weight: 400\"><sup>MoP\u00ae<\/sup> aide les organisations \u00e0 :<\/p>\n<ul>\n<li style=\"font-weight: 400\">Choisir les bons projets et programmes, en apportant une contribution mesurable aux objectifs strat\u00e9giques<\/li>\n<li style=\"font-weight: 400\">Supprimer les projets et programmes redondants ou faisant double emploi<\/li>\n<li style=\"font-weight: 400\">R\u00e9aliser des b\u00e9n\u00e9fices qui s&rsquo;alignent sur la strat\u00e9gie de l&rsquo;entreprise<\/li>\n<li style=\"font-weight: 400\">Rendre compte efficacement afin d&rsquo;am\u00e9liorer la transparence, la responsabilit\u00e9 et la gouvernance d&rsquo;entreprise.<\/li>\n<\/ul>\n<p>Les dates de cours indiqu\u00e9es sur cette page comprennent les certifications Fondation et Praticien et durent 5 jours. Si vous souhaitez s\u00e9parer les deux parties, vous pouvez les acheter s\u00e9par\u00e9ment en utilisant les liens suivants : <\/p>\n<p><a href=\"https:\/\/corporate.algonquincollege.com\/product\/management-of-portfolios-foundation-certification\/\">Certification MoP<sup>\u00ae<\/sup> \u00ab Management of Portfolios Foundation \u00bb &#8211; 3 jours<\/a><\/p>\n<p><a href=\"https:\/\/corporate.algonquincollege.com\/product\/management-of-portfolios-foundation-and-practitioner-certification\/\">Certification <sup>MoP\u00ae<\/sup> Management of Portfolios Practitioner &#8211; 2 jours<\/a><\/p>\n","protected":false},"excerpt":{"rendered":"<p>Ce cours s&rsquo;adresse aux cadres sup\u00e9rieurs et aux d\u00e9cideurs afin qu&rsquo;ils comprennent comment la gestion de portefeuille peut maximiser le retour sur investissement et amorcer et soutenir la transformation.<\/p>\n","protected":false},"featured_media":180680,"template":"","meta":{"_acf_changed":false},"product_brand":[],"product_cat":[86,80],"product_tag":[],"class_list":{"0":"post-181619","1":"product","2":"type-product","3":"status-publish","4":"has-post-thumbnail","6":"product_cat-accredited-certifications-fr","7":"product_cat-non-classifiee","8":"course_group-certifications-accreditations-fr","9":"course_group-management-of-portfolios-mop-fr","11":"first","12":"outofstock","13":"shipping-taxable","14":"purchasable","15":"product-type-variable"},"acf":[],"yoast_head":"<!-- This site is optimized with the Yoast SEO plugin v27.5 - https:\/\/yoast.com\/product\/yoast-seo-wordpress\/ -->\n<title>Management of Portfolios\u00ae Foundation et Practitioner Certification - Professional Training - Algonquin College<\/title>\n<meta name=\"robots\" content=\"index, follow, max-snippet:-1, max-image-preview:large, max-video-preview:-1\" \/>\n<link rel=\"canonical\" href=\"https:\/\/training.algonquincollege.com\/fr\/produit\/management-of-portfolios-foundation-et-practitioner-certification\/\" \/>\n<meta property=\"og:locale\" content=\"fr_FR\" \/>\n<meta property=\"og:type\" content=\"article\" \/>\n<meta property=\"og:title\" content=\"Management of Portfolios\u00ae Foundation et Practitioner Certification - Professional Training - Algonquin College\" \/>\n<meta property=\"og:description\" content=\"Ce cours s&#039;adresse aux cadres sup\u00e9rieurs et aux d\u00e9cideurs afin qu&#039;ils comprennent comment la gestion de portefeuille peut maximiser le retour sur investissement et amorcer et soutenir la transformation.\" \/>\n<meta property=\"og:url\" content=\"https:\/\/training.algonquincollege.com\/fr\/produit\/management-of-portfolios-foundation-et-practitioner-certification\/\" \/>\n<meta property=\"og:site_name\" content=\"Professional Training - Algonquin College\" \/>\n<meta property=\"article:modified_time\" content=\"2026-04-13T20:21:32+00:00\" \/>\n<meta property=\"og:image\" content=\"https:\/\/training.algonquincollege.com\/wp-content\/uploads\/2025\/01\/MoP-1400x800-Extended.jpg\" \/>\n\t<meta property=\"og:image:width\" content=\"1400\" \/>\n\t<meta property=\"og:image:height\" content=\"800\" \/>\n\t<meta property=\"og:image:type\" content=\"image\/jpeg\" \/>\n<meta name=\"twitter:card\" content=\"summary_large_image\" \/>\n<meta name=\"twitter:label1\" content=\"Dur\u00e9e de lecture estim\u00e9e\" \/>\n\t<meta name=\"twitter:data1\" content=\"1 minute\" \/>\n<script type=\"application\/ld+json\" class=\"yoast-schema-graph\">{\"@context\":\"https:\\\/\\\/schema.org\",\"@graph\":[{\"@type\":\"WebPage\",\"@id\":\"https:\\\/\\\/training.algonquincollege.com\\\/fr\\\/produit\\\/management-of-portfolios-foundation-et-practitioner-certification\\\/\",\"url\":\"https:\\\/\\\/training.algonquincollege.com\\\/fr\\\/produit\\\/management-of-portfolios-foundation-et-practitioner-certification\\\/\",\"name\":\"Management of Portfolios\u00ae Foundation et Practitioner Certification - Professional Training - Algonquin College\",\"isPartOf\":{\"@id\":\"https:\\\/\\\/training.algonquincollege.com\\\/#website\"},\"primaryImageOfPage\":{\"@id\":\"https:\\\/\\\/training.algonquincollege.com\\\/fr\\\/produit\\\/management-of-portfolios-foundation-et-practitioner-certification\\\/#primaryimage\"},\"image\":{\"@id\":\"https:\\\/\\\/training.algonquincollege.com\\\/fr\\\/produit\\\/management-of-portfolios-foundation-et-practitioner-certification\\\/#primaryimage\"},\"thumbnailUrl\":\"https:\\\/\\\/training.algonquincollege.com\\\/wp-content\\\/uploads\\\/2025\\\/01\\\/MoP-1400x800-Extended.jpg\",\"datePublished\":\"2023-12-16T04:09:57+00:00\",\"dateModified\":\"2026-04-13T20:21:32+00:00\",\"breadcrumb\":{\"@id\":\"https:\\\/\\\/training.algonquincollege.com\\\/fr\\\/produit\\\/management-of-portfolios-foundation-et-practitioner-certification\\\/#breadcrumb\"},\"inLanguage\":\"fr-FR\",\"potentialAction\":[{\"@type\":\"ReadAction\",\"target\":[\"https:\\\/\\\/training.algonquincollege.com\\\/fr\\\/produit\\\/management-of-portfolios-foundation-et-practitioner-certification\\\/\"]}]},{\"@type\":\"ImageObject\",\"inLanguage\":\"fr-FR\",\"@id\":\"https:\\\/\\\/training.algonquincollege.com\\\/fr\\\/produit\\\/management-of-portfolios-foundation-et-practitioner-certification\\\/#primaryimage\",\"url\":\"https:\\\/\\\/training.algonquincollege.com\\\/wp-content\\\/uploads\\\/2025\\\/01\\\/MoP-1400x800-Extended.jpg\",\"contentUrl\":\"https:\\\/\\\/training.algonquincollege.com\\\/wp-content\\\/uploads\\\/2025\\\/01\\\/MoP-1400x800-Extended.jpg\",\"width\":1400,\"height\":800},{\"@type\":\"BreadcrumbList\",\"@id\":\"https:\\\/\\\/training.algonquincollege.com\\\/fr\\\/produit\\\/management-of-portfolios-foundation-et-practitioner-certification\\\/#breadcrumb\",\"itemListElement\":[{\"@type\":\"ListItem\",\"position\":1,\"name\":\"Home\",\"item\":\"https:\\\/\\\/training.algonquincollege.com\\\/fr\\\/accueil\\\/\"},{\"@type\":\"ListItem\",\"position\":2,\"name\":\"Boutique\",\"item\":\"https:\\\/\\\/training.algonquincollege.com\\\/fr\\\/boutique\\\/\"},{\"@type\":\"ListItem\",\"position\":3,\"name\":\"Management of Portfolios\u00ae Foundation et Practitioner Certification\"}]},{\"@type\":\"WebSite\",\"@id\":\"https:\\\/\\\/training.algonquincollege.com\\\/#website\",\"url\":\"https:\\\/\\\/training.algonquincollege.com\\\/\",\"name\":\"Professional Training - Algonquin College\",\"description\":\"\",\"publisher\":{\"@id\":\"https:\\\/\\\/training.algonquincollege.com\\\/#organization\"},\"potentialAction\":[{\"@type\":\"SearchAction\",\"target\":{\"@type\":\"EntryPoint\",\"urlTemplate\":\"https:\\\/\\\/training.algonquincollege.com\\\/?s={search_term_string}\"},\"query-input\":{\"@type\":\"PropertyValueSpecification\",\"valueRequired\":true,\"valueName\":\"search_term_string\"}}],\"inLanguage\":\"fr-FR\"},{\"@type\":\"Organization\",\"@id\":\"https:\\\/\\\/training.algonquincollege.com\\\/#organization\",\"name\":\"Professional Training - Algonquin College\",\"url\":\"https:\\\/\\\/training.algonquincollege.com\\\/\",\"logo\":{\"@type\":\"ImageObject\",\"inLanguage\":\"fr-FR\",\"@id\":\"https:\\\/\\\/training.algonquincollege.com\\\/#\\\/schema\\\/logo\\\/image\\\/\",\"url\":\"https:\\\/\\\/training.algonquincollege.com\\\/wp-content\\\/uploads\\\/2023\\\/10\\\/cropped-acct_logo.png\",\"contentUrl\":\"https:\\\/\\\/training.algonquincollege.com\\\/wp-content\\\/uploads\\\/2023\\\/10\\\/cropped-acct_logo.png\",\"width\":300,\"height\":44,\"caption\":\"Professional Training - Algonquin College\"},\"image\":{\"@id\":\"https:\\\/\\\/training.algonquincollege.com\\\/#\\\/schema\\\/logo\\\/image\\\/\"}}]}<\/script>\n<!-- \/ Yoast SEO plugin. -->","yoast_head_json":{"title":"Management of Portfolios\u00ae Foundation et Practitioner Certification - Professional Training - Algonquin College","robots":{"index":"index","follow":"follow","max-snippet":"max-snippet:-1","max-image-preview":"max-image-preview:large","max-video-preview":"max-video-preview:-1"},"canonical":"https:\/\/training.algonquincollege.com\/fr\/produit\/management-of-portfolios-foundation-et-practitioner-certification\/","og_locale":"fr_FR","og_type":"article","og_title":"Management of Portfolios\u00ae Foundation et Practitioner Certification - Professional Training - Algonquin College","og_description":"Ce cours s'adresse aux cadres sup\u00e9rieurs et aux d\u00e9cideurs afin qu'ils comprennent comment la gestion de portefeuille peut maximiser le retour sur investissement et amorcer et soutenir la transformation.","og_url":"https:\/\/training.algonquincollege.com\/fr\/produit\/management-of-portfolios-foundation-et-practitioner-certification\/","og_site_name":"Professional Training - Algonquin College","article_modified_time":"2026-04-13T20:21:32+00:00","og_image":[{"width":1400,"height":800,"url":"https:\/\/training.algonquincollege.com\/wp-content\/uploads\/2025\/01\/MoP-1400x800-Extended.jpg","type":"image\/jpeg"}],"twitter_card":"summary_large_image","twitter_misc":{"Dur\u00e9e de lecture estim\u00e9e":"1 minute"},"schema":{"@context":"https:\/\/schema.org","@graph":[{"@type":"WebPage","@id":"https:\/\/training.algonquincollege.com\/fr\/produit\/management-of-portfolios-foundation-et-practitioner-certification\/","url":"https:\/\/training.algonquincollege.com\/fr\/produit\/management-of-portfolios-foundation-et-practitioner-certification\/","name":"Management of Portfolios\u00ae Foundation et Practitioner Certification - Professional Training - Algonquin College","isPartOf":{"@id":"https:\/\/training.algonquincollege.com\/#website"},"primaryImageOfPage":{"@id":"https:\/\/training.algonquincollege.com\/fr\/produit\/management-of-portfolios-foundation-et-practitioner-certification\/#primaryimage"},"image":{"@id":"https:\/\/training.algonquincollege.com\/fr\/produit\/management-of-portfolios-foundation-et-practitioner-certification\/#primaryimage"},"thumbnailUrl":"https:\/\/training.algonquincollege.com\/wp-content\/uploads\/2025\/01\/MoP-1400x800-Extended.jpg","datePublished":"2023-12-16T04:09:57+00:00","dateModified":"2026-04-13T20:21:32+00:00","breadcrumb":{"@id":"https:\/\/training.algonquincollege.com\/fr\/produit\/management-of-portfolios-foundation-et-practitioner-certification\/#breadcrumb"},"inLanguage":"fr-FR","potentialAction":[{"@type":"ReadAction","target":["https:\/\/training.algonquincollege.com\/fr\/produit\/management-of-portfolios-foundation-et-practitioner-certification\/"]}]},{"@type":"ImageObject","inLanguage":"fr-FR","@id":"https:\/\/training.algonquincollege.com\/fr\/produit\/management-of-portfolios-foundation-et-practitioner-certification\/#primaryimage","url":"https:\/\/training.algonquincollege.com\/wp-content\/uploads\/2025\/01\/MoP-1400x800-Extended.jpg","contentUrl":"https:\/\/training.algonquincollege.com\/wp-content\/uploads\/2025\/01\/MoP-1400x800-Extended.jpg","width":1400,"height":800},{"@type":"BreadcrumbList","@id":"https:\/\/training.algonquincollege.com\/fr\/produit\/management-of-portfolios-foundation-et-practitioner-certification\/#breadcrumb","itemListElement":[{"@type":"ListItem","position":1,"name":"Home","item":"https:\/\/training.algonquincollege.com\/fr\/accueil\/"},{"@type":"ListItem","position":2,"name":"Boutique","item":"https:\/\/training.algonquincollege.com\/fr\/boutique\/"},{"@type":"ListItem","position":3,"name":"Management of Portfolios\u00ae Foundation et Practitioner Certification"}]},{"@type":"WebSite","@id":"https:\/\/training.algonquincollege.com\/#website","url":"https:\/\/training.algonquincollege.com\/","name":"Professional Training - Algonquin College","description":"","publisher":{"@id":"https:\/\/training.algonquincollege.com\/#organization"},"potentialAction":[{"@type":"SearchAction","target":{"@type":"EntryPoint","urlTemplate":"https:\/\/training.algonquincollege.com\/?s={search_term_string}"},"query-input":{"@type":"PropertyValueSpecification","valueRequired":true,"valueName":"search_term_string"}}],"inLanguage":"fr-FR"},{"@type":"Organization","@id":"https:\/\/training.algonquincollege.com\/#organization","name":"Professional Training - Algonquin College","url":"https:\/\/training.algonquincollege.com\/","logo":{"@type":"ImageObject","inLanguage":"fr-FR","@id":"https:\/\/training.algonquincollege.com\/#\/schema\/logo\/image\/","url":"https:\/\/training.algonquincollege.com\/wp-content\/uploads\/2023\/10\/cropped-acct_logo.png","contentUrl":"https:\/\/training.algonquincollege.com\/wp-content\/uploads\/2023\/10\/cropped-acct_logo.png","width":300,"height":44,"caption":"Professional Training - Algonquin College"},"image":{"@id":"https:\/\/training.algonquincollege.com\/#\/schema\/logo\/image\/"}}]}},"_links":{"self":[{"href":"https:\/\/training.algonquincollege.com\/fr\/wp-json\/wp\/v2\/product\/181619","targetHints":{"allow":["GET"]}}],"collection":[{"href":"https:\/\/training.algonquincollege.com\/fr\/wp-json\/wp\/v2\/product"}],"about":[{"href":"https:\/\/training.algonquincollege.com\/fr\/wp-json\/wp\/v2\/types\/product"}],"wp:featuredmedia":[{"embeddable":true,"href":"https:\/\/training.algonquincollege.com\/fr\/wp-json\/wp\/v2\/media\/180680"}],"wp:attachment":[{"href":"https:\/\/training.algonquincollege.com\/fr\/wp-json\/wp\/v2\/media?parent=181619"}],"wp:term":[{"taxonomy":"product_brand","embeddable":true,"href":"https:\/\/training.algonquincollege.com\/fr\/wp-json\/wp\/v2\/product_brand?post=181619"},{"taxonomy":"product_cat","embeddable":true,"href":"https:\/\/training.algonquincollege.com\/fr\/wp-json\/wp\/v2\/product_cat?post=181619"},{"taxonomy":"product_tag","embeddable":true,"href":"https:\/\/training.algonquincollege.com\/fr\/wp-json\/wp\/v2\/product_tag?post=181619"}],"curies":[{"name":"wp","href":"https:\/\/api.w.org\/{rel}","templated":true}]}}