{"id":181614,"date":"2023-12-15T23:09:55","date_gmt":"2023-12-16T04:09:55","guid":{"rendered":"https:\/\/corporate.algonquincollege.com\/product\/bae7-lanalyse-commerciale-dans-un-environnement-agile\/"},"modified":"2026-04-13T15:13:28","modified_gmt":"2026-04-13T19:13:28","slug":"bae7-lanalyse-commerciale-dans-un-environnement-agile","status":"publish","type":"product","link":"https:\/\/training.algonquincollege.com\/fr\/produit\/bae7-lanalyse-commerciale-dans-un-environnement-agile\/","title":{"rendered":"BAE7 : L&rsquo;analyse commerciale dans un environnement agile"},"content":{"rendered":"<p>Comment l&rsquo;analyse commerciale s&rsquo;int\u00e8gre-t-elle dans le d\u00e9veloppement de logiciels agiles ? Et comment le d\u00e9veloppement de logiciels agiles peut-il \u00eatre am\u00e9lior\u00e9 gr\u00e2ce \u00e0 une approche disciplin\u00e9e de l&rsquo;analyse commerciale ? <\/p>\n<p>Ce cours aborde les pr\u00e9occupations commerciales telles que la d\u00e9finition des objectifs commerciaux et la mod\u00e9lisation de la port\u00e9e avant de commencer \u00e0 d\u00e9velopper des logiciels. Une fois que le d\u00e9veloppement du logiciel commence, le travail it\u00e9ratif de gestion du carnet de commandes et d&rsquo;\u00e9laboration d&rsquo;histoires d&rsquo;utilisateurs \u00e0 l&rsquo;aide de mod\u00e8les l\u00e9gers pour obtenir, analyser et communiquer les exigences, et pour valider de mani\u00e8re it\u00e9rative le produit r\u00e9sultant est au centre de l&rsquo;attention. Agile est un cadre incr\u00e9mental et it\u00e9ratif pour la gestion de projet et le d\u00e9veloppement de logiciels dans lequel les exigences et les solutions \u00e9voluent gr\u00e2ce \u00e0 la collaboration entre des \u00e9quipes interfonctionnelles qui s&rsquo;organisent elles-m\u00eames.  <\/p>\n","protected":false},"excerpt":{"rendered":"<p>Apprenez \u00e0 planifier, g\u00e9rer et cl\u00f4turer efficacement les exigences d&rsquo;un projet de d\u00e9veloppement logiciel en utilisant les pratiques Agile.<\/p>\n","protected":false},"featured_media":178938,"template":"","meta":{"_acf_changed":false},"product_brand":[],"product_cat":[82,80],"product_tag":[],"class_list":{"0":"post-181614","1":"product","2":"type-product","3":"status-publish","4":"has-post-thumbnail","6":"product_cat-analyse-daffaires","7":"product_cat-non-classifiee","8":"course_group-business-analysis-fr","9":"course_group-business-analysis-essentials-certificate-program-fr","11":"first","12":"outofstock","13":"shipping-taxable","14":"purchasable","15":"product-type-variable"},"acf":[],"yoast_head":"<!-- This site is optimized with the Yoast SEO plugin v27.5 - https:\/\/yoast.com\/product\/yoast-seo-wordpress\/ -->\n<title>BAE7 : L&#039;analyse commerciale dans un environnement agile - Professional Training - Algonquin College<\/title>\n<meta name=\"robots\" content=\"index, follow, max-snippet:-1, max-image-preview:large, max-video-preview:-1\" \/>\n<link rel=\"canonical\" href=\"https:\/\/training.algonquincollege.com\/fr\/produit\/bae7-lanalyse-commerciale-dans-un-environnement-agile\/\" \/>\n<meta property=\"og:locale\" content=\"fr_FR\" \/>\n<meta property=\"og:type\" content=\"article\" \/>\n<meta property=\"og:title\" content=\"BAE7 : L&#039;analyse commerciale dans un environnement agile - Professional Training - Algonquin College\" \/>\n<meta property=\"og:description\" content=\"Apprenez \u00e0 planifier, g\u00e9rer et cl\u00f4turer efficacement les exigences d&#039;un projet de d\u00e9veloppement logiciel en utilisant les pratiques Agile.\" \/>\n<meta property=\"og:url\" content=\"https:\/\/training.algonquincollege.com\/fr\/produit\/bae7-lanalyse-commerciale-dans-un-environnement-agile\/\" \/>\n<meta property=\"og:site_name\" content=\"Professional Training - Algonquin College\" \/>\n<meta property=\"article:modified_time\" content=\"2026-04-13T19:13:28+00:00\" \/>\n<meta property=\"og:image\" content=\"https:\/\/training.algonquincollege.com\/wp-content\/uploads\/2024\/04\/BAE7.png\" \/>\n\t<meta property=\"og:image:width\" content=\"1400\" \/>\n\t<meta property=\"og:image:height\" content=\"800\" \/>\n\t<meta property=\"og:image:type\" content=\"image\/png\" \/>\n<meta name=\"twitter:card\" content=\"summary_large_image\" \/>\n<meta name=\"twitter:label1\" content=\"Dur\u00e9e de lecture estim\u00e9e\" \/>\n\t<meta name=\"twitter:data1\" content=\"1 minute\" \/>\n<script type=\"application\/ld+json\" class=\"yoast-schema-graph\">{\"@context\":\"https:\\\/\\\/schema.org\",\"@graph\":[{\"@type\":\"WebPage\",\"@id\":\"https:\\\/\\\/training.algonquincollege.com\\\/fr\\\/produit\\\/bae7-lanalyse-commerciale-dans-un-environnement-agile\\\/\",\"url\":\"https:\\\/\\\/training.algonquincollege.com\\\/fr\\\/produit\\\/bae7-lanalyse-commerciale-dans-un-environnement-agile\\\/\",\"name\":\"BAE7 : L'analyse commerciale dans un environnement agile - Professional Training - Algonquin College\",\"isPartOf\":{\"@id\":\"https:\\\/\\\/training.algonquincollege.com\\\/#website\"},\"primaryImageOfPage\":{\"@id\":\"https:\\\/\\\/training.algonquincollege.com\\\/fr\\\/produit\\\/bae7-lanalyse-commerciale-dans-un-environnement-agile\\\/#primaryimage\"},\"image\":{\"@id\":\"https:\\\/\\\/training.algonquincollege.com\\\/fr\\\/produit\\\/bae7-lanalyse-commerciale-dans-un-environnement-agile\\\/#primaryimage\"},\"thumbnailUrl\":\"https:\\\/\\\/training.algonquincollege.com\\\/wp-content\\\/uploads\\\/2024\\\/04\\\/BAE7.png\",\"datePublished\":\"2023-12-16T04:09:55+00:00\",\"dateModified\":\"2026-04-13T19:13:28+00:00\",\"breadcrumb\":{\"@id\":\"https:\\\/\\\/training.algonquincollege.com\\\/fr\\\/produit\\\/bae7-lanalyse-commerciale-dans-un-environnement-agile\\\/#breadcrumb\"},\"inLanguage\":\"fr-FR\",\"potentialAction\":[{\"@type\":\"ReadAction\",\"target\":[\"https:\\\/\\\/training.algonquincollege.com\\\/fr\\\/produit\\\/bae7-lanalyse-commerciale-dans-un-environnement-agile\\\/\"]}]},{\"@type\":\"ImageObject\",\"inLanguage\":\"fr-FR\",\"@id\":\"https:\\\/\\\/training.algonquincollege.com\\\/fr\\\/produit\\\/bae7-lanalyse-commerciale-dans-un-environnement-agile\\\/#primaryimage\",\"url\":\"https:\\\/\\\/training.algonquincollege.com\\\/wp-content\\\/uploads\\\/2024\\\/04\\\/BAE7.png\",\"contentUrl\":\"https:\\\/\\\/training.algonquincollege.com\\\/wp-content\\\/uploads\\\/2024\\\/04\\\/BAE7.png\",\"width\":1400,\"height\":800},{\"@type\":\"BreadcrumbList\",\"@id\":\"https:\\\/\\\/training.algonquincollege.com\\\/fr\\\/produit\\\/bae7-lanalyse-commerciale-dans-un-environnement-agile\\\/#breadcrumb\",\"itemListElement\":[{\"@type\":\"ListItem\",\"position\":1,\"name\":\"Home\",\"item\":\"https:\\\/\\\/training.algonquincollege.com\\\/fr\\\/accueil\\\/\"},{\"@type\":\"ListItem\",\"position\":2,\"name\":\"Boutique\",\"item\":\"https:\\\/\\\/training.algonquincollege.com\\\/fr\\\/boutique\\\/\"},{\"@type\":\"ListItem\",\"position\":3,\"name\":\"BAE7 : L&#8217;analyse commerciale dans un environnement agile\"}]},{\"@type\":\"WebSite\",\"@id\":\"https:\\\/\\\/training.algonquincollege.com\\\/#website\",\"url\":\"https:\\\/\\\/training.algonquincollege.com\\\/\",\"name\":\"Professional Training - Algonquin College\",\"description\":\"\",\"publisher\":{\"@id\":\"https:\\\/\\\/training.algonquincollege.com\\\/#organization\"},\"potentialAction\":[{\"@type\":\"SearchAction\",\"target\":{\"@type\":\"EntryPoint\",\"urlTemplate\":\"https:\\\/\\\/training.algonquincollege.com\\\/?s={search_term_string}\"},\"query-input\":{\"@type\":\"PropertyValueSpecification\",\"valueRequired\":true,\"valueName\":\"search_term_string\"}}],\"inLanguage\":\"fr-FR\"},{\"@type\":\"Organization\",\"@id\":\"https:\\\/\\\/training.algonquincollege.com\\\/#organization\",\"name\":\"Professional Training - Algonquin College\",\"url\":\"https:\\\/\\\/training.algonquincollege.com\\\/\",\"logo\":{\"@type\":\"ImageObject\",\"inLanguage\":\"fr-FR\",\"@id\":\"https:\\\/\\\/training.algonquincollege.com\\\/#\\\/schema\\\/logo\\\/image\\\/\",\"url\":\"https:\\\/\\\/training.algonquincollege.com\\\/wp-content\\\/uploads\\\/2023\\\/10\\\/cropped-acct_logo.png\",\"contentUrl\":\"https:\\\/\\\/training.algonquincollege.com\\\/wp-content\\\/uploads\\\/2023\\\/10\\\/cropped-acct_logo.png\",\"width\":300,\"height\":44,\"caption\":\"Professional Training - Algonquin College\"},\"image\":{\"@id\":\"https:\\\/\\\/training.algonquincollege.com\\\/#\\\/schema\\\/logo\\\/image\\\/\"}}]}<\/script>\n<!-- \/ Yoast SEO plugin. -->","yoast_head_json":{"title":"BAE7 : L'analyse commerciale dans un environnement agile - Professional Training - Algonquin College","robots":{"index":"index","follow":"follow","max-snippet":"max-snippet:-1","max-image-preview":"max-image-preview:large","max-video-preview":"max-video-preview:-1"},"canonical":"https:\/\/training.algonquincollege.com\/fr\/produit\/bae7-lanalyse-commerciale-dans-un-environnement-agile\/","og_locale":"fr_FR","og_type":"article","og_title":"BAE7 : L'analyse commerciale dans un environnement agile - Professional Training - Algonquin College","og_description":"Apprenez \u00e0 planifier, g\u00e9rer et cl\u00f4turer efficacement les exigences d'un projet de d\u00e9veloppement logiciel en utilisant les pratiques Agile.","og_url":"https:\/\/training.algonquincollege.com\/fr\/produit\/bae7-lanalyse-commerciale-dans-un-environnement-agile\/","og_site_name":"Professional Training - Algonquin College","article_modified_time":"2026-04-13T19:13:28+00:00","og_image":[{"width":1400,"height":800,"url":"https:\/\/training.algonquincollege.com\/wp-content\/uploads\/2024\/04\/BAE7.png","type":"image\/png"}],"twitter_card":"summary_large_image","twitter_misc":{"Dur\u00e9e de lecture estim\u00e9e":"1 minute"},"schema":{"@context":"https:\/\/schema.org","@graph":[{"@type":"WebPage","@id":"https:\/\/training.algonquincollege.com\/fr\/produit\/bae7-lanalyse-commerciale-dans-un-environnement-agile\/","url":"https:\/\/training.algonquincollege.com\/fr\/produit\/bae7-lanalyse-commerciale-dans-un-environnement-agile\/","name":"BAE7 : L'analyse commerciale dans un environnement agile - Professional Training - Algonquin College","isPartOf":{"@id":"https:\/\/training.algonquincollege.com\/#website"},"primaryImageOfPage":{"@id":"https:\/\/training.algonquincollege.com\/fr\/produit\/bae7-lanalyse-commerciale-dans-un-environnement-agile\/#primaryimage"},"image":{"@id":"https:\/\/training.algonquincollege.com\/fr\/produit\/bae7-lanalyse-commerciale-dans-un-environnement-agile\/#primaryimage"},"thumbnailUrl":"https:\/\/training.algonquincollege.com\/wp-content\/uploads\/2024\/04\/BAE7.png","datePublished":"2023-12-16T04:09:55+00:00","dateModified":"2026-04-13T19:13:28+00:00","breadcrumb":{"@id":"https:\/\/training.algonquincollege.com\/fr\/produit\/bae7-lanalyse-commerciale-dans-un-environnement-agile\/#breadcrumb"},"inLanguage":"fr-FR","potentialAction":[{"@type":"ReadAction","target":["https:\/\/training.algonquincollege.com\/fr\/produit\/bae7-lanalyse-commerciale-dans-un-environnement-agile\/"]}]},{"@type":"ImageObject","inLanguage":"fr-FR","@id":"https:\/\/training.algonquincollege.com\/fr\/produit\/bae7-lanalyse-commerciale-dans-un-environnement-agile\/#primaryimage","url":"https:\/\/training.algonquincollege.com\/wp-content\/uploads\/2024\/04\/BAE7.png","contentUrl":"https:\/\/training.algonquincollege.com\/wp-content\/uploads\/2024\/04\/BAE7.png","width":1400,"height":800},{"@type":"BreadcrumbList","@id":"https:\/\/training.algonquincollege.com\/fr\/produit\/bae7-lanalyse-commerciale-dans-un-environnement-agile\/#breadcrumb","itemListElement":[{"@type":"ListItem","position":1,"name":"Home","item":"https:\/\/training.algonquincollege.com\/fr\/accueil\/"},{"@type":"ListItem","position":2,"name":"Boutique","item":"https:\/\/training.algonquincollege.com\/fr\/boutique\/"},{"@type":"ListItem","position":3,"name":"BAE7 : L&#8217;analyse commerciale dans un environnement agile"}]},{"@type":"WebSite","@id":"https:\/\/training.algonquincollege.com\/#website","url":"https:\/\/training.algonquincollege.com\/","name":"Professional Training - Algonquin College","description":"","publisher":{"@id":"https:\/\/training.algonquincollege.com\/#organization"},"potentialAction":[{"@type":"SearchAction","target":{"@type":"EntryPoint","urlTemplate":"https:\/\/training.algonquincollege.com\/?s={search_term_string}"},"query-input":{"@type":"PropertyValueSpecification","valueRequired":true,"valueName":"search_term_string"}}],"inLanguage":"fr-FR"},{"@type":"Organization","@id":"https:\/\/training.algonquincollege.com\/#organization","name":"Professional Training - Algonquin College","url":"https:\/\/training.algonquincollege.com\/","logo":{"@type":"ImageObject","inLanguage":"fr-FR","@id":"https:\/\/training.algonquincollege.com\/#\/schema\/logo\/image\/","url":"https:\/\/training.algonquincollege.com\/wp-content\/uploads\/2023\/10\/cropped-acct_logo.png","contentUrl":"https:\/\/training.algonquincollege.com\/wp-content\/uploads\/2023\/10\/cropped-acct_logo.png","width":300,"height":44,"caption":"Professional Training - Algonquin College"},"image":{"@id":"https:\/\/training.algonquincollege.com\/#\/schema\/logo\/image\/"}}]}},"_links":{"self":[{"href":"https:\/\/training.algonquincollege.com\/fr\/wp-json\/wp\/v2\/product\/181614","targetHints":{"allow":["GET"]}}],"collection":[{"href":"https:\/\/training.algonquincollege.com\/fr\/wp-json\/wp\/v2\/product"}],"about":[{"href":"https:\/\/training.algonquincollege.com\/fr\/wp-json\/wp\/v2\/types\/product"}],"wp:featuredmedia":[{"embeddable":true,"href":"https:\/\/training.algonquincollege.com\/fr\/wp-json\/wp\/v2\/media\/178938"}],"wp:attachment":[{"href":"https:\/\/training.algonquincollege.com\/fr\/wp-json\/wp\/v2\/media?parent=181614"}],"wp:term":[{"taxonomy":"product_brand","embeddable":true,"href":"https:\/\/training.algonquincollege.com\/fr\/wp-json\/wp\/v2\/product_brand?post=181614"},{"taxonomy":"product_cat","embeddable":true,"href":"https:\/\/training.algonquincollege.com\/fr\/wp-json\/wp\/v2\/product_cat?post=181614"},{"taxonomy":"product_tag","embeddable":true,"href":"https:\/\/training.algonquincollege.com\/fr\/wp-json\/wp\/v2\/product_tag?post=181614"}],"curies":[{"name":"wp","href":"https:\/\/api.w.org\/{rel}","templated":true}]}}