{"id":181385,"date":"2023-12-15T23:09:51","date_gmt":"2023-12-16T04:09:51","guid":{"rendered":"https:\/\/corporate.algonquincollege.com\/product\/bae3-techniques-de-facilitation-pour-les-analystes-dentreprise\/"},"modified":"2026-04-13T15:01:51","modified_gmt":"2026-04-13T19:01:51","slug":"bae3-techniques-de-facilitation-pour-les-analystes-dentreprise","status":"publish","type":"product","link":"https:\/\/training.algonquincollege.com\/fr\/produit\/bae3-techniques-de-facilitation-pour-les-analystes-dentreprise\/","title":{"rendered":"BAE3 : Techniques de facilitation pour les analystes commerciaux"},"content":{"rendered":"<p>Apprenez \u00e0 g\u00e9rer en toute confiance la dynamique de groupe et \u00e0 am\u00e9liorer votre capacit\u00e9 \u00e0 travailler avec les parties prenantes afin d&rsquo;obtenir, de documenter, d&rsquo;analyser, de valider et de parvenir \u00e0 un consensus sur les exigences.<\/p>\n<p><span style=\"font-weight: 400\">L&rsquo;une des comp\u00e9tences cl\u00e9s de l&rsquo;analyste commercial est la facilitation efficace. Les participants \u00e0 ce cours d\u00e9veloppent la capacit\u00e9 d&rsquo;obtenir des exigences dans le cadre d&rsquo;un atelier tout en g\u00e9rant la dynamique du groupe. Les participants acqui\u00e8rent de l&rsquo;assurance en animant des ateliers sur les exigences et en traitant avec des parties prenantes difficiles. Gr\u00e2ce \u00e0 des jeux de r\u00f4le interactifs, les participants apprennent et pratiquent les d\u00e9fis uniques de facilitation auxquels les analystes d&rsquo;affaires sont confront\u00e9s aujourd&rsquo;hui.   <\/span><\/p>\n","protected":false},"excerpt":{"rendered":"<p>Apprendre en \u00e9quipe \u00e0 collaborer, \u00e0 d\u00e9finir et \u00e0 valider les exigences.<\/p>\n","protected":false},"featured_media":180866,"template":"","meta":{"_acf_changed":false},"product_brand":[],"product_cat":[82,80],"product_tag":[],"class_list":{"0":"post-181385","1":"product","2":"type-product","3":"status-publish","4":"has-post-thumbnail","6":"product_cat-analyse-daffaires","7":"product_cat-non-classifiee","8":"course_group-business-analysis-fr","9":"course_group-business-analysis-essentials-certificate-program-fr","11":"first","12":"outofstock","13":"shipping-taxable","14":"purchasable","15":"product-type-variable"},"acf":[],"yoast_head":"<!-- This site is optimized with the Yoast SEO plugin v27.5 - https:\/\/yoast.com\/product\/yoast-seo-wordpress\/ -->\n<title>BAE3 : Techniques de facilitation pour les analystes commerciaux - Professional Training - Algonquin College<\/title>\n<meta name=\"robots\" content=\"index, follow, max-snippet:-1, max-image-preview:large, max-video-preview:-1\" \/>\n<link rel=\"canonical\" href=\"https:\/\/training.algonquincollege.com\/fr\/produit\/bae3-techniques-de-facilitation-pour-les-analystes-dentreprise\/\" \/>\n<meta property=\"og:locale\" content=\"fr_FR\" \/>\n<meta property=\"og:type\" content=\"article\" \/>\n<meta property=\"og:title\" content=\"BAE3 : Techniques de facilitation pour les analystes commerciaux - Professional Training - Algonquin College\" \/>\n<meta property=\"og:description\" content=\"Apprendre en \u00e9quipe \u00e0 collaborer, \u00e0 d\u00e9finir et \u00e0 valider les exigences.\" \/>\n<meta property=\"og:url\" content=\"https:\/\/training.algonquincollege.com\/fr\/produit\/bae3-techniques-de-facilitation-pour-les-analystes-dentreprise\/\" \/>\n<meta property=\"og:site_name\" content=\"Professional Training - Algonquin College\" \/>\n<meta property=\"article:modified_time\" content=\"2026-04-13T19:01:51+00:00\" \/>\n<meta property=\"og:image\" content=\"https:\/\/training.algonquincollege.com\/wp-content\/uploads\/2025\/02\/BAE3_1400x800.jpg\" \/>\n\t<meta property=\"og:image:width\" content=\"1400\" \/>\n\t<meta property=\"og:image:height\" content=\"800\" \/>\n\t<meta property=\"og:image:type\" content=\"image\/jpeg\" \/>\n<meta name=\"twitter:card\" content=\"summary_large_image\" \/>\n<meta name=\"twitter:label1\" content=\"Dur\u00e9e de lecture estim\u00e9e\" \/>\n\t<meta name=\"twitter:data1\" content=\"1 minute\" \/>\n<script type=\"application\/ld+json\" class=\"yoast-schema-graph\">{\"@context\":\"https:\\\/\\\/schema.org\",\"@graph\":[{\"@type\":\"WebPage\",\"@id\":\"https:\\\/\\\/training.algonquincollege.com\\\/fr\\\/produit\\\/bae3-techniques-de-facilitation-pour-les-analystes-dentreprise\\\/\",\"url\":\"https:\\\/\\\/training.algonquincollege.com\\\/fr\\\/produit\\\/bae3-techniques-de-facilitation-pour-les-analystes-dentreprise\\\/\",\"name\":\"BAE3 : Techniques de facilitation pour les analystes commerciaux - Professional Training - Algonquin College\",\"isPartOf\":{\"@id\":\"https:\\\/\\\/training.algonquincollege.com\\\/#website\"},\"primaryImageOfPage\":{\"@id\":\"https:\\\/\\\/training.algonquincollege.com\\\/fr\\\/produit\\\/bae3-techniques-de-facilitation-pour-les-analystes-dentreprise\\\/#primaryimage\"},\"image\":{\"@id\":\"https:\\\/\\\/training.algonquincollege.com\\\/fr\\\/produit\\\/bae3-techniques-de-facilitation-pour-les-analystes-dentreprise\\\/#primaryimage\"},\"thumbnailUrl\":\"https:\\\/\\\/training.algonquincollege.com\\\/wp-content\\\/uploads\\\/2025\\\/02\\\/BAE3_1400x800.jpg\",\"datePublished\":\"2023-12-16T04:09:51+00:00\",\"dateModified\":\"2026-04-13T19:01:51+00:00\",\"breadcrumb\":{\"@id\":\"https:\\\/\\\/training.algonquincollege.com\\\/fr\\\/produit\\\/bae3-techniques-de-facilitation-pour-les-analystes-dentreprise\\\/#breadcrumb\"},\"inLanguage\":\"fr-FR\",\"potentialAction\":[{\"@type\":\"ReadAction\",\"target\":[\"https:\\\/\\\/training.algonquincollege.com\\\/fr\\\/produit\\\/bae3-techniques-de-facilitation-pour-les-analystes-dentreprise\\\/\"]}]},{\"@type\":\"ImageObject\",\"inLanguage\":\"fr-FR\",\"@id\":\"https:\\\/\\\/training.algonquincollege.com\\\/fr\\\/produit\\\/bae3-techniques-de-facilitation-pour-les-analystes-dentreprise\\\/#primaryimage\",\"url\":\"https:\\\/\\\/training.algonquincollege.com\\\/wp-content\\\/uploads\\\/2025\\\/02\\\/BAE3_1400x800.jpg\",\"contentUrl\":\"https:\\\/\\\/training.algonquincollege.com\\\/wp-content\\\/uploads\\\/2025\\\/02\\\/BAE3_1400x800.jpg\",\"width\":1400,\"height\":800},{\"@type\":\"BreadcrumbList\",\"@id\":\"https:\\\/\\\/training.algonquincollege.com\\\/fr\\\/produit\\\/bae3-techniques-de-facilitation-pour-les-analystes-dentreprise\\\/#breadcrumb\",\"itemListElement\":[{\"@type\":\"ListItem\",\"position\":1,\"name\":\"Home\",\"item\":\"https:\\\/\\\/training.algonquincollege.com\\\/fr\\\/accueil\\\/\"},{\"@type\":\"ListItem\",\"position\":2,\"name\":\"Boutique\",\"item\":\"https:\\\/\\\/training.algonquincollege.com\\\/fr\\\/boutique\\\/\"},{\"@type\":\"ListItem\",\"position\":3,\"name\":\"BAE3 : Techniques de facilitation pour les analystes commerciaux\"}]},{\"@type\":\"WebSite\",\"@id\":\"https:\\\/\\\/training.algonquincollege.com\\\/#website\",\"url\":\"https:\\\/\\\/training.algonquincollege.com\\\/\",\"name\":\"Professional Training - Algonquin College\",\"description\":\"\",\"publisher\":{\"@id\":\"https:\\\/\\\/training.algonquincollege.com\\\/#organization\"},\"potentialAction\":[{\"@type\":\"SearchAction\",\"target\":{\"@type\":\"EntryPoint\",\"urlTemplate\":\"https:\\\/\\\/training.algonquincollege.com\\\/?s={search_term_string}\"},\"query-input\":{\"@type\":\"PropertyValueSpecification\",\"valueRequired\":true,\"valueName\":\"search_term_string\"}}],\"inLanguage\":\"fr-FR\"},{\"@type\":\"Organization\",\"@id\":\"https:\\\/\\\/training.algonquincollege.com\\\/#organization\",\"name\":\"Professional Training - Algonquin College\",\"url\":\"https:\\\/\\\/training.algonquincollege.com\\\/\",\"logo\":{\"@type\":\"ImageObject\",\"inLanguage\":\"fr-FR\",\"@id\":\"https:\\\/\\\/training.algonquincollege.com\\\/#\\\/schema\\\/logo\\\/image\\\/\",\"url\":\"https:\\\/\\\/training.algonquincollege.com\\\/wp-content\\\/uploads\\\/2023\\\/10\\\/cropped-acct_logo.png\",\"contentUrl\":\"https:\\\/\\\/training.algonquincollege.com\\\/wp-content\\\/uploads\\\/2023\\\/10\\\/cropped-acct_logo.png\",\"width\":300,\"height\":44,\"caption\":\"Professional Training - Algonquin College\"},\"image\":{\"@id\":\"https:\\\/\\\/training.algonquincollege.com\\\/#\\\/schema\\\/logo\\\/image\\\/\"}}]}<\/script>\n<!-- \/ Yoast SEO plugin. -->","yoast_head_json":{"title":"BAE3 : Techniques de facilitation pour les analystes commerciaux - Professional Training - Algonquin College","robots":{"index":"index","follow":"follow","max-snippet":"max-snippet:-1","max-image-preview":"max-image-preview:large","max-video-preview":"max-video-preview:-1"},"canonical":"https:\/\/training.algonquincollege.com\/fr\/produit\/bae3-techniques-de-facilitation-pour-les-analystes-dentreprise\/","og_locale":"fr_FR","og_type":"article","og_title":"BAE3 : Techniques de facilitation pour les analystes commerciaux - Professional Training - Algonquin College","og_description":"Apprendre en \u00e9quipe \u00e0 collaborer, \u00e0 d\u00e9finir et \u00e0 valider les exigences.","og_url":"https:\/\/training.algonquincollege.com\/fr\/produit\/bae3-techniques-de-facilitation-pour-les-analystes-dentreprise\/","og_site_name":"Professional Training - Algonquin College","article_modified_time":"2026-04-13T19:01:51+00:00","og_image":[{"width":1400,"height":800,"url":"https:\/\/training.algonquincollege.com\/wp-content\/uploads\/2025\/02\/BAE3_1400x800.jpg","type":"image\/jpeg"}],"twitter_card":"summary_large_image","twitter_misc":{"Dur\u00e9e de lecture estim\u00e9e":"1 minute"},"schema":{"@context":"https:\/\/schema.org","@graph":[{"@type":"WebPage","@id":"https:\/\/training.algonquincollege.com\/fr\/produit\/bae3-techniques-de-facilitation-pour-les-analystes-dentreprise\/","url":"https:\/\/training.algonquincollege.com\/fr\/produit\/bae3-techniques-de-facilitation-pour-les-analystes-dentreprise\/","name":"BAE3 : Techniques de facilitation pour les analystes commerciaux - Professional Training - Algonquin College","isPartOf":{"@id":"https:\/\/training.algonquincollege.com\/#website"},"primaryImageOfPage":{"@id":"https:\/\/training.algonquincollege.com\/fr\/produit\/bae3-techniques-de-facilitation-pour-les-analystes-dentreprise\/#primaryimage"},"image":{"@id":"https:\/\/training.algonquincollege.com\/fr\/produit\/bae3-techniques-de-facilitation-pour-les-analystes-dentreprise\/#primaryimage"},"thumbnailUrl":"https:\/\/training.algonquincollege.com\/wp-content\/uploads\/2025\/02\/BAE3_1400x800.jpg","datePublished":"2023-12-16T04:09:51+00:00","dateModified":"2026-04-13T19:01:51+00:00","breadcrumb":{"@id":"https:\/\/training.algonquincollege.com\/fr\/produit\/bae3-techniques-de-facilitation-pour-les-analystes-dentreprise\/#breadcrumb"},"inLanguage":"fr-FR","potentialAction":[{"@type":"ReadAction","target":["https:\/\/training.algonquincollege.com\/fr\/produit\/bae3-techniques-de-facilitation-pour-les-analystes-dentreprise\/"]}]},{"@type":"ImageObject","inLanguage":"fr-FR","@id":"https:\/\/training.algonquincollege.com\/fr\/produit\/bae3-techniques-de-facilitation-pour-les-analystes-dentreprise\/#primaryimage","url":"https:\/\/training.algonquincollege.com\/wp-content\/uploads\/2025\/02\/BAE3_1400x800.jpg","contentUrl":"https:\/\/training.algonquincollege.com\/wp-content\/uploads\/2025\/02\/BAE3_1400x800.jpg","width":1400,"height":800},{"@type":"BreadcrumbList","@id":"https:\/\/training.algonquincollege.com\/fr\/produit\/bae3-techniques-de-facilitation-pour-les-analystes-dentreprise\/#breadcrumb","itemListElement":[{"@type":"ListItem","position":1,"name":"Home","item":"https:\/\/training.algonquincollege.com\/fr\/accueil\/"},{"@type":"ListItem","position":2,"name":"Boutique","item":"https:\/\/training.algonquincollege.com\/fr\/boutique\/"},{"@type":"ListItem","position":3,"name":"BAE3 : Techniques de facilitation pour les analystes commerciaux"}]},{"@type":"WebSite","@id":"https:\/\/training.algonquincollege.com\/#website","url":"https:\/\/training.algonquincollege.com\/","name":"Professional Training - Algonquin College","description":"","publisher":{"@id":"https:\/\/training.algonquincollege.com\/#organization"},"potentialAction":[{"@type":"SearchAction","target":{"@type":"EntryPoint","urlTemplate":"https:\/\/training.algonquincollege.com\/?s={search_term_string}"},"query-input":{"@type":"PropertyValueSpecification","valueRequired":true,"valueName":"search_term_string"}}],"inLanguage":"fr-FR"},{"@type":"Organization","@id":"https:\/\/training.algonquincollege.com\/#organization","name":"Professional Training - Algonquin College","url":"https:\/\/training.algonquincollege.com\/","logo":{"@type":"ImageObject","inLanguage":"fr-FR","@id":"https:\/\/training.algonquincollege.com\/#\/schema\/logo\/image\/","url":"https:\/\/training.algonquincollege.com\/wp-content\/uploads\/2023\/10\/cropped-acct_logo.png","contentUrl":"https:\/\/training.algonquincollege.com\/wp-content\/uploads\/2023\/10\/cropped-acct_logo.png","width":300,"height":44,"caption":"Professional Training - Algonquin College"},"image":{"@id":"https:\/\/training.algonquincollege.com\/#\/schema\/logo\/image\/"}}]}},"_links":{"self":[{"href":"https:\/\/training.algonquincollege.com\/fr\/wp-json\/wp\/v2\/product\/181385","targetHints":{"allow":["GET"]}}],"collection":[{"href":"https:\/\/training.algonquincollege.com\/fr\/wp-json\/wp\/v2\/product"}],"about":[{"href":"https:\/\/training.algonquincollege.com\/fr\/wp-json\/wp\/v2\/types\/product"}],"wp:featuredmedia":[{"embeddable":true,"href":"https:\/\/training.algonquincollege.com\/fr\/wp-json\/wp\/v2\/media\/180866"}],"wp:attachment":[{"href":"https:\/\/training.algonquincollege.com\/fr\/wp-json\/wp\/v2\/media?parent=181385"}],"wp:term":[{"taxonomy":"product_brand","embeddable":true,"href":"https:\/\/training.algonquincollege.com\/fr\/wp-json\/wp\/v2\/product_brand?post=181385"},{"taxonomy":"product_cat","embeddable":true,"href":"https:\/\/training.algonquincollege.com\/fr\/wp-json\/wp\/v2\/product_cat?post=181385"},{"taxonomy":"product_tag","embeddable":true,"href":"https:\/\/training.algonquincollege.com\/fr\/wp-json\/wp\/v2\/product_tag?post=181385"}],"curies":[{"name":"wp","href":"https:\/\/api.w.org\/{rel}","templated":true}]}}