{"id":181357,"date":"2023-12-15T23:09:35","date_gmt":"2023-12-16T04:09:35","guid":{"rendered":"https:\/\/corporate.algonquincollege.com\/product\/flp3-construire-une-culture-de-la-performance\/"},"modified":"2026-04-13T15:27:41","modified_gmt":"2026-04-13T19:27:41","slug":"flp3-construire-une-culture-de-la-performance","status":"publish","type":"product","link":"https:\/\/training.algonquincollege.com\/fr\/produit\/flp3-construire-une-culture-de-la-performance\/","title":{"rendered":"FLP3 : Construire une culture de la performance"},"content":{"rendered":"<p>Il s&rsquo;agit du dernier cours du programme de certificat \u00ab\u202fFundamentals of Leadership\u202f\u00bb (FLP).<\/p>\n<p>Les dirigeants qui r\u00e9ussissent facilitent et permettent au personnel de travailler efficacement. Dans ce cours, les participants apprennent \u00e0 responsabiliser les \u00e9quipes et \u00e0 cr\u00e9er un environnement de travail positif. Vous aurez l&rsquo;occasion de coacher vos pairs et de leur fournir une r\u00e9troaction personnalis\u00e9e, ainsi que de recevoir une r\u00e9troaction continue tout au long du cours. La cr\u00e9ation d&rsquo;environnements o\u00f9 la collaboration, la transparence et la r\u00e9troaction sont naturelles est l&rsquo;un des principaux objectifs de ce cours.   <\/p>\n<p>L&rsquo;essence du programme est de doter les gestionnaires d&rsquo;outils efficaces pour faire ressortir le meilleur des membres de leur \u00e9quipe afin d&rsquo;atteindre et de d\u00e9passer les objectifs de l&rsquo;organisation. Ce programme de certificat coll\u00e9gial est un programme mixte comprenant du travail en ligne et en classe, la r\u00e9alisation d&rsquo;une vari\u00e9t\u00e9 d&rsquo;outils d&rsquo;auto-\u00e9valuation, des jeux-questionnaires en ligne, et un plan d&rsquo;action personnel dans chaque cours qui alimente un rapport de responsabilit\u00e9 personnelle final. <\/p>\n","protected":false},"excerpt":{"rendered":"<p>Apprenez \u00e0 responsabiliser les \u00e9quipes et \u00e0 cr\u00e9er un environnement de travail positif dans ce dernier cours du programme de certificat FLP.<\/p>\n","protected":false},"featured_media":178987,"template":"","meta":{"_acf_changed":false},"product_brand":[],"product_cat":[118,80],"product_tag":[],"class_list":{"0":"post-181357","1":"product","2":"type-product","3":"status-publish","4":"has-post-thumbnail","6":"product_cat-leadership-fr","7":"product_cat-non-classifiee","8":"course_group-leadership-fr","9":"course_group-fundamentals-of-leadership-certificate-program-fr","11":"first","12":"outofstock","13":"shipping-taxable","14":"purchasable","15":"product-type-variable"},"acf":[],"yoast_head":"<!-- This site is optimized with the Yoast SEO plugin v27.5 - https:\/\/yoast.com\/product\/yoast-seo-wordpress\/ -->\n<title>FLP3 : Construire une culture de la performance - Professional Training - Algonquin College<\/title>\n<meta name=\"robots\" content=\"index, follow, max-snippet:-1, max-image-preview:large, max-video-preview:-1\" \/>\n<link rel=\"canonical\" href=\"https:\/\/training.algonquincollege.com\/fr\/produit\/flp3-construire-une-culture-de-la-performance\/\" \/>\n<meta property=\"og:locale\" content=\"fr_FR\" \/>\n<meta property=\"og:type\" content=\"article\" \/>\n<meta property=\"og:title\" content=\"FLP3 : Construire une culture de la performance - Professional Training - Algonquin College\" \/>\n<meta property=\"og:description\" content=\"Apprenez \u00e0 responsabiliser les \u00e9quipes et \u00e0 cr\u00e9er un environnement de travail positif dans ce dernier cours du programme de certificat FLP.\" \/>\n<meta property=\"og:url\" content=\"https:\/\/training.algonquincollege.com\/fr\/produit\/flp3-construire-une-culture-de-la-performance\/\" \/>\n<meta property=\"og:site_name\" content=\"Professional Training - Algonquin College\" \/>\n<meta property=\"article:modified_time\" content=\"2026-04-13T19:27:41+00:00\" \/>\n<meta property=\"og:image\" content=\"https:\/\/training.algonquincollege.com\/wp-content\/uploads\/2024\/04\/FLP3-1.jpg\" \/>\n\t<meta property=\"og:image:width\" content=\"1400\" \/>\n\t<meta property=\"og:image:height\" content=\"800\" \/>\n\t<meta property=\"og:image:type\" content=\"image\/jpeg\" \/>\n<meta name=\"twitter:card\" content=\"summary_large_image\" \/>\n<meta name=\"twitter:label1\" content=\"Dur\u00e9e de lecture estim\u00e9e\" \/>\n\t<meta name=\"twitter:data1\" content=\"1 minute\" \/>\n<script type=\"application\/ld+json\" class=\"yoast-schema-graph\">{\"@context\":\"https:\\\/\\\/schema.org\",\"@graph\":[{\"@type\":\"WebPage\",\"@id\":\"https:\\\/\\\/training.algonquincollege.com\\\/fr\\\/produit\\\/flp3-construire-une-culture-de-la-performance\\\/\",\"url\":\"https:\\\/\\\/training.algonquincollege.com\\\/fr\\\/produit\\\/flp3-construire-une-culture-de-la-performance\\\/\",\"name\":\"FLP3 : Construire une culture de la performance - Professional Training - Algonquin College\",\"isPartOf\":{\"@id\":\"https:\\\/\\\/training.algonquincollege.com\\\/#website\"},\"primaryImageOfPage\":{\"@id\":\"https:\\\/\\\/training.algonquincollege.com\\\/fr\\\/produit\\\/flp3-construire-une-culture-de-la-performance\\\/#primaryimage\"},\"image\":{\"@id\":\"https:\\\/\\\/training.algonquincollege.com\\\/fr\\\/produit\\\/flp3-construire-une-culture-de-la-performance\\\/#primaryimage\"},\"thumbnailUrl\":\"https:\\\/\\\/training.algonquincollege.com\\\/wp-content\\\/uploads\\\/2024\\\/04\\\/FLP3-1.jpg\",\"datePublished\":\"2023-12-16T04:09:35+00:00\",\"dateModified\":\"2026-04-13T19:27:41+00:00\",\"breadcrumb\":{\"@id\":\"https:\\\/\\\/training.algonquincollege.com\\\/fr\\\/produit\\\/flp3-construire-une-culture-de-la-performance\\\/#breadcrumb\"},\"inLanguage\":\"fr-FR\",\"potentialAction\":[{\"@type\":\"ReadAction\",\"target\":[\"https:\\\/\\\/training.algonquincollege.com\\\/fr\\\/produit\\\/flp3-construire-une-culture-de-la-performance\\\/\"]}]},{\"@type\":\"ImageObject\",\"inLanguage\":\"fr-FR\",\"@id\":\"https:\\\/\\\/training.algonquincollege.com\\\/fr\\\/produit\\\/flp3-construire-une-culture-de-la-performance\\\/#primaryimage\",\"url\":\"https:\\\/\\\/training.algonquincollege.com\\\/wp-content\\\/uploads\\\/2024\\\/04\\\/FLP3-1.jpg\",\"contentUrl\":\"https:\\\/\\\/training.algonquincollege.com\\\/wp-content\\\/uploads\\\/2024\\\/04\\\/FLP3-1.jpg\",\"width\":1400,\"height\":800,\"caption\":\"Person holding falling wooden block, symbolizing Change Management.\"},{\"@type\":\"BreadcrumbList\",\"@id\":\"https:\\\/\\\/training.algonquincollege.com\\\/fr\\\/produit\\\/flp3-construire-une-culture-de-la-performance\\\/#breadcrumb\",\"itemListElement\":[{\"@type\":\"ListItem\",\"position\":1,\"name\":\"Home\",\"item\":\"https:\\\/\\\/training.algonquincollege.com\\\/fr\\\/accueil\\\/\"},{\"@type\":\"ListItem\",\"position\":2,\"name\":\"Boutique\",\"item\":\"https:\\\/\\\/training.algonquincollege.com\\\/fr\\\/boutique\\\/\"},{\"@type\":\"ListItem\",\"position\":3,\"name\":\"FLP3 : Construire une culture de la performance\"}]},{\"@type\":\"WebSite\",\"@id\":\"https:\\\/\\\/training.algonquincollege.com\\\/#website\",\"url\":\"https:\\\/\\\/training.algonquincollege.com\\\/\",\"name\":\"Professional Training - Algonquin College\",\"description\":\"\",\"publisher\":{\"@id\":\"https:\\\/\\\/training.algonquincollege.com\\\/#organization\"},\"potentialAction\":[{\"@type\":\"SearchAction\",\"target\":{\"@type\":\"EntryPoint\",\"urlTemplate\":\"https:\\\/\\\/training.algonquincollege.com\\\/?s={search_term_string}\"},\"query-input\":{\"@type\":\"PropertyValueSpecification\",\"valueRequired\":true,\"valueName\":\"search_term_string\"}}],\"inLanguage\":\"fr-FR\"},{\"@type\":\"Organization\",\"@id\":\"https:\\\/\\\/training.algonquincollege.com\\\/#organization\",\"name\":\"Professional Training - Algonquin College\",\"url\":\"https:\\\/\\\/training.algonquincollege.com\\\/\",\"logo\":{\"@type\":\"ImageObject\",\"inLanguage\":\"fr-FR\",\"@id\":\"https:\\\/\\\/training.algonquincollege.com\\\/#\\\/schema\\\/logo\\\/image\\\/\",\"url\":\"https:\\\/\\\/training.algonquincollege.com\\\/wp-content\\\/uploads\\\/2023\\\/10\\\/cropped-acct_logo.png\",\"contentUrl\":\"https:\\\/\\\/training.algonquincollege.com\\\/wp-content\\\/uploads\\\/2023\\\/10\\\/cropped-acct_logo.png\",\"width\":300,\"height\":44,\"caption\":\"Professional Training - Algonquin College\"},\"image\":{\"@id\":\"https:\\\/\\\/training.algonquincollege.com\\\/#\\\/schema\\\/logo\\\/image\\\/\"}}]}<\/script>\n<!-- \/ Yoast SEO plugin. -->","yoast_head_json":{"title":"FLP3 : Construire une culture de la performance - Professional Training - Algonquin College","robots":{"index":"index","follow":"follow","max-snippet":"max-snippet:-1","max-image-preview":"max-image-preview:large","max-video-preview":"max-video-preview:-1"},"canonical":"https:\/\/training.algonquincollege.com\/fr\/produit\/flp3-construire-une-culture-de-la-performance\/","og_locale":"fr_FR","og_type":"article","og_title":"FLP3 : Construire une culture de la performance - Professional Training - Algonquin College","og_description":"Apprenez \u00e0 responsabiliser les \u00e9quipes et \u00e0 cr\u00e9er un environnement de travail positif dans ce dernier cours du programme de certificat FLP.","og_url":"https:\/\/training.algonquincollege.com\/fr\/produit\/flp3-construire-une-culture-de-la-performance\/","og_site_name":"Professional Training - Algonquin College","article_modified_time":"2026-04-13T19:27:41+00:00","og_image":[{"width":1400,"height":800,"url":"https:\/\/training.algonquincollege.com\/wp-content\/uploads\/2024\/04\/FLP3-1.jpg","type":"image\/jpeg"}],"twitter_card":"summary_large_image","twitter_misc":{"Dur\u00e9e de lecture estim\u00e9e":"1 minute"},"schema":{"@context":"https:\/\/schema.org","@graph":[{"@type":"WebPage","@id":"https:\/\/training.algonquincollege.com\/fr\/produit\/flp3-construire-une-culture-de-la-performance\/","url":"https:\/\/training.algonquincollege.com\/fr\/produit\/flp3-construire-une-culture-de-la-performance\/","name":"FLP3 : Construire une culture de la performance - Professional Training - Algonquin College","isPartOf":{"@id":"https:\/\/training.algonquincollege.com\/#website"},"primaryImageOfPage":{"@id":"https:\/\/training.algonquincollege.com\/fr\/produit\/flp3-construire-une-culture-de-la-performance\/#primaryimage"},"image":{"@id":"https:\/\/training.algonquincollege.com\/fr\/produit\/flp3-construire-une-culture-de-la-performance\/#primaryimage"},"thumbnailUrl":"https:\/\/training.algonquincollege.com\/wp-content\/uploads\/2024\/04\/FLP3-1.jpg","datePublished":"2023-12-16T04:09:35+00:00","dateModified":"2026-04-13T19:27:41+00:00","breadcrumb":{"@id":"https:\/\/training.algonquincollege.com\/fr\/produit\/flp3-construire-une-culture-de-la-performance\/#breadcrumb"},"inLanguage":"fr-FR","potentialAction":[{"@type":"ReadAction","target":["https:\/\/training.algonquincollege.com\/fr\/produit\/flp3-construire-une-culture-de-la-performance\/"]}]},{"@type":"ImageObject","inLanguage":"fr-FR","@id":"https:\/\/training.algonquincollege.com\/fr\/produit\/flp3-construire-une-culture-de-la-performance\/#primaryimage","url":"https:\/\/training.algonquincollege.com\/wp-content\/uploads\/2024\/04\/FLP3-1.jpg","contentUrl":"https:\/\/training.algonquincollege.com\/wp-content\/uploads\/2024\/04\/FLP3-1.jpg","width":1400,"height":800,"caption":"Person holding falling wooden block, symbolizing Change Management."},{"@type":"BreadcrumbList","@id":"https:\/\/training.algonquincollege.com\/fr\/produit\/flp3-construire-une-culture-de-la-performance\/#breadcrumb","itemListElement":[{"@type":"ListItem","position":1,"name":"Home","item":"https:\/\/training.algonquincollege.com\/fr\/accueil\/"},{"@type":"ListItem","position":2,"name":"Boutique","item":"https:\/\/training.algonquincollege.com\/fr\/boutique\/"},{"@type":"ListItem","position":3,"name":"FLP3 : Construire une culture de la performance"}]},{"@type":"WebSite","@id":"https:\/\/training.algonquincollege.com\/#website","url":"https:\/\/training.algonquincollege.com\/","name":"Professional Training - Algonquin College","description":"","publisher":{"@id":"https:\/\/training.algonquincollege.com\/#organization"},"potentialAction":[{"@type":"SearchAction","target":{"@type":"EntryPoint","urlTemplate":"https:\/\/training.algonquincollege.com\/?s={search_term_string}"},"query-input":{"@type":"PropertyValueSpecification","valueRequired":true,"valueName":"search_term_string"}}],"inLanguage":"fr-FR"},{"@type":"Organization","@id":"https:\/\/training.algonquincollege.com\/#organization","name":"Professional Training - Algonquin College","url":"https:\/\/training.algonquincollege.com\/","logo":{"@type":"ImageObject","inLanguage":"fr-FR","@id":"https:\/\/training.algonquincollege.com\/#\/schema\/logo\/image\/","url":"https:\/\/training.algonquincollege.com\/wp-content\/uploads\/2023\/10\/cropped-acct_logo.png","contentUrl":"https:\/\/training.algonquincollege.com\/wp-content\/uploads\/2023\/10\/cropped-acct_logo.png","width":300,"height":44,"caption":"Professional Training - Algonquin College"},"image":{"@id":"https:\/\/training.algonquincollege.com\/#\/schema\/logo\/image\/"}}]}},"_links":{"self":[{"href":"https:\/\/training.algonquincollege.com\/fr\/wp-json\/wp\/v2\/product\/181357","targetHints":{"allow":["GET"]}}],"collection":[{"href":"https:\/\/training.algonquincollege.com\/fr\/wp-json\/wp\/v2\/product"}],"about":[{"href":"https:\/\/training.algonquincollege.com\/fr\/wp-json\/wp\/v2\/types\/product"}],"wp:featuredmedia":[{"embeddable":true,"href":"https:\/\/training.algonquincollege.com\/fr\/wp-json\/wp\/v2\/media\/178987"}],"wp:attachment":[{"href":"https:\/\/training.algonquincollege.com\/fr\/wp-json\/wp\/v2\/media?parent=181357"}],"wp:term":[{"taxonomy":"product_brand","embeddable":true,"href":"https:\/\/training.algonquincollege.com\/fr\/wp-json\/wp\/v2\/product_brand?post=181357"},{"taxonomy":"product_cat","embeddable":true,"href":"https:\/\/training.algonquincollege.com\/fr\/wp-json\/wp\/v2\/product_cat?post=181357"},{"taxonomy":"product_tag","embeddable":true,"href":"https:\/\/training.algonquincollege.com\/fr\/wp-json\/wp\/v2\/product_tag?post=181357"}],"curies":[{"name":"wp","href":"https:\/\/api.w.org\/{rel}","templated":true}]}}